{"id":5161,"date":"2025-09-01T16:15:16","date_gmt":"2025-09-01T14:15:16","guid":{"rendered":"https:\/\/www.ecolife.bio\/?page_id=5161"},"modified":"2025-09-01T16:24:07","modified_gmt":"2025-09-01T14:24:07","slug":"penzvisszafizetesi-garancia","status":"publish","type":"page","link":"https:\/\/www.ecolife.bio\/hu\/penzvisszafizetesi-garancia\/","title":{"rendered":"P\u00c9NZVISSZAFIZET\u00c9SI GARANCIA"},"content":{"rendered":"\t<section class=\"section\" id=\"section_2107950808\">\n\t\t<div class=\"bg section-bg fill bg-fill  bg-loaded\" >\n\n\t\t\t\n\t\t\t\n\t\t\t\n\n\t\t<\/div>\n\n\t\t\n\n\t\t<div class=\"section-content relative\">\n\t\t\t\n\n\t<div id=\"gap-1186488387\" class=\"gap-element clearfix\" style=\"display:block; height:auto;\">\n\t\t\n<style>\n#gap-1186488387 {\n  padding-top: 30px;\n}\n<\/style>\n\t<\/div>\n\t\n\n<div class=\"row\"  id=\"row-1185893629\">\n\n\n\t<div id=\"col-1991114504\" class=\"col small-12 large-12\"  >\n\t\t\t\t<div class=\"col-inner\"  >\n\t\t\t\n\t\t\t\n\n<div class=\"container section-title-container\" ><h1 class=\"section-title section-title-center\"><b><\/b><span class=\"section-title-main\" >\ud83c\udf3f ECOlife P\u00c9NZVISSZAFIZET\u00c9SI GARANCIA \ud83c\udf3f<\/span><b><\/b><\/h1><\/div>\n\n\n\t\t<\/div>\n\t\t\t\t\t<\/div>\n\n\t\n\n<\/div>\n<div class=\"row row-large\"  id=\"row-801877022\">\n\n\n\t<div id=\"col-227207106\" class=\"col medium-12 small-12 large-6\"  >\n\t\t\t\t<div class=\"col-inner\"  >\n\t\t\t\n\t\t\t\n\n<p>Tudjuk, mire k\u00e9pesek az ECOlife term\u00e9keink \u2013 \u00e9s annyira b\u00edzunk benn\u00fck, hogy egyed\u00fcl\u00e1ll\u00f3 garanci\u00e1t k\u00edn\u00e1lunk:<br \/>\ud83d\udc49 Ha\u00a0<strong>m\u00e9g a csomagol\u00e1s 1\/3-\u00e1nak elfogyaszt\u00e1sa ut\u00e1n sem el\u00e9gedett<\/strong>, egyszer\u0171en k\u00fcldje vissza a term\u00e9ket, \u00e9s mi visszafizetj\u00fck az \u00e1r\u00e1t.<\/p>\n<p>Biztosak vagyunk benne, hogy a k\u00fcl\u00f6nbs\u00e9get m\u00e1r az els\u0151 haszn\u00e1lat ut\u00e1n \u00e9rezni fogja. \ud83d\udc9a<\/p>\n<a class=\"button primary hidden\"  >\n    <span>Learn more<\/span>\n  <\/a>\n\n\n\t<div class=\"img has-hover x md-x lg-x y md-y lg-y\" id=\"image_1140560628\">\n\t\t\t\t\t\t\t\t<div class=\"img-inner dark\" >\n\t\t\t<img decoding=\"async\" width=\"810\" height=\"1080\" src=\"https:\/\/escbfekz6y3.exactdn.com\/wp-content\/uploads\/2025\/08\/20250319_134042-opt-810x1080.jpg?strip=all\" class=\"attachment-large size-large\" alt=\"ECOlife\" srcset=\"https:\/\/escbfekz6y3.exactdn.com\/wp-content\/uploads\/2025\/08\/20250319_134042-opt-810x1080.jpg?strip=all 810w, https:\/\/escbfekz6y3.exactdn.com\/wp-content\/uploads\/2025\/08\/20250319_134042-opt-225x300.jpg?strip=all 225w, https:\/\/escbfekz6y3.exactdn.com\/wp-content\/uploads\/2025\/08\/20250319_134042-opt-1020x1360.jpg?strip=all 1020w, https:\/\/escbfekz6y3.exactdn.com\/wp-content\/uploads\/2025\/08\/20250319_134042-opt.jpg?strip=all&amp;w=600 600w, https:\/\/escbfekz6y3.exactdn.com\/wp-content\/uploads\/2025\/08\/20250319_134042-opt.jpg?strip=all&amp;w=1200 1200w, https:\/\/escbfekz6y3.exactdn.com\/wp-content\/uploads\/2025\/08\/20250319_134042-opt.jpg?strip=all&amp;w=1800 1800w, https:\/\/escbfekz6y3.exactdn.com\/wp-content\/uploads\/2025\/08\/20250319_134042-opt.jpg?strip=all&amp;w=2400 2400w, https:\/\/escbfekz6y3.exactdn.com\/wp-content\/uploads\/2025\/08\/20250319_134042-opt.jpg?strip=all 3000w, https:\/\/escbfekz6y3.exactdn.com\/wp-content\/uploads\/2025\/08\/20250319_134042-opt.jpg?strip=all&amp;w=450 450w\" sizes=\"(max-width: 810px) 100vw, 810px\" \/>\t\t\t\t\t\t\n\t\t\t\t\t<\/div>\n\t\t\t\t\t\t\t\t\n<style>\n#image_1140560628 {\n  width: 100%;\n}\n<\/style>\n\t<\/div>\n\t\n\n\n\t\t<\/div>\n\t\t\t\t\t<\/div>\n\n\t\n\n\t<div id=\"col-73045682\" class=\"col medium-12 small-12 large-6\"  >\n\t\t\t\t<div class=\"col-inner\"  >\n\t\t\t\n\t\t\t\n\n\n\t\t<div class=\"icon-box featured-box icon-box-left text-left\"  >\n\t\t\t\t<div class=\"icon-box-text last-reset\">\n\t\t\t\t\t\t\t\t\t\n\n<h3>A garancia felt\u00e9telei:<\/h3>\n<ul>\n<li>Minden kiszerel\u00e9sre \u00e9rv\u00e9nyes, maxim\u00e1lis felhaszn\u00e1l\u00e1s mellett:\n<ul>\n<li>0,75 l \u2192 max. 250 ml<\/li>\n<li>1 l \u2192 max. 330 ml<\/li>\n<li>3 l \u2192 max. 1 l<\/li>\n<li>5 l \u2192 max. 1,65 l<\/li>\n<\/ul>\n<\/li>\n<li>A term\u00e9knek eredeti csomagol\u00e1sban, j\u00f3l olvashat\u00f3 c\u00edmk\u00e9vel \u00e9s v\u00e1s\u00e1rl\u00e1si bizonylattal kell rendelkeznie.<\/li>\n<li>A garancia kiz\u00e1r\u00f3lag\u00a0<strong>fogyaszt\u00f3kra (nem B2B v\u00e1s\u00e1rl\u00e1sokra)<\/strong>\u00a0vonatkozik.<\/li>\n<li><strong>A garancia egy v\u00e1s\u00e1rl\u00f3 eset\u00e9ben csak egyszer vehet\u0151 ig\u00e9nybe, kateg\u00f3ri\u00e1nk\u00e9nt legfeljebb 1 term\u00e9kre.<\/strong><br \/><i>(Ez azt jelenti, hogy az els\u0151 v\u00e1s\u00e1rl\u00e1skor kock\u00e1zat n\u00e9lk\u00fcl kipr\u00f3b\u00e1lhatja. Ism\u00e9telt ig\u00e9nybev\u00e9tel nem lehets\u00e9ges.)<\/i><\/li>\n<li><strong>A visszak\u00fcld\u00e9s k\u00f6lts\u00e9ge a v\u00e1s\u00e1rl\u00f3t terheli.<\/strong><\/li>\n<li>A garancia a v\u00e1s\u00e1rl\u00e1st\u00f3l sz\u00e1m\u00edtott\u00a0<strong>30 napig \u00e9rv\u00e9nyes<\/strong>.<\/li>\n<li>A term\u00e9k \u00e1r\u00e1t t\u00e9r\u00edtj\u00fck vissza, a sz\u00e1ll\u00edt\u00e1si k\u00f6lts\u00e9get nem.<\/li>\n<\/ul>\n\n\t\t<\/div>\n\t<\/div>\n\t\n\t\n\t<div id=\"gap-440747321\" class=\"gap-element clearfix\" style=\"display:block; height:auto;\">\n\t\t\n<style>\n#gap-440747321 {\n  padding-top: 30px;\n}\n<\/style>\n\t<\/div>\n\t\n\n\n\t\t<div class=\"icon-box featured-box icon-box-left text-left\"  >\n\t\t\t\t<div class=\"icon-box-text last-reset\">\n\t\t\t\t\t\t\t\t\t\n\n<h3>Hogyan m\u0171k\u00f6dik?<\/h3>\n<p>El\u00e9g, ha a term\u00e9ket a v\u00e1s\u00e1rl\u00e1si bizonylattal egy\u00fctt visszak\u00fcldi a weboldalunkon felt\u00fcntetett c\u00edmre. A be\u00e9rkez\u00e9st k\u00f6vet\u0151en visszafizetj\u00fck a term\u00e9k \u00e1r\u00e1t \u2013 mert sz\u00e1munkra az \u00d6n el\u00e9gedetts\u00e9ge a legfontosabb. \ud83d\udc9a<\/p>\n\n\n\t\t<\/div>\n\t<\/div>\n\t\n\t\n\n\t\t<\/div>\n\t\t\t\t\t<\/div>\n\n\t\n\n<\/div>\n\n\t\t<\/div>\n\n\t\t\n<style>\n#section_2107950808 {\n  padding-top: 30px;\n  padding-bottom: 30px;\n}\n<\/style>\n\t<\/section>\n\t","protected":false},"excerpt":{"rendered":"","protected":false},"author":223,"featured_media":0,"parent":0,"menu_order":0,"comment_status":"closed","ping_status":"closed","template":"page-blank.php","meta":{"footnotes":""},"class_list":["post-5161","page","type-page","status-publish","hentry"],"yoast_head":"<!-- This site is optimized with the Yoast SEO plugin v26.8 - https:\/\/yoast.com\/product\/yoast-seo-wordpress\/ -->\n<title>P\u00c9NZVISSZAFIZET\u00c9SI GARANCIA - EcoLIFE<\/title>\n<meta name=\"robots\" content=\"index, follow, max-snippet:-1, max-image-preview:large, max-video-preview:-1\" \/>\n<link rel=\"canonical\" href=\"https:\/\/www.ecolife.bio\/zaruka-vratenia-penazi\/\" \/>\n<meta property=\"og:locale\" content=\"hu_HU\" \/>\n<meta property=\"og:type\" content=\"article\" \/>\n<meta property=\"og:title\" content=\"P\u00c9NZVISSZAFIZET\u00c9SI GARANCIA - EcoLIFE\" \/>\n<meta property=\"og:url\" content=\"https:\/\/www.ecolife.bio\/zaruka-vratenia-penazi\/\" \/>\n<meta property=\"og:site_name\" content=\"EcoLIFE\" \/>\n<meta property=\"article:modified_time\" content=\"2025-09-01T14:24:07+00:00\" \/>\n<meta name=\"twitter:card\" content=\"summary_large_image\" \/>\n<meta name=\"twitter:label1\" content=\"Becs\u00fclt olvas\u00e1si id\u0151\" \/>\n\t<meta name=\"twitter:data1\" content=\"2 perc\" \/>\n<script type=\"application\/ld+json\" class=\"yoast-schema-graph\">{\"@context\":\"https:\/\/schema.org\",\"@graph\":[{\"@type\":\"WebPage\",\"@id\":\"https:\/\/www.ecolife.bio\/zaruka-vratenia-penazi\/\",\"url\":\"https:\/\/www.ecolife.bio\/zaruka-vratenia-penazi\/\",\"name\":\"P\u00c9NZVISSZAFIZET\u00c9SI GARANCIA - EcoLIFE\",\"isPartOf\":{\"@id\":\"https:\/\/www.ecolife.bio\/#website\"},\"datePublished\":\"2025-09-01T14:15:16+00:00\",\"dateModified\":\"2025-09-01T14:24:07+00:00\",\"breadcrumb\":{\"@id\":\"https:\/\/www.ecolife.bio\/zaruka-vratenia-penazi\/#breadcrumb\"},\"inLanguage\":\"hu\",\"potentialAction\":[{\"@type\":\"ReadAction\",\"target\":[\"https:\/\/www.ecolife.bio\/zaruka-vratenia-penazi\/\"]}]},{\"@type\":\"BreadcrumbList\",\"@id\":\"https:\/\/www.ecolife.bio\/zaruka-vratenia-penazi\/#breadcrumb\",\"itemListElement\":[{\"@type\":\"ListItem\",\"position\":1,\"name\":\"Domovsk\u00e1 str\u00e1nka\",\"item\":\"https:\/\/www.ecolife.bio\/hu\/\"},{\"@type\":\"ListItem\",\"position\":2,\"name\":\"P\u00c9NZVISSZAFIZET\u00c9SI GARANCIA\"}]},{\"@type\":\"WebSite\",\"@id\":\"https:\/\/www.ecolife.bio\/#website\",\"url\":\"https:\/\/www.ecolife.bio\/\",\"name\":\"EcoLIFE\",\"description\":\"For an Eco-Friendly Planet\",\"publisher\":{\"@id\":\"https:\/\/www.ecolife.bio\/#organization\"},\"potentialAction\":[{\"@type\":\"SearchAction\",\"target\":{\"@type\":\"EntryPoint\",\"urlTemplate\":\"https:\/\/www.ecolife.bio\/?s={search_term_string}\"},\"query-input\":{\"@type\":\"PropertyValueSpecification\",\"valueRequired\":true,\"valueName\":\"search_term_string\"}}],\"inLanguage\":\"hu\"},{\"@type\":\"Organization\",\"@id\":\"https:\/\/www.ecolife.bio\/#organization\",\"name\":\"ECOlife.bio\",\"url\":\"https:\/\/www.ecolife.bio\/\",\"logo\":{\"@type\":\"ImageObject\",\"inLanguage\":\"hu\",\"@id\":\"https:\/\/www.ecolife.bio\/#\/schema\/logo\/image\/\",\"url\":\"https:\/\/www.ecolife.bio\/wp-content\/uploads\/2022\/03\/ecolife_logo_final.png\",\"contentUrl\":\"https:\/\/www.ecolife.bio\/wp-content\/uploads\/2022\/03\/ecolife_logo_final.png\",\"width\":500,\"height\":500,\"caption\":\"ECOlife.bio\"},\"image\":{\"@id\":\"https:\/\/www.ecolife.bio\/#\/schema\/logo\/image\/\"}}]}<\/script>\n<!-- \/ Yoast SEO plugin. -->","yoast_head_json":{"title":"P\u00c9NZVISSZAFIZET\u00c9SI GARANCIA - EcoLIFE","robots":{"index":"index","follow":"follow","max-snippet":"max-snippet:-1","max-image-preview":"max-image-preview:large","max-video-preview":"max-video-preview:-1"},"canonical":"https:\/\/www.ecolife.bio\/zaruka-vratenia-penazi\/","og_locale":"hu_HU","og_type":"article","og_title":"P\u00c9NZVISSZAFIZET\u00c9SI GARANCIA - EcoLIFE","og_url":"https:\/\/www.ecolife.bio\/zaruka-vratenia-penazi\/","og_site_name":"EcoLIFE","article_modified_time":"2025-09-01T14:24:07+00:00","twitter_card":"summary_large_image","twitter_misc":{"Becs\u00fclt olvas\u00e1si id\u0151":"2 perc"},"schema":{"@context":"https:\/\/schema.org","@graph":[{"@type":"WebPage","@id":"https:\/\/www.ecolife.bio\/zaruka-vratenia-penazi\/","url":"https:\/\/www.ecolife.bio\/zaruka-vratenia-penazi\/","name":"P\u00c9NZVISSZAFIZET\u00c9SI GARANCIA - EcoLIFE","isPartOf":{"@id":"https:\/\/www.ecolife.bio\/#website"},"datePublished":"2025-09-01T14:15:16+00:00","dateModified":"2025-09-01T14:24:07+00:00","breadcrumb":{"@id":"https:\/\/www.ecolife.bio\/zaruka-vratenia-penazi\/#breadcrumb"},"inLanguage":"hu","potentialAction":[{"@type":"ReadAction","target":["https:\/\/www.ecolife.bio\/zaruka-vratenia-penazi\/"]}]},{"@type":"BreadcrumbList","@id":"https:\/\/www.ecolife.bio\/zaruka-vratenia-penazi\/#breadcrumb","itemListElement":[{"@type":"ListItem","position":1,"name":"Domovsk\u00e1 str\u00e1nka","item":"https:\/\/www.ecolife.bio\/hu\/"},{"@type":"ListItem","position":2,"name":"P\u00c9NZVISSZAFIZET\u00c9SI GARANCIA"}]},{"@type":"WebSite","@id":"https:\/\/www.ecolife.bio\/#website","url":"https:\/\/www.ecolife.bio\/","name":"EcoLIFE","description":"For an Eco-Friendly Planet","publisher":{"@id":"https:\/\/www.ecolife.bio\/#organization"},"potentialAction":[{"@type":"SearchAction","target":{"@type":"EntryPoint","urlTemplate":"https:\/\/www.ecolife.bio\/?s={search_term_string}"},"query-input":{"@type":"PropertyValueSpecification","valueRequired":true,"valueName":"search_term_string"}}],"inLanguage":"hu"},{"@type":"Organization","@id":"https:\/\/www.ecolife.bio\/#organization","name":"ECOlife.bio","url":"https:\/\/www.ecolife.bio\/","logo":{"@type":"ImageObject","inLanguage":"hu","@id":"https:\/\/www.ecolife.bio\/#\/schema\/logo\/image\/","url":"https:\/\/www.ecolife.bio\/wp-content\/uploads\/2022\/03\/ecolife_logo_final.png","contentUrl":"https:\/\/www.ecolife.bio\/wp-content\/uploads\/2022\/03\/ecolife_logo_final.png","width":500,"height":500,"caption":"ECOlife.bio"},"image":{"@id":"https:\/\/www.ecolife.bio\/#\/schema\/logo\/image\/"}}]}},"_links":{"self":[{"href":"https:\/\/www.ecolife.bio\/hu\/wp-json\/wp\/v2\/pages\/5161","targetHints":{"allow":["GET"]}}],"collection":[{"href":"https:\/\/www.ecolife.bio\/hu\/wp-json\/wp\/v2\/pages"}],"about":[{"href":"https:\/\/www.ecolife.bio\/hu\/wp-json\/wp\/v2\/types\/page"}],"author":[{"embeddable":true,"href":"https:\/\/www.ecolife.bio\/hu\/wp-json\/wp\/v2\/users\/223"}],"replies":[{"embeddable":true,"href":"https:\/\/www.ecolife.bio\/hu\/wp-json\/wp\/v2\/comments?post=5161"}],"version-history":[{"count":4,"href":"https:\/\/www.ecolife.bio\/hu\/wp-json\/wp\/v2\/pages\/5161\/revisions"}],"predecessor-version":[{"id":5166,"href":"https:\/\/www.ecolife.bio\/hu\/wp-json\/wp\/v2\/pages\/5161\/revisions\/5166"}],"wp:attachment":[{"href":"https:\/\/www.ecolife.bio\/hu\/wp-json\/wp\/v2\/media?parent=5161"}],"curies":[{"name":"wp","href":"https:\/\/api.w.org\/{rel}","templated":true}]}}