{"id":5311,"date":"2025-09-23T15:00:34","date_gmt":"2025-09-23T13:00:34","guid":{"rendered":"https:\/\/www.ecolife.bio\/?page_id=5311"},"modified":"2026-04-27T02:52:20","modified_gmt":"2026-04-27T00:52:20","slug":"igy-csinaljuk","status":"publish","type":"page","link":"https:\/\/www.ecolife.bio\/hu\/igy-csinaljuk\/","title":{"rendered":"K\u00f6rnyezetbar\u00e1t, fenntarthat\u00f3 tiszt\u00edt\u00f3szereink gy\u00e1rt\u00e1si folyamata. Otthonra \u00e9s B2B partnereinknek."},"content":{"rendered":"\t<section class=\"section\" id=\"section_1043582462\">\n\t\t<div class=\"bg section-bg fill bg-fill  bg-loaded\" >\n\n\t\t\t\n\t\t\t\n\t\t\t\n\n\t\t<\/div>\n\n\t\t\n\n\t\t<div class=\"section-content relative\">\n\t\t\t\n\n<div class=\"row\"  id=\"row-383933161\">\n\n\n\t<div id=\"col-1330202462\" class=\"col small-12 large-12\"  >\n\t\t\t\t<div class=\"col-inner\"  >\n\t\t\t\n\t\t\t\n\n  <div id=\"page-header-253390252\" class=\"page-header-wrapper\">\n  <div class=\"page-title dark featured-title\">\n\n    \n    <div class=\"page-title-inner container align-center text-center flex-row-col medium-flex-wrap\" >\n              <div class=\"title-wrapper flex-col\">\n          <h1 class=\"entry-title mb-0\">\n            K\u00f6rnyezetbar\u00e1t, fenntarthat\u00f3 tiszt\u00edt\u00f3szereink gy\u00e1rt\u00e1si folyamata.          <\/h1>\n        <\/div>\n                    <div class=\"title-content flex-col\">\n              <\/div>\n    <\/div>\n\n       <\/div>\n    <\/div>\n  \n\n<div class=\"video video-fit mb\" style=\"padding-top:56.25%;\"><iframe loading=\"lazy\" title=\"K\u00f6rnyezetbar\u00e1t, fenntarthat\u00f3 tiszt\u00edt\u00f3szereink gy\u00e1rt\u00e1si folyamata. | Otthonra \u00e9s B2B partnereinknek.\" width=\"1020\" height=\"574\" src=\"https:\/\/www.youtube.com\/embed\/ehOQNC0mnqs?feature=oembed\" frameborder=\"0\" allow=\"accelerometer; autoplay; clipboard-write; encrypted-media; gyroscope; picture-in-picture; web-share\" referrerpolicy=\"strict-origin-when-cross-origin\" allowfullscreen><\/iframe><\/div>\n\n<p>Ismerd meg, hogyan k\u00e9sz\u00fclnek az ECOlife k\u00f6rnyezetbar\u00e1t tiszt\u00edt\u00f3szerei! \ud83c\udf0d<br>Gy\u00e1rt\u00e1si folyamatunkban a fenntarthat\u00f3s\u00e1g, a term\u00e9szet tisztelete \u00e9s a magas min\u0151s\u00e9g egy\u00fctt j\u00e1r, hogy olyan term\u00e9keket k\u00edn\u00e1ljunk, amelyek:<\/p>\n<p>\u2705 Hat\u00e9konyak a mindennapi takar\u00edt\u00e1sban<br>\u2705 Biztons\u00e1gosak a csal\u00e1dnak \u00e9s a k\u00f6rnyezetnek<br>\u2705 Hozz\u00e1j\u00e1rulnak a hullad\u00e9kcs\u00f6kkent\u00e9shez \u00e9s egy tudatosabb \u00e9letm\u00f3dhoz<\/p>\n<p>Ez a vide\u00f3 bepillant\u00e1st enged abba, hogyan dolgozunk azon, hogy minden egyes ECOlife term\u00e9k a tiszta otthon \u00e9s a tiszt\u00e1bb j\u00f6v\u0151 \u00edg\u00e9ret\u00e9t ny\u00fajtsa \u2014 legyen sz\u00f3 ak\u00e1r csal\u00e1dokr\u00f3l, ak\u00e1r v\u00e1llalati partnereinkr\u0151l.<\/p>\n<p>\ud83d\udc49 Tudj meg t\u00f6bbet \u00e9s fedezd fel <a href=\"https:\/\/www.ecolife.bio\/hu\/kat\/termekek\/\">k\u00edn\u00e1latunkat<\/a><br>\ud83d\udc49 \u00c9rdekel a B2B egy\u00fcttm\u0171k\u00f6d\u00e9s? Vedd fel vel\u00fcnk a kapcsolatot: <a href=\"mailto:sales@ecolife.bio\">sales@ecolife.bio<\/a><\/p>\n\n\t\t<\/div>\n\t\t\t\t\t<\/div>\n\n\t\n\n<\/div>\n\n\t\t<\/div>\n\n\t\t\n<style>\n#section_1043582462 {\n  padding-top: 30px;\n  padding-bottom: 30px;\n}\n<\/style>\n\t<\/section>\n\t","protected":false},"excerpt":{"rendered":"","protected":false},"author":5,"featured_media":0,"parent":0,"menu_order":0,"comment_status":"closed","ping_status":"closed","template":"page-blank.php","meta":{"footnotes":""},"class_list":["post-5311","page","type-page","status-publish","hentry"],"yoast_head":"<!-- This site is optimized with the Yoast SEO plugin v26.8 - https:\/\/yoast.com\/product\/yoast-seo-wordpress\/ -->\n<title>K\u00f6rnyezetbar\u00e1t, fenntarthat\u00f3 tiszt\u00edt\u00f3szereink gy\u00e1rt\u00e1si folyamata. Otthonra \u00e9s B2B partnereinknek.<\/title>\n<meta name=\"description\" content=\"Ismerd meg, hogyan k\u00e9sz\u00fclnek az ECOlife k\u00f6rnyezetbar\u00e1t tiszt\u00edt\u00f3szerei! Gy\u00e1rt\u00e1si folyamatunkban a fenntarthat\u00f3s\u00e1g, a term\u00e9szet tisztelete \u00e9s a magas min\u0151s\u00e9g egy\u00fctt j\u00e1r.\" \/>\n<meta name=\"robots\" content=\"index, follow, max-snippet:-1, max-image-preview:large, max-video-preview:-1\" \/>\n<link rel=\"canonical\" href=\"https:\/\/www.ecolife.bio\/hu\/igy-csinaljuk\/\" \/>\n<meta property=\"og:locale\" content=\"hu_HU\" \/>\n<meta property=\"og:type\" content=\"article\" \/>\n<meta property=\"og:title\" content=\"K\u00f6rnyezetbar\u00e1t, fenntarthat\u00f3 tiszt\u00edt\u00f3szereink gy\u00e1rt\u00e1si folyamata. Otthonra \u00e9s B2B partnereinknek.\" \/>\n<meta property=\"og:description\" content=\"Ismerd meg, hogyan k\u00e9sz\u00fclnek az ECOlife k\u00f6rnyezetbar\u00e1t tiszt\u00edt\u00f3szerei! Gy\u00e1rt\u00e1si folyamatunkban a fenntarthat\u00f3s\u00e1g, a term\u00e9szet tisztelete \u00e9s a magas min\u0151s\u00e9g egy\u00fctt j\u00e1r.\" \/>\n<meta property=\"og:url\" content=\"https:\/\/www.ecolife.bio\/hu\/igy-csinaljuk\/\" \/>\n<meta property=\"og:site_name\" content=\"EcoLIFE\" \/>\n<meta property=\"article:modified_time\" content=\"2026-04-27T00:52:20+00:00\" \/>\n<meta name=\"twitter:card\" content=\"summary_large_image\" \/>\n<meta name=\"twitter:label1\" content=\"Becs\u00fclt olvas\u00e1si id\u0151\" \/>\n\t<meta name=\"twitter:data1\" content=\"1 perc\" \/>\n<script type=\"application\/ld+json\" class=\"yoast-schema-graph\">{\"@context\":\"https:\/\/schema.org\",\"@graph\":[{\"@type\":\"WebPage\",\"@id\":\"https:\/\/www.ecolife.bio\/hu\/igy-csinaljuk\/\",\"url\":\"https:\/\/www.ecolife.bio\/hu\/igy-csinaljuk\/\",\"name\":\"K\u00f6rnyezetbar\u00e1t, fenntarthat\u00f3 tiszt\u00edt\u00f3szereink gy\u00e1rt\u00e1si folyamata. Otthonra \u00e9s B2B partnereinknek.\",\"isPartOf\":{\"@id\":\"https:\/\/www.ecolife.bio\/#website\"},\"datePublished\":\"2025-09-23T13:00:34+00:00\",\"dateModified\":\"2026-04-27T00:52:20+00:00\",\"description\":\"Ismerd meg, hogyan k\u00e9sz\u00fclnek az ECOlife k\u00f6rnyezetbar\u00e1t tiszt\u00edt\u00f3szerei! Gy\u00e1rt\u00e1si folyamatunkban a fenntarthat\u00f3s\u00e1g, a term\u00e9szet tisztelete \u00e9s a magas min\u0151s\u00e9g egy\u00fctt j\u00e1r.\",\"breadcrumb\":{\"@id\":\"https:\/\/www.ecolife.bio\/hu\/igy-csinaljuk\/#breadcrumb\"},\"inLanguage\":\"hu\",\"potentialAction\":[{\"@type\":\"ReadAction\",\"target\":[\"https:\/\/www.ecolife.bio\/hu\/igy-csinaljuk\/\"]}]},{\"@type\":\"BreadcrumbList\",\"@id\":\"https:\/\/www.ecolife.bio\/hu\/igy-csinaljuk\/#breadcrumb\",\"itemListElement\":[{\"@type\":\"ListItem\",\"position\":1,\"name\":\"Domovsk\u00e1 str\u00e1nka\",\"item\":\"https:\/\/www.ecolife.bio\/hu\/\"},{\"@type\":\"ListItem\",\"position\":2,\"name\":\"K\u00f6rnyezetbar\u00e1t, fenntarthat\u00f3 tiszt\u00edt\u00f3szereink gy\u00e1rt\u00e1si folyamata. Otthonra \u00e9s B2B partnereinknek.\"}]},{\"@type\":\"WebSite\",\"@id\":\"https:\/\/www.ecolife.bio\/#website\",\"url\":\"https:\/\/www.ecolife.bio\/\",\"name\":\"EcoLIFE\",\"description\":\"For an Eco-Friendly Planet\",\"publisher\":{\"@id\":\"https:\/\/www.ecolife.bio\/#organization\"},\"potentialAction\":[{\"@type\":\"SearchAction\",\"target\":{\"@type\":\"EntryPoint\",\"urlTemplate\":\"https:\/\/www.ecolife.bio\/?s={search_term_string}\"},\"query-input\":{\"@type\":\"PropertyValueSpecification\",\"valueRequired\":true,\"valueName\":\"search_term_string\"}}],\"inLanguage\":\"hu\"},{\"@type\":\"Organization\",\"@id\":\"https:\/\/www.ecolife.bio\/#organization\",\"name\":\"ECOlife.bio\",\"url\":\"https:\/\/www.ecolife.bio\/\",\"logo\":{\"@type\":\"ImageObject\",\"inLanguage\":\"hu\",\"@id\":\"https:\/\/www.ecolife.bio\/#\/schema\/logo\/image\/\",\"url\":\"https:\/\/escbfekz6y3.exactdn.com\/wp-content\/uploads\/2022\/03\/ecolife_logo_final.png?strip=all\",\"contentUrl\":\"https:\/\/escbfekz6y3.exactdn.com\/wp-content\/uploads\/2022\/03\/ecolife_logo_final.png?strip=all\",\"width\":500,\"height\":500,\"caption\":\"ECOlife.bio\"},\"image\":{\"@id\":\"https:\/\/www.ecolife.bio\/#\/schema\/logo\/image\/\"}}]}<\/script>\n<!-- \/ Yoast SEO plugin. -->","yoast_head_json":{"title":"K\u00f6rnyezetbar\u00e1t, fenntarthat\u00f3 tiszt\u00edt\u00f3szereink gy\u00e1rt\u00e1si folyamata. Otthonra \u00e9s B2B partnereinknek.","description":"Ismerd meg, hogyan k\u00e9sz\u00fclnek az ECOlife k\u00f6rnyezetbar\u00e1t tiszt\u00edt\u00f3szerei! Gy\u00e1rt\u00e1si folyamatunkban a fenntarthat\u00f3s\u00e1g, a term\u00e9szet tisztelete \u00e9s a magas min\u0151s\u00e9g egy\u00fctt j\u00e1r.","robots":{"index":"index","follow":"follow","max-snippet":"max-snippet:-1","max-image-preview":"max-image-preview:large","max-video-preview":"max-video-preview:-1"},"canonical":"https:\/\/www.ecolife.bio\/hu\/igy-csinaljuk\/","og_locale":"hu_HU","og_type":"article","og_title":"K\u00f6rnyezetbar\u00e1t, fenntarthat\u00f3 tiszt\u00edt\u00f3szereink gy\u00e1rt\u00e1si folyamata. Otthonra \u00e9s B2B partnereinknek.","og_description":"Ismerd meg, hogyan k\u00e9sz\u00fclnek az ECOlife k\u00f6rnyezetbar\u00e1t tiszt\u00edt\u00f3szerei! Gy\u00e1rt\u00e1si folyamatunkban a fenntarthat\u00f3s\u00e1g, a term\u00e9szet tisztelete \u00e9s a magas min\u0151s\u00e9g egy\u00fctt j\u00e1r.","og_url":"https:\/\/www.ecolife.bio\/hu\/igy-csinaljuk\/","og_site_name":"EcoLIFE","article_modified_time":"2026-04-27T00:52:20+00:00","twitter_card":"summary_large_image","twitter_misc":{"Becs\u00fclt olvas\u00e1si id\u0151":"1 perc"},"schema":{"@context":"https:\/\/schema.org","@graph":[{"@type":"WebPage","@id":"https:\/\/www.ecolife.bio\/hu\/igy-csinaljuk\/","url":"https:\/\/www.ecolife.bio\/hu\/igy-csinaljuk\/","name":"K\u00f6rnyezetbar\u00e1t, fenntarthat\u00f3 tiszt\u00edt\u00f3szereink gy\u00e1rt\u00e1si folyamata. Otthonra \u00e9s B2B partnereinknek.","isPartOf":{"@id":"https:\/\/www.ecolife.bio\/#website"},"datePublished":"2025-09-23T13:00:34+00:00","dateModified":"2026-04-27T00:52:20+00:00","description":"Ismerd meg, hogyan k\u00e9sz\u00fclnek az ECOlife k\u00f6rnyezetbar\u00e1t tiszt\u00edt\u00f3szerei! Gy\u00e1rt\u00e1si folyamatunkban a fenntarthat\u00f3s\u00e1g, a term\u00e9szet tisztelete \u00e9s a magas min\u0151s\u00e9g egy\u00fctt j\u00e1r.","breadcrumb":{"@id":"https:\/\/www.ecolife.bio\/hu\/igy-csinaljuk\/#breadcrumb"},"inLanguage":"hu","potentialAction":[{"@type":"ReadAction","target":["https:\/\/www.ecolife.bio\/hu\/igy-csinaljuk\/"]}]},{"@type":"BreadcrumbList","@id":"https:\/\/www.ecolife.bio\/hu\/igy-csinaljuk\/#breadcrumb","itemListElement":[{"@type":"ListItem","position":1,"name":"Domovsk\u00e1 str\u00e1nka","item":"https:\/\/www.ecolife.bio\/hu\/"},{"@type":"ListItem","position":2,"name":"K\u00f6rnyezetbar\u00e1t, fenntarthat\u00f3 tiszt\u00edt\u00f3szereink gy\u00e1rt\u00e1si folyamata. Otthonra \u00e9s B2B partnereinknek."}]},{"@type":"WebSite","@id":"https:\/\/www.ecolife.bio\/#website","url":"https:\/\/www.ecolife.bio\/","name":"EcoLIFE","description":"For an Eco-Friendly Planet","publisher":{"@id":"https:\/\/www.ecolife.bio\/#organization"},"potentialAction":[{"@type":"SearchAction","target":{"@type":"EntryPoint","urlTemplate":"https:\/\/www.ecolife.bio\/?s={search_term_string}"},"query-input":{"@type":"PropertyValueSpecification","valueRequired":true,"valueName":"search_term_string"}}],"inLanguage":"hu"},{"@type":"Organization","@id":"https:\/\/www.ecolife.bio\/#organization","name":"ECOlife.bio","url":"https:\/\/www.ecolife.bio\/","logo":{"@type":"ImageObject","inLanguage":"hu","@id":"https:\/\/www.ecolife.bio\/#\/schema\/logo\/image\/","url":"https:\/\/escbfekz6y3.exactdn.com\/wp-content\/uploads\/2022\/03\/ecolife_logo_final.png?strip=all","contentUrl":"https:\/\/escbfekz6y3.exactdn.com\/wp-content\/uploads\/2022\/03\/ecolife_logo_final.png?strip=all","width":500,"height":500,"caption":"ECOlife.bio"},"image":{"@id":"https:\/\/www.ecolife.bio\/#\/schema\/logo\/image\/"}}]}},"_links":{"self":[{"href":"https:\/\/www.ecolife.bio\/hu\/wp-json\/wp\/v2\/pages\/5311","targetHints":{"allow":["GET"]}}],"collection":[{"href":"https:\/\/www.ecolife.bio\/hu\/wp-json\/wp\/v2\/pages"}],"about":[{"href":"https:\/\/www.ecolife.bio\/hu\/wp-json\/wp\/v2\/types\/page"}],"author":[{"embeddable":true,"href":"https:\/\/www.ecolife.bio\/hu\/wp-json\/wp\/v2\/users\/5"}],"replies":[{"embeddable":true,"href":"https:\/\/www.ecolife.bio\/hu\/wp-json\/wp\/v2\/comments?post=5311"}],"version-history":[{"count":9,"href":"https:\/\/www.ecolife.bio\/hu\/wp-json\/wp\/v2\/pages\/5311\/revisions"}],"predecessor-version":[{"id":6973,"href":"https:\/\/www.ecolife.bio\/hu\/wp-json\/wp\/v2\/pages\/5311\/revisions\/6973"}],"wp:attachment":[{"href":"https:\/\/www.ecolife.bio\/hu\/wp-json\/wp\/v2\/media?parent=5311"}],"curies":[{"name":"wp","href":"https:\/\/api.w.org\/{rel}","templated":true}]}}