{"id":232,"date":"2022-03-27T18:03:05","date_gmt":"2022-03-27T16:03:05","guid":{"rendered":"https:\/\/www.ecolife.bio\/?post_type=product&#038;p=232"},"modified":"2026-04-16T08:43:39","modified_gmt":"2026-04-16T06:43:39","slug":"univerzalis-tisztitoszer","status":"publish","type":"product","link":"https:\/\/www.ecolife.bio\/hu\/prod\/univerzalis-tisztitoszer\/","title":{"rendered":"\u00d6KO UNIVERZ\u00c1LIS tiszt\u00edt\u00f3- \u00e9s felmos\u00f3szer (1L)"},"content":{"rendered":"<h2><strong>UNIVERZ\u00c1LIS tiszt\u00edt\u00f3 \u00e9s felmos\u00f3szer<br \/>\n<\/strong><\/h2>\n<p><strong>Sokoldal\u00fa tiszt\u00edt\u00f3szer<\/strong>, <strong>amely \u00f6tv\u00f6zi a hat\u00e9konys\u00e1got \u00e9s a k\u00edm\u00e9l\u0151 formul\u00e1t.<\/strong> Egyetlen term\u00e9kkel tiszt\u00edthat\u00f3 <strong>padl\u00f3, fa, b\u0151r, m\u0171anyag, m\u00e1rv\u00e1ny vagy ak\u00e1r a f\u00fcrd\u0151szobai burkolat.<\/strong><br \/>\n<em>Egy tiszt\u00edt\u00f3szer, amely sz\u00e1mtalan lehet\u0151s\u00e9get rejt mag\u00e1ban \u2013 egyszer\u0171s\u00edti a takar\u00edt\u00e1st, helyet \u00e9s p\u00e9nzt takar\u00edt meg, mik\u00f6zben k\u00f6rnyezetbar\u00e1t.<\/em><\/p>\n<p><strong>Mi\u00e9rt v\u00e1laszd az ECOlife univerz\u00e1lis tiszt\u00edt\u00f3t?\u00a0<\/strong><\/p>\n<ul>\n<li>Alkalmas minden fel\u00fcletre a konyh\u00e1ba, f\u00fcrd\u0151szob\u00e1ba, padl\u00f3ra, b\u00fatorra \u00e9s m\u0171anyag fel\u00fcletekre<\/li>\n<li>Egyetlen term\u00e9k\u00a0 &#8211; sz\u00e1mtalan lehet\u0151s\u00e9g<\/li>\n<li>P\u00e9nzt, id\u0151t \u00e9s energi\u00e1t takar\u00edt meg<\/li>\n<li>Kevesebb flakon = kevesebb hullad\u00e9k<\/li>\n<li>K\u00edm\u00e9letes \u00e9s biztons\u00e1gos, gyermekes csal\u00e1dok sz\u00e1m\u00e1ra is ide\u00e1lis \u00e9s biztons\u00e1gos<\/li>\n<\/ul>\n<p><strong>El\u0151ny\u00f6k:<\/strong><\/p>\n<ul>\n<li>Mentes irrit\u00e1l\u00f3 anyagokt\u00f3l \u00e9s felesleges adal\u00e9kokt\u00f3l<\/li>\n<li>N\u00f6v\u00e9nyi alapanyagokb\u00f3l k\u00e9sz\u00fclt, biol\u00f3giailag leboml\u00f3<\/li>\n<li>Cs\u00edkmentes tisztas\u00e1got \u00e9s gyors sz\u00e1rad\u00e1st biztos\u00edt<\/li>\n<li>Enyhe p\u00faderes illata eleganci\u00e1val, frissess\u00e9ggel t\u00f6lti meg az otthont<\/li>\n<\/ul>\n<p><strong>\u00d6sszet\u00e9tel:<\/strong><\/p>\n<ul>\n<li><strong>Coco-glucoside<\/strong> \u2013 n\u00f6v\u00e9nyi eredet\u0171 fel\u00fcletakt\u00edv anyag k\u00f3kuszolajb\u00f3l \u00e9s kukoric\u00e1b\u00f3l. Term\u00e9szetes emulg\u00e1tor, hat\u00e9kony minden fel\u00fcleten: m\u00e1rv\u00e1ny, m\u0171anyag, fa vagy j\u00e1r\u00f3lap.<\/li>\n<\/ul>\n<p><strong>Haszn\u00e1lati \u00fatmutat\u00f3:<\/strong><\/p>\n<ol>\n<li><strong>Padl\u00f3tiszt\u00edt\u00e1s eset\u00e9n:<\/strong> adj 1 kupaknyit 5\u20138 liter v\u00edzhez.<\/li>\n<li><strong>\u00c1ltal\u00e1nos tiszt\u00edt\u00e1s:<\/strong> h\u00edg\u00edtsd 1:5 \u2013 1:10 ar\u00e1nyban a szennyez\u0151d\u00e9s m\u00e9rt\u00e9k\u00e9t\u0151l f\u00fcgg\u0151en.<\/li>\n<\/ol>\n<p><strong>Extra tipp \u2013 apr\u00f3 h\u00e1zi tr\u00fckk:<br \/>\n<\/strong>\u00d6nts 1 kupaknyi tiszt\u00edt\u00f3t egy 0,5 l-es sz\u00f3r\u00f3fejes flakonba, \u00e9s tartsd mindig k\u00e9zn\u00e9l! A konyh\u00e1ban vagy a f\u00fcrd\u0151ben p\u00e1r f\u00faj\u00e1s ut\u00e1n a fel\u00fcletek azonnal tiszt\u00e1k \u00e9s frissek lesznek.<\/p>\n<p><strong>ECOlife univerz\u00e1lis tiszt\u00edt\u00f3<\/strong> \u2013 egyetlen term\u00e9k minden fel\u00fclethez, k\u00edm\u00e9letes hozz\u00e1d, az otthonodhoz \u00e9s a term\u00e9szethez.<\/p>\n","protected":false},"excerpt":{"rendered":"<p><strong>Professzion\u00e1lis tiszt\u00edt\u00e1si hat\u00e9konys\u00e1g, a talajt\u00f3l a plafonig<\/strong><\/p>\n<ul>\n<li>Univerz\u00e1lis tiszt\u00edt\u00f3szer b\u00e1rmilyen k\u00f6rnyezetbe<\/li>\n<li>Hat\u00e9kony \u00e9s k\u00edm\u00e9l\u0151 az \u00e9rz\u00e9keny fel\u00fcleteken is<\/li>\n<li>Seg\u00edt cs\u00f6kkenteni a kiad\u00e1sokat<\/li>\n<li>H\u00edg\u00edt\u00e1s: 1 l : 3 l<\/li>\n<\/ul>\n<div style=\"margin: 15px 0;\"><a style=\"background-color: #a81039; color: white; padding: 4px 8px; text-decoration: none; border-radius: 5px; font-weight: bold; display: inline-block;\" href=\"https:\/\/www.ecolife.bio\/hu\/prod\/teszt-termek-oko-univerzalis-tisztito-es-felmososzer\/\">\u00c9rdekel a tesztel\u00e9si lehet\u0151s\u00e9g, most f\u00e9l\u00e1ron!<\/a><\/div>\n","protected":false},"featured_media":5205,"comment_status":"open","ping_status":"closed","template":"","meta":[],"product_brand":[],"product_cat":[90,159,15,144],"product_tag":[175,166,139,219,114,167,171,170,20,173,220,218,172],"class_list":{"0":"post-232","1":"product","2":"type-product","3":"status-publish","4":"has-post-thumbnail","6":"product_cat-ecolife-termekek","7":"product_cat-tisztitoszerek","8":"product_cat-termekek","9":"product_cat-haztartas","10":"product_tag-csikmentes-tisztasag","11":"product_tag-ecolife","12":"product_tag-ecolife-bottle","13":"product_tag-felmoso","14":"product_tag-furdoszoba","15":"product_tag-kornyezetbarat-tisztitoszer","16":"product_tag-nappali","17":"product_tag-teljes-lakas","18":"product_tag-tisztitoszer","19":"product_tag-toalett","20":"product_tag-tobbcelu-tisztitoszer","21":"product_tag-univerzalis-tisztitoszer","22":"product_tag-wc","24":"first","25":"instock","26":"taxable","27":"shipping-taxable","28":"purchasable","29":"product-type-simple"},"yoast_head":"<!-- This site is optimized with the Yoast SEO plugin v26.8 - https:\/\/yoast.com\/product\/yoast-seo-wordpress\/ -->\n<title>\u00d6ko univerz\u00e1lis tiszt\u00edt\u00f3szer: Vegyszermentes er\u0151 minden fel\u00fcletre<\/title>\n<meta name=\"description\" content=\"Univerz\u00e1lis tiszt\u00edt\u00f3 toxinok n\u00e9lk\u00fcl. Hat\u00e9kony zs\u00edrold\u00e1s \u00e9s ragyog\u00f3 tisztas\u00e1g minden fel\u00fcleten, irrit\u00e1l\u00f3 vegyszerg\u0151z\u00f6k n\u00e9lk\u00fcl. Biztons\u00e1gos a csal\u00e1dnak.\" \/>\n<meta name=\"robots\" content=\"index, follow, max-snippet:-1, max-image-preview:large, max-video-preview:-1\" \/>\n<link rel=\"canonical\" href=\"https:\/\/www.ecolife.bio\/hu\/prod\/univerzalis-tisztitoszer\/\" \/>\n<meta property=\"og:locale\" content=\"hu_HU\" \/>\n<meta property=\"og:type\" content=\"article\" \/>\n<meta property=\"og:title\" content=\"\u00d6ko univerz\u00e1lis tiszt\u00edt\u00f3szer: Vegyszermentes er\u0151 minden fel\u00fcletre\" \/>\n<meta property=\"og:description\" content=\"Univerz\u00e1lis tiszt\u00edt\u00f3 toxinok n\u00e9lk\u00fcl. Hat\u00e9kony zs\u00edrold\u00e1s \u00e9s ragyog\u00f3 tisztas\u00e1g minden fel\u00fcleten, irrit\u00e1l\u00f3 vegyszerg\u0151z\u00f6k n\u00e9lk\u00fcl. Biztons\u00e1gos a csal\u00e1dnak.\" \/>\n<meta property=\"og:url\" content=\"https:\/\/www.ecolife.bio\/hu\/prod\/univerzalis-tisztitoszer\/\" \/>\n<meta property=\"og:site_name\" content=\"EcoLIFE\" \/>\n<meta property=\"article:modified_time\" content=\"2026-04-16T06:43:39+00:00\" \/>\n<meta property=\"og:image\" content=\"https:\/\/www.ecolife.bio\/wp-content\/uploads\/2025\/09\/uni_cistiaci_prostriedok.jpg\" \/>\n\t<meta property=\"og:image:width\" content=\"1921\" \/>\n\t<meta property=\"og:image:height\" content=\"1921\" \/>\n\t<meta property=\"og:image:type\" content=\"image\/jpeg\" \/>\n<meta name=\"twitter:card\" content=\"summary_large_image\" \/>\n<meta name=\"twitter:label1\" content=\"Becs\u00fclt olvas\u00e1si id\u0151\" \/>\n\t<meta name=\"twitter:data1\" content=\"2 perc\" \/>\n<script type=\"application\/ld+json\" class=\"yoast-schema-graph\">{\"@context\":\"https:\/\/schema.org\",\"@graph\":[{\"@type\":\"WebPage\",\"@id\":\"https:\/\/www.ecolife.bio\/hu\/prod\/univerzalis-tisztitoszer\/\",\"url\":\"https:\/\/www.ecolife.bio\/hu\/prod\/univerzalis-tisztitoszer\/\",\"name\":\"\u00d6ko univerz\u00e1lis tiszt\u00edt\u00f3szer: Vegyszermentes er\u0151 minden fel\u00fcletre\",\"isPartOf\":{\"@id\":\"https:\/\/www.ecolife.bio\/#website\"},\"primaryImageOfPage\":{\"@id\":\"https:\/\/www.ecolife.bio\/hu\/prod\/univerzalis-tisztitoszer\/#primaryimage\"},\"image\":{\"@id\":\"https:\/\/www.ecolife.bio\/hu\/prod\/univerzalis-tisztitoszer\/#primaryimage\"},\"thumbnailUrl\":\"https:\/\/escbfekz6y3.exactdn.com\/wp-content\/uploads\/2025\/09\/uni_cistiaci_prostriedok.jpg?strip=all\",\"datePublished\":\"2022-03-27T16:03:05+00:00\",\"dateModified\":\"2026-04-16T06:43:39+00:00\",\"description\":\"Univerz\u00e1lis tiszt\u00edt\u00f3 toxinok n\u00e9lk\u00fcl. Hat\u00e9kony zs\u00edrold\u00e1s \u00e9s ragyog\u00f3 tisztas\u00e1g minden fel\u00fcleten, irrit\u00e1l\u00f3 vegyszerg\u0151z\u00f6k n\u00e9lk\u00fcl. Biztons\u00e1gos a csal\u00e1dnak.\",\"breadcrumb\":{\"@id\":\"https:\/\/www.ecolife.bio\/hu\/prod\/univerzalis-tisztitoszer\/#breadcrumb\"},\"inLanguage\":\"hu\",\"potentialAction\":[{\"@type\":\"ReadAction\",\"target\":[\"https:\/\/www.ecolife.bio\/hu\/prod\/univerzalis-tisztitoszer\/\"]}]},{\"@type\":\"ImageObject\",\"inLanguage\":\"hu\",\"@id\":\"https:\/\/www.ecolife.bio\/hu\/prod\/univerzalis-tisztitoszer\/#primaryimage\",\"url\":\"https:\/\/escbfekz6y3.exactdn.com\/wp-content\/uploads\/2025\/09\/uni_cistiaci_prostriedok.jpg?strip=all\",\"contentUrl\":\"https:\/\/escbfekz6y3.exactdn.com\/wp-content\/uploads\/2025\/09\/uni_cistiaci_prostriedok.jpg?strip=all\",\"width\":1921,\"height\":1921},{\"@type\":\"BreadcrumbList\",\"@id\":\"https:\/\/www.ecolife.bio\/hu\/prod\/univerzalis-tisztitoszer\/#breadcrumb\",\"itemListElement\":[{\"@type\":\"ListItem\",\"position\":1,\"name\":\"Domovsk\u00e1 str\u00e1nka\",\"item\":\"https:\/\/www.ecolife.bio\/hu\/\"},{\"@type\":\"ListItem\",\"position\":2,\"name\":\"\u00dczlet\",\"item\":\"https:\/\/www.ecolife.bio\/obchod\/\"},{\"@type\":\"ListItem\",\"position\":3,\"name\":\"\u00d6KO UNIVERZ\u00c1LIS tiszt\u00edt\u00f3- \u00e9s felmos\u00f3szer (1L)\"}]},{\"@type\":\"WebSite\",\"@id\":\"https:\/\/www.ecolife.bio\/#website\",\"url\":\"https:\/\/www.ecolife.bio\/\",\"name\":\"EcoLIFE\",\"description\":\"For an Eco-Friendly Planet\",\"publisher\":{\"@id\":\"https:\/\/www.ecolife.bio\/#organization\"},\"potentialAction\":[{\"@type\":\"SearchAction\",\"target\":{\"@type\":\"EntryPoint\",\"urlTemplate\":\"https:\/\/www.ecolife.bio\/?s={search_term_string}\"},\"query-input\":{\"@type\":\"PropertyValueSpecification\",\"valueRequired\":true,\"valueName\":\"search_term_string\"}}],\"inLanguage\":\"hu\"},{\"@type\":\"Organization\",\"@id\":\"https:\/\/www.ecolife.bio\/#organization\",\"name\":\"ECOlife.bio\",\"url\":\"https:\/\/www.ecolife.bio\/\",\"logo\":{\"@type\":\"ImageObject\",\"inLanguage\":\"hu\",\"@id\":\"https:\/\/www.ecolife.bio\/#\/schema\/logo\/image\/\",\"url\":\"https:\/\/www.ecolife.bio\/wp-content\/uploads\/2022\/03\/ecolife_logo_final.png\",\"contentUrl\":\"https:\/\/www.ecolife.bio\/wp-content\/uploads\/2022\/03\/ecolife_logo_final.png\",\"width\":500,\"height\":500,\"caption\":\"ECOlife.bio\"},\"image\":{\"@id\":\"https:\/\/www.ecolife.bio\/#\/schema\/logo\/image\/\"}}]}<\/script>\n<!-- \/ Yoast SEO plugin. -->","yoast_head_json":{"title":"\u00d6ko univerz\u00e1lis tiszt\u00edt\u00f3szer: Vegyszermentes er\u0151 minden fel\u00fcletre","description":"Univerz\u00e1lis tiszt\u00edt\u00f3 toxinok n\u00e9lk\u00fcl. Hat\u00e9kony zs\u00edrold\u00e1s \u00e9s ragyog\u00f3 tisztas\u00e1g minden fel\u00fcleten, irrit\u00e1l\u00f3 vegyszerg\u0151z\u00f6k n\u00e9lk\u00fcl. Biztons\u00e1gos a csal\u00e1dnak.","robots":{"index":"index","follow":"follow","max-snippet":"max-snippet:-1","max-image-preview":"max-image-preview:large","max-video-preview":"max-video-preview:-1"},"canonical":"https:\/\/www.ecolife.bio\/hu\/prod\/univerzalis-tisztitoszer\/","og_locale":"hu_HU","og_type":"article","og_title":"\u00d6ko univerz\u00e1lis tiszt\u00edt\u00f3szer: Vegyszermentes er\u0151 minden fel\u00fcletre","og_description":"Univerz\u00e1lis tiszt\u00edt\u00f3 toxinok n\u00e9lk\u00fcl. Hat\u00e9kony zs\u00edrold\u00e1s \u00e9s ragyog\u00f3 tisztas\u00e1g minden fel\u00fcleten, irrit\u00e1l\u00f3 vegyszerg\u0151z\u00f6k n\u00e9lk\u00fcl. Biztons\u00e1gos a csal\u00e1dnak.","og_url":"https:\/\/www.ecolife.bio\/hu\/prod\/univerzalis-tisztitoszer\/","og_site_name":"EcoLIFE","article_modified_time":"2026-04-16T06:43:39+00:00","og_image":[{"width":1921,"height":1921,"url":"https:\/\/www.ecolife.bio\/wp-content\/uploads\/2025\/09\/uni_cistiaci_prostriedok.jpg","type":"image\/jpeg"}],"twitter_card":"summary_large_image","twitter_misc":{"Becs\u00fclt olvas\u00e1si id\u0151":"2 perc"},"schema":{"@context":"https:\/\/schema.org","@graph":[{"@type":"WebPage","@id":"https:\/\/www.ecolife.bio\/hu\/prod\/univerzalis-tisztitoszer\/","url":"https:\/\/www.ecolife.bio\/hu\/prod\/univerzalis-tisztitoszer\/","name":"\u00d6ko univerz\u00e1lis tiszt\u00edt\u00f3szer: Vegyszermentes er\u0151 minden fel\u00fcletre","isPartOf":{"@id":"https:\/\/www.ecolife.bio\/#website"},"primaryImageOfPage":{"@id":"https:\/\/www.ecolife.bio\/hu\/prod\/univerzalis-tisztitoszer\/#primaryimage"},"image":{"@id":"https:\/\/www.ecolife.bio\/hu\/prod\/univerzalis-tisztitoszer\/#primaryimage"},"thumbnailUrl":"https:\/\/escbfekz6y3.exactdn.com\/wp-content\/uploads\/2025\/09\/uni_cistiaci_prostriedok.jpg?strip=all","datePublished":"2022-03-27T16:03:05+00:00","dateModified":"2026-04-16T06:43:39+00:00","description":"Univerz\u00e1lis tiszt\u00edt\u00f3 toxinok n\u00e9lk\u00fcl. Hat\u00e9kony zs\u00edrold\u00e1s \u00e9s ragyog\u00f3 tisztas\u00e1g minden fel\u00fcleten, irrit\u00e1l\u00f3 vegyszerg\u0151z\u00f6k n\u00e9lk\u00fcl. Biztons\u00e1gos a csal\u00e1dnak.","breadcrumb":{"@id":"https:\/\/www.ecolife.bio\/hu\/prod\/univerzalis-tisztitoszer\/#breadcrumb"},"inLanguage":"hu","potentialAction":[{"@type":"ReadAction","target":["https:\/\/www.ecolife.bio\/hu\/prod\/univerzalis-tisztitoszer\/"]}]},{"@type":"ImageObject","inLanguage":"hu","@id":"https:\/\/www.ecolife.bio\/hu\/prod\/univerzalis-tisztitoszer\/#primaryimage","url":"https:\/\/escbfekz6y3.exactdn.com\/wp-content\/uploads\/2025\/09\/uni_cistiaci_prostriedok.jpg?strip=all","contentUrl":"https:\/\/escbfekz6y3.exactdn.com\/wp-content\/uploads\/2025\/09\/uni_cistiaci_prostriedok.jpg?strip=all","width":1921,"height":1921},{"@type":"BreadcrumbList","@id":"https:\/\/www.ecolife.bio\/hu\/prod\/univerzalis-tisztitoszer\/#breadcrumb","itemListElement":[{"@type":"ListItem","position":1,"name":"Domovsk\u00e1 str\u00e1nka","item":"https:\/\/www.ecolife.bio\/hu\/"},{"@type":"ListItem","position":2,"name":"\u00dczlet","item":"https:\/\/www.ecolife.bio\/obchod\/"},{"@type":"ListItem","position":3,"name":"\u00d6KO UNIVERZ\u00c1LIS tiszt\u00edt\u00f3- \u00e9s felmos\u00f3szer (1L)"}]},{"@type":"WebSite","@id":"https:\/\/www.ecolife.bio\/#website","url":"https:\/\/www.ecolife.bio\/","name":"EcoLIFE","description":"For an Eco-Friendly Planet","publisher":{"@id":"https:\/\/www.ecolife.bio\/#organization"},"potentialAction":[{"@type":"SearchAction","target":{"@type":"EntryPoint","urlTemplate":"https:\/\/www.ecolife.bio\/?s={search_term_string}"},"query-input":{"@type":"PropertyValueSpecification","valueRequired":true,"valueName":"search_term_string"}}],"inLanguage":"hu"},{"@type":"Organization","@id":"https:\/\/www.ecolife.bio\/#organization","name":"ECOlife.bio","url":"https:\/\/www.ecolife.bio\/","logo":{"@type":"ImageObject","inLanguage":"hu","@id":"https:\/\/www.ecolife.bio\/#\/schema\/logo\/image\/","url":"https:\/\/www.ecolife.bio\/wp-content\/uploads\/2022\/03\/ecolife_logo_final.png","contentUrl":"https:\/\/www.ecolife.bio\/wp-content\/uploads\/2022\/03\/ecolife_logo_final.png","width":500,"height":500,"caption":"ECOlife.bio"},"image":{"@id":"https:\/\/www.ecolife.bio\/#\/schema\/logo\/image\/"}}]}},"_links":{"self":[{"href":"https:\/\/www.ecolife.bio\/hu\/wp-json\/wp\/v2\/product\/232","targetHints":{"allow":["GET"]}}],"collection":[{"href":"https:\/\/www.ecolife.bio\/hu\/wp-json\/wp\/v2\/product"}],"about":[{"href":"https:\/\/www.ecolife.bio\/hu\/wp-json\/wp\/v2\/types\/product"}],"replies":[{"embeddable":true,"href":"https:\/\/www.ecolife.bio\/hu\/wp-json\/wp\/v2\/comments?post=232"}],"wp:featuredmedia":[{"embeddable":true,"href":"https:\/\/www.ecolife.bio\/hu\/wp-json\/wp\/v2\/media\/5205"}],"wp:attachment":[{"href":"https:\/\/www.ecolife.bio\/hu\/wp-json\/wp\/v2\/media?parent=232"}],"wp:term":[{"taxonomy":"product_brand","embeddable":true,"href":"https:\/\/www.ecolife.bio\/hu\/wp-json\/wp\/v2\/product_brand?post=232"},{"taxonomy":"product_cat","embeddable":true,"href":"https:\/\/www.ecolife.bio\/hu\/wp-json\/wp\/v2\/product_cat?post=232"},{"taxonomy":"product_tag","embeddable":true,"href":"https:\/\/www.ecolife.bio\/hu\/wp-json\/wp\/v2\/product_tag?post=232"}],"curies":[{"name":"wp","href":"https:\/\/api.w.org\/{rel}","templated":true}]}}