{"id":235,"date":"2022-03-27T18:24:14","date_gmt":"2022-03-27T16:24:14","guid":{"rendered":"https:\/\/www.ecolife.bio\/?post_type=product&#038;p=235"},"modified":"2026-04-08T08:46:03","modified_gmt":"2026-04-08T06:46:03","slug":"vizkooldo-es-tisztitoszer","status":"publish","type":"product","link":"https:\/\/www.ecolife.bio\/hu\/prod\/vizkooldo-es-tisztitoszer\/","title":{"rendered":"\u00d6KO V\u00edzk\u0151old\u00f3 \u00e9s tiszt\u00edt\u00f3szer (0,75L)"},"content":{"rendered":"<h2><strong>V\u00edzk\u0151old\u00f3 \u00e9s tiszt\u00edt\u00f3szer\u00a0<\/strong><\/h2>\n<p><strong>Professzion\u00e1lisan hat\u00e9kony, szagtalan v\u00edzk\u0151old\u00f3, term\u00e9szetes \u00e9s k\u00f6rnyezetbar\u00e1t \u00f6sszetev\u0151kb\u0151l<\/strong>.\u00a0<strong>Megb\u00edzhat\u00f3an elt\u00e1vol\u00edtja a makacs lerak\u00f3d\u00e1sokat a WC-cs\u00e9sz\u00e9b\u0151l, piszo\u00e1rokb\u00f3l, zuhanykabinb\u00f3l, t\u00e1lc\u00e1kb\u00f3l, csaptelepekr\u0151l \u00e9s burkolatokr\u00f3l \u2013 mindezt a kr\u00f3mozott fel\u00fcletek s\u00e9r\u00fcl\u00e9se n\u00e9lk\u00fcl.\u00a0<\/strong><br \/>\nIde\u00e1lis h\u00e1ztart\u00e1sokba, de sz\u00e1llod\u00e1kba, vend\u00e9gl\u00e1t\u00f3helyekre \u00e9s int\u00e9zm\u00e9nyekbe is, ahol a hat\u00e9konys\u00e1g \u00e9s tisztas\u00e1g els\u0151dleges szempont.<\/p>\n<p><strong>Mi\u00e9rt v\u00e1laszd az ECOlife-ot?\u00a0<\/strong><\/p>\n<ul>\n<li>Term\u00e9szetes, k\u00f6rnyezetbar\u00e1t \u00f6sszetev\u0151kb\u0151l k\u00e9sz\u00fclt<\/li>\n<li>Gyorsan \u00e9s hat\u00e9konyan, kompromisszumok n\u00e9lk\u00fcl t\u00e1vol\u00edtja el\u00a0 a v\u00edzk\u00f6vet minden fel\u00fcletr\u0151l<\/li>\n<li><strong>K\u00edm\u00e9li a kr\u00f3mozott, fekete csaptelepeket \u00e9s fel\u00fcleteket \u2013 nincs sz\u00fcks\u00e9g k\u00fcl\u00f6n tiszt\u00edt\u00f3szerre<\/strong><\/li>\n<\/ul>\n<p><strong>Haszn\u00e1lat:<\/strong><\/p>\n<ol>\n<li>F\u00fajd a tiszt\u00edtand\u00f3 fel\u00fcletre.<\/li>\n<li>Hagyd hatni 5\u201310 percig.<\/li>\n<li style=\"text-align: left;\">T\u00f6r\u00f6ld \u00e1t, \u00f6bl\u00edtsd le.<\/li>\n<\/ol>\n<p><strong>Tipp:<\/strong> rendszeres haszn\u00e1lattal megel\u0151zhet\u0151 a v\u00edzk\u0151 lerak\u00f3d\u00e1sa, \u00edgy a takar\u00edt\u00e1s sokkal k\u00f6nnyedebb, gyorsabb lesz.<\/p>\n<p><strong>Extra tipp v\u00e1s\u00e1rl\u00f3inkt\u00f3l:<br \/>\n<\/strong>Ezt a term\u00e9ket a v\u00edzk\u0151 elt\u00e1vol\u00edt\u00e1s\u00e1ra fejlesztett\u00fck ki, de fantasztikus v\u00e1s\u00e1rl\u00f3ink visszajelz\u00e9sei alapj\u00e1n kider\u00fclt, hogy a <strong>s\u00fct\u0151ben \u00e9s f\u0151z\u0151lapon r\u00e1\u00e9gett szennyez\u0151d\u00e9seket is k\u00f6nnyed\u00e9n elt\u00e1vol\u00edtja<\/strong>. \u00a0Az\u00f3ta mi is \u00edgy haszn\u00e1ljuk! Pr\u00f3b\u00e1ld ki Te is \u2013 meglep\u0151dsz, milyen egyszer\u0171 a makacs szennyez\u0151d\u00e9sek elt\u00fcntet\u00e9se.<\/p>\n<p><strong>ECOlife v\u00edzk\u0151old\u00f3<\/strong> \u2013 term\u00e9szetes, hat\u00e9kony \u00e9s megb\u00edzhat\u00f3 t\u00e1rs a mindennapi f\u00fcrd\u0151szobai \u00e9s professzion\u00e1lis tiszt\u00edt\u00e1sban.<\/p>\n","protected":false},"excerpt":{"rendered":"<div class=\"checkmarkLIdark\">\n<p style=\"text-align: left;\">T\u00f6k\u00e9letes v\u00e1laszt\u00e1s azoknak, akik ragyog\u00f3 csaptelepekre \u00e9s tiszta burkolatokra v\u00e1gynak a term\u00e9szet erej\u00e9vel<\/p>\n<ul>\n<li>Hat\u00e9kony tiszt\u00edt\u00f3szer, profi haszn\u00e1latra is alkalmas<\/li>\n<li>Nem k\u00e1ros\u00edtja a kr\u00f3m fel\u00fcleteket<\/li>\n<li>Fekete csaptelepeken is biztons\u00e1gosan haszn\u00e1lhat\u00f3<\/li>\n<li>Term\u00e9szetes, k\u00f6rnyezetbar\u00e1t \u00f6sszet\u00e9tel<\/li>\n<li>K\u00edm\u00e9letes az eg\u00e9szs\u00e9ghez \u00e9s a k\u00f6rnyezethez<\/li>\n<\/ul>\n<\/div>\n","protected":false},"featured_media":5199,"comment_status":"open","ping_status":"closed","template":"","meta":[],"product_brand":[],"product_cat":[90,159,15,141,142,144],"product_tag":[154,166,139,114,115,167,174,20,207,23,172],"class_list":{"0":"post-235","1":"product","2":"type-product","3":"status-publish","4":"has-post-thumbnail","6":"product_cat-ecolife-termekek","7":"product_cat-tisztitoszerek","8":"product_cat-termekek","9":"product_cat-furdoszoba","10":"product_cat-konyha","11":"product_cat-haztartas","12":"product_tag-b2b","13":"product_tag-ecolife","14":"product_tag-ecolife-bottle","15":"product_tag-furdoszoba","16":"product_tag-konyha","17":"product_tag-kornyezetbarat-tisztitoszer","18":"product_tag-ragyogo-feluletek","19":"product_tag-tisztitoszer","20":"product_tag-vizko-ellen","21":"product_tag-vizkooldo","22":"product_tag-wc","24":"first","25":"instock","26":"taxable","27":"shipping-taxable","28":"purchasable","29":"product-type-simple"},"yoast_head":"<!-- This site is optimized with the Yoast SEO plugin v26.8 - https:\/\/yoast.com\/product\/yoast-seo-wordpress\/ -->\n<title>\u00d6ko v\u00edzk\u0151old\u00f3 \u00e9s tiszt\u00edt\u00f3: Vegyszermentes er\u0151 a f\u00fcrd\u0151be<\/title>\n<meta name=\"description\" content=\"Term\u00e9szetes v\u00edzk\u0151old\u00f3 \u00e9s tiszt\u00edt\u00f3 a lerak\u00f3d\u00e1sok ellen. Toxinmentes formula, irrit\u00e1l\u00f3 g\u0151z\u00f6k n\u00e9lk\u00fcl a ragyog\u00f3 fel\u00fcletek\u00e9rt. Biol\u00f3giailag leboml\u00f3 \u00e9s b\u0151rbar\u00e1t.\" \/>\n<meta name=\"robots\" content=\"index, follow, max-snippet:-1, max-image-preview:large, max-video-preview:-1\" \/>\n<link rel=\"canonical\" href=\"https:\/\/www.ecolife.bio\/hu\/prod\/vizkooldo-es-tisztitoszer\/\" \/>\n<meta property=\"og:locale\" content=\"hu_HU\" \/>\n<meta property=\"og:type\" content=\"article\" \/>\n<meta property=\"og:title\" content=\"\u00d6ko v\u00edzk\u0151old\u00f3 \u00e9s tiszt\u00edt\u00f3: Vegyszermentes er\u0151 a f\u00fcrd\u0151be\" \/>\n<meta property=\"og:description\" content=\"Term\u00e9szetes v\u00edzk\u0151old\u00f3 \u00e9s tiszt\u00edt\u00f3 a lerak\u00f3d\u00e1sok ellen. Toxinmentes formula, irrit\u00e1l\u00f3 g\u0151z\u00f6k n\u00e9lk\u00fcl a ragyog\u00f3 fel\u00fcletek\u00e9rt. Biol\u00f3giailag leboml\u00f3 \u00e9s b\u0151rbar\u00e1t.\" \/>\n<meta property=\"og:url\" content=\"https:\/\/www.ecolife.bio\/hu\/prod\/vizkooldo-es-tisztitoszer\/\" \/>\n<meta property=\"og:site_name\" content=\"EcoLIFE\" \/>\n<meta property=\"article:modified_time\" content=\"2026-04-08T06:46:03+00:00\" \/>\n<meta property=\"og:image\" content=\"https:\/\/www.ecolife.bio\/wp-content\/uploads\/2025\/09\/odstranovac_vodneho_kamena_bg-1080x1080.png\" \/>\n\t<meta property=\"og:image:width\" content=\"1080\" \/>\n\t<meta property=\"og:image:height\" content=\"1080\" \/>\n\t<meta property=\"og:image:type\" content=\"image\/png\" \/>\n<meta name=\"twitter:card\" content=\"summary_large_image\" \/>\n<meta name=\"twitter:label1\" content=\"Becs\u00fclt olvas\u00e1si id\u0151\" \/>\n\t<meta name=\"twitter:data1\" content=\"2 perc\" \/>\n<script type=\"application\/ld+json\" class=\"yoast-schema-graph\">{\"@context\":\"https:\/\/schema.org\",\"@graph\":[{\"@type\":\"WebPage\",\"@id\":\"https:\/\/www.ecolife.bio\/hu\/prod\/vizkooldo-es-tisztitoszer\/\",\"url\":\"https:\/\/www.ecolife.bio\/hu\/prod\/vizkooldo-es-tisztitoszer\/\",\"name\":\"\u00d6ko v\u00edzk\u0151old\u00f3 \u00e9s tiszt\u00edt\u00f3: Vegyszermentes er\u0151 a f\u00fcrd\u0151be\",\"isPartOf\":{\"@id\":\"https:\/\/www.ecolife.bio\/#website\"},\"primaryImageOfPage\":{\"@id\":\"https:\/\/www.ecolife.bio\/hu\/prod\/vizkooldo-es-tisztitoszer\/#primaryimage\"},\"image\":{\"@id\":\"https:\/\/www.ecolife.bio\/hu\/prod\/vizkooldo-es-tisztitoszer\/#primaryimage\"},\"thumbnailUrl\":\"https:\/\/escbfekz6y3.exactdn.com\/wp-content\/uploads\/2025\/09\/odstranovac_vodneho_kamena_bg.png?strip=all\",\"datePublished\":\"2022-03-27T16:24:14+00:00\",\"dateModified\":\"2026-04-08T06:46:03+00:00\",\"description\":\"Term\u00e9szetes v\u00edzk\u0151old\u00f3 \u00e9s tiszt\u00edt\u00f3 a lerak\u00f3d\u00e1sok ellen. Toxinmentes formula, irrit\u00e1l\u00f3 g\u0151z\u00f6k n\u00e9lk\u00fcl a ragyog\u00f3 fel\u00fcletek\u00e9rt. Biol\u00f3giailag leboml\u00f3 \u00e9s b\u0151rbar\u00e1t.\",\"breadcrumb\":{\"@id\":\"https:\/\/www.ecolife.bio\/hu\/prod\/vizkooldo-es-tisztitoszer\/#breadcrumb\"},\"inLanguage\":\"hu\",\"potentialAction\":[{\"@type\":\"ReadAction\",\"target\":[\"https:\/\/www.ecolife.bio\/hu\/prod\/vizkooldo-es-tisztitoszer\/\"]}]},{\"@type\":\"ImageObject\",\"inLanguage\":\"hu\",\"@id\":\"https:\/\/www.ecolife.bio\/hu\/prod\/vizkooldo-es-tisztitoszer\/#primaryimage\",\"url\":\"https:\/\/escbfekz6y3.exactdn.com\/wp-content\/uploads\/2025\/09\/odstranovac_vodneho_kamena_bg.png?strip=all\",\"contentUrl\":\"https:\/\/escbfekz6y3.exactdn.com\/wp-content\/uploads\/2025\/09\/odstranovac_vodneho_kamena_bg.png?strip=all\",\"width\":2113,\"height\":2113},{\"@type\":\"BreadcrumbList\",\"@id\":\"https:\/\/www.ecolife.bio\/hu\/prod\/vizkooldo-es-tisztitoszer\/#breadcrumb\",\"itemListElement\":[{\"@type\":\"ListItem\",\"position\":1,\"name\":\"Domovsk\u00e1 str\u00e1nka\",\"item\":\"https:\/\/www.ecolife.bio\/hu\/\"},{\"@type\":\"ListItem\",\"position\":2,\"name\":\"\u00dczlet\",\"item\":\"https:\/\/www.ecolife.bio\/obchod\/\"},{\"@type\":\"ListItem\",\"position\":3,\"name\":\"\u00d6KO V\u00edzk\u0151old\u00f3 \u00e9s tiszt\u00edt\u00f3szer (0,75L)\"}]},{\"@type\":\"WebSite\",\"@id\":\"https:\/\/www.ecolife.bio\/#website\",\"url\":\"https:\/\/www.ecolife.bio\/\",\"name\":\"EcoLIFE\",\"description\":\"For an Eco-Friendly Planet\",\"publisher\":{\"@id\":\"https:\/\/www.ecolife.bio\/#organization\"},\"potentialAction\":[{\"@type\":\"SearchAction\",\"target\":{\"@type\":\"EntryPoint\",\"urlTemplate\":\"https:\/\/www.ecolife.bio\/?s={search_term_string}\"},\"query-input\":{\"@type\":\"PropertyValueSpecification\",\"valueRequired\":true,\"valueName\":\"search_term_string\"}}],\"inLanguage\":\"hu\"},{\"@type\":\"Organization\",\"@id\":\"https:\/\/www.ecolife.bio\/#organization\",\"name\":\"ECOlife.bio\",\"url\":\"https:\/\/www.ecolife.bio\/\",\"logo\":{\"@type\":\"ImageObject\",\"inLanguage\":\"hu\",\"@id\":\"https:\/\/www.ecolife.bio\/#\/schema\/logo\/image\/\",\"url\":\"https:\/\/www.ecolife.bio\/wp-content\/uploads\/2022\/03\/ecolife_logo_final.png\",\"contentUrl\":\"https:\/\/www.ecolife.bio\/wp-content\/uploads\/2022\/03\/ecolife_logo_final.png\",\"width\":500,\"height\":500,\"caption\":\"ECOlife.bio\"},\"image\":{\"@id\":\"https:\/\/www.ecolife.bio\/#\/schema\/logo\/image\/\"}}]}<\/script>\n<!-- \/ Yoast SEO plugin. -->","yoast_head_json":{"title":"\u00d6ko v\u00edzk\u0151old\u00f3 \u00e9s tiszt\u00edt\u00f3: Vegyszermentes er\u0151 a f\u00fcrd\u0151be","description":"Term\u00e9szetes v\u00edzk\u0151old\u00f3 \u00e9s tiszt\u00edt\u00f3 a lerak\u00f3d\u00e1sok ellen. Toxinmentes formula, irrit\u00e1l\u00f3 g\u0151z\u00f6k n\u00e9lk\u00fcl a ragyog\u00f3 fel\u00fcletek\u00e9rt. Biol\u00f3giailag leboml\u00f3 \u00e9s b\u0151rbar\u00e1t.","robots":{"index":"index","follow":"follow","max-snippet":"max-snippet:-1","max-image-preview":"max-image-preview:large","max-video-preview":"max-video-preview:-1"},"canonical":"https:\/\/www.ecolife.bio\/hu\/prod\/vizkooldo-es-tisztitoszer\/","og_locale":"hu_HU","og_type":"article","og_title":"\u00d6ko v\u00edzk\u0151old\u00f3 \u00e9s tiszt\u00edt\u00f3: Vegyszermentes er\u0151 a f\u00fcrd\u0151be","og_description":"Term\u00e9szetes v\u00edzk\u0151old\u00f3 \u00e9s tiszt\u00edt\u00f3 a lerak\u00f3d\u00e1sok ellen. Toxinmentes formula, irrit\u00e1l\u00f3 g\u0151z\u00f6k n\u00e9lk\u00fcl a ragyog\u00f3 fel\u00fcletek\u00e9rt. Biol\u00f3giailag leboml\u00f3 \u00e9s b\u0151rbar\u00e1t.","og_url":"https:\/\/www.ecolife.bio\/hu\/prod\/vizkooldo-es-tisztitoszer\/","og_site_name":"EcoLIFE","article_modified_time":"2026-04-08T06:46:03+00:00","og_image":[{"width":1080,"height":1080,"url":"https:\/\/www.ecolife.bio\/wp-content\/uploads\/2025\/09\/odstranovac_vodneho_kamena_bg-1080x1080.png","type":"image\/png"}],"twitter_card":"summary_large_image","twitter_misc":{"Becs\u00fclt olvas\u00e1si id\u0151":"2 perc"},"schema":{"@context":"https:\/\/schema.org","@graph":[{"@type":"WebPage","@id":"https:\/\/www.ecolife.bio\/hu\/prod\/vizkooldo-es-tisztitoszer\/","url":"https:\/\/www.ecolife.bio\/hu\/prod\/vizkooldo-es-tisztitoszer\/","name":"\u00d6ko v\u00edzk\u0151old\u00f3 \u00e9s tiszt\u00edt\u00f3: Vegyszermentes er\u0151 a f\u00fcrd\u0151be","isPartOf":{"@id":"https:\/\/www.ecolife.bio\/#website"},"primaryImageOfPage":{"@id":"https:\/\/www.ecolife.bio\/hu\/prod\/vizkooldo-es-tisztitoszer\/#primaryimage"},"image":{"@id":"https:\/\/www.ecolife.bio\/hu\/prod\/vizkooldo-es-tisztitoszer\/#primaryimage"},"thumbnailUrl":"https:\/\/escbfekz6y3.exactdn.com\/wp-content\/uploads\/2025\/09\/odstranovac_vodneho_kamena_bg.png?strip=all","datePublished":"2022-03-27T16:24:14+00:00","dateModified":"2026-04-08T06:46:03+00:00","description":"Term\u00e9szetes v\u00edzk\u0151old\u00f3 \u00e9s tiszt\u00edt\u00f3 a lerak\u00f3d\u00e1sok ellen. Toxinmentes formula, irrit\u00e1l\u00f3 g\u0151z\u00f6k n\u00e9lk\u00fcl a ragyog\u00f3 fel\u00fcletek\u00e9rt. Biol\u00f3giailag leboml\u00f3 \u00e9s b\u0151rbar\u00e1t.","breadcrumb":{"@id":"https:\/\/www.ecolife.bio\/hu\/prod\/vizkooldo-es-tisztitoszer\/#breadcrumb"},"inLanguage":"hu","potentialAction":[{"@type":"ReadAction","target":["https:\/\/www.ecolife.bio\/hu\/prod\/vizkooldo-es-tisztitoszer\/"]}]},{"@type":"ImageObject","inLanguage":"hu","@id":"https:\/\/www.ecolife.bio\/hu\/prod\/vizkooldo-es-tisztitoszer\/#primaryimage","url":"https:\/\/escbfekz6y3.exactdn.com\/wp-content\/uploads\/2025\/09\/odstranovac_vodneho_kamena_bg.png?strip=all","contentUrl":"https:\/\/escbfekz6y3.exactdn.com\/wp-content\/uploads\/2025\/09\/odstranovac_vodneho_kamena_bg.png?strip=all","width":2113,"height":2113},{"@type":"BreadcrumbList","@id":"https:\/\/www.ecolife.bio\/hu\/prod\/vizkooldo-es-tisztitoszer\/#breadcrumb","itemListElement":[{"@type":"ListItem","position":1,"name":"Domovsk\u00e1 str\u00e1nka","item":"https:\/\/www.ecolife.bio\/hu\/"},{"@type":"ListItem","position":2,"name":"\u00dczlet","item":"https:\/\/www.ecolife.bio\/obchod\/"},{"@type":"ListItem","position":3,"name":"\u00d6KO V\u00edzk\u0151old\u00f3 \u00e9s tiszt\u00edt\u00f3szer (0,75L)"}]},{"@type":"WebSite","@id":"https:\/\/www.ecolife.bio\/#website","url":"https:\/\/www.ecolife.bio\/","name":"EcoLIFE","description":"For an Eco-Friendly Planet","publisher":{"@id":"https:\/\/www.ecolife.bio\/#organization"},"potentialAction":[{"@type":"SearchAction","target":{"@type":"EntryPoint","urlTemplate":"https:\/\/www.ecolife.bio\/?s={search_term_string}"},"query-input":{"@type":"PropertyValueSpecification","valueRequired":true,"valueName":"search_term_string"}}],"inLanguage":"hu"},{"@type":"Organization","@id":"https:\/\/www.ecolife.bio\/#organization","name":"ECOlife.bio","url":"https:\/\/www.ecolife.bio\/","logo":{"@type":"ImageObject","inLanguage":"hu","@id":"https:\/\/www.ecolife.bio\/#\/schema\/logo\/image\/","url":"https:\/\/www.ecolife.bio\/wp-content\/uploads\/2022\/03\/ecolife_logo_final.png","contentUrl":"https:\/\/www.ecolife.bio\/wp-content\/uploads\/2022\/03\/ecolife_logo_final.png","width":500,"height":500,"caption":"ECOlife.bio"},"image":{"@id":"https:\/\/www.ecolife.bio\/#\/schema\/logo\/image\/"}}]}},"_links":{"self":[{"href":"https:\/\/www.ecolife.bio\/hu\/wp-json\/wp\/v2\/product\/235","targetHints":{"allow":["GET"]}}],"collection":[{"href":"https:\/\/www.ecolife.bio\/hu\/wp-json\/wp\/v2\/product"}],"about":[{"href":"https:\/\/www.ecolife.bio\/hu\/wp-json\/wp\/v2\/types\/product"}],"replies":[{"embeddable":true,"href":"https:\/\/www.ecolife.bio\/hu\/wp-json\/wp\/v2\/comments?post=235"}],"wp:featuredmedia":[{"embeddable":true,"href":"https:\/\/www.ecolife.bio\/hu\/wp-json\/wp\/v2\/media\/5199"}],"wp:attachment":[{"href":"https:\/\/www.ecolife.bio\/hu\/wp-json\/wp\/v2\/media?parent=235"}],"wp:term":[{"taxonomy":"product_brand","embeddable":true,"href":"https:\/\/www.ecolife.bio\/hu\/wp-json\/wp\/v2\/product_brand?post=235"},{"taxonomy":"product_cat","embeddable":true,"href":"https:\/\/www.ecolife.bio\/hu\/wp-json\/wp\/v2\/product_cat?post=235"},{"taxonomy":"product_tag","embeddable":true,"href":"https:\/\/www.ecolife.bio\/hu\/wp-json\/wp\/v2\/product_tag?post=235"}],"curies":[{"name":"wp","href":"https:\/\/api.w.org\/{rel}","templated":true}]}}