{"id":236,"date":"2022-03-27T18:27:46","date_gmt":"2022-03-27T16:27:46","guid":{"rendered":"https:\/\/www.ecolife.bio\/?post_type=product&#038;p=236"},"modified":"2026-04-06T22:43:36","modified_gmt":"2026-04-06T20:43:36","slug":"ablaktisztito","status":"publish","type":"product","link":"https:\/\/www.ecolife.bio\/hu\/prod\/ablaktisztito\/","title":{"rendered":"\u00d6KO Ablaktiszt\u00edt\u00f3 (0,75L)"},"content":{"rendered":"<h2>Ablak- \u00e9s \u00fcvegtiszt\u00edt\u00f3<\/h2>\n<p><strong>Term\u00e9szetes alkohol alap\u00fa tiszt\u00edt\u00f3szer<\/strong>, amely ragyog\u00f3, cs\u00edkmentes ragyog\u00e1st biztos\u00edt \u2013 er\u0151s illatok \u00e9s irrit\u00e1l\u00f3 szagok n\u00e9lk\u00fcl. T\u00f6k\u00e9letes nemcsak h\u00e1ztart\u00e1sokban, hanem iskol\u00e1kban, irod\u00e1kban \u00e9s k\u00f6zint\u00e9zm\u00e9nyekben is, ahol a tisztas\u00e1g \u00e9s a felhaszn\u00e1l\u00f3i k\u00e9nyelem els\u0151dleges.<\/p>\n<p><strong>Mi\u00e9rt v\u00e1laszd az ECOlife ablak- \u00e9s \u00fcvegtiszt\u00edt\u00f3t?<br \/>\n<\/strong><\/p>\n<ul>\n<li>Bio-etanol alap\u00fa, term\u00e9szetes \u00f6sszet\u00e9tel<\/li>\n<li>Az ablakok \u00e9s t\u00fckr\u00f6k cs\u00edkmentesen ragyognak a haszn\u00e1lat ut\u00e1n<\/li>\n<li>Elt\u00e1vol\u00edtja az ujjlenyomatokat, zs\u00edros foltokat, szennyez\u0151d\u00e9seket \u00e9s cip\u0151nyomokat<\/li>\n<li>Egyetlen term\u00e9k t\u00f6bbf\u00e9le felhaszn\u00e1l\u00e1si lehet\u0151s\u00e9g<\/li>\n<li>Gazdas\u00e1gos \u00e9s hullad\u00e9kmentes<\/li>\n<li>A term\u00e9szetes alkohol p\u00e1rolg\u00e1sa nem j\u00e1r kellemetlen, irrit\u00e1l\u00f3 szagokkal<\/li>\n<\/ul>\n<p><strong>El\u0151ny\u00f6k:<\/strong><\/p>\n<ul>\n<li>Mentes a l\u00e9gutakat irrit\u00e1l\u00f3 anyagokt\u00f3l<\/li>\n<li>N\u00f6v\u00e9nyi alapanyagokb\u00f3l k\u00e9sz\u00fclt<\/li>\n<li>Cs\u00edkmentes tisztas\u00e1g, ragyog\u00f3 fel\u00fcletek<\/li>\n<\/ul>\n<p><strong>\u00d6sszet\u00e9tel:\u00a0<\/strong><\/p>\n<ul>\n<li><strong>Etanol (bio-etanol)<\/strong> \u2013 meg\u00fajul\u00f3 forr\u00e1sb\u00f3l sz\u00e1rmaz\u00f3 term\u00e9szetes \u00f6sszetev\u0151, amely hat\u00e9konyan tiszt\u00edt \u00e9s ragyog\u00f3 f\u00e9nyt biztos\u00edt, mik\u00f6zben k\u00edm\u00e9li az eg\u00e9szs\u00e9get \u00e9s a k\u00f6rnyezetet.<\/li>\n<\/ul>\n<p><strong>Haszn\u00e1lati \u00fatmutat\u00f3:<\/strong><\/p>\n<ol>\n<li>A term\u00e9k haszn\u00e1latra k\u00e9sz \u2013 h\u00edg\u00edt\u00e1s n\u00e9lk\u00fcl.<\/li>\n<li>Permetezd k\u00f6zvetlen\u00fcl a fel\u00fcletre.<\/li>\n<li>T\u00f6r\u00f6ld sz\u00e1razra pap\u00edrt\u00f6rl\u0151vel vagy mikr\u00f3 sz\u00e1las kend\u0151vel.<\/li>\n<\/ol>\n<p><strong>Vigy\u00e1zat: <\/strong>A term\u00e9szetes alkohol p\u00e1rolg\u00e1si ideje kicsit lass\u00fabb. Ez\u00e9rt el\u0151fordulhat, hogy a f\u00fajat\u00e1s-\u00e1tt\u00f6rl\u00e9s ut\u00e1n kicsit mattabb lesz a fel\u00fclet, de p\u00e1r m\u00e1sodperc alatt ez elp\u00e1rolog \u00e9s csillog\u00f3, ragyog\u00f3\u00a0 fel\u00fclet az eredm\u00e9ny.<\/p>\n<p><strong>Tipp \u00e1llatbar\u00e1toknak:<br \/>\nS\u00e1ros tappancsok s\u00e9ta ut\u00e1n?<\/strong> Semmi gond! El\u00e9g 2\u20133 f\u00faj\u00e1s az ECOlife tiszt\u00edt\u00f3b\u00f3l a padl\u00f3ra vagy j\u00e1r\u00f3lapra, \u00e9s a fel\u00fclet ism\u00e9t tiszta \u00e9s f\u00e9nyes lesz \u2013 nyoma sem marad a mancsoknak. \u00cdgy az otthon friss \u00e9s bar\u00e1ts\u00e1gos marad n\u00e9gyl\u00e1b\u00fa kedvencekkel is.<\/p>\n<p>Term\u00e9szetes, semleges illata frissess\u00e9get \u00e9s ragyog\u00f3 tisztas\u00e1got hagy maga ut\u00e1n \u2013 cs\u00edkok \u00e9s vegyi szag n\u00e9lk\u00fcl. \ud83c\udf38<\/p>\n<p><strong>ECOlife ablak- \u00e9s \u00fcvegtiszt\u00edt\u00f3<\/strong> \u2013 egyszer\u0171, hat\u00e9kony \u00e9s term\u00e9szetes megold\u00e1s a ragyog\u00f3 fel\u00fcletekhez. \ud83c\udf3f\u2728<\/p>\n","protected":false},"excerpt":{"rendered":"<div class=\"checkmarkLIdark\">\n<p><strong>Tiszta \u00e9s ragyog\u00f3 fel\u00fcletek, cs\u00edkok n\u00e9lk\u00fcl, a term\u00e9szet erej\u00e9vel<\/strong><\/p>\n<ul>\n<li>Cs\u00edkmentes ragyog\u00e1s \u00e9s frissess\u00e9g<\/li>\n<li>Illatmentes, term\u00e9szetes formula<\/li>\n<li>Alkalmas otthonokba, irod\u00e1kba \u00e9s int\u00e9zm\u00e9nyekbe is<\/li>\n<\/ul>\n<div style=\"margin: 15px 0;\"><a style=\"background-color: #a81039; color: white; padding: 4px 8px; text-decoration: none; border-radius: 5px; font-weight: bold; display: inline-block;\" href=\"https:\/\/www.ecolife.bio\/hu\/prod\/teszt-termek-oko-ablaktisztito-075l\/\">\u00c9rdekel a tesztel\u00e9si lehet\u0151s\u00e9g, most f\u00e9l\u00e1ron!<\/a><\/div>\n<\/div>\n","protected":false},"featured_media":438,"comment_status":"open","ping_status":"closed","template":"","meta":[],"product_brand":[],"product_cat":[90,159,15,144],"product_tag":[25,175,166,139,114,167,171,174,170,173,168,169,172],"class_list":{"0":"post-236","1":"product","2":"type-product","3":"status-publish","4":"has-post-thumbnail","6":"product_cat-ecolife-termekek","7":"product_cat-tisztitoszerek","8":"product_cat-termekek","9":"product_cat-haztartas","10":"product_tag-ablaktisztito","11":"product_tag-csikmentes-tisztasag","12":"product_tag-ecolife","13":"product_tag-ecolife-bottle","14":"product_tag-furdoszoba","15":"product_tag-kornyezetbarat-tisztitoszer","16":"product_tag-nappali","17":"product_tag-ragyogo-feluletek","18":"product_tag-teljes-lakas","19":"product_tag-toalett","20":"product_tag-tukortisztito","21":"product_tag-uvegfeluletek","22":"product_tag-wc","24":"first","25":"instock","26":"taxable","27":"shipping-taxable","28":"purchasable","29":"product-type-simple"},"yoast_head":"<!-- This site is optimized with the Yoast SEO plugin v26.8 - https:\/\/yoast.com\/product\/yoast-seo-wordpress\/ -->\n<title>\u00d6ko ablaktiszt\u00edt\u00f3: Cs\u00edkmentes ragyog\u00e1s bio-etanollal | Ecolife<\/title>\n<meta name=\"description\" content=\"Krist\u00e1lytiszta ablakok d\u00f6rzs\u00f6l\u00e9s \u00e9s szagok n\u00e9lk\u00fcl. A bio-etanol alap\u00fa formula gyorsan sz\u00e1rad \u00e9s foltmentes fel\u00fcletet hagy. Biztons\u00e1gos v\u00e1laszt\u00e1s az eg\u00e9sz csal\u00e1dnak.\" \/>\n<meta name=\"robots\" content=\"index, follow, max-snippet:-1, max-image-preview:large, max-video-preview:-1\" \/>\n<link rel=\"canonical\" href=\"https:\/\/www.ecolife.bio\/hu\/prod\/ablaktisztito\/\" \/>\n<meta property=\"og:locale\" content=\"hu_HU\" \/>\n<meta property=\"og:type\" content=\"article\" \/>\n<meta property=\"og:title\" content=\"\u00d6ko ablaktiszt\u00edt\u00f3: Cs\u00edkmentes ragyog\u00e1s bio-etanollal | Ecolife\" \/>\n<meta property=\"og:description\" content=\"Krist\u00e1lytiszta ablakok d\u00f6rzs\u00f6l\u00e9s \u00e9s szagok n\u00e9lk\u00fcl. A bio-etanol alap\u00fa formula gyorsan sz\u00e1rad \u00e9s foltmentes fel\u00fcletet hagy. Biztons\u00e1gos v\u00e1laszt\u00e1s az eg\u00e9sz csal\u00e1dnak.\" \/>\n<meta property=\"og:url\" content=\"https:\/\/www.ecolife.bio\/hu\/prod\/ablaktisztito\/\" \/>\n<meta property=\"og:site_name\" content=\"EcoLIFE\" \/>\n<meta property=\"article:modified_time\" content=\"2026-04-06T20:43:36+00:00\" \/>\n<meta property=\"og:image\" content=\"https:\/\/www.ecolife.bio\/wp-content\/uploads\/2022\/03\/ecolife_cistic_okien.jpg\" \/>\n\t<meta property=\"og:image:width\" content=\"1000\" \/>\n\t<meta property=\"og:image:height\" content=\"1000\" \/>\n\t<meta property=\"og:image:type\" content=\"image\/jpeg\" \/>\n<meta name=\"twitter:card\" content=\"summary_large_image\" \/>\n<meta name=\"twitter:label1\" content=\"Becs\u00fclt olvas\u00e1si id\u0151\" \/>\n\t<meta name=\"twitter:data1\" content=\"2 perc\" \/>\n<script type=\"application\/ld+json\" class=\"yoast-schema-graph\">{\"@context\":\"https:\/\/schema.org\",\"@graph\":[{\"@type\":\"WebPage\",\"@id\":\"https:\/\/www.ecolife.bio\/hu\/prod\/ablaktisztito\/\",\"url\":\"https:\/\/www.ecolife.bio\/hu\/prod\/ablaktisztito\/\",\"name\":\"\u00d6ko ablaktiszt\u00edt\u00f3: Cs\u00edkmentes ragyog\u00e1s bio-etanollal | Ecolife\",\"isPartOf\":{\"@id\":\"https:\/\/www.ecolife.bio\/#website\"},\"primaryImageOfPage\":{\"@id\":\"https:\/\/www.ecolife.bio\/hu\/prod\/ablaktisztito\/#primaryimage\"},\"image\":{\"@id\":\"https:\/\/www.ecolife.bio\/hu\/prod\/ablaktisztito\/#primaryimage\"},\"thumbnailUrl\":\"https:\/\/escbfekz6y3.exactdn.com\/wp-content\/uploads\/2022\/03\/ecolife_cistic_okien.jpg?strip=all\",\"datePublished\":\"2022-03-27T16:27:46+00:00\",\"dateModified\":\"2026-04-06T20:43:36+00:00\",\"description\":\"Krist\u00e1lytiszta ablakok d\u00f6rzs\u00f6l\u00e9s \u00e9s szagok n\u00e9lk\u00fcl. A bio-etanol alap\u00fa formula gyorsan sz\u00e1rad \u00e9s foltmentes fel\u00fcletet hagy. Biztons\u00e1gos v\u00e1laszt\u00e1s az eg\u00e9sz csal\u00e1dnak.\",\"breadcrumb\":{\"@id\":\"https:\/\/www.ecolife.bio\/hu\/prod\/ablaktisztito\/#breadcrumb\"},\"inLanguage\":\"hu\",\"potentialAction\":[{\"@type\":\"ReadAction\",\"target\":[\"https:\/\/www.ecolife.bio\/hu\/prod\/ablaktisztito\/\"]}]},{\"@type\":\"ImageObject\",\"inLanguage\":\"hu\",\"@id\":\"https:\/\/www.ecolife.bio\/hu\/prod\/ablaktisztito\/#primaryimage\",\"url\":\"https:\/\/escbfekz6y3.exactdn.com\/wp-content\/uploads\/2022\/03\/ecolife_cistic_okien.jpg?strip=all\",\"contentUrl\":\"https:\/\/escbfekz6y3.exactdn.com\/wp-content\/uploads\/2022\/03\/ecolife_cistic_okien.jpg?strip=all\",\"width\":1000,\"height\":1000,\"caption\":\"Ablaktiszt\u00edt\u00f3\"},{\"@type\":\"BreadcrumbList\",\"@id\":\"https:\/\/www.ecolife.bio\/hu\/prod\/ablaktisztito\/#breadcrumb\",\"itemListElement\":[{\"@type\":\"ListItem\",\"position\":1,\"name\":\"Domovsk\u00e1 str\u00e1nka\",\"item\":\"https:\/\/www.ecolife.bio\/hu\/\"},{\"@type\":\"ListItem\",\"position\":2,\"name\":\"\u00dczlet\",\"item\":\"https:\/\/www.ecolife.bio\/obchod\/\"},{\"@type\":\"ListItem\",\"position\":3,\"name\":\"\u00d6KO Ablaktiszt\u00edt\u00f3 (0,75L)\"}]},{\"@type\":\"WebSite\",\"@id\":\"https:\/\/www.ecolife.bio\/#website\",\"url\":\"https:\/\/www.ecolife.bio\/\",\"name\":\"EcoLIFE\",\"description\":\"For an Eco-Friendly Planet\",\"publisher\":{\"@id\":\"https:\/\/www.ecolife.bio\/#organization\"},\"potentialAction\":[{\"@type\":\"SearchAction\",\"target\":{\"@type\":\"EntryPoint\",\"urlTemplate\":\"https:\/\/www.ecolife.bio\/?s={search_term_string}\"},\"query-input\":{\"@type\":\"PropertyValueSpecification\",\"valueRequired\":true,\"valueName\":\"search_term_string\"}}],\"inLanguage\":\"hu\"},{\"@type\":\"Organization\",\"@id\":\"https:\/\/www.ecolife.bio\/#organization\",\"name\":\"ECOlife.bio\",\"url\":\"https:\/\/www.ecolife.bio\/\",\"logo\":{\"@type\":\"ImageObject\",\"inLanguage\":\"hu\",\"@id\":\"https:\/\/www.ecolife.bio\/#\/schema\/logo\/image\/\",\"url\":\"https:\/\/www.ecolife.bio\/wp-content\/uploads\/2022\/03\/ecolife_logo_final.png\",\"contentUrl\":\"https:\/\/www.ecolife.bio\/wp-content\/uploads\/2022\/03\/ecolife_logo_final.png\",\"width\":500,\"height\":500,\"caption\":\"ECOlife.bio\"},\"image\":{\"@id\":\"https:\/\/www.ecolife.bio\/#\/schema\/logo\/image\/\"}}]}<\/script>\n<!-- \/ Yoast SEO plugin. -->","yoast_head_json":{"title":"\u00d6ko ablaktiszt\u00edt\u00f3: Cs\u00edkmentes ragyog\u00e1s bio-etanollal | Ecolife","description":"Krist\u00e1lytiszta ablakok d\u00f6rzs\u00f6l\u00e9s \u00e9s szagok n\u00e9lk\u00fcl. A bio-etanol alap\u00fa formula gyorsan sz\u00e1rad \u00e9s foltmentes fel\u00fcletet hagy. Biztons\u00e1gos v\u00e1laszt\u00e1s az eg\u00e9sz csal\u00e1dnak.","robots":{"index":"index","follow":"follow","max-snippet":"max-snippet:-1","max-image-preview":"max-image-preview:large","max-video-preview":"max-video-preview:-1"},"canonical":"https:\/\/www.ecolife.bio\/hu\/prod\/ablaktisztito\/","og_locale":"hu_HU","og_type":"article","og_title":"\u00d6ko ablaktiszt\u00edt\u00f3: Cs\u00edkmentes ragyog\u00e1s bio-etanollal | Ecolife","og_description":"Krist\u00e1lytiszta ablakok d\u00f6rzs\u00f6l\u00e9s \u00e9s szagok n\u00e9lk\u00fcl. A bio-etanol alap\u00fa formula gyorsan sz\u00e1rad \u00e9s foltmentes fel\u00fcletet hagy. Biztons\u00e1gos v\u00e1laszt\u00e1s az eg\u00e9sz csal\u00e1dnak.","og_url":"https:\/\/www.ecolife.bio\/hu\/prod\/ablaktisztito\/","og_site_name":"EcoLIFE","article_modified_time":"2026-04-06T20:43:36+00:00","og_image":[{"width":1000,"height":1000,"url":"https:\/\/www.ecolife.bio\/wp-content\/uploads\/2022\/03\/ecolife_cistic_okien.jpg","type":"image\/jpeg"}],"twitter_card":"summary_large_image","twitter_misc":{"Becs\u00fclt olvas\u00e1si id\u0151":"2 perc"},"schema":{"@context":"https:\/\/schema.org","@graph":[{"@type":"WebPage","@id":"https:\/\/www.ecolife.bio\/hu\/prod\/ablaktisztito\/","url":"https:\/\/www.ecolife.bio\/hu\/prod\/ablaktisztito\/","name":"\u00d6ko ablaktiszt\u00edt\u00f3: Cs\u00edkmentes ragyog\u00e1s bio-etanollal | Ecolife","isPartOf":{"@id":"https:\/\/www.ecolife.bio\/#website"},"primaryImageOfPage":{"@id":"https:\/\/www.ecolife.bio\/hu\/prod\/ablaktisztito\/#primaryimage"},"image":{"@id":"https:\/\/www.ecolife.bio\/hu\/prod\/ablaktisztito\/#primaryimage"},"thumbnailUrl":"https:\/\/escbfekz6y3.exactdn.com\/wp-content\/uploads\/2022\/03\/ecolife_cistic_okien.jpg?strip=all","datePublished":"2022-03-27T16:27:46+00:00","dateModified":"2026-04-06T20:43:36+00:00","description":"Krist\u00e1lytiszta ablakok d\u00f6rzs\u00f6l\u00e9s \u00e9s szagok n\u00e9lk\u00fcl. A bio-etanol alap\u00fa formula gyorsan sz\u00e1rad \u00e9s foltmentes fel\u00fcletet hagy. Biztons\u00e1gos v\u00e1laszt\u00e1s az eg\u00e9sz csal\u00e1dnak.","breadcrumb":{"@id":"https:\/\/www.ecolife.bio\/hu\/prod\/ablaktisztito\/#breadcrumb"},"inLanguage":"hu","potentialAction":[{"@type":"ReadAction","target":["https:\/\/www.ecolife.bio\/hu\/prod\/ablaktisztito\/"]}]},{"@type":"ImageObject","inLanguage":"hu","@id":"https:\/\/www.ecolife.bio\/hu\/prod\/ablaktisztito\/#primaryimage","url":"https:\/\/escbfekz6y3.exactdn.com\/wp-content\/uploads\/2022\/03\/ecolife_cistic_okien.jpg?strip=all","contentUrl":"https:\/\/escbfekz6y3.exactdn.com\/wp-content\/uploads\/2022\/03\/ecolife_cistic_okien.jpg?strip=all","width":1000,"height":1000,"caption":"Ablaktiszt\u00edt\u00f3"},{"@type":"BreadcrumbList","@id":"https:\/\/www.ecolife.bio\/hu\/prod\/ablaktisztito\/#breadcrumb","itemListElement":[{"@type":"ListItem","position":1,"name":"Domovsk\u00e1 str\u00e1nka","item":"https:\/\/www.ecolife.bio\/hu\/"},{"@type":"ListItem","position":2,"name":"\u00dczlet","item":"https:\/\/www.ecolife.bio\/obchod\/"},{"@type":"ListItem","position":3,"name":"\u00d6KO Ablaktiszt\u00edt\u00f3 (0,75L)"}]},{"@type":"WebSite","@id":"https:\/\/www.ecolife.bio\/#website","url":"https:\/\/www.ecolife.bio\/","name":"EcoLIFE","description":"For an Eco-Friendly Planet","publisher":{"@id":"https:\/\/www.ecolife.bio\/#organization"},"potentialAction":[{"@type":"SearchAction","target":{"@type":"EntryPoint","urlTemplate":"https:\/\/www.ecolife.bio\/?s={search_term_string}"},"query-input":{"@type":"PropertyValueSpecification","valueRequired":true,"valueName":"search_term_string"}}],"inLanguage":"hu"},{"@type":"Organization","@id":"https:\/\/www.ecolife.bio\/#organization","name":"ECOlife.bio","url":"https:\/\/www.ecolife.bio\/","logo":{"@type":"ImageObject","inLanguage":"hu","@id":"https:\/\/www.ecolife.bio\/#\/schema\/logo\/image\/","url":"https:\/\/www.ecolife.bio\/wp-content\/uploads\/2022\/03\/ecolife_logo_final.png","contentUrl":"https:\/\/www.ecolife.bio\/wp-content\/uploads\/2022\/03\/ecolife_logo_final.png","width":500,"height":500,"caption":"ECOlife.bio"},"image":{"@id":"https:\/\/www.ecolife.bio\/#\/schema\/logo\/image\/"}}]}},"_links":{"self":[{"href":"https:\/\/www.ecolife.bio\/hu\/wp-json\/wp\/v2\/product\/236","targetHints":{"allow":["GET"]}}],"collection":[{"href":"https:\/\/www.ecolife.bio\/hu\/wp-json\/wp\/v2\/product"}],"about":[{"href":"https:\/\/www.ecolife.bio\/hu\/wp-json\/wp\/v2\/types\/product"}],"replies":[{"embeddable":true,"href":"https:\/\/www.ecolife.bio\/hu\/wp-json\/wp\/v2\/comments?post=236"}],"wp:featuredmedia":[{"embeddable":true,"href":"https:\/\/www.ecolife.bio\/hu\/wp-json\/wp\/v2\/media\/438"}],"wp:attachment":[{"href":"https:\/\/www.ecolife.bio\/hu\/wp-json\/wp\/v2\/media?parent=236"}],"wp:term":[{"taxonomy":"product_brand","embeddable":true,"href":"https:\/\/www.ecolife.bio\/hu\/wp-json\/wp\/v2\/product_brand?post=236"},{"taxonomy":"product_cat","embeddable":true,"href":"https:\/\/www.ecolife.bio\/hu\/wp-json\/wp\/v2\/product_cat?post=236"},{"taxonomy":"product_tag","embeddable":true,"href":"https:\/\/www.ecolife.bio\/hu\/wp-json\/wp\/v2\/product_tag?post=236"}],"curies":[{"name":"wp","href":"https:\/\/api.w.org\/{rel}","templated":true}]}}