{"id":250,"date":"2022-04-03T13:49:58","date_gmt":"2022-04-03T12:49:58","guid":{"rendered":"https:\/\/www.ecolife.bio\/?post_type=product&#038;p=250"},"modified":"2026-03-25T02:07:29","modified_gmt":"2026-03-25T00:07:29","slug":"probacsomag-ecolife-oko-mosogatoszer-kezi-mosogatashoz-altalanos-tisztitoszer-es-2-az-1-ben-mososzer-es-oblito","status":"publish","type":"product","link":"https:\/\/www.ecolife.bio\/hu\/prod\/probacsomag-ecolife-oko-mosogatoszer-kezi-mosogatashoz-altalanos-tisztitoszer-es-2-az-1-ben-mososzer-es-oblito\/","title":{"rendered":"MINDENNAPI csomagvari\u00e1ci\u00f3k III.             Univerz\u00e1lis tiszt\u00edt\u00f3szer    Mos\u00e1s \u00e9s \u00f6bl\u00edt\u00e9s-K\u00e9zi mosogat\u00e1s"},"content":{"rendered":"<p data-start=\"191\" data-end=\"298\"><strong data-start=\"191\" data-end=\"298\">ECOlife MINDENNAPI csomagvari\u00e1ci\u00f3k \u2013 h\u00e1ztart\u00e1si tiszt\u00edt\u00f3szer csomag a konyh\u00e1ba, a lak\u00e1s egy\u00e9b m\u00e1s pontjaira \u00e9s a ruh\u00e1khoz<\/strong><\/p>\n<p data-start=\"300\" data-end=\"700\">Ez a h\u00e1rom term\u00e9kb\u0151l \u00e1ll\u00f3 <strong data-start=\"326\" data-end=\"344\">ECOlife csomag<\/strong> a <strong data-start=\"347\" data-end=\"384\">mindennapi h\u00e1ztart\u00e1si feladatokra<\/strong> k\u00edn\u00e1l <strong data-start=\"391\" data-end=\"429\">hat\u00e9kony, k\u00f6rnyezetbar\u00e1t megold\u00e1st<\/strong>. A csomagban tal\u00e1lhat\u00f3 <strong data-start=\"453\" data-end=\"478\">\u00f6ko k\u00e9zi mosogat\u00f3szer<\/strong>, <strong data-start=\"480\" data-end=\"508\">univerz\u00e1lis tiszt\u00edt\u00f3szer<\/strong> \u00e9s <strong data-start=\"512\" data-end=\"544\">mos\u00f3szer + \u00f6bl\u00edt\u0151 2 az 1-ben<\/strong> egy\u00fctt biztos\u00edtja a <strong data-start=\"565\" data-end=\"585\">tiszta ed\u00e9nyeket<\/strong>, a <strong data-start=\"589\" data-end=\"615\">cs\u00edkmentes fel\u00fcleteket<\/strong> \u00e9s a <strong data-start=\"621\" data-end=\"644\">friss, puha ruh\u00e1kat<\/strong> \u2013 egyetlen, <strong data-start=\"657\" data-end=\"699\">gazdas\u00e1gos \u00e9s k\u00f6rnyezetbar\u00e1t csomagban<\/strong>.<\/p>\n<p data-start=\"702\" data-end=\"986\">Mindh\u00e1rom term\u00e9k <strong data-start=\"719\" data-end=\"761\">n\u00f6v\u00e9nyi alapanyagokra \u00e9p\u00fcl\u0151 formul\u00e1val<\/strong> k\u00e9sz\u00fcl, <strong data-start=\"770\" data-end=\"801\">szulf\u00e1tmentes \u00f6sszet\u00e9tellel<\/strong>, <strong data-start=\"803\" data-end=\"839\">\u00e1llati eredet\u0171 \u00f6sszetev\u0151k n\u00e9lk\u00fcl<\/strong>, \u00e9s <strong data-start=\"844\" data-end=\"879\">\u00fajrahasznos\u00edthat\u00f3 csomagol\u00e1sban<\/strong> \u00e9rkezik. Ide\u00e1lis v\u00e1laszt\u00e1s azoknak, akik <strong data-start=\"921\" data-end=\"940\">eg\u00e9szs\u00e9gtudatos<\/strong>, <strong data-start=\"942\" data-end=\"961\">z\u00f6ld h\u00e1ztart\u00e1st<\/strong> szeretn\u00e9nek kialak\u00edtani.<\/p>\n<p data-start=\"988\" data-end=\"1015\"><strong data-start=\"988\" data-end=\"1015\">Mit tartalmaz a csomag?<\/strong><\/p>\n<p data-start=\"1017\" data-end=\"1249\"><strong data-start=\"1017\" data-end=\"1050\">ECOlife \u00f6ko k\u00e9zi mosogat\u00f3szer<\/strong><br data-start=\"1050\" data-end=\"1053\" \/><strong data-start=\"1053\" data-end=\"1066\">B\u0151rk\u00edm\u00e9l\u0151<\/strong>, m\u00e9gis <strong data-start=\"1074\" data-end=\"1091\">er\u0151s zs\u00edrold\u00f3<\/strong> hat\u00e1s\u00fa mosogat\u00f3szer a <strong data-start=\"1114\" data-end=\"1139\">mindennapi ed\u00e9nyekhez<\/strong>. <strong data-start=\"1141\" data-end=\"1158\">Szulf\u00e1tmentes<\/strong>, n\u00f6v\u00e9nyi alap\u00fa formula, amely <strong data-start=\"1189\" data-end=\"1214\">cseppmentes sz\u00e1rad\u00e1st<\/strong> biztos\u00edt, mik\u00f6zben k\u00edm\u00e9li a kezet.<\/p>\n<p data-start=\"1251\" data-end=\"1495\"><strong data-start=\"1251\" data-end=\"1291\">ECOlife \u00f6ko univerz\u00e1lis tiszt\u00edt\u00f3szer<\/strong><br data-start=\"1291\" data-end=\"1294\" \/><strong data-start=\"1294\" data-end=\"1331\">Cs\u00edkmentes, univerz\u00e1lis tiszt\u00edt\u00e1s<\/strong> szinte minden <strong data-start=\"1346\" data-end=\"1367\">otthoni fel\u00fcleten<\/strong>. Ide\u00e1lis <strong data-start=\"1377\" data-end=\"1388\">padl\u00f3ra<\/strong>, <strong data-start=\"1390\" data-end=\"1403\">b\u00fatorokra<\/strong>, <strong data-start=\"1405\" data-end=\"1417\">csemp\u00e9re<\/strong> \u00e9s egy\u00e9b fel\u00fcletekre, ahol <strong data-start=\"1445\" data-end=\"1482\">gyors, k\u00f6rnyezetbar\u00e1t tisztas\u00e1gra<\/strong> van sz\u00fcks\u00e9g.<\/p>\n<p data-start=\"1497\" data-end=\"1757\"><strong data-start=\"1497\" data-end=\"1542\">ECOlife \u00f6ko mos\u00f3szer \u00e9s \u00f6bl\u00edt\u0151 2 az 1-ben<\/strong><br data-start=\"1542\" data-end=\"1545\" \/><strong data-start=\"1545\" data-end=\"1577\">Hat\u00e9kony, b\u0151rk\u00edm\u00e9l\u0151 mos\u00f3szer<\/strong>, amely <strong data-start=\"1585\" data-end=\"1613\">sz\u00ednes \u00e9s feh\u00e9r ruh\u00e1khoz<\/strong> is haszn\u00e1lhat\u00f3. K\u00edm\u00e9letes formul\u00e1ja seg\u00edt cs\u00f6kkenteni az <strong data-start=\"1671\" data-end=\"1687\">elsz\u00fcrk\u00fcl\u00e9st<\/strong>, mik\u00f6zben a ruh\u00e1k mos\u00e1s ut\u00e1n <strong data-start=\"1717\" data-end=\"1735\">puh\u00e1k maradnak<\/strong>, k\u00fcl\u00f6n \u00f6bl\u00edt\u0151 n\u00e9lk\u00fcl.<\/p>\n<p data-start=\"1759\" data-end=\"1937\" data-is-last-node=\"\" data-is-only-node=\"\"><strong data-start=\"1759\" data-end=\"1770\">Fontos:<\/strong><br data-start=\"1770\" data-end=\"1773\" \/>Az egyes term\u00e9kek <strong data-start=\"1791\" data-end=\"1826\">pontos felhaszn\u00e1l\u00e1si \u00fatmutat\u00f3ja<\/strong> \u00e9s <strong data-start=\"1830\" data-end=\"1855\">adagol\u00e1si inform\u00e1ci\u00f3i<\/strong> k\u00fcl\u00f6n-k\u00fcl\u00f6n, az adott term\u00e9k <strong data-start=\"1885\" data-end=\"1921\">1 darabos kiszerel\u00e9s\u00e9nek oldal\u00e1n<\/strong> tal\u00e1lhat\u00f3k meg.<\/p>\n","protected":false},"excerpt":{"rendered":"<h4 data-start=\"0\" data-end=\"47\"><strong data-start=\"0\" data-end=\"45\">Mi\u00e9rt aj\u00e1nljuk ezzel a csomaggal elindulni a Z\u00d6LD \u00faton?<\/strong><\/h4>\n<p data-start=\"49\" data-end=\"127\"><span style=\"font-size: 85%;\">Egy csomag \u2013 <strong data-start=\"62\" data-end=\"95\">gazdas\u00e1gos \u00e9s 3 alapvet\u0151 h\u00e1ztart\u00e1si feladat<\/strong> term\u00e9szetes<strong data-start=\"96\" data-end=\"124\">\u00a0megold\u00e1sa egyben<\/strong>:<\/span><\/p>\n<ul>\n<li data-start=\"129\" data-end=\"492\"><span style=\"font-size: 80%;\"><strong data-start=\"129\" data-end=\"150\">K\u00e9zi mosogat\u00f3szer<\/strong> \u2013 <strong data-start=\"153\" data-end=\"166\">b\u0151rk\u00edm\u00e9l\u0151<\/strong>, m\u00e9gis <strong data-start=\"174\" data-end=\"191\">er\u0151s zs\u00edrold\u00f3<\/strong> a <strong data-start=\"194\" data-end=\"219\">mindennapi ed\u00e9nyekhez<\/strong>, irrit\u00e1l\u00f3 illat n\u00e9lk\u00fcl<\/span><\/li>\n<li data-start=\"129\" data-end=\"492\"><span style=\"font-size: 80%;\"><strong data-start=\"244\" data-end=\"283\">Univerz\u00e1lis felmos\u00f3 \u00e9s tiszt\u00edt\u00f3szer<\/strong> \u2013 <strong data-start=\"286\" data-end=\"310\">cs\u00edkmentes tisztas\u00e1g<\/strong> szinte minden <strong data-start=\"325\" data-end=\"348\">padl\u00f3n \u00e9s fel\u00fcleten<\/strong>, egyetlen <strong data-start=\"359\" data-end=\"387\">k\u00f6rnyezetbar\u00e1t term\u00e9kkel<\/strong><\/span><\/li>\n<li data-start=\"129\" data-end=\"492\"><span style=\"font-size: 80%;\"><strong data-start=\"390\" data-end=\"419\">Mos\u00f3szer \u00e9s \u00f6bl\u00edt\u0151 egyben<\/strong> \u2013 <strong data-start=\"422\" data-end=\"448\">hat\u00e9kony ruhatiszt\u00edt\u00e1s<\/strong> \u00e9s <strong data-start=\"452\" data-end=\"469\">puha tapint\u00e1s<\/strong>, k\u00fcl\u00f6n \u00f6bl\u00edt\u0151 n\u00e9lk\u00fcl<\/span><\/li>\n<\/ul>\n<p data-start=\"494\" data-end=\"655\"><span style=\"font-size: 85%;\"><strong data-start=\"494\" data-end=\"535\">Biztons\u00e1gos, k\u00f6rnyezetbar\u00e1t tisztas\u00e1g<\/strong> az <strong data-start=\"536\" data-end=\"570\">ECOlife bevizsg\u00e1lt term\u00e9kekkel<\/strong> \u2013 <strong data-start=\"573\" data-end=\"592\">ragyog\u00f3 ed\u00e9nyek<\/strong>, <strong data-start=\"594\" data-end=\"614\">tiszta fel\u00fcletek<\/strong> \u00e9s <strong data-start=\"618\" data-end=\"633\" data-is-only-node=\"\">friss ruh\u00e1k<\/strong> egyetlen csomaggal.<\/span><\/p>\n<p data-start=\"657\" data-end=\"721\" data-is-last-node=\"\" data-is-only-node=\"\"><span style=\"font-size: 85%;\"><strong data-start=\"657\" data-end=\"682\">Biztons\u00e1gi adatlapok:<\/strong> az adott term\u00e9kekn\u00e9l k\u00fcl\u00f6n el\u00e9rhet\u0151ek!<\/span><\/p>\n","protected":false},"featured_media":514,"comment_status":"open","ping_status":"closed","template":"","meta":[],"product_brand":[],"product_cat":[26,15],"product_tag":[24,22,21,20],"class_list":{"0":"post-250","1":"product","2":"type-product","3":"status-publish","4":"has-post-thumbnail","6":"product_cat-probacsomagok","7":"product_cat-termekek","8":"product_tag-mosogatoszer","9":"product_tag-mososzer","10":"product_tag-oblito","11":"product_tag-tisztitoszer","13":"first","14":"instock","15":"sale","16":"taxable","17":"shipping-taxable","18":"purchasable","19":"product-type-simple"},"yoast_head":"<!-- This site is optimized with the Yoast SEO plugin v26.8 - https:\/\/yoast.com\/product\/yoast-seo-wordpress\/ -->\n<title>MINDENNAPI csomagvari\u00e1ci\u00f3k III.       Univerz\u00e1lis tiszt\u00edt\u00f3szer  Mos\u00e1s \u00e9s \u00f6bl\u00edt\u00e9s-K\u00e9zi mosogat\u00e1s - EcoLIFE<\/title>\n<meta name=\"description\" content=\"V\u00e1ltson vegyszermentesre! 3 darabos \u00f6ko v\u00e1logat\u00e1s: b\u0151rbar\u00e1t mosogat\u00f3szer, univerz\u00e1lis tiszt\u00edt\u00f3 \u00e9s mos\u00f3szer \u00f6bl\u00edt\u0151vel. Toxinmentes \u00e9s biztons\u00e1gos a csal\u00e1dnak.\" \/>\n<meta name=\"robots\" content=\"index, follow, max-snippet:-1, max-image-preview:large, max-video-preview:-1\" \/>\n<link rel=\"canonical\" href=\"https:\/\/www.ecolife.bio\/hu\/prod\/probacsomag-ecolife-oko-mosogatoszer-kezi-mosogatashoz-altalanos-tisztitoszer-es-2-az-1-ben-mososzer-es-oblito\/\" \/>\n<meta property=\"og:locale\" content=\"hu_HU\" \/>\n<meta property=\"og:type\" content=\"article\" \/>\n<meta property=\"og:title\" content=\"MINDENNAPI csomagvari\u00e1ci\u00f3k III.       Univerz\u00e1lis tiszt\u00edt\u00f3szer  Mos\u00e1s \u00e9s \u00f6bl\u00edt\u00e9s-K\u00e9zi mosogat\u00e1s - EcoLIFE\" \/>\n<meta property=\"og:description\" content=\"V\u00e1ltson vegyszermentesre! 3 darabos \u00f6ko v\u00e1logat\u00e1s: b\u0151rbar\u00e1t mosogat\u00f3szer, univerz\u00e1lis tiszt\u00edt\u00f3 \u00e9s mos\u00f3szer \u00f6bl\u00edt\u0151vel. Toxinmentes \u00e9s biztons\u00e1gos a csal\u00e1dnak.\" \/>\n<meta property=\"og:url\" content=\"https:\/\/www.ecolife.bio\/hu\/prod\/probacsomag-ecolife-oko-mosogatoszer-kezi-mosogatashoz-altalanos-tisztitoszer-es-2-az-1-ben-mososzer-es-oblito\/\" \/>\n<meta property=\"og:site_name\" content=\"EcoLIFE\" \/>\n<meta property=\"article:modified_time\" content=\"2026-03-25T00:07:29+00:00\" \/>\n<meta property=\"og:image\" content=\"https:\/\/www.ecolife.bio\/wp-content\/uploads\/2022\/04\/univerzalny_praci_rucne.jpg\" \/>\n\t<meta property=\"og:image:width\" content=\"1000\" \/>\n\t<meta property=\"og:image:height\" content=\"1000\" \/>\n\t<meta property=\"og:image:type\" content=\"image\/jpeg\" \/>\n<meta name=\"twitter:card\" content=\"summary_large_image\" \/>\n<meta name=\"twitter:label1\" content=\"Becs\u00fclt olvas\u00e1si id\u0151\" \/>\n\t<meta name=\"twitter:data1\" content=\"2 perc\" \/>\n<script type=\"application\/ld+json\" class=\"yoast-schema-graph\">{\"@context\":\"https:\/\/schema.org\",\"@graph\":[{\"@type\":\"WebPage\",\"@id\":\"https:\/\/www.ecolife.bio\/hu\/prod\/probacsomag-ecolife-oko-mosogatoszer-kezi-mosogatashoz-altalanos-tisztitoszer-es-2-az-1-ben-mososzer-es-oblito\/\",\"url\":\"https:\/\/www.ecolife.bio\/hu\/prod\/probacsomag-ecolife-oko-mosogatoszer-kezi-mosogatashoz-altalanos-tisztitoszer-es-2-az-1-ben-mososzer-es-oblito\/\",\"name\":\"MINDENNAPI csomagvari\u00e1ci\u00f3k III. Univerz\u00e1lis tiszt\u00edt\u00f3szer Mos\u00e1s \u00e9s \u00f6bl\u00edt\u00e9s-K\u00e9zi mosogat\u00e1s - EcoLIFE\",\"isPartOf\":{\"@id\":\"https:\/\/www.ecolife.bio\/#website\"},\"primaryImageOfPage\":{\"@id\":\"https:\/\/www.ecolife.bio\/hu\/prod\/probacsomag-ecolife-oko-mosogatoszer-kezi-mosogatashoz-altalanos-tisztitoszer-es-2-az-1-ben-mososzer-es-oblito\/#primaryimage\"},\"image\":{\"@id\":\"https:\/\/www.ecolife.bio\/hu\/prod\/probacsomag-ecolife-oko-mosogatoszer-kezi-mosogatashoz-altalanos-tisztitoszer-es-2-az-1-ben-mososzer-es-oblito\/#primaryimage\"},\"thumbnailUrl\":\"https:\/\/escbfekz6y3.exactdn.com\/wp-content\/uploads\/2022\/04\/univerzalny_praci_rucne.jpg?strip=all\",\"datePublished\":\"2022-04-03T12:49:58+00:00\",\"dateModified\":\"2026-03-25T00:07:29+00:00\",\"description\":\"V\u00e1ltson vegyszermentesre! 3 darabos \u00f6ko v\u00e1logat\u00e1s: b\u0151rbar\u00e1t mosogat\u00f3szer, univerz\u00e1lis tiszt\u00edt\u00f3 \u00e9s mos\u00f3szer \u00f6bl\u00edt\u0151vel. Toxinmentes \u00e9s biztons\u00e1gos a csal\u00e1dnak.\",\"breadcrumb\":{\"@id\":\"https:\/\/www.ecolife.bio\/hu\/prod\/probacsomag-ecolife-oko-mosogatoszer-kezi-mosogatashoz-altalanos-tisztitoszer-es-2-az-1-ben-mososzer-es-oblito\/#breadcrumb\"},\"inLanguage\":\"hu\",\"potentialAction\":[{\"@type\":\"ReadAction\",\"target\":[\"https:\/\/www.ecolife.bio\/hu\/prod\/probacsomag-ecolife-oko-mosogatoszer-kezi-mosogatashoz-altalanos-tisztitoszer-es-2-az-1-ben-mososzer-es-oblito\/\"]}]},{\"@type\":\"ImageObject\",\"inLanguage\":\"hu\",\"@id\":\"https:\/\/www.ecolife.bio\/hu\/prod\/probacsomag-ecolife-oko-mosogatoszer-kezi-mosogatashoz-altalanos-tisztitoszer-es-2-az-1-ben-mososzer-es-oblito\/#primaryimage\",\"url\":\"https:\/\/escbfekz6y3.exactdn.com\/wp-content\/uploads\/2022\/04\/univerzalny_praci_rucne.jpg?strip=all\",\"contentUrl\":\"https:\/\/escbfekz6y3.exactdn.com\/wp-content\/uploads\/2022\/04\/univerzalny_praci_rucne.jpg?strip=all\",\"width\":1000,\"height\":1000,\"caption\":\"Mosogat\u00f3szer k\u00e9zi mosogat\u00e1shoz, \u00e1ltal\u00e1nos tiszt\u00edt\u00f3szer, mos\u00f3szer \u00e9s \u00f6bl\u00edt\u0151 (2 az 1-ben)\"},{\"@type\":\"BreadcrumbList\",\"@id\":\"https:\/\/www.ecolife.bio\/hu\/prod\/probacsomag-ecolife-oko-mosogatoszer-kezi-mosogatashoz-altalanos-tisztitoszer-es-2-az-1-ben-mososzer-es-oblito\/#breadcrumb\",\"itemListElement\":[{\"@type\":\"ListItem\",\"position\":1,\"name\":\"Domovsk\u00e1 str\u00e1nka\",\"item\":\"https:\/\/www.ecolife.bio\/hu\/\"},{\"@type\":\"ListItem\",\"position\":2,\"name\":\"\u00dczlet\",\"item\":\"https:\/\/www.ecolife.bio\/obchod\/\"},{\"@type\":\"ListItem\",\"position\":3,\"name\":\"MINDENNAPI csomagvari\u00e1ci\u00f3k III. Univerz\u00e1lis tiszt\u00edt\u00f3szer Mos\u00e1s \u00e9s \u00f6bl\u00edt\u00e9s-K\u00e9zi mosogat\u00e1s\"}]},{\"@type\":\"WebSite\",\"@id\":\"https:\/\/www.ecolife.bio\/#website\",\"url\":\"https:\/\/www.ecolife.bio\/\",\"name\":\"EcoLIFE\",\"description\":\"For an Eco-Friendly Planet\",\"publisher\":{\"@id\":\"https:\/\/www.ecolife.bio\/#organization\"},\"potentialAction\":[{\"@type\":\"SearchAction\",\"target\":{\"@type\":\"EntryPoint\",\"urlTemplate\":\"https:\/\/www.ecolife.bio\/?s={search_term_string}\"},\"query-input\":{\"@type\":\"PropertyValueSpecification\",\"valueRequired\":true,\"valueName\":\"search_term_string\"}}],\"inLanguage\":\"hu\"},{\"@type\":\"Organization\",\"@id\":\"https:\/\/www.ecolife.bio\/#organization\",\"name\":\"ECOlife.bio\",\"url\":\"https:\/\/www.ecolife.bio\/\",\"logo\":{\"@type\":\"ImageObject\",\"inLanguage\":\"hu\",\"@id\":\"https:\/\/www.ecolife.bio\/#\/schema\/logo\/image\/\",\"url\":\"https:\/\/escbfekz6y3.exactdn.com\/wp-content\/uploads\/2022\/03\/ecolife_logo_final.png?strip=all\",\"contentUrl\":\"https:\/\/escbfekz6y3.exactdn.com\/wp-content\/uploads\/2022\/03\/ecolife_logo_final.png?strip=all\",\"width\":500,\"height\":500,\"caption\":\"ECOlife.bio\"},\"image\":{\"@id\":\"https:\/\/www.ecolife.bio\/#\/schema\/logo\/image\/\"}}]}<\/script>\n<!-- \/ Yoast SEO plugin. -->","yoast_head_json":{"title":"MINDENNAPI csomagvari\u00e1ci\u00f3k III.       Univerz\u00e1lis tiszt\u00edt\u00f3szer  Mos\u00e1s \u00e9s \u00f6bl\u00edt\u00e9s-K\u00e9zi mosogat\u00e1s - EcoLIFE","description":"V\u00e1ltson vegyszermentesre! 3 darabos \u00f6ko v\u00e1logat\u00e1s: b\u0151rbar\u00e1t mosogat\u00f3szer, univerz\u00e1lis tiszt\u00edt\u00f3 \u00e9s mos\u00f3szer \u00f6bl\u00edt\u0151vel. Toxinmentes \u00e9s biztons\u00e1gos a csal\u00e1dnak.","robots":{"index":"index","follow":"follow","max-snippet":"max-snippet:-1","max-image-preview":"max-image-preview:large","max-video-preview":"max-video-preview:-1"},"canonical":"https:\/\/www.ecolife.bio\/hu\/prod\/probacsomag-ecolife-oko-mosogatoszer-kezi-mosogatashoz-altalanos-tisztitoszer-es-2-az-1-ben-mososzer-es-oblito\/","og_locale":"hu_HU","og_type":"article","og_title":"MINDENNAPI csomagvari\u00e1ci\u00f3k III.       Univerz\u00e1lis tiszt\u00edt\u00f3szer  Mos\u00e1s \u00e9s \u00f6bl\u00edt\u00e9s-K\u00e9zi mosogat\u00e1s - EcoLIFE","og_description":"V\u00e1ltson vegyszermentesre! 3 darabos \u00f6ko v\u00e1logat\u00e1s: b\u0151rbar\u00e1t mosogat\u00f3szer, univerz\u00e1lis tiszt\u00edt\u00f3 \u00e9s mos\u00f3szer \u00f6bl\u00edt\u0151vel. Toxinmentes \u00e9s biztons\u00e1gos a csal\u00e1dnak.","og_url":"https:\/\/www.ecolife.bio\/hu\/prod\/probacsomag-ecolife-oko-mosogatoszer-kezi-mosogatashoz-altalanos-tisztitoszer-es-2-az-1-ben-mososzer-es-oblito\/","og_site_name":"EcoLIFE","article_modified_time":"2026-03-25T00:07:29+00:00","og_image":[{"width":1000,"height":1000,"url":"https:\/\/www.ecolife.bio\/wp-content\/uploads\/2022\/04\/univerzalny_praci_rucne.jpg","type":"image\/jpeg"}],"twitter_card":"summary_large_image","twitter_misc":{"Becs\u00fclt olvas\u00e1si id\u0151":"2 perc"},"schema":{"@context":"https:\/\/schema.org","@graph":[{"@type":"WebPage","@id":"https:\/\/www.ecolife.bio\/hu\/prod\/probacsomag-ecolife-oko-mosogatoszer-kezi-mosogatashoz-altalanos-tisztitoszer-es-2-az-1-ben-mososzer-es-oblito\/","url":"https:\/\/www.ecolife.bio\/hu\/prod\/probacsomag-ecolife-oko-mosogatoszer-kezi-mosogatashoz-altalanos-tisztitoszer-es-2-az-1-ben-mososzer-es-oblito\/","name":"MINDENNAPI csomagvari\u00e1ci\u00f3k III. Univerz\u00e1lis tiszt\u00edt\u00f3szer Mos\u00e1s \u00e9s \u00f6bl\u00edt\u00e9s-K\u00e9zi mosogat\u00e1s - EcoLIFE","isPartOf":{"@id":"https:\/\/www.ecolife.bio\/#website"},"primaryImageOfPage":{"@id":"https:\/\/www.ecolife.bio\/hu\/prod\/probacsomag-ecolife-oko-mosogatoszer-kezi-mosogatashoz-altalanos-tisztitoszer-es-2-az-1-ben-mososzer-es-oblito\/#primaryimage"},"image":{"@id":"https:\/\/www.ecolife.bio\/hu\/prod\/probacsomag-ecolife-oko-mosogatoszer-kezi-mosogatashoz-altalanos-tisztitoszer-es-2-az-1-ben-mososzer-es-oblito\/#primaryimage"},"thumbnailUrl":"https:\/\/escbfekz6y3.exactdn.com\/wp-content\/uploads\/2022\/04\/univerzalny_praci_rucne.jpg?strip=all","datePublished":"2022-04-03T12:49:58+00:00","dateModified":"2026-03-25T00:07:29+00:00","description":"V\u00e1ltson vegyszermentesre! 3 darabos \u00f6ko v\u00e1logat\u00e1s: b\u0151rbar\u00e1t mosogat\u00f3szer, univerz\u00e1lis tiszt\u00edt\u00f3 \u00e9s mos\u00f3szer \u00f6bl\u00edt\u0151vel. Toxinmentes \u00e9s biztons\u00e1gos a csal\u00e1dnak.","breadcrumb":{"@id":"https:\/\/www.ecolife.bio\/hu\/prod\/probacsomag-ecolife-oko-mosogatoszer-kezi-mosogatashoz-altalanos-tisztitoszer-es-2-az-1-ben-mososzer-es-oblito\/#breadcrumb"},"inLanguage":"hu","potentialAction":[{"@type":"ReadAction","target":["https:\/\/www.ecolife.bio\/hu\/prod\/probacsomag-ecolife-oko-mosogatoszer-kezi-mosogatashoz-altalanos-tisztitoszer-es-2-az-1-ben-mososzer-es-oblito\/"]}]},{"@type":"ImageObject","inLanguage":"hu","@id":"https:\/\/www.ecolife.bio\/hu\/prod\/probacsomag-ecolife-oko-mosogatoszer-kezi-mosogatashoz-altalanos-tisztitoszer-es-2-az-1-ben-mososzer-es-oblito\/#primaryimage","url":"https:\/\/escbfekz6y3.exactdn.com\/wp-content\/uploads\/2022\/04\/univerzalny_praci_rucne.jpg?strip=all","contentUrl":"https:\/\/escbfekz6y3.exactdn.com\/wp-content\/uploads\/2022\/04\/univerzalny_praci_rucne.jpg?strip=all","width":1000,"height":1000,"caption":"Mosogat\u00f3szer k\u00e9zi mosogat\u00e1shoz, \u00e1ltal\u00e1nos tiszt\u00edt\u00f3szer, mos\u00f3szer \u00e9s \u00f6bl\u00edt\u0151 (2 az 1-ben)"},{"@type":"BreadcrumbList","@id":"https:\/\/www.ecolife.bio\/hu\/prod\/probacsomag-ecolife-oko-mosogatoszer-kezi-mosogatashoz-altalanos-tisztitoszer-es-2-az-1-ben-mososzer-es-oblito\/#breadcrumb","itemListElement":[{"@type":"ListItem","position":1,"name":"Domovsk\u00e1 str\u00e1nka","item":"https:\/\/www.ecolife.bio\/hu\/"},{"@type":"ListItem","position":2,"name":"\u00dczlet","item":"https:\/\/www.ecolife.bio\/obchod\/"},{"@type":"ListItem","position":3,"name":"MINDENNAPI csomagvari\u00e1ci\u00f3k III. Univerz\u00e1lis tiszt\u00edt\u00f3szer Mos\u00e1s \u00e9s \u00f6bl\u00edt\u00e9s-K\u00e9zi mosogat\u00e1s"}]},{"@type":"WebSite","@id":"https:\/\/www.ecolife.bio\/#website","url":"https:\/\/www.ecolife.bio\/","name":"EcoLIFE","description":"For an Eco-Friendly Planet","publisher":{"@id":"https:\/\/www.ecolife.bio\/#organization"},"potentialAction":[{"@type":"SearchAction","target":{"@type":"EntryPoint","urlTemplate":"https:\/\/www.ecolife.bio\/?s={search_term_string}"},"query-input":{"@type":"PropertyValueSpecification","valueRequired":true,"valueName":"search_term_string"}}],"inLanguage":"hu"},{"@type":"Organization","@id":"https:\/\/www.ecolife.bio\/#organization","name":"ECOlife.bio","url":"https:\/\/www.ecolife.bio\/","logo":{"@type":"ImageObject","inLanguage":"hu","@id":"https:\/\/www.ecolife.bio\/#\/schema\/logo\/image\/","url":"https:\/\/escbfekz6y3.exactdn.com\/wp-content\/uploads\/2022\/03\/ecolife_logo_final.png?strip=all","contentUrl":"https:\/\/escbfekz6y3.exactdn.com\/wp-content\/uploads\/2022\/03\/ecolife_logo_final.png?strip=all","width":500,"height":500,"caption":"ECOlife.bio"},"image":{"@id":"https:\/\/www.ecolife.bio\/#\/schema\/logo\/image\/"}}]}},"_links":{"self":[{"href":"https:\/\/www.ecolife.bio\/hu\/wp-json\/wp\/v2\/product\/250","targetHints":{"allow":["GET"]}}],"collection":[{"href":"https:\/\/www.ecolife.bio\/hu\/wp-json\/wp\/v2\/product"}],"about":[{"href":"https:\/\/www.ecolife.bio\/hu\/wp-json\/wp\/v2\/types\/product"}],"replies":[{"embeddable":true,"href":"https:\/\/www.ecolife.bio\/hu\/wp-json\/wp\/v2\/comments?post=250"}],"wp:featuredmedia":[{"embeddable":true,"href":"https:\/\/www.ecolife.bio\/hu\/wp-json\/wp\/v2\/media\/514"}],"wp:attachment":[{"href":"https:\/\/www.ecolife.bio\/hu\/wp-json\/wp\/v2\/media?parent=250"}],"wp:term":[{"taxonomy":"product_brand","embeddable":true,"href":"https:\/\/www.ecolife.bio\/hu\/wp-json\/wp\/v2\/product_brand?post=250"},{"taxonomy":"product_cat","embeddable":true,"href":"https:\/\/www.ecolife.bio\/hu\/wp-json\/wp\/v2\/product_cat?post=250"},{"taxonomy":"product_tag","embeddable":true,"href":"https:\/\/www.ecolife.bio\/hu\/wp-json\/wp\/v2\/product_tag?post=250"}],"curies":[{"name":"wp","href":"https:\/\/api.w.org\/{rel}","templated":true}]}}