{"id":251,"date":"2022-04-03T13:53:14","date_gmt":"2022-04-03T12:53:14","guid":{"rendered":"https:\/\/www.ecolife.bio\/?post_type=product&#038;p=251"},"modified":"2026-03-25T02:06:33","modified_gmt":"2026-03-25T00:06:33","slug":"probacsomag-ecolife-oko-mosogatoszer-kezi-mosogatashoz-altalanos-tisztitoszer","status":"publish","type":"product","link":"https:\/\/www.ecolife.bio\/hu\/prod\/probacsomag-ecolife-oko-mosogatoszer-kezi-mosogatashoz-altalanos-tisztitoszer\/","title":{"rendered":"KONYHAI ALAPCSOMAG                        K\u00e9zi (1L) &#8211; G\u00e9pi mosogat\u00e1s (1L)    Univerz\u00e1lis tiszt\u00edt\u00e1s (1L)"},"content":{"rendered":"<h3 data-start=\"0\" data-end=\"102\"><strong data-start=\"0\" data-end=\"102\">ECOlife KONYHAI alapcsomag\u00a0 <\/strong><\/h3>\n<h4 data-start=\"0\" data-end=\"102\"><strong data-start=\"0\" data-end=\"102\">Gazdas\u00e1gos, k\u00f6rnyezetbar\u00e1t megold\u00e1s a mindennapi konyhai tisztas\u00e1ghoz<\/strong><\/h4>\n<p data-start=\"104\" data-end=\"538\">Ez a h\u00e1rom term\u00e9kb\u0151l \u00e1ll\u00f3 <strong data-start=\"130\" data-end=\"148\">ECOlife csomag<\/strong> a <strong data-start=\"151\" data-end=\"202\">konyhai \u00e9s h\u00e1ztart\u00e1si tiszt\u00edt\u00e1s alapfeladataira<\/strong> k\u00edn\u00e1l <strong data-start=\"209\" data-end=\"247\">hat\u00e9kony, k\u00f6rnyezetbar\u00e1t megold\u00e1st<\/strong>. A csomagban tal\u00e1lhat\u00f3 <strong data-start=\"271\" data-end=\"292\">k\u00e9zi mosogat\u00f3szer<\/strong>, <strong data-start=\"294\" data-end=\"322\">univerz\u00e1lis tiszt\u00edt\u00f3szer<\/strong> \u00e9s <strong data-start=\"326\" data-end=\"367\">g\u00e9pi mosogat\u00f3szer + \u00f6bl\u00edt\u0151 2 az 1-ben<\/strong> egy\u00fctt biztos\u00edtj\u00e1k a <strong data-start=\"389\" data-end=\"413\">zs\u00edrmentes ed\u00e9nyeket<\/strong>, a <strong data-start=\"417\" data-end=\"451\">cs\u00edkmentes konyhai fel\u00fcleteket<\/strong> \u00e9s a <strong data-start=\"457\" data-end=\"488\">ragyog\u00f3an tiszta mosogat\u00e1st<\/strong> \u2013 egyetlen <strong data-start=\"500\" data-end=\"537\">gazdas\u00e1gos tiszt\u00edt\u00f3szer csomagban<\/strong>.<\/p>\n<p data-start=\"540\" data-end=\"793\">Mindh\u00e1rom term\u00e9k <strong data-start=\"557\" data-end=\"599\">n\u00f6v\u00e9nyi alapanyagokra \u00e9p\u00fcl\u0151 formul\u00e1val<\/strong> k\u00e9sz\u00fcl, <strong data-start=\"608\" data-end=\"639\">szulf\u00e1tmentes \u00f6sszet\u00e9tellel<\/strong>, <strong data-start=\"641\" data-end=\"677\">\u00e1llati eredet\u0171 \u00f6sszetev\u0151k n\u00e9lk\u00fcl<\/strong>, \u00e9s <strong data-start=\"682\" data-end=\"717\">\u00fajrahasznos\u00edthat\u00f3 csomagol\u00e1sban<\/strong> \u00e9rkezik. Ide\u00e1lis v\u00e1laszt\u00e1s a <strong data-start=\"747\" data-end=\"784\">tudatos, k\u00f6rnyezetbar\u00e1t h\u00e1ztart\u00e1s<\/strong> sz\u00e1m\u00e1ra.<\/p>\n<h3 data-start=\"795\" data-end=\"822\"><strong data-start=\"795\" data-end=\"822\">Mit tartalmaz a csomag?<\/strong><\/h3>\n<p data-start=\"824\" data-end=\"1056\"><strong data-start=\"824\" data-end=\"857\">ECOlife \u00f6ko K\u00e9zi mosogat\u00f3szer<\/strong><\/p>\n<ul>\n<li><strong data-start=\"148\" data-end=\"169\">K\u00e9zi mosogat\u00f3szer<\/strong> \u2013 <strong data-start=\"172\" data-end=\"185\">b\u0151rk\u00edm\u00e9l\u0151<\/strong>, m\u00e9gis <strong data-start=\"193\" data-end=\"210\">er\u0151s zs\u00edrold\u00f3<\/strong> a <strong data-start=\"213\" data-end=\"238\">mindennapi ed\u00e9nyekhez<\/strong>, kellemetlen irrit\u00e1l\u00f3 illat n\u00e9lk\u00fcl<\/li>\n<\/ul>\n<p data-start=\"824\" data-end=\"1056\">\u00a0<strong data-start=\"948\" data-end=\"965\">Szulf\u00e1tmentes<\/strong>, n\u00f6v\u00e9nyi alap\u00fa formula, amely <strong data-start=\"996\" data-end=\"1021\">cseppmentes sz\u00e1rad\u00e1st<\/strong> biztos\u00edt, mik\u00f6zben k\u00edm\u00e9li a kezet.<\/p>\n<p data-start=\"1058\" data-end=\"1316\"><strong data-start=\"1058\" data-end=\"1098\">ECOlife \u00f6ko Univerz\u00e1lis tiszt\u00edt\u00f3szer<\/strong><\/p>\n<ul>\n<li><strong data-start=\"396\" data-end=\"424\">Univerz\u00e1lis tiszt\u00edt\u00f3szer<\/strong> \u2013 <strong data-start=\"427\" data-end=\"451\">cs\u00edkmentes tisztas\u00e1g<\/strong> a <strong data-start=\"454\" data-end=\"477\">konyhai fel\u00fcleteken<\/strong>, egyetlen <strong data-start=\"488\" data-end=\"521\">n\u00f6v\u00e9nyi alap\u00fa tiszt\u00edt\u00f3szerrel<\/strong><\/li>\n<\/ul>\n<p data-start=\"1058\" data-end=\"1316\"><strong data-start=\"1101\" data-end=\"1138\">Ragyog\u00f3, illatos tiszt\u00edt\u00e1s<\/strong> szinte minden <strong data-start=\"1153\" data-end=\"1185\">konyhai \u00e9s otthoni fel\u00fcleten<\/strong>. Ide\u00e1lis minden <strong>elk\u00e9pzelhet\u0151 fel\u00fcletre, munkalapokra<\/strong>, <strong data-start=\"1213\" data-end=\"1225\">csemp\u00e9re<\/strong>, <strong data-start=\"1227\" data-end=\"1238\">padl\u00f3ra<\/strong> \u00e9s egy\u00e9b fel\u00fcletekre, ahol <strong data-start=\"1266\" data-end=\"1303\">gyors, k\u00f6rnyezetbar\u00e1t tisztas\u00e1gra<\/strong> van sz\u00fcks\u00e9g.<\/p>\n<p data-start=\"1318\" data-end=\"1626\"><strong data-start=\"1318\" data-end=\"1371\">ECOlife \u00f6ko G\u00e9pi mosogat\u00f3szer + \u00f6bl\u00edt\u0151 2 az 1-ben<\/strong><\/p>\n<ul>\n<li data-start=\"148\" data-end=\"523\"><strong data-start=\"275\" data-end=\"308\">G\u00e9pi mosogat\u00f3szer + f\u00e9nyes\u00edt\u0151<\/strong> \u2013 <strong data-start=\"311\" data-end=\"339\">tablettamaradv\u00e1ny n\u00e9lk\u00fcl<\/strong>, <strong data-start=\"341\" data-end=\"364\">csillog\u00f3 ed\u00e9nyek\u00e9rt<\/strong> \u00e9s <strong data-start=\"368\" data-end=\"393\">tiszta mosogat\u00f3g\u00e9p\u00e9rt<\/strong><\/li>\n<\/ul>\n<p data-start=\"1318\" data-end=\"1626\"><strong data-start=\"1374\" data-end=\"1410\">Hat\u00e9kony \u00e9s gazdas\u00e1gos mosogat\u00e1s<\/strong> egyetlen term\u00e9kkel. <strong data-start=\"1431\" data-end=\"1466\">Cseppmentes, csillog\u00f3 ed\u00e9nyeket<\/strong> biztos\u00edt, mik\u00f6zben a mosogat\u00f3g\u00e9p is <strong data-start=\"1503\" data-end=\"1527\">tiszta \u00e9s szagmentes<\/strong> marad. Egy flakon ak\u00e1r <strong data-start=\"1551\" data-end=\"1578\">40 mosogat\u00e1sra elegend\u0151<\/strong>, \u00edgy kifejezetten <strong data-start=\"1597\" data-end=\"1625\">k\u00f6lts\u00e9ghat\u00e9kony megold\u00e1s<\/strong>.<\/p>\n<h3 data-start=\"1628\" data-end=\"1818\"><strong data-start=\"1628\" data-end=\"1639\">Fontos:<\/strong><\/h3>\n<h4 data-start=\"1628\" data-end=\"1818\">Az egyes term\u00e9kek <strong data-start=\"1660\" data-end=\"1698\">r\u00e9szletes felhaszn\u00e1l\u00e1si \u00fatmutat\u00f3ja<\/strong>, <strong data-start=\"1700\" data-end=\"1713\">adagol\u00e1sa<\/strong> \u00e9s m\u0171szaki inform\u00e1ci\u00f3i k\u00fcl\u00f6n-k\u00fcl\u00f6n, az adott term\u00e9k <strong data-start=\"1766\" data-end=\"1802\">1 darabos kiszerel\u00e9s\u00e9nek oldal\u00e1n<\/strong> tal\u00e1lhat\u00f3k meg.<\/h4>\n","protected":false},"excerpt":{"rendered":"<h4 data-start=\"0\" data-end=\"47\"><strong data-start=\"0\" data-end=\"45\">Mi\u00e9rt aj\u00e1nljuk ezzel a csomaggal kezdeni az els\u0151 l\u00e9p\u00e9seket a konyh\u00e1ban?<\/strong><\/h4>\n<ul>\n<li data-start=\"49\" data-end=\"146\"><span style=\"font-size: 85%;\">H\u00e1rom fontos<strong data-start=\"55\" data-end=\"78\">\u00a0alapfeladat<\/strong> <strong data-start=\"79\" data-end=\"93\">gazdas\u00e1gos<\/strong>, <strong data-start=\"95\" data-end=\"123\">k\u00f6rnyezetbar\u00e1t megold\u00e1sa<\/strong>, egyetlen csomagban:<\/span><\/li>\n<li data-start=\"525\" data-end=\"662\"><span style=\"font-size: 85%; color: #008000;\"><strong data-start=\"525\" data-end=\"580\">Biztons\u00e1gos, k\u00f6rnyezetbar\u00e1t \u00e9s gazdas\u00e1gos tisztas\u00e1g<\/strong> az <strong data-start=\"584\" data-end=\"606\">ECOlife bevizsg\u00e1lt<\/strong>, <strong data-start=\"608\" data-end=\"636\">GREEN Brand min\u0151s\u00edt\u00e9ssel<\/strong> rendelkez\u0151 term\u00e9keivel!<\/span><\/li>\n<\/ul>\n<p>&nbsp;<\/p>\n","protected":false},"featured_media":502,"comment_status":"open","ping_status":"closed","template":"","meta":[],"product_brand":[],"product_cat":[26,15],"product_tag":[24,21,20],"class_list":{"0":"post-251","1":"product","2":"type-product","3":"status-publish","4":"has-post-thumbnail","6":"product_cat-probacsomagok","7":"product_cat-termekek","8":"product_tag-mosogatoszer","9":"product_tag-oblito","10":"product_tag-tisztitoszer","12":"first","13":"instock","14":"sale","15":"taxable","16":"shipping-taxable","17":"purchasable","18":"product-type-simple"},"yoast_head":"<!-- This site is optimized with the Yoast SEO plugin v26.8 - https:\/\/yoast.com\/product\/yoast-seo-wordpress\/ -->\n<title>KONYHAI ALAPCSOMAG            K\u00e9zi (1L) - G\u00e9pi mosogat\u00e1s (1L)  Univerz\u00e1lis tiszt\u00edt\u00e1s (1L) - EcoLIFE<\/title>\n<meta name=\"description\" content=\"Kezdje vegyszermentesen! 2 darabos \u00f6ko v\u00e1logat\u00e1s: b\u0151rbar\u00e1t k\u00e9zi mosogat\u00f3szer \u00e9s univerz\u00e1lis tiszt\u00edt\u00f3 toxinok n\u00e9lk\u00fcl. Biztons\u00e1gos \u00e9s hat\u00e9kony tisztas\u00e1g a csal\u00e1dnak.\" \/>\n<meta name=\"robots\" content=\"index, follow, max-snippet:-1, max-image-preview:large, max-video-preview:-1\" \/>\n<link rel=\"canonical\" href=\"https:\/\/www.ecolife.bio\/hu\/prod\/probacsomag-ecolife-oko-mosogatoszer-kezi-mosogatashoz-altalanos-tisztitoszer\/\" \/>\n<meta property=\"og:locale\" content=\"hu_HU\" \/>\n<meta property=\"og:type\" content=\"article\" \/>\n<meta property=\"og:title\" content=\"KONYHAI ALAPCSOMAG            K\u00e9zi (1L) - G\u00e9pi mosogat\u00e1s (1L)  Univerz\u00e1lis tiszt\u00edt\u00e1s (1L) - EcoLIFE\" \/>\n<meta property=\"og:description\" content=\"Kezdje vegyszermentesen! 2 darabos \u00f6ko v\u00e1logat\u00e1s: b\u0151rbar\u00e1t k\u00e9zi mosogat\u00f3szer \u00e9s univerz\u00e1lis tiszt\u00edt\u00f3 toxinok n\u00e9lk\u00fcl. Biztons\u00e1gos \u00e9s hat\u00e9kony tisztas\u00e1g a csal\u00e1dnak.\" \/>\n<meta property=\"og:url\" content=\"https:\/\/www.ecolife.bio\/hu\/prod\/probacsomag-ecolife-oko-mosogatoszer-kezi-mosogatashoz-altalanos-tisztitoszer\/\" \/>\n<meta property=\"og:site_name\" content=\"EcoLIFE\" \/>\n<meta property=\"article:modified_time\" content=\"2026-03-25T00:06:33+00:00\" \/>\n<meta property=\"og:image\" content=\"https:\/\/www.ecolife.bio\/wp-content\/uploads\/2022\/04\/univerzalny_umyvacka_rucne.jpg\" \/>\n\t<meta property=\"og:image:width\" content=\"1000\" \/>\n\t<meta property=\"og:image:height\" content=\"1000\" \/>\n\t<meta property=\"og:image:type\" content=\"image\/jpeg\" \/>\n<meta name=\"twitter:card\" content=\"summary_large_image\" \/>\n<meta name=\"twitter:label1\" content=\"Becs\u00fclt olvas\u00e1si id\u0151\" \/>\n\t<meta name=\"twitter:data1\" content=\"2 perc\" \/>\n<script type=\"application\/ld+json\" class=\"yoast-schema-graph\">{\"@context\":\"https:\/\/schema.org\",\"@graph\":[{\"@type\":\"WebPage\",\"@id\":\"https:\/\/www.ecolife.bio\/hu\/prod\/probacsomag-ecolife-oko-mosogatoszer-kezi-mosogatashoz-altalanos-tisztitoszer\/\",\"url\":\"https:\/\/www.ecolife.bio\/hu\/prod\/probacsomag-ecolife-oko-mosogatoszer-kezi-mosogatashoz-altalanos-tisztitoszer\/\",\"name\":\"KONYHAI ALAPCSOMAG K\u00e9zi (1L) - G\u00e9pi mosogat\u00e1s (1L) Univerz\u00e1lis tiszt\u00edt\u00e1s (1L) - EcoLIFE\",\"isPartOf\":{\"@id\":\"https:\/\/www.ecolife.bio\/#website\"},\"primaryImageOfPage\":{\"@id\":\"https:\/\/www.ecolife.bio\/hu\/prod\/probacsomag-ecolife-oko-mosogatoszer-kezi-mosogatashoz-altalanos-tisztitoszer\/#primaryimage\"},\"image\":{\"@id\":\"https:\/\/www.ecolife.bio\/hu\/prod\/probacsomag-ecolife-oko-mosogatoszer-kezi-mosogatashoz-altalanos-tisztitoszer\/#primaryimage\"},\"thumbnailUrl\":\"https:\/\/escbfekz6y3.exactdn.com\/wp-content\/uploads\/2022\/04\/univerzalny_umyvacka_rucne.jpg?strip=all\",\"datePublished\":\"2022-04-03T12:53:14+00:00\",\"dateModified\":\"2026-03-25T00:06:33+00:00\",\"description\":\"Kezdje vegyszermentesen! 2 darabos \u00f6ko v\u00e1logat\u00e1s: b\u0151rbar\u00e1t k\u00e9zi mosogat\u00f3szer \u00e9s univerz\u00e1lis tiszt\u00edt\u00f3 toxinok n\u00e9lk\u00fcl. Biztons\u00e1gos \u00e9s hat\u00e9kony tisztas\u00e1g a csal\u00e1dnak.\",\"breadcrumb\":{\"@id\":\"https:\/\/www.ecolife.bio\/hu\/prod\/probacsomag-ecolife-oko-mosogatoszer-kezi-mosogatashoz-altalanos-tisztitoszer\/#breadcrumb\"},\"inLanguage\":\"hu\",\"potentialAction\":[{\"@type\":\"ReadAction\",\"target\":[\"https:\/\/www.ecolife.bio\/hu\/prod\/probacsomag-ecolife-oko-mosogatoszer-kezi-mosogatashoz-altalanos-tisztitoszer\/\"]}]},{\"@type\":\"ImageObject\",\"inLanguage\":\"hu\",\"@id\":\"https:\/\/www.ecolife.bio\/hu\/prod\/probacsomag-ecolife-oko-mosogatoszer-kezi-mosogatashoz-altalanos-tisztitoszer\/#primaryimage\",\"url\":\"https:\/\/escbfekz6y3.exactdn.com\/wp-content\/uploads\/2022\/04\/univerzalny_umyvacka_rucne.jpg?strip=all\",\"contentUrl\":\"https:\/\/escbfekz6y3.exactdn.com\/wp-content\/uploads\/2022\/04\/univerzalny_umyvacka_rucne.jpg?strip=all\",\"width\":1000,\"height\":1000,\"caption\":\"Mosogat\u00f3szer k\u00e9zi mosogat\u00e1shoz, \u00e1ltal\u00e1nos tiszt\u00edt\u00f3szer \u00e9s g\u00e9pi mosogat\u00f3 \u00e9s obl\u00edt\u0151 (2 az 1-ben)\"},{\"@type\":\"BreadcrumbList\",\"@id\":\"https:\/\/www.ecolife.bio\/hu\/prod\/probacsomag-ecolife-oko-mosogatoszer-kezi-mosogatashoz-altalanos-tisztitoszer\/#breadcrumb\",\"itemListElement\":[{\"@type\":\"ListItem\",\"position\":1,\"name\":\"Domovsk\u00e1 str\u00e1nka\",\"item\":\"https:\/\/www.ecolife.bio\/hu\/\"},{\"@type\":\"ListItem\",\"position\":2,\"name\":\"\u00dczlet\",\"item\":\"https:\/\/www.ecolife.bio\/obchod\/\"},{\"@type\":\"ListItem\",\"position\":3,\"name\":\"KONYHAI ALAPCSOMAG K\u00e9zi (1L) &#8211; G\u00e9pi mosogat\u00e1s (1L) Univerz\u00e1lis tiszt\u00edt\u00e1s (1L)\"}]},{\"@type\":\"WebSite\",\"@id\":\"https:\/\/www.ecolife.bio\/#website\",\"url\":\"https:\/\/www.ecolife.bio\/\",\"name\":\"EcoLIFE\",\"description\":\"For an Eco-Friendly Planet\",\"publisher\":{\"@id\":\"https:\/\/www.ecolife.bio\/#organization\"},\"potentialAction\":[{\"@type\":\"SearchAction\",\"target\":{\"@type\":\"EntryPoint\",\"urlTemplate\":\"https:\/\/www.ecolife.bio\/?s={search_term_string}\"},\"query-input\":{\"@type\":\"PropertyValueSpecification\",\"valueRequired\":true,\"valueName\":\"search_term_string\"}}],\"inLanguage\":\"hu\"},{\"@type\":\"Organization\",\"@id\":\"https:\/\/www.ecolife.bio\/#organization\",\"name\":\"ECOlife.bio\",\"url\":\"https:\/\/www.ecolife.bio\/\",\"logo\":{\"@type\":\"ImageObject\",\"inLanguage\":\"hu\",\"@id\":\"https:\/\/www.ecolife.bio\/#\/schema\/logo\/image\/\",\"url\":\"https:\/\/www.ecolife.bio\/wp-content\/uploads\/2022\/03\/ecolife_logo_final.png\",\"contentUrl\":\"https:\/\/www.ecolife.bio\/wp-content\/uploads\/2022\/03\/ecolife_logo_final.png\",\"width\":500,\"height\":500,\"caption\":\"ECOlife.bio\"},\"image\":{\"@id\":\"https:\/\/www.ecolife.bio\/#\/schema\/logo\/image\/\"}}]}<\/script>\n<!-- \/ Yoast SEO plugin. -->","yoast_head_json":{"title":"KONYHAI ALAPCSOMAG            K\u00e9zi (1L) - G\u00e9pi mosogat\u00e1s (1L)  Univerz\u00e1lis tiszt\u00edt\u00e1s (1L) - EcoLIFE","description":"Kezdje vegyszermentesen! 2 darabos \u00f6ko v\u00e1logat\u00e1s: b\u0151rbar\u00e1t k\u00e9zi mosogat\u00f3szer \u00e9s univerz\u00e1lis tiszt\u00edt\u00f3 toxinok n\u00e9lk\u00fcl. Biztons\u00e1gos \u00e9s hat\u00e9kony tisztas\u00e1g a csal\u00e1dnak.","robots":{"index":"index","follow":"follow","max-snippet":"max-snippet:-1","max-image-preview":"max-image-preview:large","max-video-preview":"max-video-preview:-1"},"canonical":"https:\/\/www.ecolife.bio\/hu\/prod\/probacsomag-ecolife-oko-mosogatoszer-kezi-mosogatashoz-altalanos-tisztitoszer\/","og_locale":"hu_HU","og_type":"article","og_title":"KONYHAI ALAPCSOMAG            K\u00e9zi (1L) - G\u00e9pi mosogat\u00e1s (1L)  Univerz\u00e1lis tiszt\u00edt\u00e1s (1L) - EcoLIFE","og_description":"Kezdje vegyszermentesen! 2 darabos \u00f6ko v\u00e1logat\u00e1s: b\u0151rbar\u00e1t k\u00e9zi mosogat\u00f3szer \u00e9s univerz\u00e1lis tiszt\u00edt\u00f3 toxinok n\u00e9lk\u00fcl. Biztons\u00e1gos \u00e9s hat\u00e9kony tisztas\u00e1g a csal\u00e1dnak.","og_url":"https:\/\/www.ecolife.bio\/hu\/prod\/probacsomag-ecolife-oko-mosogatoszer-kezi-mosogatashoz-altalanos-tisztitoszer\/","og_site_name":"EcoLIFE","article_modified_time":"2026-03-25T00:06:33+00:00","og_image":[{"width":1000,"height":1000,"url":"https:\/\/www.ecolife.bio\/wp-content\/uploads\/2022\/04\/univerzalny_umyvacka_rucne.jpg","type":"image\/jpeg"}],"twitter_card":"summary_large_image","twitter_misc":{"Becs\u00fclt olvas\u00e1si id\u0151":"2 perc"},"schema":{"@context":"https:\/\/schema.org","@graph":[{"@type":"WebPage","@id":"https:\/\/www.ecolife.bio\/hu\/prod\/probacsomag-ecolife-oko-mosogatoszer-kezi-mosogatashoz-altalanos-tisztitoszer\/","url":"https:\/\/www.ecolife.bio\/hu\/prod\/probacsomag-ecolife-oko-mosogatoszer-kezi-mosogatashoz-altalanos-tisztitoszer\/","name":"KONYHAI ALAPCSOMAG K\u00e9zi (1L) - G\u00e9pi mosogat\u00e1s (1L) Univerz\u00e1lis tiszt\u00edt\u00e1s (1L) - EcoLIFE","isPartOf":{"@id":"https:\/\/www.ecolife.bio\/#website"},"primaryImageOfPage":{"@id":"https:\/\/www.ecolife.bio\/hu\/prod\/probacsomag-ecolife-oko-mosogatoszer-kezi-mosogatashoz-altalanos-tisztitoszer\/#primaryimage"},"image":{"@id":"https:\/\/www.ecolife.bio\/hu\/prod\/probacsomag-ecolife-oko-mosogatoszer-kezi-mosogatashoz-altalanos-tisztitoszer\/#primaryimage"},"thumbnailUrl":"https:\/\/escbfekz6y3.exactdn.com\/wp-content\/uploads\/2022\/04\/univerzalny_umyvacka_rucne.jpg?strip=all","datePublished":"2022-04-03T12:53:14+00:00","dateModified":"2026-03-25T00:06:33+00:00","description":"Kezdje vegyszermentesen! 2 darabos \u00f6ko v\u00e1logat\u00e1s: b\u0151rbar\u00e1t k\u00e9zi mosogat\u00f3szer \u00e9s univerz\u00e1lis tiszt\u00edt\u00f3 toxinok n\u00e9lk\u00fcl. Biztons\u00e1gos \u00e9s hat\u00e9kony tisztas\u00e1g a csal\u00e1dnak.","breadcrumb":{"@id":"https:\/\/www.ecolife.bio\/hu\/prod\/probacsomag-ecolife-oko-mosogatoszer-kezi-mosogatashoz-altalanos-tisztitoszer\/#breadcrumb"},"inLanguage":"hu","potentialAction":[{"@type":"ReadAction","target":["https:\/\/www.ecolife.bio\/hu\/prod\/probacsomag-ecolife-oko-mosogatoszer-kezi-mosogatashoz-altalanos-tisztitoszer\/"]}]},{"@type":"ImageObject","inLanguage":"hu","@id":"https:\/\/www.ecolife.bio\/hu\/prod\/probacsomag-ecolife-oko-mosogatoszer-kezi-mosogatashoz-altalanos-tisztitoszer\/#primaryimage","url":"https:\/\/escbfekz6y3.exactdn.com\/wp-content\/uploads\/2022\/04\/univerzalny_umyvacka_rucne.jpg?strip=all","contentUrl":"https:\/\/escbfekz6y3.exactdn.com\/wp-content\/uploads\/2022\/04\/univerzalny_umyvacka_rucne.jpg?strip=all","width":1000,"height":1000,"caption":"Mosogat\u00f3szer k\u00e9zi mosogat\u00e1shoz, \u00e1ltal\u00e1nos tiszt\u00edt\u00f3szer \u00e9s g\u00e9pi mosogat\u00f3 \u00e9s obl\u00edt\u0151 (2 az 1-ben)"},{"@type":"BreadcrumbList","@id":"https:\/\/www.ecolife.bio\/hu\/prod\/probacsomag-ecolife-oko-mosogatoszer-kezi-mosogatashoz-altalanos-tisztitoszer\/#breadcrumb","itemListElement":[{"@type":"ListItem","position":1,"name":"Domovsk\u00e1 str\u00e1nka","item":"https:\/\/www.ecolife.bio\/hu\/"},{"@type":"ListItem","position":2,"name":"\u00dczlet","item":"https:\/\/www.ecolife.bio\/obchod\/"},{"@type":"ListItem","position":3,"name":"KONYHAI ALAPCSOMAG K\u00e9zi (1L) &#8211; G\u00e9pi mosogat\u00e1s (1L) Univerz\u00e1lis tiszt\u00edt\u00e1s (1L)"}]},{"@type":"WebSite","@id":"https:\/\/www.ecolife.bio\/#website","url":"https:\/\/www.ecolife.bio\/","name":"EcoLIFE","description":"For an Eco-Friendly Planet","publisher":{"@id":"https:\/\/www.ecolife.bio\/#organization"},"potentialAction":[{"@type":"SearchAction","target":{"@type":"EntryPoint","urlTemplate":"https:\/\/www.ecolife.bio\/?s={search_term_string}"},"query-input":{"@type":"PropertyValueSpecification","valueRequired":true,"valueName":"search_term_string"}}],"inLanguage":"hu"},{"@type":"Organization","@id":"https:\/\/www.ecolife.bio\/#organization","name":"ECOlife.bio","url":"https:\/\/www.ecolife.bio\/","logo":{"@type":"ImageObject","inLanguage":"hu","@id":"https:\/\/www.ecolife.bio\/#\/schema\/logo\/image\/","url":"https:\/\/www.ecolife.bio\/wp-content\/uploads\/2022\/03\/ecolife_logo_final.png","contentUrl":"https:\/\/www.ecolife.bio\/wp-content\/uploads\/2022\/03\/ecolife_logo_final.png","width":500,"height":500,"caption":"ECOlife.bio"},"image":{"@id":"https:\/\/www.ecolife.bio\/#\/schema\/logo\/image\/"}}]}},"_links":{"self":[{"href":"https:\/\/www.ecolife.bio\/hu\/wp-json\/wp\/v2\/product\/251","targetHints":{"allow":["GET"]}}],"collection":[{"href":"https:\/\/www.ecolife.bio\/hu\/wp-json\/wp\/v2\/product"}],"about":[{"href":"https:\/\/www.ecolife.bio\/hu\/wp-json\/wp\/v2\/types\/product"}],"replies":[{"embeddable":true,"href":"https:\/\/www.ecolife.bio\/hu\/wp-json\/wp\/v2\/comments?post=251"}],"wp:featuredmedia":[{"embeddable":true,"href":"https:\/\/www.ecolife.bio\/hu\/wp-json\/wp\/v2\/media\/502"}],"wp:attachment":[{"href":"https:\/\/www.ecolife.bio\/hu\/wp-json\/wp\/v2\/media?parent=251"}],"wp:term":[{"taxonomy":"product_brand","embeddable":true,"href":"https:\/\/www.ecolife.bio\/hu\/wp-json\/wp\/v2\/product_brand?post=251"},{"taxonomy":"product_cat","embeddable":true,"href":"https:\/\/www.ecolife.bio\/hu\/wp-json\/wp\/v2\/product_cat?post=251"},{"taxonomy":"product_tag","embeddable":true,"href":"https:\/\/www.ecolife.bio\/hu\/wp-json\/wp\/v2\/product_tag?post=251"}],"curies":[{"name":"wp","href":"https:\/\/api.w.org\/{rel}","templated":true}]}}