{"id":252,"date":"2022-04-03T13:54:05","date_gmt":"2022-04-03T12:54:05","guid":{"rendered":"https:\/\/www.ecolife.bio\/?post_type=product&#038;p=252"},"modified":"2026-03-25T02:04:29","modified_gmt":"2026-03-25T00:04:29","slug":"probacsomag-ecolife-oko-gepi-mosogato-es-oblito-2-az-1-ben-altalanos-tisztitoszer-ablaktisztito","status":"publish","type":"product","link":"https:\/\/www.ecolife.bio\/hu\/prod\/probacsomag-ecolife-oko-gepi-mosogato-es-oblito-2-az-1-ben-altalanos-tisztitoszer-ablaktisztito\/","title":{"rendered":"MINDENNAPI CSOMAGVARI\u00c1CI\u00d3K  I.         Univerz\u00e1lis tiszt\u00edt\u00f3szer (1L)           G\u00e9pi mosogat\u00e1s (1L)   Ablaktiszt\u00edt\u00e1s (0,75L)"},"content":{"rendered":"<h3 data-start=\"0\" data-end=\"118\"><strong data-start=\"0\" data-end=\"118\">ECOlife &#8211; MINDENNAPI csomagvari\u00e1ci\u00f3k I.\u00a0 <\/strong><\/h3>\n<h4 data-start=\"0\" data-end=\"118\"><strong data-start=\"0\" data-end=\"118\">T<span style=\"font-size: 100%;\">iszt\u00edt\u00f3szercsomag \u2013 ragyog\u00f3 ed\u00e9nyek, cs\u00edkmentes fel\u00fcletek \u00e9s tiszta \u00fcvegfel\u00fcletek egyetlen, gazdas\u00e1gos csomagban<\/span><\/strong><\/h4>\n<p data-start=\"120\" data-end=\"580\">Ez a <strong data-start=\"125\" data-end=\"164\">h\u00e1rom term\u00e9kb\u0151l \u00e1ll\u00f3 ECOlife csomag<\/strong> a <strong data-start=\"167\" data-end=\"188\">konyhai mosogat\u00e1s<\/strong>, a <strong data-start=\"192\" data-end=\"223\">mindennapi fel\u00fclettiszt\u00edt\u00e1s<\/strong> \u00e9s az <strong data-start=\"230\" data-end=\"257\">\u00fcvegfel\u00fcletek ragyog\u00e1sa<\/strong> ter\u00e9n k\u00edn\u00e1l <strong data-start=\"270\" data-end=\"308\">hat\u00e9kony, k\u00f6rnyezetbar\u00e1t megold\u00e1st<\/strong>. A csomagban tal\u00e1lhat\u00f3 <strong data-start=\"332\" data-end=\"373\">g\u00e9pi mosogat\u00f3szer + \u00f6bl\u00edt\u0151 2 az 1-ben<\/strong>, <strong data-start=\"375\" data-end=\"403\">univerz\u00e1lis tiszt\u00edt\u00f3szer<\/strong> \u00e9s <strong data-start=\"407\" data-end=\"428\">\u00f6ko ablaktiszt\u00edt\u00f3<\/strong> egy\u00fctt biztos\u00edtj\u00e1k a <strong data-start=\"450\" data-end=\"472\">csillog\u00f3 ed\u00e9nyeket<\/strong>, a <strong data-start=\"476\" data-end=\"502\">cs\u00edkmentes fel\u00fcleteket<\/strong> \u00e9s a <strong data-start=\"508\" data-end=\"529\">ragyog\u00f3 ablakokat<\/strong> \u2013 egyetlen, <strong data-start=\"542\" data-end=\"579\">gazdas\u00e1gos tiszt\u00edt\u00f3szer csomagban<\/strong>.<\/p>\n<p data-start=\"582\" data-end=\"816\">Mindh\u00e1rom term\u00e9k <strong data-start=\"599\" data-end=\"632\">n\u00f6v\u00e9nyi alapanyagokb\u00f3l k\u00e9sz\u00fcl<\/strong>, <strong data-start=\"634\" data-end=\"662\">szulf\u00e1tmentes formul\u00e1val<\/strong>, <strong data-start=\"664\" data-end=\"700\">\u00e1llati eredet\u0171 \u00f6sszetev\u0151k n\u00e9lk\u00fcl<\/strong>, \u00e9s <strong data-start=\"705\" data-end=\"740\">\u00fajrahasznos\u00edthat\u00f3 csomagol\u00e1sban<\/strong> \u00e9rkezik. Ide\u00e1lis v\u00e1laszt\u00e1s a <strong data-start=\"770\" data-end=\"807\">tudatos, k\u00f6rnyezetbar\u00e1t h\u00e1ztart\u00e1s<\/strong> sz\u00e1m\u00e1ra.<\/p>\n<h3 data-start=\"818\" data-end=\"845\"><strong data-start=\"818\" data-end=\"845\">Mit tartalmaz a csomag?<\/strong><\/h3>\n<p data-start=\"847\" data-end=\"1187\"><strong data-start=\"847\" data-end=\"900\">ECOlife \u00f6ko G\u00e9pi mosogat\u00f3szer + \u00f6bl\u00edt\u0151 2 az 1-ben<\/strong><\/p>\n<ul>\n<li data-start=\"847\" data-end=\"1187\"><strong data-start=\"903\" data-end=\"925\">Hat\u00e9kony zs\u00edrold\u00e1s<\/strong> \u00e9s <strong data-start=\"929\" data-end=\"962\">cseppmentes, csillog\u00f3 ed\u00e9nyek<\/strong> egyetlen term\u00e9kkel. K\u00f6zel semleges pH-j\u00fa formula, amely k\u00edm\u00e9li az \u00fcvegfel\u00fcleteket, mik\u00f6zben a mosogat\u00f3g\u00e9p <strong data-start=\"1069\" data-end=\"1093\">tiszta \u00e9s szagmentes<\/strong> marad. Egy flakon ak\u00e1r <strong data-start=\"1117\" data-end=\"1144\">40 mosogat\u00e1sra elegend\u0151<\/strong>, \u00edgy kifejezetten <strong data-start=\"1163\" data-end=\"1186\">gazdas\u00e1gos megold\u00e1s<\/strong>.<\/li>\n<\/ul>\n<p data-start=\"1189\" data-end=\"1445\"><strong data-start=\"1189\" data-end=\"1229\">ECOlife \u00f6ko Univerz\u00e1lis tiszt\u00edt\u00f3szer<\/strong><\/p>\n<ul>\n<li data-start=\"1189\" data-end=\"1445\"><strong data-start=\"1232\" data-end=\"1269\">Cs\u00edkmentes, univerz\u00e1lis tiszt\u00edt\u00e1s<\/strong> szinte minden <strong data-start=\"1284\" data-end=\"1316\">konyhai \u00e9s otthoni fel\u00fcleten<\/strong>. Ide\u00e1lis <strong data-start=\"1326\" data-end=\"1337\">padl\u00f3ra<\/strong>, <strong data-start=\"1339\" data-end=\"1351\">csemp\u00e9re<\/strong>, <strong data-start=\"1353\" data-end=\"1369\">munkalapokra<\/strong> \u00e9s m\u00e1s fel\u00fcletekre, ahol <strong data-start=\"1395\" data-end=\"1432\">gyors, k\u00f6rnyezetbar\u00e1t tisztas\u00e1gra<\/strong> van sz\u00fcks\u00e9g.<\/li>\n<\/ul>\n<p data-start=\"1447\" data-end=\"1693\"><strong data-start=\"1447\" data-end=\"1476\">ECOlife \u00f6ko Ablaktiszt\u00edt\u00f3<\/strong><\/p>\n<ul>\n<li data-start=\"1447\" data-end=\"1693\"><strong data-start=\"1479\" data-end=\"1496\">Szulf\u00e1tmentes<\/strong>, n\u00f6v\u00e9nyi alap\u00fa tiszt\u00edt\u00f3szer, amely <strong data-start=\"1532\" data-end=\"1556\">cs\u00edkmentes ragyog\u00e1st<\/strong> biztos\u00edt az <strong data-start=\"1569\" data-end=\"1582\">ablakokon<\/strong>, <strong data-start=\"1584\" data-end=\"1596\">t\u00fckr\u00f6k\u00f6n<\/strong> \u00e9s m\u00e1s <strong data-start=\"1604\" data-end=\"1623\">\u00fcvegfel\u00fcleteken<\/strong>. Gyorsan sz\u00e1rad, \u00e9s <strong data-start=\"1644\" data-end=\"1677\">ragyog\u00f3, foltmentes fel\u00fcletet<\/strong> hagy maga ut\u00e1n.<\/li>\n<\/ul>\n<h3 data-start=\"1695\" data-end=\"1876\"><strong data-start=\"1695\" data-end=\"1706\">Fontos:<\/strong><\/h3>\n<p data-start=\"1695\" data-end=\"1876\">Az egyes term\u00e9kek <strong data-start=\"1727\" data-end=\"1765\">r\u00e9szletes felhaszn\u00e1l\u00e1si \u00fatmutat\u00f3ja<\/strong> \u00e9s <strong data-start=\"1769\" data-end=\"1794\">adagol\u00e1si inform\u00e1ci\u00f3i<\/strong> k\u00fcl\u00f6n-k\u00fcl\u00f6n, az adott term\u00e9k <strong data-start=\"1824\" data-end=\"1860\">1 darabos kiszerel\u00e9s\u00e9nek oldal\u00e1n<\/strong> tal\u00e1lhat\u00f3k meg.<\/p>\n","protected":false},"excerpt":{"rendered":"<div class=\"checkmarkLIdark\" style=\"margin-left: -1.3em;\">\n<h4><span style=\"font-size: 110%;\"><strong data-start=\"0\" data-end=\"27\">Mi\u00e9rt \u00e9ri meg a pr\u00f3b\u00e1t?<\/strong><\/span><\/h4>\n<ul>\n<li><span style=\"font-size: 105%;\">H\u00e1rom <strong data-start=\"37\" data-end=\"63\">mindennapi alapfeladat<\/strong> <strong data-start=\"64\" data-end=\"104\">gazdas\u00e1gos, k\u00f6rnyezetbar\u00e1t megold\u00e1sa<\/strong>, egyetlen csomagban!<\/span><\/li>\n<li data-start=\"512\" data-end=\"688\"><span style=\"font-size: 90%; color: #008000;\">A <strong data-start=\"514\" data-end=\"535\">ragyog\u00f3 tisztas\u00e1g<\/strong> eredm\u00e9ny\u00e9t az <strong data-start=\"550\" data-end=\"572\">ECOlife min\u0151s\u00edtett<\/strong>, <strong data-start=\"574\" data-end=\"588\">bevizsg\u00e1lt<\/strong>, <strong data-start=\"590\" data-end=\"629\">GREEN Brand Slovakia tan\u00fas\u00edtv\u00e1nnyal<\/strong> rendelkez\u0151, <strong data-start=\"642\" data-end=\"675\">k\u00f6rnyezetbar\u00e1t tiszt\u00edt\u00f3szerek<\/strong> garant\u00e1lj\u00e1k.<\/span><\/li>\n<\/ul>\n<\/div>\n<p>&nbsp;<\/p>\n","protected":false},"featured_media":498,"comment_status":"open","ping_status":"closed","template":"","meta":[],"product_brand":[],"product_cat":[26,15],"product_tag":[25,24,21,20],"class_list":{"0":"post-252","1":"product","2":"type-product","3":"status-publish","4":"has-post-thumbnail","6":"product_cat-probacsomagok","7":"product_cat-termekek","8":"product_tag-ablaktisztito","9":"product_tag-mosogatoszer","10":"product_tag-oblito","11":"product_tag-tisztitoszer","13":"first","14":"instock","15":"sale","16":"taxable","17":"shipping-taxable","18":"purchasable","19":"product-type-simple"},"yoast_head":"<!-- This site is optimized with the Yoast SEO plugin v26.8 - https:\/\/yoast.com\/product\/yoast-seo-wordpress\/ -->\n<title>MINDENNAPI CSOMAGVARI\u00c1CI\u00d3K I.     Univerz\u00e1lis tiszt\u00edt\u00f3szer (1L)      G\u00e9pi mosogat\u00e1s (1L)  Ablaktiszt\u00edt\u00e1s (0,75L) - EcoLIFE<\/title>\n<meta name=\"description\" content=\"Fedezze fel a biztons\u00e1gos, mindennapi vegyszermentes tisztas\u00e1got! 3 darabos \u00f6ko v\u00e1logat\u00e1s: g\u00e9pi mosogat\u00f3 g\u00e9l \u00f6bl\u00edt\u0151vel, univerz\u00e1lis tiszt\u00edt\u00f3 \u00e9s ablaktiszt\u00edt\u00f3 toxinok n\u00e9lk\u00fcl.\" \/>\n<meta name=\"robots\" content=\"index, follow, max-snippet:-1, max-image-preview:large, max-video-preview:-1\" \/>\n<link rel=\"canonical\" href=\"https:\/\/www.ecolife.bio\/hu\/prod\/probacsomag-ecolife-oko-gepi-mosogato-es-oblito-2-az-1-ben-altalanos-tisztitoszer-ablaktisztito\/\" \/>\n<meta property=\"og:locale\" content=\"hu_HU\" \/>\n<meta property=\"og:type\" content=\"article\" \/>\n<meta property=\"og:title\" content=\"MINDENNAPI CSOMAGVARI\u00c1CI\u00d3K I.     Univerz\u00e1lis tiszt\u00edt\u00f3szer (1L)      G\u00e9pi mosogat\u00e1s (1L)  Ablaktiszt\u00edt\u00e1s (0,75L) - EcoLIFE\" \/>\n<meta property=\"og:description\" content=\"Fedezze fel a biztons\u00e1gos, mindennapi vegyszermentes tisztas\u00e1got! 3 darabos \u00f6ko v\u00e1logat\u00e1s: g\u00e9pi mosogat\u00f3 g\u00e9l \u00f6bl\u00edt\u0151vel, univerz\u00e1lis tiszt\u00edt\u00f3 \u00e9s ablaktiszt\u00edt\u00f3 toxinok n\u00e9lk\u00fcl.\" \/>\n<meta property=\"og:url\" content=\"https:\/\/www.ecolife.bio\/hu\/prod\/probacsomag-ecolife-oko-gepi-mosogato-es-oblito-2-az-1-ben-altalanos-tisztitoszer-ablaktisztito\/\" \/>\n<meta property=\"og:site_name\" content=\"EcoLIFE\" \/>\n<meta property=\"article:modified_time\" content=\"2026-03-25T00:04:29+00:00\" \/>\n<meta property=\"og:image\" content=\"https:\/\/www.ecolife.bio\/wp-content\/uploads\/2022\/04\/univerzalny_cistic_umyvacka.jpg\" \/>\n\t<meta property=\"og:image:width\" content=\"1000\" \/>\n\t<meta property=\"og:image:height\" content=\"1000\" \/>\n\t<meta property=\"og:image:type\" content=\"image\/jpeg\" \/>\n<meta name=\"twitter:card\" content=\"summary_large_image\" \/>\n<meta name=\"twitter:label1\" content=\"Becs\u00fclt olvas\u00e1si id\u0151\" \/>\n\t<meta name=\"twitter:data1\" content=\"2 perc\" \/>\n<script type=\"application\/ld+json\" class=\"yoast-schema-graph\">{\"@context\":\"https:\/\/schema.org\",\"@graph\":[{\"@type\":\"WebPage\",\"@id\":\"https:\/\/www.ecolife.bio\/hu\/prod\/probacsomag-ecolife-oko-gepi-mosogato-es-oblito-2-az-1-ben-altalanos-tisztitoszer-ablaktisztito\/\",\"url\":\"https:\/\/www.ecolife.bio\/hu\/prod\/probacsomag-ecolife-oko-gepi-mosogato-es-oblito-2-az-1-ben-altalanos-tisztitoszer-ablaktisztito\/\",\"name\":\"MINDENNAPI CSOMAGVARI\u00c1CI\u00d3K I. Univerz\u00e1lis tiszt\u00edt\u00f3szer (1L) G\u00e9pi mosogat\u00e1s (1L) Ablaktiszt\u00edt\u00e1s (0,75L) - EcoLIFE\",\"isPartOf\":{\"@id\":\"https:\/\/www.ecolife.bio\/#website\"},\"primaryImageOfPage\":{\"@id\":\"https:\/\/www.ecolife.bio\/hu\/prod\/probacsomag-ecolife-oko-gepi-mosogato-es-oblito-2-az-1-ben-altalanos-tisztitoszer-ablaktisztito\/#primaryimage\"},\"image\":{\"@id\":\"https:\/\/www.ecolife.bio\/hu\/prod\/probacsomag-ecolife-oko-gepi-mosogato-es-oblito-2-az-1-ben-altalanos-tisztitoszer-ablaktisztito\/#primaryimage\"},\"thumbnailUrl\":\"https:\/\/escbfekz6y3.exactdn.com\/wp-content\/uploads\/2022\/04\/univerzalny_cistic_umyvacka.jpg?strip=all\",\"datePublished\":\"2022-04-03T12:54:05+00:00\",\"dateModified\":\"2026-03-25T00:04:29+00:00\",\"description\":\"Fedezze fel a biztons\u00e1gos, mindennapi vegyszermentes tisztas\u00e1got! 3 darabos \u00f6ko v\u00e1logat\u00e1s: g\u00e9pi mosogat\u00f3 g\u00e9l \u00f6bl\u00edt\u0151vel, univerz\u00e1lis tiszt\u00edt\u00f3 \u00e9s ablaktiszt\u00edt\u00f3 toxinok n\u00e9lk\u00fcl.\",\"breadcrumb\":{\"@id\":\"https:\/\/www.ecolife.bio\/hu\/prod\/probacsomag-ecolife-oko-gepi-mosogato-es-oblito-2-az-1-ben-altalanos-tisztitoszer-ablaktisztito\/#breadcrumb\"},\"inLanguage\":\"hu\",\"potentialAction\":[{\"@type\":\"ReadAction\",\"target\":[\"https:\/\/www.ecolife.bio\/hu\/prod\/probacsomag-ecolife-oko-gepi-mosogato-es-oblito-2-az-1-ben-altalanos-tisztitoszer-ablaktisztito\/\"]}]},{\"@type\":\"ImageObject\",\"inLanguage\":\"hu\",\"@id\":\"https:\/\/www.ecolife.bio\/hu\/prod\/probacsomag-ecolife-oko-gepi-mosogato-es-oblito-2-az-1-ben-altalanos-tisztitoszer-ablaktisztito\/#primaryimage\",\"url\":\"https:\/\/escbfekz6y3.exactdn.com\/wp-content\/uploads\/2022\/04\/univerzalny_cistic_umyvacka.jpg?strip=all\",\"contentUrl\":\"https:\/\/escbfekz6y3.exactdn.com\/wp-content\/uploads\/2022\/04\/univerzalny_cistic_umyvacka.jpg?strip=all\",\"width\":1000,\"height\":1000,\"caption\":\"G\u00e9pi mosogat\u00f3 \u00e9s obl\u00edt\u0151, \u00e1ltal\u00e1nos tiszt\u00edt\u00f3szer, ablaktiszt\u00edt\u00f3\"},{\"@type\":\"BreadcrumbList\",\"@id\":\"https:\/\/www.ecolife.bio\/hu\/prod\/probacsomag-ecolife-oko-gepi-mosogato-es-oblito-2-az-1-ben-altalanos-tisztitoszer-ablaktisztito\/#breadcrumb\",\"itemListElement\":[{\"@type\":\"ListItem\",\"position\":1,\"name\":\"Domovsk\u00e1 str\u00e1nka\",\"item\":\"https:\/\/www.ecolife.bio\/hu\/\"},{\"@type\":\"ListItem\",\"position\":2,\"name\":\"\u00dczlet\",\"item\":\"https:\/\/www.ecolife.bio\/obchod\/\"},{\"@type\":\"ListItem\",\"position\":3,\"name\":\"MINDENNAPI CSOMAGVARI\u00c1CI\u00d3K I. Univerz\u00e1lis tiszt\u00edt\u00f3szer (1L) G\u00e9pi mosogat\u00e1s (1L) Ablaktiszt\u00edt\u00e1s (0,75L)\"}]},{\"@type\":\"WebSite\",\"@id\":\"https:\/\/www.ecolife.bio\/#website\",\"url\":\"https:\/\/www.ecolife.bio\/\",\"name\":\"EcoLIFE\",\"description\":\"For an Eco-Friendly Planet\",\"publisher\":{\"@id\":\"https:\/\/www.ecolife.bio\/#organization\"},\"potentialAction\":[{\"@type\":\"SearchAction\",\"target\":{\"@type\":\"EntryPoint\",\"urlTemplate\":\"https:\/\/www.ecolife.bio\/?s={search_term_string}\"},\"query-input\":{\"@type\":\"PropertyValueSpecification\",\"valueRequired\":true,\"valueName\":\"search_term_string\"}}],\"inLanguage\":\"hu\"},{\"@type\":\"Organization\",\"@id\":\"https:\/\/www.ecolife.bio\/#organization\",\"name\":\"ECOlife.bio\",\"url\":\"https:\/\/www.ecolife.bio\/\",\"logo\":{\"@type\":\"ImageObject\",\"inLanguage\":\"hu\",\"@id\":\"https:\/\/www.ecolife.bio\/#\/schema\/logo\/image\/\",\"url\":\"https:\/\/www.ecolife.bio\/wp-content\/uploads\/2022\/03\/ecolife_logo_final.png\",\"contentUrl\":\"https:\/\/www.ecolife.bio\/wp-content\/uploads\/2022\/03\/ecolife_logo_final.png\",\"width\":500,\"height\":500,\"caption\":\"ECOlife.bio\"},\"image\":{\"@id\":\"https:\/\/www.ecolife.bio\/#\/schema\/logo\/image\/\"}}]}<\/script>\n<!-- \/ Yoast SEO plugin. -->","yoast_head_json":{"title":"MINDENNAPI CSOMAGVARI\u00c1CI\u00d3K I.     Univerz\u00e1lis tiszt\u00edt\u00f3szer (1L)      G\u00e9pi mosogat\u00e1s (1L)  Ablaktiszt\u00edt\u00e1s (0,75L) - EcoLIFE","description":"Fedezze fel a biztons\u00e1gos, mindennapi vegyszermentes tisztas\u00e1got! 3 darabos \u00f6ko v\u00e1logat\u00e1s: g\u00e9pi mosogat\u00f3 g\u00e9l \u00f6bl\u00edt\u0151vel, univerz\u00e1lis tiszt\u00edt\u00f3 \u00e9s ablaktiszt\u00edt\u00f3 toxinok n\u00e9lk\u00fcl.","robots":{"index":"index","follow":"follow","max-snippet":"max-snippet:-1","max-image-preview":"max-image-preview:large","max-video-preview":"max-video-preview:-1"},"canonical":"https:\/\/www.ecolife.bio\/hu\/prod\/probacsomag-ecolife-oko-gepi-mosogato-es-oblito-2-az-1-ben-altalanos-tisztitoszer-ablaktisztito\/","og_locale":"hu_HU","og_type":"article","og_title":"MINDENNAPI CSOMAGVARI\u00c1CI\u00d3K I.     Univerz\u00e1lis tiszt\u00edt\u00f3szer (1L)      G\u00e9pi mosogat\u00e1s (1L)  Ablaktiszt\u00edt\u00e1s (0,75L) - EcoLIFE","og_description":"Fedezze fel a biztons\u00e1gos, mindennapi vegyszermentes tisztas\u00e1got! 3 darabos \u00f6ko v\u00e1logat\u00e1s: g\u00e9pi mosogat\u00f3 g\u00e9l \u00f6bl\u00edt\u0151vel, univerz\u00e1lis tiszt\u00edt\u00f3 \u00e9s ablaktiszt\u00edt\u00f3 toxinok n\u00e9lk\u00fcl.","og_url":"https:\/\/www.ecolife.bio\/hu\/prod\/probacsomag-ecolife-oko-gepi-mosogato-es-oblito-2-az-1-ben-altalanos-tisztitoszer-ablaktisztito\/","og_site_name":"EcoLIFE","article_modified_time":"2026-03-25T00:04:29+00:00","og_image":[{"width":1000,"height":1000,"url":"https:\/\/www.ecolife.bio\/wp-content\/uploads\/2022\/04\/univerzalny_cistic_umyvacka.jpg","type":"image\/jpeg"}],"twitter_card":"summary_large_image","twitter_misc":{"Becs\u00fclt olvas\u00e1si id\u0151":"2 perc"},"schema":{"@context":"https:\/\/schema.org","@graph":[{"@type":"WebPage","@id":"https:\/\/www.ecolife.bio\/hu\/prod\/probacsomag-ecolife-oko-gepi-mosogato-es-oblito-2-az-1-ben-altalanos-tisztitoszer-ablaktisztito\/","url":"https:\/\/www.ecolife.bio\/hu\/prod\/probacsomag-ecolife-oko-gepi-mosogato-es-oblito-2-az-1-ben-altalanos-tisztitoszer-ablaktisztito\/","name":"MINDENNAPI CSOMAGVARI\u00c1CI\u00d3K I. Univerz\u00e1lis tiszt\u00edt\u00f3szer (1L) G\u00e9pi mosogat\u00e1s (1L) Ablaktiszt\u00edt\u00e1s (0,75L) - EcoLIFE","isPartOf":{"@id":"https:\/\/www.ecolife.bio\/#website"},"primaryImageOfPage":{"@id":"https:\/\/www.ecolife.bio\/hu\/prod\/probacsomag-ecolife-oko-gepi-mosogato-es-oblito-2-az-1-ben-altalanos-tisztitoszer-ablaktisztito\/#primaryimage"},"image":{"@id":"https:\/\/www.ecolife.bio\/hu\/prod\/probacsomag-ecolife-oko-gepi-mosogato-es-oblito-2-az-1-ben-altalanos-tisztitoszer-ablaktisztito\/#primaryimage"},"thumbnailUrl":"https:\/\/escbfekz6y3.exactdn.com\/wp-content\/uploads\/2022\/04\/univerzalny_cistic_umyvacka.jpg?strip=all","datePublished":"2022-04-03T12:54:05+00:00","dateModified":"2026-03-25T00:04:29+00:00","description":"Fedezze fel a biztons\u00e1gos, mindennapi vegyszermentes tisztas\u00e1got! 3 darabos \u00f6ko v\u00e1logat\u00e1s: g\u00e9pi mosogat\u00f3 g\u00e9l \u00f6bl\u00edt\u0151vel, univerz\u00e1lis tiszt\u00edt\u00f3 \u00e9s ablaktiszt\u00edt\u00f3 toxinok n\u00e9lk\u00fcl.","breadcrumb":{"@id":"https:\/\/www.ecolife.bio\/hu\/prod\/probacsomag-ecolife-oko-gepi-mosogato-es-oblito-2-az-1-ben-altalanos-tisztitoszer-ablaktisztito\/#breadcrumb"},"inLanguage":"hu","potentialAction":[{"@type":"ReadAction","target":["https:\/\/www.ecolife.bio\/hu\/prod\/probacsomag-ecolife-oko-gepi-mosogato-es-oblito-2-az-1-ben-altalanos-tisztitoszer-ablaktisztito\/"]}]},{"@type":"ImageObject","inLanguage":"hu","@id":"https:\/\/www.ecolife.bio\/hu\/prod\/probacsomag-ecolife-oko-gepi-mosogato-es-oblito-2-az-1-ben-altalanos-tisztitoszer-ablaktisztito\/#primaryimage","url":"https:\/\/escbfekz6y3.exactdn.com\/wp-content\/uploads\/2022\/04\/univerzalny_cistic_umyvacka.jpg?strip=all","contentUrl":"https:\/\/escbfekz6y3.exactdn.com\/wp-content\/uploads\/2022\/04\/univerzalny_cistic_umyvacka.jpg?strip=all","width":1000,"height":1000,"caption":"G\u00e9pi mosogat\u00f3 \u00e9s obl\u00edt\u0151, \u00e1ltal\u00e1nos tiszt\u00edt\u00f3szer, ablaktiszt\u00edt\u00f3"},{"@type":"BreadcrumbList","@id":"https:\/\/www.ecolife.bio\/hu\/prod\/probacsomag-ecolife-oko-gepi-mosogato-es-oblito-2-az-1-ben-altalanos-tisztitoszer-ablaktisztito\/#breadcrumb","itemListElement":[{"@type":"ListItem","position":1,"name":"Domovsk\u00e1 str\u00e1nka","item":"https:\/\/www.ecolife.bio\/hu\/"},{"@type":"ListItem","position":2,"name":"\u00dczlet","item":"https:\/\/www.ecolife.bio\/obchod\/"},{"@type":"ListItem","position":3,"name":"MINDENNAPI CSOMAGVARI\u00c1CI\u00d3K I. Univerz\u00e1lis tiszt\u00edt\u00f3szer (1L) G\u00e9pi mosogat\u00e1s (1L) Ablaktiszt\u00edt\u00e1s (0,75L)"}]},{"@type":"WebSite","@id":"https:\/\/www.ecolife.bio\/#website","url":"https:\/\/www.ecolife.bio\/","name":"EcoLIFE","description":"For an Eco-Friendly Planet","publisher":{"@id":"https:\/\/www.ecolife.bio\/#organization"},"potentialAction":[{"@type":"SearchAction","target":{"@type":"EntryPoint","urlTemplate":"https:\/\/www.ecolife.bio\/?s={search_term_string}"},"query-input":{"@type":"PropertyValueSpecification","valueRequired":true,"valueName":"search_term_string"}}],"inLanguage":"hu"},{"@type":"Organization","@id":"https:\/\/www.ecolife.bio\/#organization","name":"ECOlife.bio","url":"https:\/\/www.ecolife.bio\/","logo":{"@type":"ImageObject","inLanguage":"hu","@id":"https:\/\/www.ecolife.bio\/#\/schema\/logo\/image\/","url":"https:\/\/www.ecolife.bio\/wp-content\/uploads\/2022\/03\/ecolife_logo_final.png","contentUrl":"https:\/\/www.ecolife.bio\/wp-content\/uploads\/2022\/03\/ecolife_logo_final.png","width":500,"height":500,"caption":"ECOlife.bio"},"image":{"@id":"https:\/\/www.ecolife.bio\/#\/schema\/logo\/image\/"}}]}},"_links":{"self":[{"href":"https:\/\/www.ecolife.bio\/hu\/wp-json\/wp\/v2\/product\/252","targetHints":{"allow":["GET"]}}],"collection":[{"href":"https:\/\/www.ecolife.bio\/hu\/wp-json\/wp\/v2\/product"}],"about":[{"href":"https:\/\/www.ecolife.bio\/hu\/wp-json\/wp\/v2\/types\/product"}],"replies":[{"embeddable":true,"href":"https:\/\/www.ecolife.bio\/hu\/wp-json\/wp\/v2\/comments?post=252"}],"wp:featuredmedia":[{"embeddable":true,"href":"https:\/\/www.ecolife.bio\/hu\/wp-json\/wp\/v2\/media\/498"}],"wp:attachment":[{"href":"https:\/\/www.ecolife.bio\/hu\/wp-json\/wp\/v2\/media?parent=252"}],"wp:term":[{"taxonomy":"product_brand","embeddable":true,"href":"https:\/\/www.ecolife.bio\/hu\/wp-json\/wp\/v2\/product_brand?post=252"},{"taxonomy":"product_cat","embeddable":true,"href":"https:\/\/www.ecolife.bio\/hu\/wp-json\/wp\/v2\/product_cat?post=252"},{"taxonomy":"product_tag","embeddable":true,"href":"https:\/\/www.ecolife.bio\/hu\/wp-json\/wp\/v2\/product_tag?post=252"}],"curies":[{"name":"wp","href":"https:\/\/api.w.org\/{rel}","templated":true}]}}