{"id":263,"date":"2022-04-11T14:34:33","date_gmt":"2022-04-11T12:34:33","guid":{"rendered":"https:\/\/www.ecolife.bio\/?post_type=product&#038;p=263"},"modified":"2026-04-23T10:49:49","modified_gmt":"2026-04-23T08:49:49","slug":"probacsomag-ecolife-oko-mososzer-es-oblito-2-az-1-ben-1l-ablaktisztito-075l-vizkooldo-es-tisztitoszer-075l","status":"publish","type":"product","link":"https:\/\/www.ecolife.bio\/hu\/prod\/probacsomag-ecolife-oko-mososzer-es-oblito-2-az-1-ben-1l-ablaktisztito-075l-vizkooldo-es-tisztitoszer-075l\/","title":{"rendered":"MINDENNAPI csomagvari\u00e1ci\u00f3k IV.     Mos\u00e1s  &#8211;  V\u00edzk\u0151old\u00e1s      Ablaktiszt\u00edt\u00e1s"},"content":{"rendered":"<p data-start=\"228\" data-end=\"342\"><strong data-start=\"228\" data-end=\"342\">ECOlife \u2013 MINDENNAPI csomagvari\u00e1ci\u00f3k IV. \u2013 k\u00f6rnyezetbar\u00e1t tisztas\u00e1g a ruh\u00e1kon, az ablakokon \u00e9s a f\u00fcrd\u0151szob\u00e1ban<\/strong><\/p>\n<p data-start=\"344\" data-end=\"742\">Ez a h\u00e1rom term\u00e9kb\u0151l \u00e1ll\u00f3 <strong data-start=\"370\" data-end=\"388\">ECOlife csomag<\/strong> ide\u00e1lis v\u00e1laszt\u00e1s, ha szeretn\u00e9d kipr\u00f3b\u00e1lni a <strong data-start=\"434\" data-end=\"482\">k\u00f6rnyezetbar\u00e1t, term\u00e9szetes alap\u00fa takar\u00edt\u00e1st<\/strong> a h\u00e1ztart\u00e1s h\u00e1rom kulcster\u00fclet\u00e9n. A csomagban tal\u00e1lhat\u00f3 <strong data-start=\"539\" data-end=\"555\">\u00f6ko mos\u00f3szer<\/strong>, <strong data-start=\"557\" data-end=\"585\">cs\u00edkmentes ablaktiszt\u00edt\u00f3<\/strong> \u00e9s <strong data-start=\"589\" data-end=\"611\">hat\u00e9kony v\u00edzk\u0151old\u00f3<\/strong> egy\u00fctt biztos\u00edtja a <strong data-start=\"632\" data-end=\"670\">teljes, k\u00f6rnyezetbar\u00e1t tisztas\u00e1got<\/strong> a ruh\u00e1kon, az \u00fcvegfel\u00fcleteken, valamint a f\u00fcrd\u0151szob\u00e1ban \u00e9s a konyh\u00e1ban.<\/p>\n<p data-start=\"744\" data-end=\"988\">Mindh\u00e1rom term\u00e9k <strong data-start=\"761\" data-end=\"803\">n\u00f6v\u00e9nyi alapanyagokra \u00e9p\u00fcl\u0151 formul\u00e1val<\/strong> k\u00e9sz\u00fcl, <strong data-start=\"812\" data-end=\"848\">\u00e1llati eredet\u0171 \u00f6sszetev\u0151k n\u00e9lk\u00fcl<\/strong>, \u00e9s <strong data-start=\"853\" data-end=\"885\">k\u00f6rnyezetbar\u00e1t csomagol\u00e1sban<\/strong> \u00e9rkezik. Ide\u00e1lis v\u00e1laszt\u00e1s azoknak, akik <strong data-start=\"927\" data-end=\"963\">eg\u00e9szs\u00e9gtudatos, z\u00f6ld h\u00e1ztart\u00e1st<\/strong> szeretn\u00e9nek kialak\u00edtani.<\/p>\n<p data-start=\"990\" data-end=\"1017\"><strong data-start=\"990\" data-end=\"1017\">Mit tartalmaz a csomag?<\/strong><\/p>\n<p data-start=\"1019\" data-end=\"1279\"><strong data-start=\"1019\" data-end=\"1064\">ECOlife \u00f6ko Mos\u00f3szer \u00e9s \u00d6bl\u00edt\u0151 2 az 1-ben<\/strong><br data-start=\"1064\" data-end=\"1067\" \/>Hat\u00e9kony, m\u00e9gis <strong data-start=\"1083\" data-end=\"1105\">b\u0151rk\u00edm\u00e9l\u0151 mos\u00f3szer<\/strong>, amely <strong data-start=\"1113\" data-end=\"1141\">sz\u00ednes \u00e9s feh\u00e9r ruh\u00e1khoz<\/strong> is haszn\u00e1lhat\u00f3. K\u00edm\u00e9letes formul\u00e1ja seg\u00edt cs\u00f6kkenteni az <strong data-start=\"1199\" data-end=\"1215\">elsz\u00fcrk\u00fcl\u00e9st<\/strong>, \u00e9s a ruh\u00e1k mos\u00e1s ut\u00e1n <strong data-start=\"1239\" data-end=\"1257\">puh\u00e1k maradnak<\/strong>, k\u00fcl\u00f6n \u00f6bl\u00edt\u0151 n\u00e9lk\u00fcl.<\/p>\n<p data-start=\"1281\" data-end=\"1472\"><strong data-start=\"1281\" data-end=\"1310\">ECOlife \u00f6ko Ablaktiszt\u00edt\u00f3<\/strong><br data-start=\"1310\" data-end=\"1313\" \/><strong data-start=\"1313\" data-end=\"1330\">Szulf\u00e1tmentes<\/strong>, <strong data-start=\"1332\" data-end=\"1356\">biol\u00f3giailag leboml\u00f3<\/strong>, n\u00f6v\u00e9nyi alap\u00fa tiszt\u00edt\u00f3szer, amely <strong data-start=\"1392\" data-end=\"1416\">cs\u00edkmentes ragyog\u00e1st<\/strong> biztos\u00edt az ablakokon, t\u00fckr\u00f6k\u00f6n \u00e9s m\u00e1s \u00fcvegfel\u00fcleteken.<\/p>\n<p data-start=\"1474\" data-end=\"1700\"><strong data-start=\"1474\" data-end=\"1515\">ECOlife \u00f6ko V\u00edzk\u0151old\u00f3 \u00e9s tiszt\u00edt\u00f3szer<\/strong><br data-start=\"1515\" data-end=\"1518\" \/>Gyors \u00e9s hat\u00e9kony megold\u00e1s a <strong data-start=\"1547\" data-end=\"1563\">makacs v\u00edzk\u0151<\/strong> ellen a f\u00fcrd\u0151szob\u00e1ban \u00e9s a konyh\u00e1ban, mik\u00f6zben k\u00edm\u00e9li a kr\u00f3mfel\u00fcleteket. <strong data-start=\"1637\" data-end=\"1676\">Szulf\u00e1t-, foszf\u00e1t- \u00e9s halog\u00e9nmentes<\/strong>, n\u00f6v\u00e9nyi alap\u00fa formula.<\/p>\n<p data-start=\"1702\" data-end=\"1883\"><strong data-start=\"1702\" data-end=\"1713\">Fontos:<\/strong><br data-start=\"1713\" data-end=\"1716\" \/>Az egyes term\u00e9kek <strong data-start=\"1734\" data-end=\"1772\">r\u00e9szletes felhaszn\u00e1l\u00e1si \u00fatmutat\u00f3ja<\/strong> \u00e9s <strong data-start=\"1776\" data-end=\"1801\">adagol\u00e1si inform\u00e1ci\u00f3i<\/strong> k\u00fcl\u00f6n-k\u00fcl\u00f6n, az adott term\u00e9k <strong data-start=\"1831\" data-end=\"1867\">1 darabos kiszerel\u00e9s\u00e9nek oldal\u00e1n<\/strong> tal\u00e1lhat\u00f3k meg.<\/p>\n","protected":false},"excerpt":{"rendered":"<div class=\"checkmarkLIdark\" style=\"margin-left: -1.3em;\">\n<h4 data-start=\"0\" data-end=\"40\"><strong data-start=\"0\" data-end=\"38\">Mi\u00e9rt tedd pr\u00f3b\u00e1ra ezt a csomagot?<\/strong><\/h4>\n<p data-start=\"42\" data-end=\"125\"><span style=\"font-size: 85%;\">H\u00e1rom <strong data-start=\"48\" data-end=\"77\">kulcsfontoss\u00e1g\u00fa ter\u00fcleten<\/strong> pr\u00f3b\u00e1lhatod ki \u2013 \u00e9s ezzel csak <strong data-start=\"109\" data-end=\"122\">nyerhetsz<\/strong>:<\/span><\/p>\n<ul>\n<li><span style=\"font-size: 80%;\"><strong data-start=\"127\" data-end=\"139\">Mos\u00f3szer<\/strong> \u2013 <strong data-start=\"142\" data-end=\"154\">hat\u00e9kony<\/strong>, m\u00e9gis <strong data-start=\"162\" data-end=\"185\">b\u0151rk\u00edm\u00e9l\u0151 tiszt\u00edt\u00e1s<\/strong> a ruh\u00e1knak, <strong data-start=\"198\" data-end=\"215\">n\u00f6v\u00e9nyi alap\u00fa<\/strong>, <strong data-start=\"217\" data-end=\"235\" data-is-only-node=\"\">biztons\u00e1gos<\/strong>\u00a0formul\u00e1val<\/span><\/li>\n<li><span style=\"font-size: 80%;\"><strong data-start=\"249\" data-end=\"266\">Ablaktiszt\u00edt\u00f3<\/strong> \u2013 <strong data-start=\"269\" data-end=\"292\">cs\u00edkmentes ragyog\u00e1s<\/strong> az <strong data-start=\"296\" data-end=\"325\">\u00fcveg- \u00e9s t\u00fck\u00f6rfel\u00fcleteken<\/strong>, irrit\u00e1l\u00f3 illat n\u00e9lk\u00fcl<\/span><\/li>\n<li><span style=\"font-size: 80%;\"><strong data-start=\"350\" data-end=\"379\">V\u00edzk\u0151old\u00f3 \u00e9s tiszt\u00edt\u00f3szer<\/strong> \u2013 gyorsan elt\u00e1vol\u00edtja a <strong data-start=\"404\" data-end=\"423\">makacs v\u00edzk\u00f6vet<\/strong> a <strong data-start=\"426\" data-end=\"443\">f\u00fcrd\u0151szob\u00e1ban<\/strong> \u00e9s a <strong data-start=\"449\" data-end=\"462\">konyh\u00e1ban<\/strong><\/span><\/li>\n<\/ul>\n<p data-start=\"466\" data-end=\"618\"><span style=\"font-size: 85%;\">Val\u00f3di <strong data-start=\"473\" data-end=\"491\">ECOlife-\u00e9lm\u00e9ny<\/strong> els\u0151 k\u00e9zb\u0151l, <strong data-start=\"505\" data-end=\"519\">min\u0151s\u00edtett<\/strong>, <strong data-start=\"521\" data-end=\"535\">bevizsg\u00e1lt<\/strong>, <strong data-start=\"537\" data-end=\"567\">GREEN Brand tan\u00fas\u00edtv\u00e1nnyal<\/strong> rendelkez\u0151 <strong data-start=\"579\" data-end=\"615\">k\u00f6rnyezetbar\u00e1t tiszt\u00edt\u00f3szerekkel<\/strong>.<\/span><\/p>\n<p data-start=\"620\" data-end=\"680\" data-is-last-node=\"\" data-is-only-node=\"\"><span style=\"font-size: 85%;\"><strong data-start=\"620\" data-end=\"645\">Biztons\u00e1gi adatlapok:<\/strong> minden term\u00e9kn\u00e9l k\u00fcl\u00f6n el\u00e9rhet\u0151ek!<\/span><\/p>\n<\/div>\n<p>&nbsp;<\/p>\n","protected":false},"featured_media":506,"comment_status":"open","ping_status":"closed","template":"","meta":[],"product_brand":[],"product_cat":[26,15],"product_tag":[25,22,21,20,23],"class_list":{"0":"post-263","1":"product","2":"type-product","3":"status-publish","4":"has-post-thumbnail","6":"product_cat-probacsomagok","7":"product_cat-termekek","8":"product_tag-ablaktisztito","9":"product_tag-mososzer","10":"product_tag-oblito","11":"product_tag-tisztitoszer","12":"product_tag-vizkooldo","14":"first","15":"instock","16":"sale","17":"taxable","18":"shipping-taxable","19":"purchasable","20":"product-type-simple"},"yoast_head":"<!-- This site is optimized with the Yoast SEO plugin v26.8 - https:\/\/yoast.com\/product\/yoast-seo-wordpress\/ -->\n<title>MINDENNAPI csomagvari\u00e1ci\u00f3k IV.   Mos\u00e1s - V\u00edzk\u0151old\u00e1s   Ablaktiszt\u00edt\u00e1s - EcoLIFE<\/title>\n<meta name=\"description\" content=\"Fedezze fel a vegyszermentes tisztas\u00e1got! 3 darabos \u00f6ko pr\u00f3bacsomag: mos\u00f3szer \u00f6bl\u00edt\u0151vel, ablaktiszt\u00edt\u00f3 \u00e9s v\u00edzk\u0151old\u00f3 toxinok n\u00e9lk\u00fcl. Biztons\u00e1gos a csal\u00e1dnak.\" \/>\n<meta name=\"robots\" content=\"index, follow, max-snippet:-1, max-image-preview:large, max-video-preview:-1\" \/>\n<link rel=\"canonical\" href=\"https:\/\/www.ecolife.bio\/hu\/prod\/probacsomag-ecolife-oko-mososzer-es-oblito-2-az-1-ben-1l-ablaktisztito-075l-vizkooldo-es-tisztitoszer-075l\/\" \/>\n<meta property=\"og:locale\" content=\"hu_HU\" \/>\n<meta property=\"og:type\" content=\"article\" \/>\n<meta property=\"og:title\" content=\"MINDENNAPI csomagvari\u00e1ci\u00f3k IV.   Mos\u00e1s - V\u00edzk\u0151old\u00e1s   Ablaktiszt\u00edt\u00e1s - EcoLIFE\" \/>\n<meta property=\"og:description\" content=\"Fedezze fel a vegyszermentes tisztas\u00e1got! 3 darabos \u00f6ko pr\u00f3bacsomag: mos\u00f3szer \u00f6bl\u00edt\u0151vel, ablaktiszt\u00edt\u00f3 \u00e9s v\u00edzk\u0151old\u00f3 toxinok n\u00e9lk\u00fcl. Biztons\u00e1gos a csal\u00e1dnak.\" \/>\n<meta property=\"og:url\" content=\"https:\/\/www.ecolife.bio\/hu\/prod\/probacsomag-ecolife-oko-mososzer-es-oblito-2-az-1-ben-1l-ablaktisztito-075l-vizkooldo-es-tisztitoszer-075l\/\" \/>\n<meta property=\"og:site_name\" content=\"EcoLIFE\" \/>\n<meta property=\"article:modified_time\" content=\"2026-04-23T08:49:49+00:00\" \/>\n<meta property=\"og:image\" content=\"https:\/\/www.ecolife.bio\/wp-content\/uploads\/2022\/04\/praci_cistic_odstranovac.jpg\" \/>\n\t<meta property=\"og:image:width\" content=\"1000\" \/>\n\t<meta property=\"og:image:height\" content=\"1000\" \/>\n\t<meta property=\"og:image:type\" content=\"image\/jpeg\" \/>\n<meta name=\"twitter:card\" content=\"summary_large_image\" \/>\n<meta name=\"twitter:label1\" content=\"Becs\u00fclt olvas\u00e1si id\u0151\" \/>\n\t<meta name=\"twitter:data1\" content=\"2 perc\" \/>\n<script type=\"application\/ld+json\" class=\"yoast-schema-graph\">{\"@context\":\"https:\/\/schema.org\",\"@graph\":[{\"@type\":\"WebPage\",\"@id\":\"https:\/\/www.ecolife.bio\/hu\/prod\/probacsomag-ecolife-oko-mososzer-es-oblito-2-az-1-ben-1l-ablaktisztito-075l-vizkooldo-es-tisztitoszer-075l\/\",\"url\":\"https:\/\/www.ecolife.bio\/hu\/prod\/probacsomag-ecolife-oko-mososzer-es-oblito-2-az-1-ben-1l-ablaktisztito-075l-vizkooldo-es-tisztitoszer-075l\/\",\"name\":\"MINDENNAPI csomagvari\u00e1ci\u00f3k IV. Mos\u00e1s - V\u00edzk\u0151old\u00e1s Ablaktiszt\u00edt\u00e1s - EcoLIFE\",\"isPartOf\":{\"@id\":\"https:\/\/www.ecolife.bio\/#website\"},\"primaryImageOfPage\":{\"@id\":\"https:\/\/www.ecolife.bio\/hu\/prod\/probacsomag-ecolife-oko-mososzer-es-oblito-2-az-1-ben-1l-ablaktisztito-075l-vizkooldo-es-tisztitoszer-075l\/#primaryimage\"},\"image\":{\"@id\":\"https:\/\/www.ecolife.bio\/hu\/prod\/probacsomag-ecolife-oko-mososzer-es-oblito-2-az-1-ben-1l-ablaktisztito-075l-vizkooldo-es-tisztitoszer-075l\/#primaryimage\"},\"thumbnailUrl\":\"https:\/\/escbfekz6y3.exactdn.com\/wp-content\/uploads\/2022\/04\/praci_cistic_odstranovac.jpg?strip=all\",\"datePublished\":\"2022-04-11T12:34:33+00:00\",\"dateModified\":\"2026-04-23T08:49:49+00:00\",\"description\":\"Fedezze fel a vegyszermentes tisztas\u00e1got! 3 darabos \u00f6ko pr\u00f3bacsomag: mos\u00f3szer \u00f6bl\u00edt\u0151vel, ablaktiszt\u00edt\u00f3 \u00e9s v\u00edzk\u0151old\u00f3 toxinok n\u00e9lk\u00fcl. Biztons\u00e1gos a csal\u00e1dnak.\",\"breadcrumb\":{\"@id\":\"https:\/\/www.ecolife.bio\/hu\/prod\/probacsomag-ecolife-oko-mososzer-es-oblito-2-az-1-ben-1l-ablaktisztito-075l-vizkooldo-es-tisztitoszer-075l\/#breadcrumb\"},\"inLanguage\":\"hu\",\"potentialAction\":[{\"@type\":\"ReadAction\",\"target\":[\"https:\/\/www.ecolife.bio\/hu\/prod\/probacsomag-ecolife-oko-mososzer-es-oblito-2-az-1-ben-1l-ablaktisztito-075l-vizkooldo-es-tisztitoszer-075l\/\"]}]},{\"@type\":\"ImageObject\",\"inLanguage\":\"hu\",\"@id\":\"https:\/\/www.ecolife.bio\/hu\/prod\/probacsomag-ecolife-oko-mososzer-es-oblito-2-az-1-ben-1l-ablaktisztito-075l-vizkooldo-es-tisztitoszer-075l\/#primaryimage\",\"url\":\"https:\/\/escbfekz6y3.exactdn.com\/wp-content\/uploads\/2022\/04\/praci_cistic_odstranovac.jpg?strip=all\",\"contentUrl\":\"https:\/\/escbfekz6y3.exactdn.com\/wp-content\/uploads\/2022\/04\/praci_cistic_odstranovac.jpg?strip=all\",\"width\":1000,\"height\":1000,\"caption\":\"Mos\u00f3szer \u00e9s \u00f6bl\u00edt\u0151, ablaktiszt\u00edt\u00f3, v\u00edzk\u0151old\u00f3 \u00e9s tiszt\u00edt\u00f3szer\"},{\"@type\":\"BreadcrumbList\",\"@id\":\"https:\/\/www.ecolife.bio\/hu\/prod\/probacsomag-ecolife-oko-mososzer-es-oblito-2-az-1-ben-1l-ablaktisztito-075l-vizkooldo-es-tisztitoszer-075l\/#breadcrumb\",\"itemListElement\":[{\"@type\":\"ListItem\",\"position\":1,\"name\":\"Domovsk\u00e1 str\u00e1nka\",\"item\":\"https:\/\/www.ecolife.bio\/hu\/\"},{\"@type\":\"ListItem\",\"position\":2,\"name\":\"\u00dczlet\",\"item\":\"https:\/\/www.ecolife.bio\/obchod\/\"},{\"@type\":\"ListItem\",\"position\":3,\"name\":\"MINDENNAPI csomagvari\u00e1ci\u00f3k IV. Mos\u00e1s &#8211; V\u00edzk\u0151old\u00e1s Ablaktiszt\u00edt\u00e1s\"}]},{\"@type\":\"WebSite\",\"@id\":\"https:\/\/www.ecolife.bio\/#website\",\"url\":\"https:\/\/www.ecolife.bio\/\",\"name\":\"EcoLIFE\",\"description\":\"For an Eco-Friendly Planet\",\"publisher\":{\"@id\":\"https:\/\/www.ecolife.bio\/#organization\"},\"potentialAction\":[{\"@type\":\"SearchAction\",\"target\":{\"@type\":\"EntryPoint\",\"urlTemplate\":\"https:\/\/www.ecolife.bio\/?s={search_term_string}\"},\"query-input\":{\"@type\":\"PropertyValueSpecification\",\"valueRequired\":true,\"valueName\":\"search_term_string\"}}],\"inLanguage\":\"hu\"},{\"@type\":\"Organization\",\"@id\":\"https:\/\/www.ecolife.bio\/#organization\",\"name\":\"ECOlife.bio\",\"url\":\"https:\/\/www.ecolife.bio\/\",\"logo\":{\"@type\":\"ImageObject\",\"inLanguage\":\"hu\",\"@id\":\"https:\/\/www.ecolife.bio\/#\/schema\/logo\/image\/\",\"url\":\"https:\/\/escbfekz6y3.exactdn.com\/wp-content\/uploads\/2022\/03\/ecolife_logo_final.png?strip=all\",\"contentUrl\":\"https:\/\/escbfekz6y3.exactdn.com\/wp-content\/uploads\/2022\/03\/ecolife_logo_final.png?strip=all\",\"width\":500,\"height\":500,\"caption\":\"ECOlife.bio\"},\"image\":{\"@id\":\"https:\/\/www.ecolife.bio\/#\/schema\/logo\/image\/\"}}]}<\/script>\n<!-- \/ Yoast SEO plugin. -->","yoast_head_json":{"title":"MINDENNAPI csomagvari\u00e1ci\u00f3k IV.   Mos\u00e1s - V\u00edzk\u0151old\u00e1s   Ablaktiszt\u00edt\u00e1s - EcoLIFE","description":"Fedezze fel a vegyszermentes tisztas\u00e1got! 3 darabos \u00f6ko pr\u00f3bacsomag: mos\u00f3szer \u00f6bl\u00edt\u0151vel, ablaktiszt\u00edt\u00f3 \u00e9s v\u00edzk\u0151old\u00f3 toxinok n\u00e9lk\u00fcl. Biztons\u00e1gos a csal\u00e1dnak.","robots":{"index":"index","follow":"follow","max-snippet":"max-snippet:-1","max-image-preview":"max-image-preview:large","max-video-preview":"max-video-preview:-1"},"canonical":"https:\/\/www.ecolife.bio\/hu\/prod\/probacsomag-ecolife-oko-mososzer-es-oblito-2-az-1-ben-1l-ablaktisztito-075l-vizkooldo-es-tisztitoszer-075l\/","og_locale":"hu_HU","og_type":"article","og_title":"MINDENNAPI csomagvari\u00e1ci\u00f3k IV.   Mos\u00e1s - V\u00edzk\u0151old\u00e1s   Ablaktiszt\u00edt\u00e1s - EcoLIFE","og_description":"Fedezze fel a vegyszermentes tisztas\u00e1got! 3 darabos \u00f6ko pr\u00f3bacsomag: mos\u00f3szer \u00f6bl\u00edt\u0151vel, ablaktiszt\u00edt\u00f3 \u00e9s v\u00edzk\u0151old\u00f3 toxinok n\u00e9lk\u00fcl. Biztons\u00e1gos a csal\u00e1dnak.","og_url":"https:\/\/www.ecolife.bio\/hu\/prod\/probacsomag-ecolife-oko-mososzer-es-oblito-2-az-1-ben-1l-ablaktisztito-075l-vizkooldo-es-tisztitoszer-075l\/","og_site_name":"EcoLIFE","article_modified_time":"2026-04-23T08:49:49+00:00","og_image":[{"width":1000,"height":1000,"url":"https:\/\/www.ecolife.bio\/wp-content\/uploads\/2022\/04\/praci_cistic_odstranovac.jpg","type":"image\/jpeg"}],"twitter_card":"summary_large_image","twitter_misc":{"Becs\u00fclt olvas\u00e1si id\u0151":"2 perc"},"schema":{"@context":"https:\/\/schema.org","@graph":[{"@type":"WebPage","@id":"https:\/\/www.ecolife.bio\/hu\/prod\/probacsomag-ecolife-oko-mososzer-es-oblito-2-az-1-ben-1l-ablaktisztito-075l-vizkooldo-es-tisztitoszer-075l\/","url":"https:\/\/www.ecolife.bio\/hu\/prod\/probacsomag-ecolife-oko-mososzer-es-oblito-2-az-1-ben-1l-ablaktisztito-075l-vizkooldo-es-tisztitoszer-075l\/","name":"MINDENNAPI csomagvari\u00e1ci\u00f3k IV. Mos\u00e1s - V\u00edzk\u0151old\u00e1s Ablaktiszt\u00edt\u00e1s - EcoLIFE","isPartOf":{"@id":"https:\/\/www.ecolife.bio\/#website"},"primaryImageOfPage":{"@id":"https:\/\/www.ecolife.bio\/hu\/prod\/probacsomag-ecolife-oko-mososzer-es-oblito-2-az-1-ben-1l-ablaktisztito-075l-vizkooldo-es-tisztitoszer-075l\/#primaryimage"},"image":{"@id":"https:\/\/www.ecolife.bio\/hu\/prod\/probacsomag-ecolife-oko-mososzer-es-oblito-2-az-1-ben-1l-ablaktisztito-075l-vizkooldo-es-tisztitoszer-075l\/#primaryimage"},"thumbnailUrl":"https:\/\/escbfekz6y3.exactdn.com\/wp-content\/uploads\/2022\/04\/praci_cistic_odstranovac.jpg?strip=all","datePublished":"2022-04-11T12:34:33+00:00","dateModified":"2026-04-23T08:49:49+00:00","description":"Fedezze fel a vegyszermentes tisztas\u00e1got! 3 darabos \u00f6ko pr\u00f3bacsomag: mos\u00f3szer \u00f6bl\u00edt\u0151vel, ablaktiszt\u00edt\u00f3 \u00e9s v\u00edzk\u0151old\u00f3 toxinok n\u00e9lk\u00fcl. Biztons\u00e1gos a csal\u00e1dnak.","breadcrumb":{"@id":"https:\/\/www.ecolife.bio\/hu\/prod\/probacsomag-ecolife-oko-mososzer-es-oblito-2-az-1-ben-1l-ablaktisztito-075l-vizkooldo-es-tisztitoszer-075l\/#breadcrumb"},"inLanguage":"hu","potentialAction":[{"@type":"ReadAction","target":["https:\/\/www.ecolife.bio\/hu\/prod\/probacsomag-ecolife-oko-mososzer-es-oblito-2-az-1-ben-1l-ablaktisztito-075l-vizkooldo-es-tisztitoszer-075l\/"]}]},{"@type":"ImageObject","inLanguage":"hu","@id":"https:\/\/www.ecolife.bio\/hu\/prod\/probacsomag-ecolife-oko-mososzer-es-oblito-2-az-1-ben-1l-ablaktisztito-075l-vizkooldo-es-tisztitoszer-075l\/#primaryimage","url":"https:\/\/escbfekz6y3.exactdn.com\/wp-content\/uploads\/2022\/04\/praci_cistic_odstranovac.jpg?strip=all","contentUrl":"https:\/\/escbfekz6y3.exactdn.com\/wp-content\/uploads\/2022\/04\/praci_cistic_odstranovac.jpg?strip=all","width":1000,"height":1000,"caption":"Mos\u00f3szer \u00e9s \u00f6bl\u00edt\u0151, ablaktiszt\u00edt\u00f3, v\u00edzk\u0151old\u00f3 \u00e9s tiszt\u00edt\u00f3szer"},{"@type":"BreadcrumbList","@id":"https:\/\/www.ecolife.bio\/hu\/prod\/probacsomag-ecolife-oko-mososzer-es-oblito-2-az-1-ben-1l-ablaktisztito-075l-vizkooldo-es-tisztitoszer-075l\/#breadcrumb","itemListElement":[{"@type":"ListItem","position":1,"name":"Domovsk\u00e1 str\u00e1nka","item":"https:\/\/www.ecolife.bio\/hu\/"},{"@type":"ListItem","position":2,"name":"\u00dczlet","item":"https:\/\/www.ecolife.bio\/obchod\/"},{"@type":"ListItem","position":3,"name":"MINDENNAPI csomagvari\u00e1ci\u00f3k IV. Mos\u00e1s &#8211; V\u00edzk\u0151old\u00e1s Ablaktiszt\u00edt\u00e1s"}]},{"@type":"WebSite","@id":"https:\/\/www.ecolife.bio\/#website","url":"https:\/\/www.ecolife.bio\/","name":"EcoLIFE","description":"For an Eco-Friendly Planet","publisher":{"@id":"https:\/\/www.ecolife.bio\/#organization"},"potentialAction":[{"@type":"SearchAction","target":{"@type":"EntryPoint","urlTemplate":"https:\/\/www.ecolife.bio\/?s={search_term_string}"},"query-input":{"@type":"PropertyValueSpecification","valueRequired":true,"valueName":"search_term_string"}}],"inLanguage":"hu"},{"@type":"Organization","@id":"https:\/\/www.ecolife.bio\/#organization","name":"ECOlife.bio","url":"https:\/\/www.ecolife.bio\/","logo":{"@type":"ImageObject","inLanguage":"hu","@id":"https:\/\/www.ecolife.bio\/#\/schema\/logo\/image\/","url":"https:\/\/escbfekz6y3.exactdn.com\/wp-content\/uploads\/2022\/03\/ecolife_logo_final.png?strip=all","contentUrl":"https:\/\/escbfekz6y3.exactdn.com\/wp-content\/uploads\/2022\/03\/ecolife_logo_final.png?strip=all","width":500,"height":500,"caption":"ECOlife.bio"},"image":{"@id":"https:\/\/www.ecolife.bio\/#\/schema\/logo\/image\/"}}]}},"_links":{"self":[{"href":"https:\/\/www.ecolife.bio\/hu\/wp-json\/wp\/v2\/product\/263","targetHints":{"allow":["GET"]}}],"collection":[{"href":"https:\/\/www.ecolife.bio\/hu\/wp-json\/wp\/v2\/product"}],"about":[{"href":"https:\/\/www.ecolife.bio\/hu\/wp-json\/wp\/v2\/types\/product"}],"replies":[{"embeddable":true,"href":"https:\/\/www.ecolife.bio\/hu\/wp-json\/wp\/v2\/comments?post=263"}],"wp:featuredmedia":[{"embeddable":true,"href":"https:\/\/www.ecolife.bio\/hu\/wp-json\/wp\/v2\/media\/506"}],"wp:attachment":[{"href":"https:\/\/www.ecolife.bio\/hu\/wp-json\/wp\/v2\/media?parent=263"}],"wp:term":[{"taxonomy":"product_brand","embeddable":true,"href":"https:\/\/www.ecolife.bio\/hu\/wp-json\/wp\/v2\/product_brand?post=263"},{"taxonomy":"product_cat","embeddable":true,"href":"https:\/\/www.ecolife.bio\/hu\/wp-json\/wp\/v2\/product_cat?post=263"},{"taxonomy":"product_tag","embeddable":true,"href":"https:\/\/www.ecolife.bio\/hu\/wp-json\/wp\/v2\/product_tag?post=263"}],"curies":[{"name":"wp","href":"https:\/\/api.w.org\/{rel}","templated":true}]}}