{"id":3037,"date":"2024-12-01T00:01:31","date_gmt":"2024-11-30T22:01:31","guid":{"rendered":"https:\/\/www.ecolife.bio\/?post_type=product&#038;p=3037"},"modified":"2026-03-25T02:13:44","modified_gmt":"2026-03-25T00:13:44","slug":"abys-gluten-free-panirmorzsa","status":"publish","type":"product","link":"https:\/\/www.ecolife.bio\/hu\/prod\/abys-gluten-free-panirmorzsa\/","title":{"rendered":"Aby&#8217;s Gluten Free pan\u00edrmorzsa"},"content":{"rendered":"<p><strong>Aby\u2019s glut\u00e9nmentes pan\u00edrmorzsa<\/strong><br \/>\nPan\u00edrozz az Aby\u2019s glut\u00e9nmentes, toj\u00e1s- \u00e9s lakt\u00f3zmentes, valamint tart\u00f3s\u00edt\u00f3szermentes pan\u00edrmorzs\u00e1j\u00e1val. Kifejezetten pan\u00edrmorzsa k\u00e9sz\u00edt\u00e9s\u00e9hez s\u00fct\u00f6tt keny\u00e9r feldolgoz\u00e1s\u00e1val \u00e1ll\u00edtjuk el\u0151.<br \/>\n&#8211; Toj\u00e1s- \u00e9s lakt\u00f3zmentes<br \/>\n&#8211; Veg\u00e1n<br \/>\n&#8211; Tart\u00f3s\u00edt\u00f3szermentes<br \/>\n&#8211; Glut\u00e9nmentes<br \/>\n&#8211; Kifejezetten pan\u00edrmorzsa k\u00e9sz\u00edt\u00e9s\u00e9hez s\u00fct\u00f6tt keny\u00e9r feldolgoz\u00e1s\u00e1val \u00e1ll\u00edtjuk el\u0151<br \/>\n&#8211; 200g<\/p>\n<p>Az Aby\u2019s Gluten Free pan\u00edrmorzs\u00e1j\u00e1val nem kell lemondanod a bund\u00e1zott \u00e9telek \u00e9lvezet\u00e9r\u0151l! Ezzel a toj\u00e1s- \u00e9s lakt\u00f3zmentes, glut\u00e9nmentes, valamint tart\u00f3s\u00edt\u00f3szer mentes pan\u00edrmorzs\u00e1val k\u00e9sz\u00fclt \u00e9telek speci\u00e1lis \u00e9trendbe is k\u00f6nnyed\u00e9n beilleszthet\u0151k.<\/p>\n<p><strong>\u00d6sszetev\u0151k<\/strong>: kukoricapehely liszt, kukoricakem\u00e9ny\u00edt\u0151, rizsliszt, t\u00e1pi\u00f3kakem\u00e9ny\u00edt\u0151, n\u00f6v\u00e9nyi rostok (z\u00f6ldbors\u00f3, rizs, burgonya, \u00fatif\u0171), \u00e9leszt\u0151, stabiliz\u00e1tor:gliceri, dextr\u00f3z, bors\u00f3liszt, k\u00f6lesliszt, lenmagliszt, hajdinaliszt, term\u00e9szetes aroma, s\u0171r\u00edt\u0151anyag: hidroxipropil-metil-cellul\u00f3z,; ferment\u00e1lt kukoricaliszt, \u00e9tkez\u00e9si s\u00f3.<\/p>\n<p>A term\u00e9k <strong>szez\u00e1mmagot <\/strong>felhaszn\u00e1l\u00f3 \u00fczemben k\u00e9sz\u00fclt!<\/p>\n<p><strong>Lakt\u00f3ztartalom: <\/strong>&lt; 0,1g \/ 100g.<strong><br \/>\nNett\u00f3 s\u00faly:<\/strong> 200g<strong><br \/>\nT\u00e1rol\u00e1s:<\/strong> Sz\u00e1raz, h\u0171v\u00f6s helyen.<\/p>\n<p><strong><em>T\u00e1p\u00e9rt\u00e9k inform\u00e1ci\u00f3k:<\/em><\/strong><\/p>\n<p><strong>\u00c1tlagos t\u00e1p\u00e9rt\u00e9k 100g term\u00e9kben:<\/strong><\/p>\n<table style=\"height: 402px;\" width=\"574\">\n<tbody>\n<tr>\n<td>Energiatartalom<\/td>\n<td>337 kcal \/ 1428 kJ<\/td>\n<\/tr>\n<tr>\n<td>Zs\u00edr (g)<\/td>\n<td>1,1 g<\/td>\n<\/tr>\n<tr>\n<td>&#8211; amelyb\u0151l tel\u00edtett zs\u00edrsavak (g)<\/td>\n<td>0,5 g<\/td>\n<\/tr>\n<tr>\n<td>Sz\u00e9nhidr\u00e1t (g)<\/td>\n<td>72 g<\/td>\n<\/tr>\n<tr>\n<td>&#8211; amelyb\u0151l cukrok (g)<\/td>\n<td>1,4 g<\/td>\n<\/tr>\n<tr>\n<td>\u00c9lelmi rost (g)<\/td>\n<td>8,9 g<\/td>\n<\/tr>\n<tr>\n<td>Feh\u00e9rje (g)<\/td>\n<td>5,4 g<\/td>\n<\/tr>\n<tr>\n<td>S\u00f3 (g)<\/td>\n<td>1,7 g<\/td>\n<\/tr>\n<\/tbody>\n<\/table>\n","protected":false},"excerpt":{"rendered":"<p><strong>Aby\u2019s glut\u00e9nmentes pan\u00edrmorzsa<\/strong><br \/>\nPan\u00edrozz az Aby\u2019s glut\u00e9nmentes, toj\u00e1s- \u00e9s lakt\u00f3zmentes, valamint tart\u00f3s\u00edt\u00f3szermentes pan\u00edrmorzs\u00e1j\u00e1val. Kifejezetten pan\u00edrmorzsa k\u00e9sz\u00edt\u00e9s\u00e9hez s\u00fct\u00f6tt keny\u00e9r feldolgoz\u00e1s\u00e1val \u00e1ll\u00edtjuk el\u0151.<br \/>\n&#8211; Toj\u00e1s- \u00e9s lakt\u00f3zmentes<br \/>\n&#8211; Veg\u00e1n<br \/>\n&#8211; Tart\u00f3s\u00edt\u00f3szermentes<br \/>\n&#8211; Glut\u00e9nmentes<br \/>\n&#8211; Kifejezetten pan\u00edrmorzsa k\u00e9sz\u00edt\u00e9s\u00e9hez s\u00fct\u00f6tt keny\u00e9r feldolgoz\u00e1s\u00e1val \u00e1ll\u00edtjuk el\u0151<br \/>\n&#8211; 200g<\/p>\n<p>Az Aby\u2019s Gluten Free pan\u00edrmorzs\u00e1j\u00e1val nem kell lemondanod a bund\u00e1zott \u00e9telek \u00e9lvezet\u00e9r\u0151l! Ezzel a toj\u00e1s- \u00e9s lakt\u00f3zmentes, glut\u00e9nmentes, valamint tart\u00f3s\u00edt\u00f3szer mentes pan\u00edrmorzs\u00e1val k\u00e9sz\u00fclt \u00e9telek speci\u00e1lis \u00e9trendbe is k\u00f6nnyed\u00e9n beilleszthet\u0151k.<\/p>\n","protected":false},"featured_media":3038,"comment_status":"open","ping_status":"closed","template":"","meta":[],"product_brand":[],"product_cat":[146,15,122,130,88],"product_tag":[129,127],"class_list":{"0":"post-3037","1":"product","2":"type-product","3":"status-publish","4":"has-post-thumbnail","6":"product_cat-elelmiszer","7":"product_cat-termekek","8":"product_cat-termeszetes-elelmiszerek","9":"product_cat-glutenmentes-termekek","10":"product_cat-uj","11":"product_tag-gluten-free-hu","12":"product_tag-termeszetes-elelmiszerek","14":"first","15":"instock","16":"taxable","17":"shipping-taxable","18":"purchasable","19":"product-type-simple"},"yoast_head":"<!-- This site is optimized with the Yoast SEO plugin v26.8 - https:\/\/yoast.com\/product\/yoast-seo-wordpress\/ -->\n<title>Aby&#039;s Gluten Free pan\u00edrmorzsa - EcoLIFE<\/title>\n<meta name=\"description\" content=\"Pr\u00e9mium glut\u00e9nmentes pan\u00edrmorzsa az ABY&#039;S-t\u0151l. T\u00f6k\u00e9letes text\u00fara \u00e9s garant\u00e1lt mentess\u00e9g a konyh\u00e1j\u00e1ban. K\u00e9sz\u00edtsen ropog\u00f3s falatokat kompromisszumok n\u00e9lk\u00fcl!\" \/>\n<meta name=\"robots\" content=\"index, follow, max-snippet:-1, max-image-preview:large, max-video-preview:-1\" \/>\n<link rel=\"canonical\" href=\"https:\/\/www.ecolife.bio\/hu\/prod\/abys-gluten-free-panirmorzsa\/\" \/>\n<meta property=\"og:locale\" content=\"hu_HU\" \/>\n<meta property=\"og:type\" content=\"article\" \/>\n<meta property=\"og:title\" content=\"Aby&#039;s Gluten Free pan\u00edrmorzsa - EcoLIFE\" \/>\n<meta property=\"og:description\" content=\"Pr\u00e9mium glut\u00e9nmentes pan\u00edrmorzsa az ABY&#039;S-t\u0151l. T\u00f6k\u00e9letes text\u00fara \u00e9s garant\u00e1lt mentess\u00e9g a konyh\u00e1j\u00e1ban. K\u00e9sz\u00edtsen ropog\u00f3s falatokat kompromisszumok n\u00e9lk\u00fcl!\" \/>\n<meta property=\"og:url\" content=\"https:\/\/www.ecolife.bio\/hu\/prod\/abys-gluten-free-panirmorzsa\/\" \/>\n<meta property=\"og:site_name\" content=\"EcoLIFE\" \/>\n<meta property=\"article:modified_time\" content=\"2026-03-25T00:13:44+00:00\" \/>\n<meta property=\"og:image\" content=\"https:\/\/www.ecolife.bio\/wp-content\/uploads\/2024\/11\/Aby_panirmorzsa_uj_.jpg\" \/>\n\t<meta property=\"og:image:width\" content=\"900\" \/>\n\t<meta property=\"og:image:height\" content=\"900\" \/>\n\t<meta property=\"og:image:type\" content=\"image\/jpeg\" \/>\n<meta name=\"twitter:card\" content=\"summary_large_image\" \/>\n<meta name=\"twitter:label1\" content=\"Becs\u00fclt olvas\u00e1si id\u0151\" \/>\n\t<meta name=\"twitter:data1\" content=\"2 perc\" \/>\n<script type=\"application\/ld+json\" class=\"yoast-schema-graph\">{\"@context\":\"https:\/\/schema.org\",\"@graph\":[{\"@type\":\"WebPage\",\"@id\":\"https:\/\/www.ecolife.bio\/hu\/prod\/abys-gluten-free-panirmorzsa\/\",\"url\":\"https:\/\/www.ecolife.bio\/hu\/prod\/abys-gluten-free-panirmorzsa\/\",\"name\":\"Aby's Gluten Free pan\u00edrmorzsa - EcoLIFE\",\"isPartOf\":{\"@id\":\"https:\/\/www.ecolife.bio\/#website\"},\"primaryImageOfPage\":{\"@id\":\"https:\/\/www.ecolife.bio\/hu\/prod\/abys-gluten-free-panirmorzsa\/#primaryimage\"},\"image\":{\"@id\":\"https:\/\/www.ecolife.bio\/hu\/prod\/abys-gluten-free-panirmorzsa\/#primaryimage\"},\"thumbnailUrl\":\"https:\/\/escbfekz6y3.exactdn.com\/wp-content\/uploads\/2024\/11\/Aby_panirmorzsa_uj_.jpg?strip=all\",\"datePublished\":\"2024-11-30T22:01:31+00:00\",\"dateModified\":\"2026-03-25T00:13:44+00:00\",\"description\":\"Pr\u00e9mium glut\u00e9nmentes pan\u00edrmorzsa az ABY'S-t\u0151l. T\u00f6k\u00e9letes text\u00fara \u00e9s garant\u00e1lt mentess\u00e9g a konyh\u00e1j\u00e1ban. K\u00e9sz\u00edtsen ropog\u00f3s falatokat kompromisszumok n\u00e9lk\u00fcl!\",\"breadcrumb\":{\"@id\":\"https:\/\/www.ecolife.bio\/hu\/prod\/abys-gluten-free-panirmorzsa\/#breadcrumb\"},\"inLanguage\":\"hu\",\"potentialAction\":[{\"@type\":\"ReadAction\",\"target\":[\"https:\/\/www.ecolife.bio\/hu\/prod\/abys-gluten-free-panirmorzsa\/\"]}]},{\"@type\":\"ImageObject\",\"inLanguage\":\"hu\",\"@id\":\"https:\/\/www.ecolife.bio\/hu\/prod\/abys-gluten-free-panirmorzsa\/#primaryimage\",\"url\":\"https:\/\/escbfekz6y3.exactdn.com\/wp-content\/uploads\/2024\/11\/Aby_panirmorzsa_uj_.jpg?strip=all\",\"contentUrl\":\"https:\/\/escbfekz6y3.exactdn.com\/wp-content\/uploads\/2024\/11\/Aby_panirmorzsa_uj_.jpg?strip=all\",\"width\":900,\"height\":900},{\"@type\":\"BreadcrumbList\",\"@id\":\"https:\/\/www.ecolife.bio\/hu\/prod\/abys-gluten-free-panirmorzsa\/#breadcrumb\",\"itemListElement\":[{\"@type\":\"ListItem\",\"position\":1,\"name\":\"Domovsk\u00e1 str\u00e1nka\",\"item\":\"https:\/\/www.ecolife.bio\/hu\/\"},{\"@type\":\"ListItem\",\"position\":2,\"name\":\"\u00dczlet\",\"item\":\"https:\/\/www.ecolife.bio\/obchod\/\"},{\"@type\":\"ListItem\",\"position\":3,\"name\":\"Aby&#8217;s Gluten Free pan\u00edrmorzsa\"}]},{\"@type\":\"WebSite\",\"@id\":\"https:\/\/www.ecolife.bio\/#website\",\"url\":\"https:\/\/www.ecolife.bio\/\",\"name\":\"EcoLIFE\",\"description\":\"For an Eco-Friendly Planet\",\"publisher\":{\"@id\":\"https:\/\/www.ecolife.bio\/#organization\"},\"potentialAction\":[{\"@type\":\"SearchAction\",\"target\":{\"@type\":\"EntryPoint\",\"urlTemplate\":\"https:\/\/www.ecolife.bio\/?s={search_term_string}\"},\"query-input\":{\"@type\":\"PropertyValueSpecification\",\"valueRequired\":true,\"valueName\":\"search_term_string\"}}],\"inLanguage\":\"hu\"},{\"@type\":\"Organization\",\"@id\":\"https:\/\/www.ecolife.bio\/#organization\",\"name\":\"ECOlife.bio\",\"url\":\"https:\/\/www.ecolife.bio\/\",\"logo\":{\"@type\":\"ImageObject\",\"inLanguage\":\"hu\",\"@id\":\"https:\/\/www.ecolife.bio\/#\/schema\/logo\/image\/\",\"url\":\"https:\/\/www.ecolife.bio\/wp-content\/uploads\/2022\/03\/ecolife_logo_final.png\",\"contentUrl\":\"https:\/\/www.ecolife.bio\/wp-content\/uploads\/2022\/03\/ecolife_logo_final.png\",\"width\":500,\"height\":500,\"caption\":\"ECOlife.bio\"},\"image\":{\"@id\":\"https:\/\/www.ecolife.bio\/#\/schema\/logo\/image\/\"}}]}<\/script>\n<!-- \/ Yoast SEO plugin. -->","yoast_head_json":{"title":"Aby's Gluten Free pan\u00edrmorzsa - EcoLIFE","description":"Pr\u00e9mium glut\u00e9nmentes pan\u00edrmorzsa az ABY'S-t\u0151l. T\u00f6k\u00e9letes text\u00fara \u00e9s garant\u00e1lt mentess\u00e9g a konyh\u00e1j\u00e1ban. K\u00e9sz\u00edtsen ropog\u00f3s falatokat kompromisszumok n\u00e9lk\u00fcl!","robots":{"index":"index","follow":"follow","max-snippet":"max-snippet:-1","max-image-preview":"max-image-preview:large","max-video-preview":"max-video-preview:-1"},"canonical":"https:\/\/www.ecolife.bio\/hu\/prod\/abys-gluten-free-panirmorzsa\/","og_locale":"hu_HU","og_type":"article","og_title":"Aby's Gluten Free pan\u00edrmorzsa - EcoLIFE","og_description":"Pr\u00e9mium glut\u00e9nmentes pan\u00edrmorzsa az ABY'S-t\u0151l. T\u00f6k\u00e9letes text\u00fara \u00e9s garant\u00e1lt mentess\u00e9g a konyh\u00e1j\u00e1ban. K\u00e9sz\u00edtsen ropog\u00f3s falatokat kompromisszumok n\u00e9lk\u00fcl!","og_url":"https:\/\/www.ecolife.bio\/hu\/prod\/abys-gluten-free-panirmorzsa\/","og_site_name":"EcoLIFE","article_modified_time":"2026-03-25T00:13:44+00:00","og_image":[{"width":900,"height":900,"url":"https:\/\/www.ecolife.bio\/wp-content\/uploads\/2024\/11\/Aby_panirmorzsa_uj_.jpg","type":"image\/jpeg"}],"twitter_card":"summary_large_image","twitter_misc":{"Becs\u00fclt olvas\u00e1si id\u0151":"2 perc"},"schema":{"@context":"https:\/\/schema.org","@graph":[{"@type":"WebPage","@id":"https:\/\/www.ecolife.bio\/hu\/prod\/abys-gluten-free-panirmorzsa\/","url":"https:\/\/www.ecolife.bio\/hu\/prod\/abys-gluten-free-panirmorzsa\/","name":"Aby's Gluten Free pan\u00edrmorzsa - EcoLIFE","isPartOf":{"@id":"https:\/\/www.ecolife.bio\/#website"},"primaryImageOfPage":{"@id":"https:\/\/www.ecolife.bio\/hu\/prod\/abys-gluten-free-panirmorzsa\/#primaryimage"},"image":{"@id":"https:\/\/www.ecolife.bio\/hu\/prod\/abys-gluten-free-panirmorzsa\/#primaryimage"},"thumbnailUrl":"https:\/\/escbfekz6y3.exactdn.com\/wp-content\/uploads\/2024\/11\/Aby_panirmorzsa_uj_.jpg?strip=all","datePublished":"2024-11-30T22:01:31+00:00","dateModified":"2026-03-25T00:13:44+00:00","description":"Pr\u00e9mium glut\u00e9nmentes pan\u00edrmorzsa az ABY'S-t\u0151l. T\u00f6k\u00e9letes text\u00fara \u00e9s garant\u00e1lt mentess\u00e9g a konyh\u00e1j\u00e1ban. K\u00e9sz\u00edtsen ropog\u00f3s falatokat kompromisszumok n\u00e9lk\u00fcl!","breadcrumb":{"@id":"https:\/\/www.ecolife.bio\/hu\/prod\/abys-gluten-free-panirmorzsa\/#breadcrumb"},"inLanguage":"hu","potentialAction":[{"@type":"ReadAction","target":["https:\/\/www.ecolife.bio\/hu\/prod\/abys-gluten-free-panirmorzsa\/"]}]},{"@type":"ImageObject","inLanguage":"hu","@id":"https:\/\/www.ecolife.bio\/hu\/prod\/abys-gluten-free-panirmorzsa\/#primaryimage","url":"https:\/\/escbfekz6y3.exactdn.com\/wp-content\/uploads\/2024\/11\/Aby_panirmorzsa_uj_.jpg?strip=all","contentUrl":"https:\/\/escbfekz6y3.exactdn.com\/wp-content\/uploads\/2024\/11\/Aby_panirmorzsa_uj_.jpg?strip=all","width":900,"height":900},{"@type":"BreadcrumbList","@id":"https:\/\/www.ecolife.bio\/hu\/prod\/abys-gluten-free-panirmorzsa\/#breadcrumb","itemListElement":[{"@type":"ListItem","position":1,"name":"Domovsk\u00e1 str\u00e1nka","item":"https:\/\/www.ecolife.bio\/hu\/"},{"@type":"ListItem","position":2,"name":"\u00dczlet","item":"https:\/\/www.ecolife.bio\/obchod\/"},{"@type":"ListItem","position":3,"name":"Aby&#8217;s Gluten Free pan\u00edrmorzsa"}]},{"@type":"WebSite","@id":"https:\/\/www.ecolife.bio\/#website","url":"https:\/\/www.ecolife.bio\/","name":"EcoLIFE","description":"For an Eco-Friendly Planet","publisher":{"@id":"https:\/\/www.ecolife.bio\/#organization"},"potentialAction":[{"@type":"SearchAction","target":{"@type":"EntryPoint","urlTemplate":"https:\/\/www.ecolife.bio\/?s={search_term_string}"},"query-input":{"@type":"PropertyValueSpecification","valueRequired":true,"valueName":"search_term_string"}}],"inLanguage":"hu"},{"@type":"Organization","@id":"https:\/\/www.ecolife.bio\/#organization","name":"ECOlife.bio","url":"https:\/\/www.ecolife.bio\/","logo":{"@type":"ImageObject","inLanguage":"hu","@id":"https:\/\/www.ecolife.bio\/#\/schema\/logo\/image\/","url":"https:\/\/www.ecolife.bio\/wp-content\/uploads\/2022\/03\/ecolife_logo_final.png","contentUrl":"https:\/\/www.ecolife.bio\/wp-content\/uploads\/2022\/03\/ecolife_logo_final.png","width":500,"height":500,"caption":"ECOlife.bio"},"image":{"@id":"https:\/\/www.ecolife.bio\/#\/schema\/logo\/image\/"}}]}},"_links":{"self":[{"href":"https:\/\/www.ecolife.bio\/hu\/wp-json\/wp\/v2\/product\/3037","targetHints":{"allow":["GET"]}}],"collection":[{"href":"https:\/\/www.ecolife.bio\/hu\/wp-json\/wp\/v2\/product"}],"about":[{"href":"https:\/\/www.ecolife.bio\/hu\/wp-json\/wp\/v2\/types\/product"}],"replies":[{"embeddable":true,"href":"https:\/\/www.ecolife.bio\/hu\/wp-json\/wp\/v2\/comments?post=3037"}],"wp:featuredmedia":[{"embeddable":true,"href":"https:\/\/www.ecolife.bio\/hu\/wp-json\/wp\/v2\/media\/3038"}],"wp:attachment":[{"href":"https:\/\/www.ecolife.bio\/hu\/wp-json\/wp\/v2\/media?parent=3037"}],"wp:term":[{"taxonomy":"product_brand","embeddable":true,"href":"https:\/\/www.ecolife.bio\/hu\/wp-json\/wp\/v2\/product_brand?post=3037"},{"taxonomy":"product_cat","embeddable":true,"href":"https:\/\/www.ecolife.bio\/hu\/wp-json\/wp\/v2\/product_cat?post=3037"},{"taxonomy":"product_tag","embeddable":true,"href":"https:\/\/www.ecolife.bio\/hu\/wp-json\/wp\/v2\/product_tag?post=3037"}],"curies":[{"name":"wp","href":"https:\/\/api.w.org\/{rel}","templated":true}]}}