{"id":3041,"date":"2024-12-01T00:01:19","date_gmt":"2024-11-30T22:01:19","guid":{"rendered":"https:\/\/www.ecolife.bio\/?post_type=product&#038;p=3041"},"modified":"2026-03-25T02:15:47","modified_gmt":"2026-03-25T00:15:47","slug":"abys-altalanos-glutenmentes-lisztkeverek","status":"publish","type":"product","link":"https:\/\/www.ecolife.bio\/hu\/prod\/abys-altalanos-glutenmentes-lisztkeverek\/","title":{"rendered":"Aby&#8217;s \u00e1ltal\u00e1nos glut\u00e9nmentes lisztkever\u00e9k"},"content":{"rendered":"<p>&#8211; lakt\u00f3zmentes<br \/>\n&#8211; toj\u00e1smentes<br \/>\n&#8211; veg\u00e1n lisztkever\u00e9k<br \/>\n&#8211; glut\u00e9nmentes kenyerek, kiflik \u00e9s egy\u00e9b p\u00e9k\u00e1ruk h\u00e1zi s\u00fct\u00e9s\u00e9hez<br \/>\n&#8211; meg\u00fajult \u00f6sszet\u00e9tellel<\/p>\n<p><strong><em>Aby&#8217;s \u00e1ltal\u00e1nos glut\u00e9nmentes lisztkever\u00e9k<\/em><\/strong><\/p>\n<p>Az Aby\u2019s \u00e1ltal\u00e1nos glut\u00e9nmentes lisztkever\u00e9k sokoldal\u00faan felhaszn\u00e1lhat\u00f3: k\u00e9sz\u00edthetsz bel\u0151le glut\u00e9nmentes kenyeret, k\u00fcl\u00f6nf\u00e9le glut\u00e9nmentes p\u00e9k\u00e1rukat, pizz\u00e1t, de alkalmas levesek \u00e9s f\u0151zel\u00e9kek habar\u00e1s\u00e1ra is.\u00a0Az Aby&#8217;s lisztkever\u00e9k csaknem konyhak\u00e9sz. N\u00e9h\u00e1ny hozz\u00e1val\u00f3 seg\u00edts\u00e9g\u00e9vel glut\u00e9nmentesen s\u00fcthet\u00fcnk otthon.<\/p>\n<p><strong>\u00d6sszetev\u0151k:<\/strong> kukoricakem\u00e9ny\u00edt\u0151, rizsliszt, t\u00e1pi\u00f3ka kem\u00e9ny\u00edt\u0151, n\u00f6v\u00e9nyi rostok (bors\u00f3, rizs, burgonya, \u00fatif\u0171), dextr\u00f3z, bors\u00f3liszt, k\u00f6lesliszt, lenmagliszt, hajdinaliszt, term\u00e9szetes aroma, maltodextrin, s\u0171r\u00edt\u0151anyag: hidroxipropil-metil-cellul\u00f3z, fremet\u00e1lt kukoricaliszt.<\/p>\n<p><strong>A term\u00e9k szez\u00e1mmagot felhaszn\u00e1l\u00f3 \u00fczemben k\u00e9sz\u00fclt.\u00a0A lisztkever\u00e9k kiz\u00e1r\u00f3lag glut\u00e9nmentes alapanyagokat feldolgoz\u00f3 \u00fczemben k\u00e9sz\u00fclt.<\/strong><\/p>\n<p>A glut\u00e9nmentes liszt\u00a0felbont\u00e1s ut\u00e1n napf\u00e9nyt\u0151l v\u00e9dve, j\u00f3l visszaz\u00e1rt csomagban a szavatoss\u00e1gi id\u0151n bel\u00fcl fogyaszthat\u00f3. Sz\u00e1raz, h\u0171v\u00f6s helyen tartand\u00f3.<\/p>\n<p><strong>Nett\u00f3 s\u00faly: 750 g<\/strong><\/p>\n<p><strong><em>T\u00e1p\u00e9rt\u00e9k inform\u00e1ci\u00f3k:<\/em><\/strong><\/p>\n<p>\u00c1tlagos t\u00e1p\u00e9rt\u00e9k 100g term\u00e9kben:<\/p>\n<table width=\"70%\">\n<tbody>\n<tr>\n<td>Energiatartalom<\/td>\n<td>333 kcal \/ 1406 kJ<\/td>\n<\/tr>\n<tr>\n<td>Zs\u00edr (g)<\/td>\n<td>1,1 g<\/td>\n<\/tr>\n<tr>\n<td>&#8211; amelyb\u0151l tel\u00edtett zs\u00edrsavak (g)<\/td>\n<td>0,3 g<\/td>\n<\/tr>\n<tr>\n<td>Sz\u00e9nhidr\u00e1t (g)<\/td>\n<td>73 g<\/td>\n<\/tr>\n<tr>\n<td>&#8211; amelyb\u0151l cukrok (g)<\/td>\n<td>2,2 g<\/td>\n<\/tr>\n<tr>\n<td>\u00c9lelmi rost (g)<\/td>\n<td>9,5 g<\/td>\n<\/tr>\n<tr>\n<td>Feh\u00e9rje (g)<\/td>\n<td>4,9 g<\/td>\n<\/tr>\n<tr>\n<td>S\u00f3 (g)<\/td>\n<td>0,09 g<\/td>\n<\/tr>\n<\/tbody>\n<\/table>\n","protected":false},"excerpt":{"rendered":"<p>&#8211; lakt\u00f3zmentes<br \/>\n&#8211; toj\u00e1smentes<br \/>\n&#8211; veg\u00e1n lisztkever\u00e9k<br \/>\n&#8211; glut\u00e9nmentes kenyerek, kiflik \u00e9s egy\u00e9b p\u00e9k\u00e1ruk h\u00e1zi s\u00fct\u00e9s\u00e9hez<br \/>\n&#8211; meg\u00fajult \u00f6sszet\u00e9tellel<\/p>\n","protected":false},"featured_media":3046,"comment_status":"open","ping_status":"closed","template":"","meta":[],"product_brand":[],"product_cat":[146,15,122,130,88],"product_tag":[129,127],"class_list":{"0":"post-3041","1":"product","2":"type-product","3":"status-publish","4":"has-post-thumbnail","6":"product_cat-elelmiszer","7":"product_cat-termekek","8":"product_cat-termeszetes-elelmiszerek","9":"product_cat-glutenmentes-termekek","10":"product_cat-uj","11":"product_tag-gluten-free-hu","12":"product_tag-termeszetes-elelmiszerek","14":"first","15":"instock","16":"taxable","17":"shipping-taxable","18":"purchasable","19":"product-type-simple"},"yoast_head":"<!-- This site is optimized with the Yoast SEO plugin v26.8 - https:\/\/yoast.com\/product\/yoast-seo-wordpress\/ -->\n<title>Aby&#039;s \u00e1ltal\u00e1nos glut\u00e9nmentes lisztkever\u00e9k - EcoLIFE<\/title>\n<meta name=\"description\" content=\"Sokoldal\u00fa glut\u00e9nmentes lisztkever\u00e9k az ABY&#039;S-t\u0151l. Ide\u00e1lis kenyerekhez, s\u00fctem\u00e9nyekhez \u00e9s s\u0171r\u00edt\u00e9shez. Garant\u00e1lt mentess\u00e9g a tudatos konyh\u00e1ban. Pr\u00f3b\u00e1lja ki!\" \/>\n<meta name=\"robots\" content=\"index, follow, max-snippet:-1, max-image-preview:large, max-video-preview:-1\" \/>\n<link rel=\"canonical\" href=\"https:\/\/www.ecolife.bio\/hu\/prod\/abys-altalanos-glutenmentes-lisztkeverek\/\" \/>\n<meta property=\"og:locale\" content=\"hu_HU\" \/>\n<meta property=\"og:type\" content=\"article\" \/>\n<meta property=\"og:title\" content=\"Aby&#039;s \u00e1ltal\u00e1nos glut\u00e9nmentes lisztkever\u00e9k - EcoLIFE\" \/>\n<meta property=\"og:description\" content=\"Sokoldal\u00fa glut\u00e9nmentes lisztkever\u00e9k az ABY&#039;S-t\u0151l. Ide\u00e1lis kenyerekhez, s\u00fctem\u00e9nyekhez \u00e9s s\u0171r\u00edt\u00e9shez. Garant\u00e1lt mentess\u00e9g a tudatos konyh\u00e1ban. Pr\u00f3b\u00e1lja ki!\" \/>\n<meta property=\"og:url\" content=\"https:\/\/www.ecolife.bio\/hu\/prod\/abys-altalanos-glutenmentes-lisztkeverek\/\" \/>\n<meta property=\"og:site_name\" content=\"EcoLIFE\" \/>\n<meta property=\"article:modified_time\" content=\"2026-03-25T00:15:47+00:00\" \/>\n<meta property=\"og:image\" content=\"https:\/\/www.ecolife.bio\/wp-content\/uploads\/2024\/11\/DSC_7175m-1080x720.jpg\" \/>\n\t<meta property=\"og:image:width\" content=\"1080\" \/>\n\t<meta property=\"og:image:height\" content=\"720\" \/>\n\t<meta property=\"og:image:type\" content=\"image\/jpeg\" \/>\n<meta name=\"twitter:card\" content=\"summary_large_image\" \/>\n<meta name=\"twitter:label1\" content=\"Becs\u00fclt olvas\u00e1si id\u0151\" \/>\n\t<meta name=\"twitter:data1\" content=\"2 perc\" \/>\n<script type=\"application\/ld+json\" class=\"yoast-schema-graph\">{\"@context\":\"https:\/\/schema.org\",\"@graph\":[{\"@type\":\"WebPage\",\"@id\":\"https:\/\/www.ecolife.bio\/hu\/prod\/abys-altalanos-glutenmentes-lisztkeverek\/\",\"url\":\"https:\/\/www.ecolife.bio\/hu\/prod\/abys-altalanos-glutenmentes-lisztkeverek\/\",\"name\":\"Aby's \u00e1ltal\u00e1nos glut\u00e9nmentes lisztkever\u00e9k - EcoLIFE\",\"isPartOf\":{\"@id\":\"https:\/\/www.ecolife.bio\/#website\"},\"primaryImageOfPage\":{\"@id\":\"https:\/\/www.ecolife.bio\/hu\/prod\/abys-altalanos-glutenmentes-lisztkeverek\/#primaryimage\"},\"image\":{\"@id\":\"https:\/\/www.ecolife.bio\/hu\/prod\/abys-altalanos-glutenmentes-lisztkeverek\/#primaryimage\"},\"thumbnailUrl\":\"https:\/\/escbfekz6y3.exactdn.com\/wp-content\/uploads\/2024\/11\/DSC_7175m.jpg?strip=all\",\"datePublished\":\"2024-11-30T22:01:19+00:00\",\"dateModified\":\"2026-03-25T00:15:47+00:00\",\"description\":\"Sokoldal\u00fa glut\u00e9nmentes lisztkever\u00e9k az ABY'S-t\u0151l. Ide\u00e1lis kenyerekhez, s\u00fctem\u00e9nyekhez \u00e9s s\u0171r\u00edt\u00e9shez. Garant\u00e1lt mentess\u00e9g a tudatos konyh\u00e1ban. Pr\u00f3b\u00e1lja ki!\",\"breadcrumb\":{\"@id\":\"https:\/\/www.ecolife.bio\/hu\/prod\/abys-altalanos-glutenmentes-lisztkeverek\/#breadcrumb\"},\"inLanguage\":\"hu\",\"potentialAction\":[{\"@type\":\"ReadAction\",\"target\":[\"https:\/\/www.ecolife.bio\/hu\/prod\/abys-altalanos-glutenmentes-lisztkeverek\/\"]}]},{\"@type\":\"ImageObject\",\"inLanguage\":\"hu\",\"@id\":\"https:\/\/www.ecolife.bio\/hu\/prod\/abys-altalanos-glutenmentes-lisztkeverek\/#primaryimage\",\"url\":\"https:\/\/escbfekz6y3.exactdn.com\/wp-content\/uploads\/2024\/11\/DSC_7175m.jpg?strip=all\",\"contentUrl\":\"https:\/\/escbfekz6y3.exactdn.com\/wp-content\/uploads\/2024\/11\/DSC_7175m.jpg?strip=all\",\"width\":8256,\"height\":5504},{\"@type\":\"BreadcrumbList\",\"@id\":\"https:\/\/www.ecolife.bio\/hu\/prod\/abys-altalanos-glutenmentes-lisztkeverek\/#breadcrumb\",\"itemListElement\":[{\"@type\":\"ListItem\",\"position\":1,\"name\":\"Domovsk\u00e1 str\u00e1nka\",\"item\":\"https:\/\/www.ecolife.bio\/hu\/\"},{\"@type\":\"ListItem\",\"position\":2,\"name\":\"\u00dczlet\",\"item\":\"https:\/\/www.ecolife.bio\/obchod\/\"},{\"@type\":\"ListItem\",\"position\":3,\"name\":\"Aby&#8217;s \u00e1ltal\u00e1nos glut\u00e9nmentes lisztkever\u00e9k\"}]},{\"@type\":\"WebSite\",\"@id\":\"https:\/\/www.ecolife.bio\/#website\",\"url\":\"https:\/\/www.ecolife.bio\/\",\"name\":\"EcoLIFE\",\"description\":\"For an Eco-Friendly Planet\",\"publisher\":{\"@id\":\"https:\/\/www.ecolife.bio\/#organization\"},\"potentialAction\":[{\"@type\":\"SearchAction\",\"target\":{\"@type\":\"EntryPoint\",\"urlTemplate\":\"https:\/\/www.ecolife.bio\/?s={search_term_string}\"},\"query-input\":{\"@type\":\"PropertyValueSpecification\",\"valueRequired\":true,\"valueName\":\"search_term_string\"}}],\"inLanguage\":\"hu\"},{\"@type\":\"Organization\",\"@id\":\"https:\/\/www.ecolife.bio\/#organization\",\"name\":\"ECOlife.bio\",\"url\":\"https:\/\/www.ecolife.bio\/\",\"logo\":{\"@type\":\"ImageObject\",\"inLanguage\":\"hu\",\"@id\":\"https:\/\/www.ecolife.bio\/#\/schema\/logo\/image\/\",\"url\":\"https:\/\/www.ecolife.bio\/wp-content\/uploads\/2022\/03\/ecolife_logo_final.png\",\"contentUrl\":\"https:\/\/www.ecolife.bio\/wp-content\/uploads\/2022\/03\/ecolife_logo_final.png\",\"width\":500,\"height\":500,\"caption\":\"ECOlife.bio\"},\"image\":{\"@id\":\"https:\/\/www.ecolife.bio\/#\/schema\/logo\/image\/\"}}]}<\/script>\n<!-- \/ Yoast SEO plugin. -->","yoast_head_json":{"title":"Aby's \u00e1ltal\u00e1nos glut\u00e9nmentes lisztkever\u00e9k - EcoLIFE","description":"Sokoldal\u00fa glut\u00e9nmentes lisztkever\u00e9k az ABY'S-t\u0151l. Ide\u00e1lis kenyerekhez, s\u00fctem\u00e9nyekhez \u00e9s s\u0171r\u00edt\u00e9shez. Garant\u00e1lt mentess\u00e9g a tudatos konyh\u00e1ban. Pr\u00f3b\u00e1lja ki!","robots":{"index":"index","follow":"follow","max-snippet":"max-snippet:-1","max-image-preview":"max-image-preview:large","max-video-preview":"max-video-preview:-1"},"canonical":"https:\/\/www.ecolife.bio\/hu\/prod\/abys-altalanos-glutenmentes-lisztkeverek\/","og_locale":"hu_HU","og_type":"article","og_title":"Aby's \u00e1ltal\u00e1nos glut\u00e9nmentes lisztkever\u00e9k - EcoLIFE","og_description":"Sokoldal\u00fa glut\u00e9nmentes lisztkever\u00e9k az ABY'S-t\u0151l. Ide\u00e1lis kenyerekhez, s\u00fctem\u00e9nyekhez \u00e9s s\u0171r\u00edt\u00e9shez. Garant\u00e1lt mentess\u00e9g a tudatos konyh\u00e1ban. Pr\u00f3b\u00e1lja ki!","og_url":"https:\/\/www.ecolife.bio\/hu\/prod\/abys-altalanos-glutenmentes-lisztkeverek\/","og_site_name":"EcoLIFE","article_modified_time":"2026-03-25T00:15:47+00:00","og_image":[{"width":1080,"height":720,"url":"https:\/\/www.ecolife.bio\/wp-content\/uploads\/2024\/11\/DSC_7175m-1080x720.jpg","type":"image\/jpeg"}],"twitter_card":"summary_large_image","twitter_misc":{"Becs\u00fclt olvas\u00e1si id\u0151":"2 perc"},"schema":{"@context":"https:\/\/schema.org","@graph":[{"@type":"WebPage","@id":"https:\/\/www.ecolife.bio\/hu\/prod\/abys-altalanos-glutenmentes-lisztkeverek\/","url":"https:\/\/www.ecolife.bio\/hu\/prod\/abys-altalanos-glutenmentes-lisztkeverek\/","name":"Aby's \u00e1ltal\u00e1nos glut\u00e9nmentes lisztkever\u00e9k - EcoLIFE","isPartOf":{"@id":"https:\/\/www.ecolife.bio\/#website"},"primaryImageOfPage":{"@id":"https:\/\/www.ecolife.bio\/hu\/prod\/abys-altalanos-glutenmentes-lisztkeverek\/#primaryimage"},"image":{"@id":"https:\/\/www.ecolife.bio\/hu\/prod\/abys-altalanos-glutenmentes-lisztkeverek\/#primaryimage"},"thumbnailUrl":"https:\/\/escbfekz6y3.exactdn.com\/wp-content\/uploads\/2024\/11\/DSC_7175m.jpg?strip=all","datePublished":"2024-11-30T22:01:19+00:00","dateModified":"2026-03-25T00:15:47+00:00","description":"Sokoldal\u00fa glut\u00e9nmentes lisztkever\u00e9k az ABY'S-t\u0151l. Ide\u00e1lis kenyerekhez, s\u00fctem\u00e9nyekhez \u00e9s s\u0171r\u00edt\u00e9shez. Garant\u00e1lt mentess\u00e9g a tudatos konyh\u00e1ban. Pr\u00f3b\u00e1lja ki!","breadcrumb":{"@id":"https:\/\/www.ecolife.bio\/hu\/prod\/abys-altalanos-glutenmentes-lisztkeverek\/#breadcrumb"},"inLanguage":"hu","potentialAction":[{"@type":"ReadAction","target":["https:\/\/www.ecolife.bio\/hu\/prod\/abys-altalanos-glutenmentes-lisztkeverek\/"]}]},{"@type":"ImageObject","inLanguage":"hu","@id":"https:\/\/www.ecolife.bio\/hu\/prod\/abys-altalanos-glutenmentes-lisztkeverek\/#primaryimage","url":"https:\/\/escbfekz6y3.exactdn.com\/wp-content\/uploads\/2024\/11\/DSC_7175m.jpg?strip=all","contentUrl":"https:\/\/escbfekz6y3.exactdn.com\/wp-content\/uploads\/2024\/11\/DSC_7175m.jpg?strip=all","width":8256,"height":5504},{"@type":"BreadcrumbList","@id":"https:\/\/www.ecolife.bio\/hu\/prod\/abys-altalanos-glutenmentes-lisztkeverek\/#breadcrumb","itemListElement":[{"@type":"ListItem","position":1,"name":"Domovsk\u00e1 str\u00e1nka","item":"https:\/\/www.ecolife.bio\/hu\/"},{"@type":"ListItem","position":2,"name":"\u00dczlet","item":"https:\/\/www.ecolife.bio\/obchod\/"},{"@type":"ListItem","position":3,"name":"Aby&#8217;s \u00e1ltal\u00e1nos glut\u00e9nmentes lisztkever\u00e9k"}]},{"@type":"WebSite","@id":"https:\/\/www.ecolife.bio\/#website","url":"https:\/\/www.ecolife.bio\/","name":"EcoLIFE","description":"For an Eco-Friendly Planet","publisher":{"@id":"https:\/\/www.ecolife.bio\/#organization"},"potentialAction":[{"@type":"SearchAction","target":{"@type":"EntryPoint","urlTemplate":"https:\/\/www.ecolife.bio\/?s={search_term_string}"},"query-input":{"@type":"PropertyValueSpecification","valueRequired":true,"valueName":"search_term_string"}}],"inLanguage":"hu"},{"@type":"Organization","@id":"https:\/\/www.ecolife.bio\/#organization","name":"ECOlife.bio","url":"https:\/\/www.ecolife.bio\/","logo":{"@type":"ImageObject","inLanguage":"hu","@id":"https:\/\/www.ecolife.bio\/#\/schema\/logo\/image\/","url":"https:\/\/www.ecolife.bio\/wp-content\/uploads\/2022\/03\/ecolife_logo_final.png","contentUrl":"https:\/\/www.ecolife.bio\/wp-content\/uploads\/2022\/03\/ecolife_logo_final.png","width":500,"height":500,"caption":"ECOlife.bio"},"image":{"@id":"https:\/\/www.ecolife.bio\/#\/schema\/logo\/image\/"}}]}},"_links":{"self":[{"href":"https:\/\/www.ecolife.bio\/hu\/wp-json\/wp\/v2\/product\/3041","targetHints":{"allow":["GET"]}}],"collection":[{"href":"https:\/\/www.ecolife.bio\/hu\/wp-json\/wp\/v2\/product"}],"about":[{"href":"https:\/\/www.ecolife.bio\/hu\/wp-json\/wp\/v2\/types\/product"}],"replies":[{"embeddable":true,"href":"https:\/\/www.ecolife.bio\/hu\/wp-json\/wp\/v2\/comments?post=3041"}],"wp:featuredmedia":[{"embeddable":true,"href":"https:\/\/www.ecolife.bio\/hu\/wp-json\/wp\/v2\/media\/3046"}],"wp:attachment":[{"href":"https:\/\/www.ecolife.bio\/hu\/wp-json\/wp\/v2\/media?parent=3041"}],"wp:term":[{"taxonomy":"product_brand","embeddable":true,"href":"https:\/\/www.ecolife.bio\/hu\/wp-json\/wp\/v2\/product_brand?post=3041"},{"taxonomy":"product_cat","embeddable":true,"href":"https:\/\/www.ecolife.bio\/hu\/wp-json\/wp\/v2\/product_cat?post=3041"},{"taxonomy":"product_tag","embeddable":true,"href":"https:\/\/www.ecolife.bio\/hu\/wp-json\/wp\/v2\/product_tag?post=3041"}],"curies":[{"name":"wp","href":"https:\/\/api.w.org\/{rel}","templated":true}]}}