{"id":4385,"date":"2025-02-27T00:01:49","date_gmt":"2025-02-26T22:01:49","guid":{"rendered":"https:\/\/www.ecolife.bio\/?post_type=product&#038;p=4385"},"modified":"2026-04-23T08:43:01","modified_gmt":"2026-04-23T06:43:01","slug":"anyai-oleles-mosas-csomag-gyenged-tisztasag-az-egesz-csaladnak-anyanak-es-a-babanak","status":"publish","type":"product","link":"https:\/\/www.ecolife.bio\/hu\/prod\/anyai-oleles-mosas-csomag-gyenged-tisztasag-az-egesz-csaladnak-anyanak-es-a-babanak\/","title":{"rendered":"Anyai \u00d6lel\u00e9s Mos\u00e1s Csomag \u2013 Gyeng\u00e9d tisztas\u00e1g az eg\u00e9sz csal\u00e1dnak, any\u00e1nak \u00e9s a bab\u00e1nak"},"content":{"rendered":"<p><strong>C\u00e9l:<\/strong> K\u00edm\u00e9letes, m\u00e9gis hat\u00e9kony mos\u00e1s, amely biztons\u00e1gos az \u00e9rz\u00e9keny b\u0151r\u0171ek, babaruh\u00e1k \u00e9s az eg\u00e9sz csal\u00e1d sz\u00e1m\u00e1ra.<\/p>\n<p><strong>A csomag tartalma:<\/strong><br \/>\n<strong>ECOlife Illatos mos\u00f3szer (3x1L)<\/strong> \u2013 Term\u00e9szetes illatokkal gazdag\u00edtott, hat\u00e9kony mos\u00f3szer, amely tiszt\u00e1n \u00e9s frissen tartja ruh\u00e1idat.<br \/>\n<strong>ECOlife Illatmentes mos\u00f3szer (3L)<\/strong> f\u0151k\u00e9nt a BAB\u00c1NAK\u2013 Hypoallerg\u00e9n, \u00e9rz\u00e9keny b\u0151r\u0171ek sz\u00e1m\u00e1ra fejlesztett tiszt\u00edt\u00f3szer, amely gyeng\u00e9d a babaruh\u00e1khoz \u00e9s a k\u00e9nyes text\u00edli\u00e1khoz.<\/p>\n<p><strong>Kinek aj\u00e1nljuk?<\/strong><br \/>\nAkik szeretn\u00e9k, hogy a mos\u00e1s biztons\u00e1gos legyen az \u00e9rz\u00e9keny b\u0151r\u0171ek sz\u00e1m\u00e1ra.<br \/>\nAkik term\u00e9szetes \u00e9s vegyszermentes tiszt\u00edt\u00f3szereket keresnek.<br \/>\nAkik szeretn\u00e9k meg\u0151rizni a babaruh\u00e1k puhas\u00e1g\u00e1t \u00e9s frissess\u00e9g\u00e9t.<\/p>\n<p>Ezzel a csomaggal biztos\u00edtjuk, hogy ruh\u00e1id <strong>t\u00f6k\u00e9letesen tiszt\u00e1k \u00e9s friss illat\u00faak legyenek, an\u00e9lk\u00fcl, hogy b\u0151r\u00f6d vagy k\u00f6rnyezeted terheln\u00e9 a vegyszerekkel<\/strong>.<\/p>\n<p>\ud83d\udc9a <strong>Gyeng\u00e9d gondoskod\u00e1s, term\u00e9szetes tisztas\u00e1g!<\/strong><\/p>\n","protected":false},"excerpt":{"rendered":"<p><strong>A csomag tartalma:<\/strong><br \/>\n<strong>ECOlife Illatos mos\u00f3szer (3L)<\/strong> \u2013 Term\u00e9szetes illatokkal gazdag\u00edtott, hat\u00e9kony mos\u00f3szer, amely tiszt\u00e1n \u00e9s frissen tartja ruh\u00e1idat.<br \/>\n<strong>ECOlife Illatmentes mos\u00f3szer (3L)<\/strong> f\u0151k\u00e9nt a BAB\u00c1NAK\u2013 Hypoallerg\u00e9n, \u00e9rz\u00e9keny b\u0151r\u0171ek sz\u00e1m\u00e1ra fejlesztett tiszt\u00edt\u00f3szer, amely gyeng\u00e9d a babaruh\u00e1khoz \u00e9s a k\u00e9nyes text\u00edli\u00e1khoz.<\/p>\n","protected":false},"featured_media":4414,"comment_status":"open","ping_status":"closed","template":"","meta":[],"product_brand":[],"product_cat":[135,15,88],"product_tag":[110],"class_list":{"0":"post-4385","1":"product","2":"type-product","3":"status-publish","4":"has-post-thumbnail","6":"product_cat-kedvezmenyes-csomagok","7":"product_cat-termekek","8":"product_cat-uj","9":"product_tag-csomag","11":"first","12":"outofstock","13":"sale","14":"taxable","15":"shipping-taxable","16":"purchasable","17":"product-type-simple"},"yoast_head":"<!-- This site is optimized with the Yoast SEO plugin v26.8 - https:\/\/yoast.com\/product\/yoast-seo-wordpress\/ -->\n<title>Anyai \u00d6lel\u00e9s Mos\u00e1s Csomag \u2013 Gyeng\u00e9d tisztas\u00e1g az eg\u00e9sz csal\u00e1dnak, any\u00e1nak \u00e9s a bab\u00e1nak - EcoLIFE<\/title>\n<meta name=\"description\" content=\"Toxinmentes, b\u0151rbar\u00e1t formula irrit\u00e1ci\u00f3 n\u00e9lk\u00fcl a tiszta \u00e9s puha ruh\u00e1k\u00e9rt. Biztons\u00e1gos v\u00e1laszt\u00e1s bab\u00e1knak, \u00e9rz\u00e9keny b\u0151r\u0171eknek \u00e9s az eg\u00e9sz csal\u00e1dnak.\" \/>\n<meta name=\"robots\" content=\"index, follow, max-snippet:-1, max-image-preview:large, max-video-preview:-1\" \/>\n<link rel=\"canonical\" href=\"https:\/\/www.ecolife.bio\/hu\/prod\/anyai-oleles-mosas-csomag-gyenged-tisztasag-az-egesz-csaladnak-anyanak-es-a-babanak\/\" \/>\n<meta property=\"og:locale\" content=\"hu_HU\" \/>\n<meta property=\"og:type\" content=\"article\" \/>\n<meta property=\"og:title\" content=\"Anyai \u00d6lel\u00e9s Mos\u00e1s Csomag \u2013 Gyeng\u00e9d tisztas\u00e1g az eg\u00e9sz csal\u00e1dnak, any\u00e1nak \u00e9s a bab\u00e1nak - EcoLIFE\" \/>\n<meta property=\"og:description\" content=\"Toxinmentes, b\u0151rbar\u00e1t formula irrit\u00e1ci\u00f3 n\u00e9lk\u00fcl a tiszta \u00e9s puha ruh\u00e1k\u00e9rt. Biztons\u00e1gos v\u00e1laszt\u00e1s bab\u00e1knak, \u00e9rz\u00e9keny b\u0151r\u0171eknek \u00e9s az eg\u00e9sz csal\u00e1dnak.\" \/>\n<meta property=\"og:url\" content=\"https:\/\/www.ecolife.bio\/hu\/prod\/anyai-oleles-mosas-csomag-gyenged-tisztasag-az-egesz-csaladnak-anyanak-es-a-babanak\/\" \/>\n<meta property=\"og:site_name\" content=\"EcoLIFE\" \/>\n<meta property=\"article:modified_time\" content=\"2026-04-23T06:43:01+00:00\" \/>\n<meta property=\"og:image\" content=\"https:\/\/www.ecolife.bio\/wp-content\/uploads\/2025\/02\/anyaioleles.png\" \/>\n\t<meta property=\"og:image:width\" content=\"1000\" \/>\n\t<meta property=\"og:image:height\" content=\"1000\" \/>\n\t<meta property=\"og:image:type\" content=\"image\/png\" \/>\n<meta name=\"twitter:card\" content=\"summary_large_image\" \/>\n<meta name=\"twitter:label1\" content=\"Becs\u00fclt olvas\u00e1si id\u0151\" \/>\n\t<meta name=\"twitter:data1\" content=\"1 perc\" \/>\n<script type=\"application\/ld+json\" class=\"yoast-schema-graph\">{\"@context\":\"https:\/\/schema.org\",\"@graph\":[{\"@type\":\"WebPage\",\"@id\":\"https:\/\/www.ecolife.bio\/hu\/prod\/anyai-oleles-mosas-csomag-gyenged-tisztasag-az-egesz-csaladnak-anyanak-es-a-babanak\/\",\"url\":\"https:\/\/www.ecolife.bio\/hu\/prod\/anyai-oleles-mosas-csomag-gyenged-tisztasag-az-egesz-csaladnak-anyanak-es-a-babanak\/\",\"name\":\"Anyai \u00d6lel\u00e9s Mos\u00e1s Csomag \u2013 Gyeng\u00e9d tisztas\u00e1g az eg\u00e9sz csal\u00e1dnak, any\u00e1nak \u00e9s a bab\u00e1nak - EcoLIFE\",\"isPartOf\":{\"@id\":\"https:\/\/www.ecolife.bio\/#website\"},\"primaryImageOfPage\":{\"@id\":\"https:\/\/www.ecolife.bio\/hu\/prod\/anyai-oleles-mosas-csomag-gyenged-tisztasag-az-egesz-csaladnak-anyanak-es-a-babanak\/#primaryimage\"},\"image\":{\"@id\":\"https:\/\/www.ecolife.bio\/hu\/prod\/anyai-oleles-mosas-csomag-gyenged-tisztasag-az-egesz-csaladnak-anyanak-es-a-babanak\/#primaryimage\"},\"thumbnailUrl\":\"https:\/\/escbfekz6y3.exactdn.com\/wp-content\/uploads\/2025\/02\/anyaioleles.png?strip=all\",\"datePublished\":\"2025-02-26T22:01:49+00:00\",\"dateModified\":\"2026-04-23T06:43:01+00:00\",\"description\":\"Toxinmentes, b\u0151rbar\u00e1t formula irrit\u00e1ci\u00f3 n\u00e9lk\u00fcl a tiszta \u00e9s puha ruh\u00e1k\u00e9rt. Biztons\u00e1gos v\u00e1laszt\u00e1s bab\u00e1knak, \u00e9rz\u00e9keny b\u0151r\u0171eknek \u00e9s az eg\u00e9sz csal\u00e1dnak.\",\"breadcrumb\":{\"@id\":\"https:\/\/www.ecolife.bio\/hu\/prod\/anyai-oleles-mosas-csomag-gyenged-tisztasag-az-egesz-csaladnak-anyanak-es-a-babanak\/#breadcrumb\"},\"inLanguage\":\"hu\",\"potentialAction\":[{\"@type\":\"ReadAction\",\"target\":[\"https:\/\/www.ecolife.bio\/hu\/prod\/anyai-oleles-mosas-csomag-gyenged-tisztasag-az-egesz-csaladnak-anyanak-es-a-babanak\/\"]}]},{\"@type\":\"ImageObject\",\"inLanguage\":\"hu\",\"@id\":\"https:\/\/www.ecolife.bio\/hu\/prod\/anyai-oleles-mosas-csomag-gyenged-tisztasag-az-egesz-csaladnak-anyanak-es-a-babanak\/#primaryimage\",\"url\":\"https:\/\/escbfekz6y3.exactdn.com\/wp-content\/uploads\/2025\/02\/anyaioleles.png?strip=all\",\"contentUrl\":\"https:\/\/escbfekz6y3.exactdn.com\/wp-content\/uploads\/2025\/02\/anyaioleles.png?strip=all\",\"width\":1000,\"height\":1000},{\"@type\":\"BreadcrumbList\",\"@id\":\"https:\/\/www.ecolife.bio\/hu\/prod\/anyai-oleles-mosas-csomag-gyenged-tisztasag-az-egesz-csaladnak-anyanak-es-a-babanak\/#breadcrumb\",\"itemListElement\":[{\"@type\":\"ListItem\",\"position\":1,\"name\":\"Domovsk\u00e1 str\u00e1nka\",\"item\":\"https:\/\/www.ecolife.bio\/hu\/\"},{\"@type\":\"ListItem\",\"position\":2,\"name\":\"\u00dczlet\",\"item\":\"https:\/\/www.ecolife.bio\/obchod\/\"},{\"@type\":\"ListItem\",\"position\":3,\"name\":\"Anyai \u00d6lel\u00e9s Mos\u00e1s Csomag \u2013 Gyeng\u00e9d tisztas\u00e1g az eg\u00e9sz csal\u00e1dnak, any\u00e1nak \u00e9s a bab\u00e1nak\"}]},{\"@type\":\"WebSite\",\"@id\":\"https:\/\/www.ecolife.bio\/#website\",\"url\":\"https:\/\/www.ecolife.bio\/\",\"name\":\"EcoLIFE\",\"description\":\"For an Eco-Friendly Planet\",\"publisher\":{\"@id\":\"https:\/\/www.ecolife.bio\/#organization\"},\"potentialAction\":[{\"@type\":\"SearchAction\",\"target\":{\"@type\":\"EntryPoint\",\"urlTemplate\":\"https:\/\/www.ecolife.bio\/?s={search_term_string}\"},\"query-input\":{\"@type\":\"PropertyValueSpecification\",\"valueRequired\":true,\"valueName\":\"search_term_string\"}}],\"inLanguage\":\"hu\"},{\"@type\":\"Organization\",\"@id\":\"https:\/\/www.ecolife.bio\/#organization\",\"name\":\"ECOlife.bio\",\"url\":\"https:\/\/www.ecolife.bio\/\",\"logo\":{\"@type\":\"ImageObject\",\"inLanguage\":\"hu\",\"@id\":\"https:\/\/www.ecolife.bio\/#\/schema\/logo\/image\/\",\"url\":\"https:\/\/escbfekz6y3.exactdn.com\/wp-content\/uploads\/2022\/03\/ecolife_logo_final.png?strip=all\",\"contentUrl\":\"https:\/\/escbfekz6y3.exactdn.com\/wp-content\/uploads\/2022\/03\/ecolife_logo_final.png?strip=all\",\"width\":500,\"height\":500,\"caption\":\"ECOlife.bio\"},\"image\":{\"@id\":\"https:\/\/www.ecolife.bio\/#\/schema\/logo\/image\/\"}}]}<\/script>\n<!-- \/ Yoast SEO plugin. -->","yoast_head_json":{"title":"Anyai \u00d6lel\u00e9s Mos\u00e1s Csomag \u2013 Gyeng\u00e9d tisztas\u00e1g az eg\u00e9sz csal\u00e1dnak, any\u00e1nak \u00e9s a bab\u00e1nak - EcoLIFE","description":"Toxinmentes, b\u0151rbar\u00e1t formula irrit\u00e1ci\u00f3 n\u00e9lk\u00fcl a tiszta \u00e9s puha ruh\u00e1k\u00e9rt. Biztons\u00e1gos v\u00e1laszt\u00e1s bab\u00e1knak, \u00e9rz\u00e9keny b\u0151r\u0171eknek \u00e9s az eg\u00e9sz csal\u00e1dnak.","robots":{"index":"index","follow":"follow","max-snippet":"max-snippet:-1","max-image-preview":"max-image-preview:large","max-video-preview":"max-video-preview:-1"},"canonical":"https:\/\/www.ecolife.bio\/hu\/prod\/anyai-oleles-mosas-csomag-gyenged-tisztasag-az-egesz-csaladnak-anyanak-es-a-babanak\/","og_locale":"hu_HU","og_type":"article","og_title":"Anyai \u00d6lel\u00e9s Mos\u00e1s Csomag \u2013 Gyeng\u00e9d tisztas\u00e1g az eg\u00e9sz csal\u00e1dnak, any\u00e1nak \u00e9s a bab\u00e1nak - EcoLIFE","og_description":"Toxinmentes, b\u0151rbar\u00e1t formula irrit\u00e1ci\u00f3 n\u00e9lk\u00fcl a tiszta \u00e9s puha ruh\u00e1k\u00e9rt. Biztons\u00e1gos v\u00e1laszt\u00e1s bab\u00e1knak, \u00e9rz\u00e9keny b\u0151r\u0171eknek \u00e9s az eg\u00e9sz csal\u00e1dnak.","og_url":"https:\/\/www.ecolife.bio\/hu\/prod\/anyai-oleles-mosas-csomag-gyenged-tisztasag-az-egesz-csaladnak-anyanak-es-a-babanak\/","og_site_name":"EcoLIFE","article_modified_time":"2026-04-23T06:43:01+00:00","og_image":[{"width":1000,"height":1000,"url":"https:\/\/www.ecolife.bio\/wp-content\/uploads\/2025\/02\/anyaioleles.png","type":"image\/png"}],"twitter_card":"summary_large_image","twitter_misc":{"Becs\u00fclt olvas\u00e1si id\u0151":"1 perc"},"schema":{"@context":"https:\/\/schema.org","@graph":[{"@type":"WebPage","@id":"https:\/\/www.ecolife.bio\/hu\/prod\/anyai-oleles-mosas-csomag-gyenged-tisztasag-az-egesz-csaladnak-anyanak-es-a-babanak\/","url":"https:\/\/www.ecolife.bio\/hu\/prod\/anyai-oleles-mosas-csomag-gyenged-tisztasag-az-egesz-csaladnak-anyanak-es-a-babanak\/","name":"Anyai \u00d6lel\u00e9s Mos\u00e1s Csomag \u2013 Gyeng\u00e9d tisztas\u00e1g az eg\u00e9sz csal\u00e1dnak, any\u00e1nak \u00e9s a bab\u00e1nak - EcoLIFE","isPartOf":{"@id":"https:\/\/www.ecolife.bio\/#website"},"primaryImageOfPage":{"@id":"https:\/\/www.ecolife.bio\/hu\/prod\/anyai-oleles-mosas-csomag-gyenged-tisztasag-az-egesz-csaladnak-anyanak-es-a-babanak\/#primaryimage"},"image":{"@id":"https:\/\/www.ecolife.bio\/hu\/prod\/anyai-oleles-mosas-csomag-gyenged-tisztasag-az-egesz-csaladnak-anyanak-es-a-babanak\/#primaryimage"},"thumbnailUrl":"https:\/\/escbfekz6y3.exactdn.com\/wp-content\/uploads\/2025\/02\/anyaioleles.png?strip=all","datePublished":"2025-02-26T22:01:49+00:00","dateModified":"2026-04-23T06:43:01+00:00","description":"Toxinmentes, b\u0151rbar\u00e1t formula irrit\u00e1ci\u00f3 n\u00e9lk\u00fcl a tiszta \u00e9s puha ruh\u00e1k\u00e9rt. Biztons\u00e1gos v\u00e1laszt\u00e1s bab\u00e1knak, \u00e9rz\u00e9keny b\u0151r\u0171eknek \u00e9s az eg\u00e9sz csal\u00e1dnak.","breadcrumb":{"@id":"https:\/\/www.ecolife.bio\/hu\/prod\/anyai-oleles-mosas-csomag-gyenged-tisztasag-az-egesz-csaladnak-anyanak-es-a-babanak\/#breadcrumb"},"inLanguage":"hu","potentialAction":[{"@type":"ReadAction","target":["https:\/\/www.ecolife.bio\/hu\/prod\/anyai-oleles-mosas-csomag-gyenged-tisztasag-az-egesz-csaladnak-anyanak-es-a-babanak\/"]}]},{"@type":"ImageObject","inLanguage":"hu","@id":"https:\/\/www.ecolife.bio\/hu\/prod\/anyai-oleles-mosas-csomag-gyenged-tisztasag-az-egesz-csaladnak-anyanak-es-a-babanak\/#primaryimage","url":"https:\/\/escbfekz6y3.exactdn.com\/wp-content\/uploads\/2025\/02\/anyaioleles.png?strip=all","contentUrl":"https:\/\/escbfekz6y3.exactdn.com\/wp-content\/uploads\/2025\/02\/anyaioleles.png?strip=all","width":1000,"height":1000},{"@type":"BreadcrumbList","@id":"https:\/\/www.ecolife.bio\/hu\/prod\/anyai-oleles-mosas-csomag-gyenged-tisztasag-az-egesz-csaladnak-anyanak-es-a-babanak\/#breadcrumb","itemListElement":[{"@type":"ListItem","position":1,"name":"Domovsk\u00e1 str\u00e1nka","item":"https:\/\/www.ecolife.bio\/hu\/"},{"@type":"ListItem","position":2,"name":"\u00dczlet","item":"https:\/\/www.ecolife.bio\/obchod\/"},{"@type":"ListItem","position":3,"name":"Anyai \u00d6lel\u00e9s Mos\u00e1s Csomag \u2013 Gyeng\u00e9d tisztas\u00e1g az eg\u00e9sz csal\u00e1dnak, any\u00e1nak \u00e9s a bab\u00e1nak"}]},{"@type":"WebSite","@id":"https:\/\/www.ecolife.bio\/#website","url":"https:\/\/www.ecolife.bio\/","name":"EcoLIFE","description":"For an Eco-Friendly Planet","publisher":{"@id":"https:\/\/www.ecolife.bio\/#organization"},"potentialAction":[{"@type":"SearchAction","target":{"@type":"EntryPoint","urlTemplate":"https:\/\/www.ecolife.bio\/?s={search_term_string}"},"query-input":{"@type":"PropertyValueSpecification","valueRequired":true,"valueName":"search_term_string"}}],"inLanguage":"hu"},{"@type":"Organization","@id":"https:\/\/www.ecolife.bio\/#organization","name":"ECOlife.bio","url":"https:\/\/www.ecolife.bio\/","logo":{"@type":"ImageObject","inLanguage":"hu","@id":"https:\/\/www.ecolife.bio\/#\/schema\/logo\/image\/","url":"https:\/\/escbfekz6y3.exactdn.com\/wp-content\/uploads\/2022\/03\/ecolife_logo_final.png?strip=all","contentUrl":"https:\/\/escbfekz6y3.exactdn.com\/wp-content\/uploads\/2022\/03\/ecolife_logo_final.png?strip=all","width":500,"height":500,"caption":"ECOlife.bio"},"image":{"@id":"https:\/\/www.ecolife.bio\/#\/schema\/logo\/image\/"}}]}},"_links":{"self":[{"href":"https:\/\/www.ecolife.bio\/hu\/wp-json\/wp\/v2\/product\/4385","targetHints":{"allow":["GET"]}}],"collection":[{"href":"https:\/\/www.ecolife.bio\/hu\/wp-json\/wp\/v2\/product"}],"about":[{"href":"https:\/\/www.ecolife.bio\/hu\/wp-json\/wp\/v2\/types\/product"}],"replies":[{"embeddable":true,"href":"https:\/\/www.ecolife.bio\/hu\/wp-json\/wp\/v2\/comments?post=4385"}],"wp:featuredmedia":[{"embeddable":true,"href":"https:\/\/www.ecolife.bio\/hu\/wp-json\/wp\/v2\/media\/4414"}],"wp:attachment":[{"href":"https:\/\/www.ecolife.bio\/hu\/wp-json\/wp\/v2\/media?parent=4385"}],"wp:term":[{"taxonomy":"product_brand","embeddable":true,"href":"https:\/\/www.ecolife.bio\/hu\/wp-json\/wp\/v2\/product_brand?post=4385"},{"taxonomy":"product_cat","embeddable":true,"href":"https:\/\/www.ecolife.bio\/hu\/wp-json\/wp\/v2\/product_cat?post=4385"},{"taxonomy":"product_tag","embeddable":true,"href":"https:\/\/www.ecolife.bio\/hu\/wp-json\/wp\/v2\/product_tag?post=4385"}],"curies":[{"name":"wp","href":"https:\/\/api.w.org\/{rel}","templated":true}]}}