{"id":5269,"date":"2025-09-18T11:52:09","date_gmt":"2025-09-18T09:52:09","guid":{"rendered":"https:\/\/www.ecolife.bio\/?post_type=product&#038;p=5269"},"modified":"2026-04-23T10:38:50","modified_gmt":"2026-04-23T08:38:50","slug":"penztarcakimelo-zold-csomag","status":"publish","type":"product","link":"https:\/\/www.ecolife.bio\/hu\/prod\/penztarcakimelo-zold-csomag\/","title":{"rendered":"P\u00e9nzt\u00e1rcak\u00edm\u00e9l\u0151 z\u00f6ld START csomag"},"content":{"rendered":"<h2 data-start=\"265\" data-end=\"336\">\u00c9sszer\u0171, p\u00e9nzt\u00e1rcabar\u00e1t v\u00e1laszt\u00e1s \u2013 most k\u00fcl\u00f6nlegesen kedvez\u0151 \u00e1ron!<\/h2>\n<p data-start=\"338\" data-end=\"602\">Ha a vegyszermentes, \u00f6ko \u00e9letm\u00f3d mellett d\u00f6ntesz, de fontos sz\u00e1modra a takar\u00e9koss\u00e1g is, ez a csomag neked sz\u00f3l.<br data-start=\"449\" data-end=\"452\" \/>H\u00e1rom alapvet\u0151, nagy kiszerel\u00e9s\u0171 ECOlife term\u00e9k &#8211; visszav\u00e1lthat\u00f3 csomagol\u00e1s,\u00a0 amelyek lefedik a mindennapi tiszt\u00edt\u00e1s minden ter\u00fclet\u00e9t \u2013 biztons\u00e1gosan, hat\u00e9konyan, term\u00e9szetesen.<\/p>\n<p data-start=\"604\" data-end=\"628\"><strong data-start=\"604\" data-end=\"626\">A csomag tartalma:<\/strong><\/p>\n<ul data-start=\"629\" data-end=\"973\">\n<li data-start=\"629\" data-end=\"735\">\n<p data-start=\"631\" data-end=\"735\"><strong data-start=\"631\" data-end=\"670\">Mos\u00f3szer 5L <\/strong>\u2013 rendk\u00edv\u00fcl gazdas\u00e1gos kiszerel\u00e9s, hat\u00e9kony, b\u0151rbar\u00e1t \u00e9s gazdas\u00e1gos megold\u00e1s a tiszta ruh\u00e1k\u00e9rt.<\/p>\n<\/li>\n<li data-start=\"736\" data-end=\"849\">\n<p data-start=\"738\" data-end=\"849\"><strong data-start=\"738\" data-end=\"759\">K\u00e9zi mosogat\u00f3szer<\/strong> \u2013 term\u00e9szetes, vegyszermentes formula, ami k\u00edm\u00e9li a kezeket, m\u00e9gis t\u00f6k\u00e9letesen tiszt\u00edt.<\/p>\n<\/li>\n<li data-start=\"850\" data-end=\"973\">\n<p data-start=\"852\" data-end=\"973\"><strong data-start=\"852\" data-end=\"896\">G\u00e9pi mosogat\u00f3g\u00e9l \u00e9s f\u00e9nyes\u00edt\u0151 2 az 1-ben<\/strong> \u2013 <strong>egyedi, foly\u00e9kony<\/strong> formula &#8211; <strong>irrit\u00e1l\u00f3 vegyszerszag \u00e9s bennragadt tabletta maradv\u00e1nyok n\u00e9lk\u00fcl, az eredm\u00e9ny: <\/strong>ragyog\u00f3, cseppmentes, csillog\u00f3 ed\u00e9nyek!<\/p>\n<\/li>\n<\/ul>\n<p data-start=\"975\" data-end=\"989\"><strong data-start=\"975\" data-end=\"987\">El\u0151nyei:<\/strong><\/p>\n<ul data-start=\"990\" data-end=\"1206\">\n<li data-start=\"990\" data-end=\"1059\">\n<p data-start=\"992\" data-end=\"1059\">100% term\u00e9szetes, foszf\u00e1t-, parab\u00e9n- \u00e9s sz\u00ednez\u00e9kmentes \u00f6sszetev\u0151k<\/p>\n<\/li>\n<li data-start=\"1060\" data-end=\"1133\">\n<p data-start=\"1062\" data-end=\"1133\">Gazdas\u00e1gos \u00e1r \u00e9s nagy kiszerel\u00e9s \u2013 kevesebb flakon, kevesebb hullad\u00e9k<\/p>\n<\/li>\n<li data-start=\"1134\" data-end=\"1206\">\n<p data-start=\"1136\" data-end=\"1206\">Visszav\u00e1lthat\u00f3, \u00fajrat\u00f6lthet\u0151 csomagol\u00e1s \u2013 a fenntarthat\u00f3s\u00e1g jegy\u00e9ben<\/p>\n<\/li>\n<\/ul>\n<p data-start=\"1208\" data-end=\"1315\"><strong data-start=\"1208\" data-end=\"1249\">Most \u00e9rdemes meghozni a z\u00f6ld d\u00f6nt\u00e9st:<\/strong><br data-start=\"1249\" data-end=\"1252\" \/>k\u00edm\u00e9ld a csal\u00e1dot, a p\u00e9nzt\u00e1rc\u00e1dat \u00e9s a term\u00e9szetet egyszerre!<\/p>\n","protected":false},"excerpt":{"rendered":"<h3 data-start=\"1156\" data-end=\"1209\"><strong data-start=\"1156\" data-end=\"1207\">3 ok, ami\u00e9rt ezt v\u00e1lasztj\u00e1k a tudatos v\u00e1s\u00e1rl\u00f3k:<\/strong><\/h3>\n<ul>\n<li data-start=\"1211\" data-end=\"1471\">\n<h4><span style=\"font-size: 105%;\"><strong>Biztons\u00e1gos, 100% v<\/strong><strong data-start=\"1303\" data-end=\"1331\">egyszermentes, certifik\u00e1lt term\u00e9kek\u00a0 GREEN Brand Slovakia<\/strong><\/span><\/h4>\n<\/li>\n<li data-start=\"1211\" data-end=\"1471\">\n<h4><span style=\"font-size: 105%;\"><strong data-start=\"1214\" data-end=\"1246\">Gazdas\u00e1gos kiszerel\u00e9s,\u00a0 \u00e9sszer\u0171 d\u00f6nt\u00e9s<\/strong><\/span><\/h4>\n<\/li>\n<li data-start=\"1211\" data-end=\"1471\">\n<h4><span style=\"font-size: 105%;\"><strong data-start=\"1393\" data-end=\"1414\">Felel\u0151s v\u00e1laszt\u00e1s<\/strong> \u2013 visszav\u00e1lthat\u00f3 csomagol\u00e1s.<\/span><\/h4>\n<\/li>\n<\/ul>\n","protected":false},"featured_media":5271,"comment_status":"open","ping_status":"closed","template":"","meta":[],"product_brand":[],"product_cat":[135,15,88],"product_tag":[110,139],"class_list":{"0":"post-5269","1":"product","2":"type-product","3":"status-publish","4":"has-post-thumbnail","6":"product_cat-kedvezmenyes-csomagok","7":"product_cat-termekek","8":"product_cat-uj","9":"product_tag-csomag","10":"product_tag-ecolife-bottle","12":"first","13":"outofstock","14":"sale","15":"taxable","16":"shipping-taxable","17":"purchasable","18":"product-type-simple"},"yoast_head":"<!-- This site is optimized with the Yoast SEO plugin v26.8 - https:\/\/yoast.com\/product\/yoast-seo-wordpress\/ -->\n<title>P\u00e9nzt\u00e1rcak\u00edm\u00e9l\u0151 z\u00f6ld START csomag - EcoLIFE<\/title>\n<meta name=\"description\" content=\"Gazdas\u00e1gos vegyszermentes v\u00e1logat\u00e1s a z\u00f6ld h\u00e1ztart\u00e1s\u00e9rt. Nagy kiszerel\u00e9s\u0171 mos\u00f3szer, mosogat\u00f3 \u00e9s tiszt\u00edt\u00f3k toxinok n\u00e9lk\u00fcl. Sp\u00f3roljon csal\u00e1dbar\u00e1t \u00f6ko m\u00f3don!\" \/>\n<meta name=\"robots\" content=\"index, follow, max-snippet:-1, max-image-preview:large, max-video-preview:-1\" \/>\n<link rel=\"canonical\" href=\"https:\/\/www.ecolife.bio\/hu\/prod\/penztarcakimelo-zold-csomag\/\" \/>\n<meta property=\"og:locale\" content=\"hu_HU\" \/>\n<meta property=\"og:type\" content=\"article\" \/>\n<meta property=\"og:title\" content=\"P\u00e9nzt\u00e1rcak\u00edm\u00e9l\u0151 z\u00f6ld START csomag - EcoLIFE\" \/>\n<meta property=\"og:description\" content=\"Gazdas\u00e1gos vegyszermentes v\u00e1logat\u00e1s a z\u00f6ld h\u00e1ztart\u00e1s\u00e9rt. Nagy kiszerel\u00e9s\u0171 mos\u00f3szer, mosogat\u00f3 \u00e9s tiszt\u00edt\u00f3k toxinok n\u00e9lk\u00fcl. Sp\u00f3roljon csal\u00e1dbar\u00e1t \u00f6ko m\u00f3don!\" \/>\n<meta property=\"og:url\" content=\"https:\/\/www.ecolife.bio\/hu\/prod\/penztarcakimelo-zold-csomag\/\" \/>\n<meta property=\"og:site_name\" content=\"EcoLIFE\" \/>\n<meta property=\"article:modified_time\" content=\"2026-04-23T08:38:50+00:00\" \/>\n<meta property=\"og:image\" content=\"https:\/\/www.ecolife.bio\/wp-content\/uploads\/2025\/09\/Penztarcabarat.jpg\" \/>\n\t<meta property=\"og:image:width\" content=\"1080\" \/>\n\t<meta property=\"og:image:height\" content=\"1080\" \/>\n\t<meta property=\"og:image:type\" content=\"image\/jpeg\" \/>\n<meta name=\"twitter:card\" content=\"summary_large_image\" \/>\n<meta name=\"twitter:label1\" content=\"Becs\u00fclt olvas\u00e1si id\u0151\" \/>\n\t<meta name=\"twitter:data1\" content=\"1 perc\" \/>\n<script type=\"application\/ld+json\" class=\"yoast-schema-graph\">{\"@context\":\"https:\/\/schema.org\",\"@graph\":[{\"@type\":\"WebPage\",\"@id\":\"https:\/\/www.ecolife.bio\/hu\/prod\/penztarcakimelo-zold-csomag\/\",\"url\":\"https:\/\/www.ecolife.bio\/hu\/prod\/penztarcakimelo-zold-csomag\/\",\"name\":\"P\u00e9nzt\u00e1rcak\u00edm\u00e9l\u0151 z\u00f6ld START csomag - EcoLIFE\",\"isPartOf\":{\"@id\":\"https:\/\/www.ecolife.bio\/#website\"},\"primaryImageOfPage\":{\"@id\":\"https:\/\/www.ecolife.bio\/hu\/prod\/penztarcakimelo-zold-csomag\/#primaryimage\"},\"image\":{\"@id\":\"https:\/\/www.ecolife.bio\/hu\/prod\/penztarcakimelo-zold-csomag\/#primaryimage\"},\"thumbnailUrl\":\"https:\/\/escbfekz6y3.exactdn.com\/wp-content\/uploads\/2025\/09\/Penztarcabarat.jpg?strip=all\",\"datePublished\":\"2025-09-18T09:52:09+00:00\",\"dateModified\":\"2026-04-23T08:38:50+00:00\",\"description\":\"Gazdas\u00e1gos vegyszermentes v\u00e1logat\u00e1s a z\u00f6ld h\u00e1ztart\u00e1s\u00e9rt. Nagy kiszerel\u00e9s\u0171 mos\u00f3szer, mosogat\u00f3 \u00e9s tiszt\u00edt\u00f3k toxinok n\u00e9lk\u00fcl. Sp\u00f3roljon csal\u00e1dbar\u00e1t \u00f6ko m\u00f3don!\",\"breadcrumb\":{\"@id\":\"https:\/\/www.ecolife.bio\/hu\/prod\/penztarcakimelo-zold-csomag\/#breadcrumb\"},\"inLanguage\":\"hu\",\"potentialAction\":[{\"@type\":\"ReadAction\",\"target\":[\"https:\/\/www.ecolife.bio\/hu\/prod\/penztarcakimelo-zold-csomag\/\"]}]},{\"@type\":\"ImageObject\",\"inLanguage\":\"hu\",\"@id\":\"https:\/\/www.ecolife.bio\/hu\/prod\/penztarcakimelo-zold-csomag\/#primaryimage\",\"url\":\"https:\/\/escbfekz6y3.exactdn.com\/wp-content\/uploads\/2025\/09\/Penztarcabarat.jpg?strip=all\",\"contentUrl\":\"https:\/\/escbfekz6y3.exactdn.com\/wp-content\/uploads\/2025\/09\/Penztarcabarat.jpg?strip=all\",\"width\":1080,\"height\":1080,\"caption\":\"P\u00e9nzt\u00e1rcak\u00edm\u00e9l\u0151 z\u00f6ld csomag\"},{\"@type\":\"BreadcrumbList\",\"@id\":\"https:\/\/www.ecolife.bio\/hu\/prod\/penztarcakimelo-zold-csomag\/#breadcrumb\",\"itemListElement\":[{\"@type\":\"ListItem\",\"position\":1,\"name\":\"Domovsk\u00e1 str\u00e1nka\",\"item\":\"https:\/\/www.ecolife.bio\/hu\/\"},{\"@type\":\"ListItem\",\"position\":2,\"name\":\"\u00dczlet\",\"item\":\"https:\/\/www.ecolife.bio\/obchod\/\"},{\"@type\":\"ListItem\",\"position\":3,\"name\":\"P\u00e9nzt\u00e1rcak\u00edm\u00e9l\u0151 z\u00f6ld START csomag\"}]},{\"@type\":\"WebSite\",\"@id\":\"https:\/\/www.ecolife.bio\/#website\",\"url\":\"https:\/\/www.ecolife.bio\/\",\"name\":\"EcoLIFE\",\"description\":\"For an Eco-Friendly Planet\",\"publisher\":{\"@id\":\"https:\/\/www.ecolife.bio\/#organization\"},\"potentialAction\":[{\"@type\":\"SearchAction\",\"target\":{\"@type\":\"EntryPoint\",\"urlTemplate\":\"https:\/\/www.ecolife.bio\/?s={search_term_string}\"},\"query-input\":{\"@type\":\"PropertyValueSpecification\",\"valueRequired\":true,\"valueName\":\"search_term_string\"}}],\"inLanguage\":\"hu\"},{\"@type\":\"Organization\",\"@id\":\"https:\/\/www.ecolife.bio\/#organization\",\"name\":\"ECOlife.bio\",\"url\":\"https:\/\/www.ecolife.bio\/\",\"logo\":{\"@type\":\"ImageObject\",\"inLanguage\":\"hu\",\"@id\":\"https:\/\/www.ecolife.bio\/#\/schema\/logo\/image\/\",\"url\":\"https:\/\/www.ecolife.bio\/wp-content\/uploads\/2022\/03\/ecolife_logo_final.png\",\"contentUrl\":\"https:\/\/www.ecolife.bio\/wp-content\/uploads\/2022\/03\/ecolife_logo_final.png\",\"width\":500,\"height\":500,\"caption\":\"ECOlife.bio\"},\"image\":{\"@id\":\"https:\/\/www.ecolife.bio\/#\/schema\/logo\/image\/\"}}]}<\/script>\n<!-- \/ Yoast SEO plugin. -->","yoast_head_json":{"title":"P\u00e9nzt\u00e1rcak\u00edm\u00e9l\u0151 z\u00f6ld START csomag - EcoLIFE","description":"Gazdas\u00e1gos vegyszermentes v\u00e1logat\u00e1s a z\u00f6ld h\u00e1ztart\u00e1s\u00e9rt. Nagy kiszerel\u00e9s\u0171 mos\u00f3szer, mosogat\u00f3 \u00e9s tiszt\u00edt\u00f3k toxinok n\u00e9lk\u00fcl. Sp\u00f3roljon csal\u00e1dbar\u00e1t \u00f6ko m\u00f3don!","robots":{"index":"index","follow":"follow","max-snippet":"max-snippet:-1","max-image-preview":"max-image-preview:large","max-video-preview":"max-video-preview:-1"},"canonical":"https:\/\/www.ecolife.bio\/hu\/prod\/penztarcakimelo-zold-csomag\/","og_locale":"hu_HU","og_type":"article","og_title":"P\u00e9nzt\u00e1rcak\u00edm\u00e9l\u0151 z\u00f6ld START csomag - EcoLIFE","og_description":"Gazdas\u00e1gos vegyszermentes v\u00e1logat\u00e1s a z\u00f6ld h\u00e1ztart\u00e1s\u00e9rt. Nagy kiszerel\u00e9s\u0171 mos\u00f3szer, mosogat\u00f3 \u00e9s tiszt\u00edt\u00f3k toxinok n\u00e9lk\u00fcl. Sp\u00f3roljon csal\u00e1dbar\u00e1t \u00f6ko m\u00f3don!","og_url":"https:\/\/www.ecolife.bio\/hu\/prod\/penztarcakimelo-zold-csomag\/","og_site_name":"EcoLIFE","article_modified_time":"2026-04-23T08:38:50+00:00","og_image":[{"width":1080,"height":1080,"url":"https:\/\/www.ecolife.bio\/wp-content\/uploads\/2025\/09\/Penztarcabarat.jpg","type":"image\/jpeg"}],"twitter_card":"summary_large_image","twitter_misc":{"Becs\u00fclt olvas\u00e1si id\u0151":"1 perc"},"schema":{"@context":"https:\/\/schema.org","@graph":[{"@type":"WebPage","@id":"https:\/\/www.ecolife.bio\/hu\/prod\/penztarcakimelo-zold-csomag\/","url":"https:\/\/www.ecolife.bio\/hu\/prod\/penztarcakimelo-zold-csomag\/","name":"P\u00e9nzt\u00e1rcak\u00edm\u00e9l\u0151 z\u00f6ld START csomag - EcoLIFE","isPartOf":{"@id":"https:\/\/www.ecolife.bio\/#website"},"primaryImageOfPage":{"@id":"https:\/\/www.ecolife.bio\/hu\/prod\/penztarcakimelo-zold-csomag\/#primaryimage"},"image":{"@id":"https:\/\/www.ecolife.bio\/hu\/prod\/penztarcakimelo-zold-csomag\/#primaryimage"},"thumbnailUrl":"https:\/\/escbfekz6y3.exactdn.com\/wp-content\/uploads\/2025\/09\/Penztarcabarat.jpg?strip=all","datePublished":"2025-09-18T09:52:09+00:00","dateModified":"2026-04-23T08:38:50+00:00","description":"Gazdas\u00e1gos vegyszermentes v\u00e1logat\u00e1s a z\u00f6ld h\u00e1ztart\u00e1s\u00e9rt. Nagy kiszerel\u00e9s\u0171 mos\u00f3szer, mosogat\u00f3 \u00e9s tiszt\u00edt\u00f3k toxinok n\u00e9lk\u00fcl. Sp\u00f3roljon csal\u00e1dbar\u00e1t \u00f6ko m\u00f3don!","breadcrumb":{"@id":"https:\/\/www.ecolife.bio\/hu\/prod\/penztarcakimelo-zold-csomag\/#breadcrumb"},"inLanguage":"hu","potentialAction":[{"@type":"ReadAction","target":["https:\/\/www.ecolife.bio\/hu\/prod\/penztarcakimelo-zold-csomag\/"]}]},{"@type":"ImageObject","inLanguage":"hu","@id":"https:\/\/www.ecolife.bio\/hu\/prod\/penztarcakimelo-zold-csomag\/#primaryimage","url":"https:\/\/escbfekz6y3.exactdn.com\/wp-content\/uploads\/2025\/09\/Penztarcabarat.jpg?strip=all","contentUrl":"https:\/\/escbfekz6y3.exactdn.com\/wp-content\/uploads\/2025\/09\/Penztarcabarat.jpg?strip=all","width":1080,"height":1080,"caption":"P\u00e9nzt\u00e1rcak\u00edm\u00e9l\u0151 z\u00f6ld csomag"},{"@type":"BreadcrumbList","@id":"https:\/\/www.ecolife.bio\/hu\/prod\/penztarcakimelo-zold-csomag\/#breadcrumb","itemListElement":[{"@type":"ListItem","position":1,"name":"Domovsk\u00e1 str\u00e1nka","item":"https:\/\/www.ecolife.bio\/hu\/"},{"@type":"ListItem","position":2,"name":"\u00dczlet","item":"https:\/\/www.ecolife.bio\/obchod\/"},{"@type":"ListItem","position":3,"name":"P\u00e9nzt\u00e1rcak\u00edm\u00e9l\u0151 z\u00f6ld START csomag"}]},{"@type":"WebSite","@id":"https:\/\/www.ecolife.bio\/#website","url":"https:\/\/www.ecolife.bio\/","name":"EcoLIFE","description":"For an Eco-Friendly Planet","publisher":{"@id":"https:\/\/www.ecolife.bio\/#organization"},"potentialAction":[{"@type":"SearchAction","target":{"@type":"EntryPoint","urlTemplate":"https:\/\/www.ecolife.bio\/?s={search_term_string}"},"query-input":{"@type":"PropertyValueSpecification","valueRequired":true,"valueName":"search_term_string"}}],"inLanguage":"hu"},{"@type":"Organization","@id":"https:\/\/www.ecolife.bio\/#organization","name":"ECOlife.bio","url":"https:\/\/www.ecolife.bio\/","logo":{"@type":"ImageObject","inLanguage":"hu","@id":"https:\/\/www.ecolife.bio\/#\/schema\/logo\/image\/","url":"https:\/\/www.ecolife.bio\/wp-content\/uploads\/2022\/03\/ecolife_logo_final.png","contentUrl":"https:\/\/www.ecolife.bio\/wp-content\/uploads\/2022\/03\/ecolife_logo_final.png","width":500,"height":500,"caption":"ECOlife.bio"},"image":{"@id":"https:\/\/www.ecolife.bio\/#\/schema\/logo\/image\/"}}]}},"_links":{"self":[{"href":"https:\/\/www.ecolife.bio\/hu\/wp-json\/wp\/v2\/product\/5269","targetHints":{"allow":["GET"]}}],"collection":[{"href":"https:\/\/www.ecolife.bio\/hu\/wp-json\/wp\/v2\/product"}],"about":[{"href":"https:\/\/www.ecolife.bio\/hu\/wp-json\/wp\/v2\/types\/product"}],"replies":[{"embeddable":true,"href":"https:\/\/www.ecolife.bio\/hu\/wp-json\/wp\/v2\/comments?post=5269"}],"wp:featuredmedia":[{"embeddable":true,"href":"https:\/\/www.ecolife.bio\/hu\/wp-json\/wp\/v2\/media\/5271"}],"wp:attachment":[{"href":"https:\/\/www.ecolife.bio\/hu\/wp-json\/wp\/v2\/media?parent=5269"}],"wp:term":[{"taxonomy":"product_brand","embeddable":true,"href":"https:\/\/www.ecolife.bio\/hu\/wp-json\/wp\/v2\/product_brand?post=5269"},{"taxonomy":"product_cat","embeddable":true,"href":"https:\/\/www.ecolife.bio\/hu\/wp-json\/wp\/v2\/product_cat?post=5269"},{"taxonomy":"product_tag","embeddable":true,"href":"https:\/\/www.ecolife.bio\/hu\/wp-json\/wp\/v2\/product_tag?post=5269"}],"curies":[{"name":"wp","href":"https:\/\/api.w.org\/{rel}","templated":true}]}}