{"id":5283,"date":"2025-09-18T12:38:51","date_gmt":"2025-09-18T10:38:51","guid":{"rendered":"https:\/\/www.ecolife.bio\/?post_type=product&#038;p=5283"},"modified":"2026-04-23T10:49:03","modified_gmt":"2026-04-23T08:49:03","slug":"zold-start-csomag","status":"publish","type":"product","link":"https:\/\/www.ecolife.bio\/hu\/prod\/zold-start-csomag\/","title":{"rendered":"Z\u00f6ld Start csomag"},"content":{"rendered":"<h2 data-start=\"186\" data-end=\"250\">Z\u00f6ld Start Csomag \u2013 most igaz\u00e1n meg\u00e9ri a term\u00e9szet erej\u00e9vel a tiszta otthon\u00e9rt!<\/h2>\n<p data-start=\"252\" data-end=\"551\">Kezdd el most a z\u00f6ld utat pr\u00e9mium min\u0151s\u00e9g\u0171, <strong data-start=\"296\" data-end=\"334\">100% term\u00e9szetes tiszt\u00edt\u00f3szerekkel<\/strong>!<br data-start=\"335\" data-end=\"338\" \/>A <strong data-start=\"340\" data-end=\"361\">Z\u00f6ld Start Csomag<\/strong> mindent tartalmaz, amire egy tudatos, eg\u00e9szs\u00e9ges otthonban sz\u00fcks\u00e9g lehet \u2013 hat\u00e9kony, m\u00e9gis gyeng\u00e9d megold\u00e1sokat, hogy ne kelljen t\u00f6bb\u00e9 kompromisszumot k\u00f6tn\u00f6d tisztas\u00e1g \u00e9s eg\u00e9szs\u00e9g k\u00f6z\u00f6tt.<\/p>\n<p data-start=\"553\" data-end=\"888\">Az ECOlife term\u00e9kek <strong data-start=\"573\" data-end=\"616\">k\u00f3kuszolajb\u00f3l \u00e9s term\u00e9szetes alkoholb\u00f3l<\/strong> k\u00e9sz\u00fclnek, \u00edgy <strong data-start=\"632\" data-end=\"666\">val\u00f3ban hat\u00e9konyan tiszt\u00edtanak<\/strong>, mik\u00f6zben <strong data-start=\"677\" data-end=\"750\">nem irrit\u00e1lj\u00e1k a b\u0151rt, a l\u00e9gutakat, \u00e9s nem hagynak vegyszermaradv\u00e1nyt<\/strong> a fel\u00fcleteken.<br data-start=\"765\" data-end=\"768\" \/>Minden term\u00e9k <strong data-start=\"782\" data-end=\"837\">biol\u00f3giailag leboml\u00f3, allerg\u00e9nmentes \u00e9s certifik\u00e1lt<\/strong> \u2013 biztons\u00e1gos v\u00e1laszt\u00e1s az eg\u00e9sz csal\u00e1d sz\u00e1m\u00e1ra.<\/p>\n<h3><span style=\"font-size: 100%;\"><strong>A csomag tartalma \u00e9s el\u0151nyei:<\/strong><\/span><\/h3>\n<p data-start=\"931\" data-end=\"1103\"><strong data-start=\"931\" data-end=\"965\">Mosogat\u00f3szer k\u00e9zi mosogat\u00e1shoz &#8211; hogy \u00e1poljuk a kezedet!<\/strong><br data-start=\"965\" data-end=\"968\" \/>K\u00f3kuszolaj-alap\u00fa formula, amely t\u00f6k\u00e9letesen oldja a zs\u00edrt, m\u00e9gis k\u00edm\u00e9li a kezet. Nem sz\u00e1r\u00edt, nem irrit\u00e1l \u2013 \u00e9rz\u00e9keny b\u0151rre is ide\u00e1lis.<\/p>\n<p data-start=\"1105\" data-end=\"1299\"><strong data-start=\"1105\" data-end=\"1141\">G\u00e9pi mosogat\u00f3g\u00e9l + f\u00e9nyes\u00edt\u0151 2:1 &#8211; egyedi foly\u00e9kony formula &#8211; beragadt tablettamaradv\u00e1nyok n\u00e9lk\u00fcl!<\/strong><br data-start=\"1141\" data-end=\"1144\" \/>Term\u00e9szetes alkohol \u00e9s n\u00f6v\u00e9nyi enzimek kombin\u00e1ci\u00f3ja. Ragyog\u00f3, foltmentes ed\u00e9nyek, vegyszermaradv\u00e1ny n\u00e9lk\u00fcl \u2013 biztons\u00e1gos az \u00e9telekhez \u00e9r\u0151 fel\u00fcleteken is.<\/p>\n<p data-start=\"1301\" data-end=\"1431\"><strong data-start=\"1301\" data-end=\"1330\">V\u00edzk\u0151old\u00f3 \u00e9s tiszt\u00edt\u00f3szer &#8211; hogy rendk\u00edv\u00fcl hat\u00e9kony l\u00e9gy!<\/strong><br data-start=\"1330\" data-end=\"1333\" \/>N\u00f6v\u00e9nyi savakkal \u00e9s citromkivonattal t\u00e1vol\u00edtja el a v\u00edzk\u00f6vet, k\u00edm\u00e9letesen, irrit\u00e1l\u00f3 szag n\u00e9lk\u00fcl.<\/p>\n<p data-start=\"1433\" data-end=\"1577\"><strong data-start=\"1433\" data-end=\"1450\">Ablaktiszt\u00edt\u00f3 &#8211; hogy ne irrit\u00e1ljuk a l\u00e9gutakat!<\/strong><br data-start=\"1450\" data-end=\"1453\" \/>Term\u00e9szetes alkoholalap\u00fa formula, amely cs\u00edkmentes f\u00e9nyt ad \u00e9s friss illatot hagy. Vegyszermentes, m\u00e9gis er\u0151teljes hat\u00e1s\u00fa.<\/p>\n<p data-start=\"1579\" data-end=\"1747\"><strong data-start=\"1579\" data-end=\"1607\">Univerz\u00e1lis tiszt\u00edt\u00f3szer &#8211; minden elk\u00e9pzelhet\u0151 fel\u00fcletre &#8211; egy igazi JOLLY JOKER!<\/strong><br data-start=\"1607\" data-end=\"1610\" \/>K\u00f3kuszzs\u00edrb\u00f3l \u00e9s n\u00f6v\u00e9nyi eredet\u0171 \u00f6sszetev\u0151kb\u0151l k\u00e9sz\u00fclt. Minden fel\u00fcletre biztons\u00e1gos, nem mar, nem sz\u00ednez \u2013 t\u00f6k\u00e9letes napi haszn\u00e1latra.<\/p>\n<p data-start=\"1749\" data-end=\"1881\"><strong data-start=\"1749\" data-end=\"1775\">Mos\u00f3szer \u00f6bl\u00edt\u0151vel 2:1 &#8211; egyedi formula &#8211; nincs sz\u00fcks\u00e9g \u00f6bl\u00edt\u0151re &#8211; illata elvar\u00e1zsol!<\/strong><br data-start=\"1775\" data-end=\"1778\" \/>N\u00f6v\u00e9nyi alap\u00fa, biol\u00f3giailag leboml\u00f3 formula. Puh\u00e1v\u00e1 \u00e9s friss\u00e9 var\u00e1zsolja a ruh\u00e1kat, irrit\u00e1ci\u00f3 n\u00e9lk\u00fcl.<\/p>\n<h3 data-start=\"1888\" data-end=\"1913\">Mi\u00e9rt \u00e9ri meg most?<\/h3>\n<ul data-start=\"1914\" data-end=\"2150\">\n<li data-start=\"1914\" data-end=\"1954\">\n<p data-start=\"1916\" data-end=\"1954\">\u00a06 term\u00e9ket kapsz &#8211; ebb\u0151l 3 pr\u00e9mium term\u00e9ket <strong data-start=\"1935\" data-end=\"1946\">f\u00e9l\u00e1ron!<\/strong><\/p>\n<\/li>\n<li data-start=\"1955\" data-end=\"2002\">\n<p data-start=\"1957\" data-end=\"2002\">Teljes h\u00e1ztart\u00e1si lefedetts\u00e9g egy csomagban<\/p>\n<\/li>\n<li data-start=\"2003\" data-end=\"2084\">\n<p data-start=\"2005\" data-end=\"2084\"><strong data-start=\"2005\" data-end=\"2049\">Biztons\u00e1gos, term\u00e9szetes, allerg\u00e9nmentes<\/strong> megold\u00e1s az eg\u00e9sz csal\u00e1d sz\u00e1m\u00e1ra<\/p>\n<\/li>\n<li data-start=\"2085\" data-end=\"2150\">\n<p data-start=\"2087\" data-end=\"2150\">Most a legjobb pillanat, hogy <strong data-start=\"2117\" data-end=\"2148\">elindulj a z\u00f6ld otthon fel\u00e9!<\/strong><\/p>\n<\/li>\n<\/ul>\n<p><strong data-start=\"2157\" data-end=\"2224\">ECOlife Z\u00f6ld Start Csomag \u2013 tiszta otthon, tiszta lelkiismeret<\/strong><\/p>\n<h2><b>\u00a0<\/b><\/h2>\n","protected":false},"excerpt":{"rendered":"<h3 data-start=\"129\" data-end=\"172\"><strong>Mi\u00e9rt v\u00e1lasztj\u00e1k v\u00e1s\u00e1rl\u00f3ink ezt a csomagot?<\/strong><\/h3>\n<ul>\n<li><span style=\"font-size: 105%;\">Mert ez\u00e9rt az \u00e1r\u00e9rt most <strong data-start=\"183\" data-end=\"216\">\u00e9rdemes elindulni a z\u00f6ld \u00faton!<\/strong><\/span><\/li>\n<li><span style=\"font-size: 105%;\"><strong>100% term\u00e9szetes, pr\u00e9mium<\/strong> term\u00e9kek!<\/span><\/li>\n<li><span style=\"font-size: 105%;\"><strong data-start=\"239\" data-end=\"254\">GREEN Brand Slovakia <\/strong>tan\u00fas\u00edtv\u00e1nnyal rendelkeznek\u00a0<\/span><\/li>\n<li><span style=\"font-size: 105%;\"> <strong data-start=\"284\" data-end=\"311\">biol\u00f3giailag lebomlanak<\/strong>, foszf\u00e1t-,sz\u00ednez\u00e9k-, konzerv\u00e1l\u00f3 anyag mentesek<\/span><\/li>\n<li><span style=\"font-size: 105%;\">nem irrit\u00e1lnak, \u00e9s <strong data-start=\"334\" data-end=\"365\">lefedik az eg\u00e9sz h\u00e1ztart\u00e1st<\/strong>.<\/span><\/li>\n<\/ul>\n","protected":false},"featured_media":5285,"comment_status":"open","ping_status":"closed","template":"","meta":[],"product_brand":[],"product_cat":[135,15,88],"product_tag":[110,139],"class_list":{"0":"post-5283","1":"product","2":"type-product","3":"status-publish","4":"has-post-thumbnail","6":"product_cat-kedvezmenyes-csomagok","7":"product_cat-termekek","8":"product_cat-uj","9":"product_tag-csomag","10":"product_tag-ecolife-bottle","12":"first","13":"outofstock","14":"sale","15":"taxable","16":"shipping-taxable","17":"purchasable","18":"product-type-simple"},"yoast_head":"<!-- This site is optimized with the Yoast SEO plugin v26.8 - https:\/\/yoast.com\/product\/yoast-seo-wordpress\/ -->\n<title>\u00d6ko Z\u00f6ld Start Csomag: 5 alapvet\u0151 vegyszermentes tiszt\u00edt\u00f3szer - EcoLIFE<\/title>\n<meta name=\"description\" content=\"V\u00e1ltson \u00f6ko-tudatosra! 5 darabos vegyszermentes v\u00e1logat\u00e1s: mos\u00f3szer, mosogat\u00f3 g\u00e9l \u00e9s tiszt\u00edt\u00f3k toxinok n\u00e9lk\u00fcl. Term\u00e9szetes \u00e9s biztons\u00e1gos megold\u00e1s a csal\u00e1dnak.\" \/>\n<meta name=\"robots\" content=\"index, follow, max-snippet:-1, max-image-preview:large, max-video-preview:-1\" \/>\n<link rel=\"canonical\" href=\"https:\/\/www.ecolife.bio\/hu\/prod\/zold-start-csomag\/\" \/>\n<meta property=\"og:locale\" content=\"hu_HU\" \/>\n<meta property=\"og:type\" content=\"article\" \/>\n<meta property=\"og:title\" content=\"\u00d6ko Z\u00f6ld Start Csomag: 5 alapvet\u0151 vegyszermentes tiszt\u00edt\u00f3szer - EcoLIFE\" \/>\n<meta property=\"og:description\" content=\"V\u00e1ltson \u00f6ko-tudatosra! 5 darabos vegyszermentes v\u00e1logat\u00e1s: mos\u00f3szer, mosogat\u00f3 g\u00e9l \u00e9s tiszt\u00edt\u00f3k toxinok n\u00e9lk\u00fcl. Term\u00e9szetes \u00e9s biztons\u00e1gos megold\u00e1s a csal\u00e1dnak.\" \/>\n<meta property=\"og:url\" content=\"https:\/\/www.ecolife.bio\/hu\/prod\/zold-start-csomag\/\" \/>\n<meta property=\"og:site_name\" content=\"EcoLIFE\" \/>\n<meta property=\"article:modified_time\" content=\"2026-04-23T08:49:03+00:00\" \/>\n<meta property=\"og:image\" content=\"https:\/\/www.ecolife.bio\/wp-content\/uploads\/2025\/09\/Zold-start.jpg\" \/>\n\t<meta property=\"og:image:width\" content=\"1080\" \/>\n\t<meta property=\"og:image:height\" content=\"1080\" \/>\n\t<meta property=\"og:image:type\" content=\"image\/jpeg\" \/>\n<meta name=\"twitter:card\" content=\"summary_large_image\" \/>\n<meta name=\"twitter:label1\" content=\"Becs\u00fclt olvas\u00e1si id\u0151\" \/>\n\t<meta name=\"twitter:data1\" content=\"2 perc\" \/>\n<script type=\"application\/ld+json\" class=\"yoast-schema-graph\">{\"@context\":\"https:\/\/schema.org\",\"@graph\":[{\"@type\":\"WebPage\",\"@id\":\"https:\/\/www.ecolife.bio\/hu\/prod\/zold-start-csomag\/\",\"url\":\"https:\/\/www.ecolife.bio\/hu\/prod\/zold-start-csomag\/\",\"name\":\"\u00d6ko Z\u00f6ld Start Csomag: 5 alapvet\u0151 vegyszermentes tiszt\u00edt\u00f3szer - EcoLIFE\",\"isPartOf\":{\"@id\":\"https:\/\/www.ecolife.bio\/#website\"},\"primaryImageOfPage\":{\"@id\":\"https:\/\/www.ecolife.bio\/hu\/prod\/zold-start-csomag\/#primaryimage\"},\"image\":{\"@id\":\"https:\/\/www.ecolife.bio\/hu\/prod\/zold-start-csomag\/#primaryimage\"},\"thumbnailUrl\":\"https:\/\/escbfekz6y3.exactdn.com\/wp-content\/uploads\/2025\/09\/Zold-start.jpg?strip=all\",\"datePublished\":\"2025-09-18T10:38:51+00:00\",\"dateModified\":\"2026-04-23T08:49:03+00:00\",\"description\":\"V\u00e1ltson \u00f6ko-tudatosra! 5 darabos vegyszermentes v\u00e1logat\u00e1s: mos\u00f3szer, mosogat\u00f3 g\u00e9l \u00e9s tiszt\u00edt\u00f3k toxinok n\u00e9lk\u00fcl. Term\u00e9szetes \u00e9s biztons\u00e1gos megold\u00e1s a csal\u00e1dnak.\",\"breadcrumb\":{\"@id\":\"https:\/\/www.ecolife.bio\/hu\/prod\/zold-start-csomag\/#breadcrumb\"},\"inLanguage\":\"hu\",\"potentialAction\":[{\"@type\":\"ReadAction\",\"target\":[\"https:\/\/www.ecolife.bio\/hu\/prod\/zold-start-csomag\/\"]}]},{\"@type\":\"ImageObject\",\"inLanguage\":\"hu\",\"@id\":\"https:\/\/www.ecolife.bio\/hu\/prod\/zold-start-csomag\/#primaryimage\",\"url\":\"https:\/\/escbfekz6y3.exactdn.com\/wp-content\/uploads\/2025\/09\/Zold-start.jpg?strip=all\",\"contentUrl\":\"https:\/\/escbfekz6y3.exactdn.com\/wp-content\/uploads\/2025\/09\/Zold-start.jpg?strip=all\",\"width\":1080,\"height\":1080,\"caption\":\"Z\u00f6ld Start Csomag \u2013 k\u00fcl\u00f6nleges aj\u00e1nlat a tiszta otthon\u00e9rt\"},{\"@type\":\"BreadcrumbList\",\"@id\":\"https:\/\/www.ecolife.bio\/hu\/prod\/zold-start-csomag\/#breadcrumb\",\"itemListElement\":[{\"@type\":\"ListItem\",\"position\":1,\"name\":\"Domovsk\u00e1 str\u00e1nka\",\"item\":\"https:\/\/www.ecolife.bio\/hu\/\"},{\"@type\":\"ListItem\",\"position\":2,\"name\":\"\u00dczlet\",\"item\":\"https:\/\/www.ecolife.bio\/obchod\/\"},{\"@type\":\"ListItem\",\"position\":3,\"name\":\"Z\u00f6ld Start csomag\"}]},{\"@type\":\"WebSite\",\"@id\":\"https:\/\/www.ecolife.bio\/#website\",\"url\":\"https:\/\/www.ecolife.bio\/\",\"name\":\"EcoLIFE\",\"description\":\"For an Eco-Friendly Planet\",\"publisher\":{\"@id\":\"https:\/\/www.ecolife.bio\/#organization\"},\"potentialAction\":[{\"@type\":\"SearchAction\",\"target\":{\"@type\":\"EntryPoint\",\"urlTemplate\":\"https:\/\/www.ecolife.bio\/?s={search_term_string}\"},\"query-input\":{\"@type\":\"PropertyValueSpecification\",\"valueRequired\":true,\"valueName\":\"search_term_string\"}}],\"inLanguage\":\"hu\"},{\"@type\":\"Organization\",\"@id\":\"https:\/\/www.ecolife.bio\/#organization\",\"name\":\"ECOlife.bio\",\"url\":\"https:\/\/www.ecolife.bio\/\",\"logo\":{\"@type\":\"ImageObject\",\"inLanguage\":\"hu\",\"@id\":\"https:\/\/www.ecolife.bio\/#\/schema\/logo\/image\/\",\"url\":\"https:\/\/www.ecolife.bio\/wp-content\/uploads\/2022\/03\/ecolife_logo_final.png\",\"contentUrl\":\"https:\/\/www.ecolife.bio\/wp-content\/uploads\/2022\/03\/ecolife_logo_final.png\",\"width\":500,\"height\":500,\"caption\":\"ECOlife.bio\"},\"image\":{\"@id\":\"https:\/\/www.ecolife.bio\/#\/schema\/logo\/image\/\"}}]}<\/script>\n<!-- \/ Yoast SEO plugin. -->","yoast_head_json":{"title":"\u00d6ko Z\u00f6ld Start Csomag: 5 alapvet\u0151 vegyszermentes tiszt\u00edt\u00f3szer - EcoLIFE","description":"V\u00e1ltson \u00f6ko-tudatosra! 5 darabos vegyszermentes v\u00e1logat\u00e1s: mos\u00f3szer, mosogat\u00f3 g\u00e9l \u00e9s tiszt\u00edt\u00f3k toxinok n\u00e9lk\u00fcl. Term\u00e9szetes \u00e9s biztons\u00e1gos megold\u00e1s a csal\u00e1dnak.","robots":{"index":"index","follow":"follow","max-snippet":"max-snippet:-1","max-image-preview":"max-image-preview:large","max-video-preview":"max-video-preview:-1"},"canonical":"https:\/\/www.ecolife.bio\/hu\/prod\/zold-start-csomag\/","og_locale":"hu_HU","og_type":"article","og_title":"\u00d6ko Z\u00f6ld Start Csomag: 5 alapvet\u0151 vegyszermentes tiszt\u00edt\u00f3szer - EcoLIFE","og_description":"V\u00e1ltson \u00f6ko-tudatosra! 5 darabos vegyszermentes v\u00e1logat\u00e1s: mos\u00f3szer, mosogat\u00f3 g\u00e9l \u00e9s tiszt\u00edt\u00f3k toxinok n\u00e9lk\u00fcl. Term\u00e9szetes \u00e9s biztons\u00e1gos megold\u00e1s a csal\u00e1dnak.","og_url":"https:\/\/www.ecolife.bio\/hu\/prod\/zold-start-csomag\/","og_site_name":"EcoLIFE","article_modified_time":"2026-04-23T08:49:03+00:00","og_image":[{"width":1080,"height":1080,"url":"https:\/\/www.ecolife.bio\/wp-content\/uploads\/2025\/09\/Zold-start.jpg","type":"image\/jpeg"}],"twitter_card":"summary_large_image","twitter_misc":{"Becs\u00fclt olvas\u00e1si id\u0151":"2 perc"},"schema":{"@context":"https:\/\/schema.org","@graph":[{"@type":"WebPage","@id":"https:\/\/www.ecolife.bio\/hu\/prod\/zold-start-csomag\/","url":"https:\/\/www.ecolife.bio\/hu\/prod\/zold-start-csomag\/","name":"\u00d6ko Z\u00f6ld Start Csomag: 5 alapvet\u0151 vegyszermentes tiszt\u00edt\u00f3szer - EcoLIFE","isPartOf":{"@id":"https:\/\/www.ecolife.bio\/#website"},"primaryImageOfPage":{"@id":"https:\/\/www.ecolife.bio\/hu\/prod\/zold-start-csomag\/#primaryimage"},"image":{"@id":"https:\/\/www.ecolife.bio\/hu\/prod\/zold-start-csomag\/#primaryimage"},"thumbnailUrl":"https:\/\/escbfekz6y3.exactdn.com\/wp-content\/uploads\/2025\/09\/Zold-start.jpg?strip=all","datePublished":"2025-09-18T10:38:51+00:00","dateModified":"2026-04-23T08:49:03+00:00","description":"V\u00e1ltson \u00f6ko-tudatosra! 5 darabos vegyszermentes v\u00e1logat\u00e1s: mos\u00f3szer, mosogat\u00f3 g\u00e9l \u00e9s tiszt\u00edt\u00f3k toxinok n\u00e9lk\u00fcl. Term\u00e9szetes \u00e9s biztons\u00e1gos megold\u00e1s a csal\u00e1dnak.","breadcrumb":{"@id":"https:\/\/www.ecolife.bio\/hu\/prod\/zold-start-csomag\/#breadcrumb"},"inLanguage":"hu","potentialAction":[{"@type":"ReadAction","target":["https:\/\/www.ecolife.bio\/hu\/prod\/zold-start-csomag\/"]}]},{"@type":"ImageObject","inLanguage":"hu","@id":"https:\/\/www.ecolife.bio\/hu\/prod\/zold-start-csomag\/#primaryimage","url":"https:\/\/escbfekz6y3.exactdn.com\/wp-content\/uploads\/2025\/09\/Zold-start.jpg?strip=all","contentUrl":"https:\/\/escbfekz6y3.exactdn.com\/wp-content\/uploads\/2025\/09\/Zold-start.jpg?strip=all","width":1080,"height":1080,"caption":"Z\u00f6ld Start Csomag \u2013 k\u00fcl\u00f6nleges aj\u00e1nlat a tiszta otthon\u00e9rt"},{"@type":"BreadcrumbList","@id":"https:\/\/www.ecolife.bio\/hu\/prod\/zold-start-csomag\/#breadcrumb","itemListElement":[{"@type":"ListItem","position":1,"name":"Domovsk\u00e1 str\u00e1nka","item":"https:\/\/www.ecolife.bio\/hu\/"},{"@type":"ListItem","position":2,"name":"\u00dczlet","item":"https:\/\/www.ecolife.bio\/obchod\/"},{"@type":"ListItem","position":3,"name":"Z\u00f6ld Start csomag"}]},{"@type":"WebSite","@id":"https:\/\/www.ecolife.bio\/#website","url":"https:\/\/www.ecolife.bio\/","name":"EcoLIFE","description":"For an Eco-Friendly Planet","publisher":{"@id":"https:\/\/www.ecolife.bio\/#organization"},"potentialAction":[{"@type":"SearchAction","target":{"@type":"EntryPoint","urlTemplate":"https:\/\/www.ecolife.bio\/?s={search_term_string}"},"query-input":{"@type":"PropertyValueSpecification","valueRequired":true,"valueName":"search_term_string"}}],"inLanguage":"hu"},{"@type":"Organization","@id":"https:\/\/www.ecolife.bio\/#organization","name":"ECOlife.bio","url":"https:\/\/www.ecolife.bio\/","logo":{"@type":"ImageObject","inLanguage":"hu","@id":"https:\/\/www.ecolife.bio\/#\/schema\/logo\/image\/","url":"https:\/\/www.ecolife.bio\/wp-content\/uploads\/2022\/03\/ecolife_logo_final.png","contentUrl":"https:\/\/www.ecolife.bio\/wp-content\/uploads\/2022\/03\/ecolife_logo_final.png","width":500,"height":500,"caption":"ECOlife.bio"},"image":{"@id":"https:\/\/www.ecolife.bio\/#\/schema\/logo\/image\/"}}]}},"_links":{"self":[{"href":"https:\/\/www.ecolife.bio\/hu\/wp-json\/wp\/v2\/product\/5283","targetHints":{"allow":["GET"]}}],"collection":[{"href":"https:\/\/www.ecolife.bio\/hu\/wp-json\/wp\/v2\/product"}],"about":[{"href":"https:\/\/www.ecolife.bio\/hu\/wp-json\/wp\/v2\/types\/product"}],"replies":[{"embeddable":true,"href":"https:\/\/www.ecolife.bio\/hu\/wp-json\/wp\/v2\/comments?post=5283"}],"wp:featuredmedia":[{"embeddable":true,"href":"https:\/\/www.ecolife.bio\/hu\/wp-json\/wp\/v2\/media\/5285"}],"wp:attachment":[{"href":"https:\/\/www.ecolife.bio\/hu\/wp-json\/wp\/v2\/media?parent=5283"}],"wp:term":[{"taxonomy":"product_brand","embeddable":true,"href":"https:\/\/www.ecolife.bio\/hu\/wp-json\/wp\/v2\/product_brand?post=5283"},{"taxonomy":"product_cat","embeddable":true,"href":"https:\/\/www.ecolife.bio\/hu\/wp-json\/wp\/v2\/product_cat?post=5283"},{"taxonomy":"product_tag","embeddable":true,"href":"https:\/\/www.ecolife.bio\/hu\/wp-json\/wp\/v2\/product_tag?post=5283"}],"curies":[{"name":"wp","href":"https:\/\/api.w.org\/{rel}","templated":true}]}}