{"id":6287,"date":"2026-02-03T17:29:20","date_gmt":"2026-02-03T15:29:20","guid":{"rendered":"https:\/\/www.ecolife.bio\/?post_type=product&#038;p=6287"},"modified":"2026-04-23T09:02:31","modified_gmt":"2026-04-23T07:02:31","slug":"trio-gazdasagos-gepi-mosogatoszer-fenyesito-2-az-1-ben","status":"publish","type":"product","link":"https:\/\/www.ecolife.bio\/hu\/prod\/trio-gazdasagos-gepi-mosogatoszer-fenyesito-2-az-1-ben\/","title":{"rendered":"TRI\u00d3 OKOS V\u00c1LASZT\u00c1S &#8211; G\u00c9PI mosogat\u00f3szer \u00e9s f\u00e9nyes\u00edt\u0151 (3x1L)"},"content":{"rendered":"<div class=\"paragraph heading4 ng-star-inserted\" role=\"heading\" data-start-index=\"1566\" aria-level=\"4\">\n<p><span style=\"font-weight: 400;\">Az <\/span><b>ECOlife g\u00e9pi mosogat\u00f3szer \u00e9s f\u00e9nyes\u00edt\u0151 TRI\u00d3<\/b><span style=\"font-weight: 400;\"> egy <\/span><b>3 darabos, 2 az 1-ben mosogat\u00f3g\u00e9l csomag<\/b><span style=\"font-weight: 400;\">, amelyet azoknak \u00e1ll\u00edtottunk \u00f6ssze, akik rendszeresen haszn\u00e1lnak mosogat\u00f3g\u00e9pet, \u00e9s szeretn\u00e9k hosszabb id\u0151re bebiztos\u00edtani az ut\u00e1np\u00f3tl\u00e1st. A csomag praktikus, gazdas\u00e1gos \u00e9s k\u00e9nyelmes megold\u00e1s, ha fontos sz\u00e1modra a <\/span><b>makul\u00e1tlan tisztas\u00e1g \u00e9s a ragyog\u00f3 ed\u00e9nyek<\/b><span style=\"font-weight: 400;\"> \u00e9rz\u00e9se minden mosogat\u00e1s ut\u00e1n.<\/span><\/p>\n<p><span style=\"font-weight: 400;\">Egy flakon ak\u00e1r <\/span><b>40 mosogat\u00e1si ciklusra<\/b><span style=\"font-weight: 400;\"> is elegend\u0151, \u00edgy a TRI\u00d3 csomag \u00f6sszesen kb. <\/span><b>120 mosogat\u00e1st<\/b><span style=\"font-weight: 400;\"> fed le, ami t\u00f6bb h\u00f3napra el\u0151re leveszi a v\u00e1lladr\u00f3l a v\u00e1s\u00e1rl\u00e1s terh\u00e9t. A <\/span><b>foly\u00e9kony, gyorsan old\u00f3d\u00f3 formula<\/b><span style=\"font-weight: 400;\"> nem hagy maga ut\u00e1n tabletta maradv\u00e1nyokat vagy cs\u00edkokat, mik\u00f6zben a mosogat\u00e1s v\u00e9geredm\u00e9nye tiszta, f\u00e9nyes \u00e9s friss hat\u00e1s\u00fa marad.<\/span><\/p>\n<h3 class=\"accordion_title\">TRI\u00d3 OKOS V\u00c1LASZT\u00c1S csomag \u2013 G\u00c9PI mosogat\u00f3szer \u00e9s f\u00e9nyes\u00edt\u0151 (3x1 liter)<\/h3><div class=\"accordion\">\n\t<div id=\"accordion-1973347232\" class=\"accordion-item\">\n\t\t<a id=\"accordion-1973347232-label\" class=\"accordion-title plain\" href=\"#accordion-item-mi\u00e9rt_\u00e9ri_meg_neked?\" aria-expanded=\"false\" aria-controls=\"accordion-1973347232-content\" >\n\t\t\t<button class=\"toggle\" aria-label=\"Toggle\"><i class=\"icon-angle-down\"><\/i><\/button>\n\t\t\t<span>Mi\u00e9rt \u00e9ri meg neked?<\/span>\n\t\t<\/a>\n\t\t<div id=\"accordion-1973347232-content\" class=\"accordion-inner\" aria-labelledby=\"accordion-1973347232-label\" >\n\t\t\t<b><b><br \/>\n<span style=\"font-weight: 400;\">Ha szeretn\u00e9l egy olyan megold\u00e1st, ami <\/span><b>id\u0151t sp\u00f3rol<\/b><span style=\"font-weight: 400;\">, k\u00e9nyelmes, \u00e9s kisz\u00e1m\u00edthat\u00f3an j\u00f3 eredm\u00e9nyt ad, akkor ez a csomag neked val\u00f3.<\/span><\/b><\/b><\/p>\n<ul>\n<li style=\"font-weight: 400;\" aria-level=\"1\"><b>Kevesebb ut\u00e1np\u00f3tl\u00e1s, t\u00f6bb nyugalom<\/b><span style=\"font-weight: 400;\"> \u2013 el\u00e9g lehet ak\u00e1r 3 h\u00f3napig, \u00edgy nem fogysz ki bel\u0151le v\u00e1ratlanul<\/span><\/li>\n<li style=\"font-weight: 400;\" aria-level=\"1\"><b>2 az 1-ben hat\u00e1s<\/b><span style=\"font-weight: 400;\"> \u2013 tiszt\u00edt \u00e9s f\u00e9nyes\u00edt, ez\u00e9rt sok esetben nincs sz\u00fcks\u00e9g k\u00fcl\u00f6n f\u00e9nyes\u00edt\u0151re<\/span><\/li>\n<li style=\"font-weight: 400;\" aria-level=\"1\"><b>Egyszer\u0171bb, tiszt\u00e1bb mosogat\u00e1s<\/b><span style=\"font-weight: 400;\"> \u2013 foly\u00e9kony g\u00e9l, gyors old\u00f3d\u00e1s, tablettamaradv\u00e1nyok n\u00e9lk\u00fcl<\/span><\/li>\n<\/ul>\n\t\t<\/div>\n\t<\/div>\n\t\n\t<div id=\"accordion-306227172\" class=\"accordion-item\">\n\t\t<a id=\"accordion-306227172-label\" class=\"accordion-title plain\" href=\"#accordion-item-kinek_aj\u00e1nljuk?\" aria-expanded=\"false\" aria-controls=\"accordion-306227172-content\" >\n\t\t\t<button class=\"toggle\" aria-label=\"Toggle\"><i class=\"icon-angle-down\"><\/i><\/button>\n\t\t\t<span>Kinek aj\u00e1nljuk?<\/span>\n\t\t<\/a>\n\t\t<div id=\"accordion-306227172-content\" class=\"accordion-inner\" aria-labelledby=\"accordion-306227172-label\" >\n\t\t\t<b><br \/>\n<\/b><\/p>\n<p><span style=\"font-weight: 400;\">Az <\/span><b>ECOlife g\u00e9pi mosogat\u00f3szer TRI\u00d3 csomagot<\/b><span style=\"font-weight: 400;\"> neked aj\u00e1nljuk, ha:<\/span><\/p>\n<ul>\n<li style=\"font-weight: 400;\" aria-level=\"1\"><span style=\"font-weight: 400;\">naponta vagy hetente t\u00f6bbsz\u00f6r haszn\u00e1lod a mosogat\u00f3g\u00e9pet<\/span><\/li>\n<li style=\"font-weight: 400;\" aria-level=\"1\"><span style=\"font-weight: 400;\">szereted, ha az ed\u00e9nyek <\/span><b>cs\u00edkmentesek \u00e9s f\u00e9nyesek<\/b><\/li>\n<li style=\"font-weight: 400;\" aria-level=\"1\"><span style=\"font-weight: 400;\">nem akarsz k\u00fcl\u00f6n mosogat\u00f3g\u00e9p-adal\u00e9kokat vad\u00e1szni<\/span><\/li>\n<li style=\"font-weight: 400;\" aria-level=\"1\"><span style=\"font-weight: 400;\">fontos, hogy a mosogat\u00f3g\u00e9l <\/span><b>gyorsan old\u00f3djon \u00e9s ne hagyjon nyomot<\/b><\/li>\n<li style=\"font-weight: 400;\" aria-level=\"1\"><span style=\"font-weight: 400;\">el\u0151re gondolkodsz, \u00e9s a <\/span><b>gazdas\u00e1gos csomagokat<\/b><span style=\"font-weight: 400;\"> r\u00e9szes\u00edted el\u0151nyben<\/span><\/li>\n<\/ul>\n\t\t<\/div>\n\t<\/div>\n\t\n\t<div id=\"accordion-1227251942\" class=\"accordion-item\">\n\t\t<a id=\"accordion-1227251942-label\" class=\"accordion-title plain\" href=\"#accordion-item-mennyi_id\u0151re_elegend\u0151?\" aria-expanded=\"false\" aria-controls=\"accordion-1227251942-content\" >\n\t\t\t<button class=\"toggle\" aria-label=\"Toggle\"><i class=\"icon-angle-down\"><\/i><\/button>\n\t\t\t<span>Mennyi id\u0151re elegend\u0151?<\/span>\n\t\t<\/a>\n\t\t<div id=\"accordion-1227251942-content\" class=\"accordion-inner\" aria-labelledby=\"accordion-1227251942-label\" >\n\t\t\t\n<span style=\"font-weight: 400;\">Ez megvan a doksiban 2x is, fent es a lenyiloban, melyik maradjon?<br \/>\nEgy flakon ak\u00e1r <\/span><b>40 mosogat\u00e1si ciklusra<\/b><span style=\"font-weight: 400;\"> is elegend\u0151, \u00edgy a TRI\u00d3 csomag \u00f6sszesen kb. <\/span><b>120 mosogat\u00e1st<\/b><span style=\"font-weight: 400;\"> fed le, ami t\u00f6bb h\u00f3napra el\u0151re leveszi a v\u00e1lladr\u00f3l a v\u00e1s\u00e1rl\u00e1s terh\u00e9t. A <\/span><b>foly\u00e9kony, gyorsan old\u00f3d\u00f3 formula<\/b><span style=\"font-weight: 400;\"> nem hagy maga ut\u00e1n tablettamaradv\u00e1nyokat vagy cs\u00edkokat, mik\u00f6zben a mosogat\u00e1s v\u00e9geredm\u00e9nye tiszta, f\u00e9nyes \u00e9s friss hat\u00e1s\u00fa marad.<\/span><br \/>\n<b><br \/>\n<span style=\"font-weight: 400;\">1 flakon kb. <\/span>40 mosogat\u00e1si ciklus<span style=\"font-weight: 400;\"><br \/>\n<\/span><span style=\"font-weight: 400;\">3 flakon \u00f6sszesen kb. <\/span>120 mosogat\u00e1s<span style=\"font-weight: 400;\"><br \/>\n<\/span><span style=\"font-weight: 400;\">Ez a legt\u00f6bb h\u00e1ztart\u00e1sban <\/span>kb. 2\u20133 h\u00f3napra elegend\u0151<span style=\"font-weight: 400;\">, a mosogat\u00e1si gyakoris\u00e1gt\u00f3l f\u00fcgg\u0151en.<\/span><br \/>\n<\/b><\/p>\n\t\t<\/div>\n\t<\/div>\n\t\n\t<div id=\"accordion-1327633264\" class=\"accordion-item\">\n\t\t<a id=\"accordion-1327633264-label\" class=\"accordion-title plain\" href=\"#accordion-item-r\u00e9szletes_term\u00e9kle\u00edr\u00e1s\" aria-expanded=\"false\" aria-controls=\"accordion-1327633264-content\" >\n\t\t\t<button class=\"toggle\" aria-label=\"Toggle\"><i class=\"icon-angle-down\"><\/i><\/button>\n\t\t\t<span>R\u00e9szletes term\u00e9kle\u00edr\u00e1s<\/span>\n\t\t<\/a>\n\t\t<div id=\"accordion-1327633264-content\" class=\"accordion-inner\" aria-labelledby=\"accordion-1327633264-label\" >\n\t\t\t\n<b><\/b><\/p>\n<h2><strong>G\u00c9PI MOSOGAT\u00d3SZER<\/strong>\u00a0\u00e9s f\u00e9nyes\u00edt\u0151 2 az 1-ben \u2013 foly\u00e9kony formula<\/h2>\n<p><strong>Fedezd fel az egyed\u00fcl\u00e1ll\u00f3 foly\u00e9kony mosogat\u00f3g\u00e9lt, amelyben a tiszt\u00edt\u00e1s \u00e9s a f\u00e9nyes\u00edt\u00e9s egyes\u00fcl<\/strong>\u00a0\u2013 minden egy flakonban!<br \/>\nAz\u00a0<strong>ECOlife g\u00e9l hat\u00e9konyan elt\u00e1vol\u00edtja a zs\u00edrt, k\u00edm\u00e9li az \u00fcveget, \u00e9s az ed\u00e9nyeket ragyog\u00f3an tiszt\u00e1n, folt- \u00e9s cs\u00edkmentesen hagyj<\/strong>a. pH-semleges \u00f6sszet\u00e9tele v\u00e9di a mosogat\u00f3g\u00e9pet \u00e9s nem terheli felesleges vegyi szagokkal a k\u00f6rnyezetet.<\/p>\n<p><strong>Mi\u00e9rt v\u00e1laszd az ECOlife 2 az 1-ben mosogat\u00f3g\u00e9lt?<br \/>\n<\/strong><\/p>\n<ul>\n<li>Nem sz\u00fcks\u00e9ges k\u00fcl\u00f6n f\u00e9nyes\u00edt\u0151t v\u00e1s\u00e1rolni \u2013 ezzel takar\u00e9kosabb vagy<\/li>\n<li>Az \u00fcveg nem mattul \u00e9s nem korrod\u00e1l<\/li>\n<li>Folt- \u00e9s cseppmentes ragyog\u00e1st biztos\u00edt<\/li>\n<li>Term\u00e9szetes, n\u00f6v\u00e9nyi alap\u00fa \u00f6sszetev\u0151kkel k\u00e9sz\u00fcl<\/li>\n<li>Kevesebb flakon, kevesebb hullad\u00e9k, t\u00f6bb megtakar\u00edt\u00e1s!<\/li>\n<\/ul>\n<p><strong>Egyedi el\u0151ny\u00f6k:\u00a0<\/strong><\/p>\n<ul>\n<li>2 az 1-ben formula \u2013 helyettes\u00edti a tiszt\u00edt\u00f3t \u00e9s a f\u00e9nyes\u00edt\u0151t<\/li>\n<li>Foly\u00e9kony \u00e1llag = gyors old\u00f3d\u00e1s \u2192 energiatakar\u00e9kos<\/li>\n<li>Egy flakon ak\u00e1r 40 mosogat\u00e1sra elegend\u0151<\/li>\n<li>Cs\u00f6kkenti a h\u00e1ztart\u00e1s \u00e9s a k\u00f6rnyezet terhel\u00e9s\u00e9t<\/li>\n<\/ul>\n<p><strong>Haszn\u00e1lati \u00fatmutat\u00f3:<\/strong><\/p>\n<ol>\n<li><strong>Adagol\u00e1s:<\/strong>\u00a0t\u00f6ltsd a folyad\u00e9kot az mos\u00f3szer adagol\u00f3ba, vagy az eddigi tabletta rekesz\u00e9be \u00e9s a f\u00e9nyes\u00edt\u0151 tart\u00e1ly\u00e1ba is. FONTOS! Mihelyt a f\u00e9nyes\u00edt\u0151 kifogy, vagy kifogy\u00f3ban van, azonnal p\u00f3told, a jelz\u0151f\u00e9ny jelzi sz\u00e1modra! A tabletta rekesz\u00e9be viszont minden alkalommal adagold \u00fajra a tiszt\u00edt\u00f3szert.<\/li>\n<li><strong>Mosogat\u00e1s:<\/strong>\u00a0aj\u00e1nlott h\u0151fok: minimum 60 \u00b0C-de a 90\u00b0C az ide\u00a7l.<\/li>\n<li><strong>S\u00f3:<\/strong>\u00a0<strong>FONTOS!<\/strong>\u00a0Rendszeresen t\u00f6ltsd fel a v\u00edzl\u00e1gy\u00edt\u00f3t\u00a0<strong>j\u00f3dozatlan\u00a0<\/strong>tengeri s\u00f3val!<\/li>\n<li><strong>Takar\u00e9koss\u00e1g:<\/strong>\u00a01 flakon = ak\u00e1r 40 mosogat\u00e1si ciklust is kib\u00edr.<\/li>\n<\/ol>\n<p><strong>Extra tipp a ragyog\u00f3 ed\u00e9nyek\u00e9rt:<br \/>\n<\/strong>Ha a poharakon vagy t\u00e1ny\u00e9rokon v\u00edzcseppek jelennek meg, nem kell azonnal term\u00e9ket v\u00e1ltani.\u00a0<strong>Csak adj t\u00f6bb j\u00f3dozatlan s\u00f3t a tart\u00e1lyhoz<\/strong>\u00a0\u2013 m\u00e9g akkor is, ha a kijelz\u0151 nem jelez. A s\u00f3 gondoskodik a mosogat\u00f3g\u00e9p \u00e1llapot\u00e1r\u00f3l, kiegyenl\u00edti a v\u00edz kem\u00e9nys\u00e9g\u00e9t, \u00e9s seg\u00edt, hogy a term\u00e9k pH-\u00e9rt\u00e9ke a maximumon m\u0171k\u00f6dj\u00f6n.<\/p>\n<p><strong>ECOlife Mosogat\u00f3g\u00e9l \u00e9s f\u00e9nyes\u00edt\u0151 2 az 1-ben<\/strong>\u00a0\u2013 foly\u00e9kony formula \u2013 praktikus, k\u00f6rnyezetbar\u00e1t \u00e9s gazdas\u00e1gos megold\u00e1s minden h\u00e1ztart\u00e1s \u00e9s professzion\u00e1lis konyha sz\u00e1m\u00e1ra.<\/p>\n<p><b>\u00a0<\/b><\/p>\n\t\t<\/div>\n\t<\/div>\n\t\n<\/div>\n<\/div>\n","protected":false},"excerpt":{"rendered":"<div class=\"checkmarkLIdark\">\n<div class=\"paragraph normal ng-star-inserted\" data-start-index=\"909\">\n<div class=\"paragraph normal ng-star-inserted\" data-start-index=\"953\"><span style=\"font-weight: 400;\">Egyedi, foly\u00e9kony mosogat\u00f3 g\u00e9l, tablettamaradv\u00e1ny n\u00e9lk\u00fcl \u2013 cs\u00edkmentes v\u00e9geredm\u00e9ny \u2013 ak\u00e1r 3- 4 h\u00f3napon kereszt\u00fcl is.<\/span><\/div>\n<ul>\n<li class=\"paragraph normal ng-star-inserted\" data-start-index=\"1270\"><span style=\"font-weight: 400;\">3 flakon, \u00f6sszesen kb. <\/span><b style=\"color: #555555; font-size: 14.4px;\">140 mosogat\u00e1si ciklus<\/b><\/li>\n<li class=\"paragraph normal ng-star-inserted\" data-start-index=\"1270\"><b style=\"font-size: 14.4px;\">2 az 1-ben g\u00e9pi mosogat\u00f3szer \u00e9s f\u00e9nyes\u00edt\u0151<\/b><span style=\"font-weight: 400;\"> \u2013 k\u00fcl\u00f6n adal\u00e9k n\u00e9lk\u00fcl is ragyog\u00f3 ed\u00e9nyek<\/span><\/li>\n<li class=\"paragraph normal ng-star-inserted\" data-start-index=\"1270\"><b style=\"color: #555555; font-size: 14.4px;\">Foly\u00e9kony mosogat\u00f3 g\u00e9l tablettamaradv\u00e1nyok n\u00e9lk\u00fcl<\/b><span style=\"font-weight: 400;\"> \u2013 gyors old\u00f3d\u00e1s, cs\u00edkmentes tisztas\u00e1g<\/span><\/li>\n<li class=\"paragraph normal ng-star-inserted\" data-start-index=\"1270\"><b style=\"font-size: 14.4px;\">Gazdas\u00e1gosabb \u00e9s k\u00f6rnyezetbar\u00e1tabb megold\u00e1s<\/b><span style=\"font-weight: 400;\"> \u2013 kevesebb csomagol\u00e1s, ritk\u00e1bb ut\u00e1np\u00f3tl\u00e1s<\/span><\/li>\n<\/ul>\n<\/div>\n<\/div>\n","protected":false},"featured_media":6721,"comment_status":"open","ping_status":"closed","template":"","meta":[],"product_brand":[],"product_cat":[90,159,135,15,142],"product_tag":[139,24,21],"class_list":{"0":"post-6287","1":"product","2":"type-product","3":"status-publish","4":"has-post-thumbnail","6":"product_cat-ecolife-termekek","7":"product_cat-tisztitoszerek","8":"product_cat-kedvezmenyes-csomagok","9":"product_cat-termekek","10":"product_cat-konyha","11":"product_tag-ecolife-bottle","12":"product_tag-mosogatoszer","13":"product_tag-oblito","15":"first","16":"instock","17":"sale","18":"taxable","19":"shipping-taxable","20":"purchasable","21":"product-type-simple"},"yoast_head":"<!-- This site is optimized with the Yoast SEO plugin v26.8 - https:\/\/yoast.com\/product\/yoast-seo-wordpress\/ -->\n<title>TRI\u00d3 OKOS V\u00c1LASZT\u00c1S \u2013 3db 2 az 1-ben Mosogat\u00f3g\u00e9p G\u00e9l - EcoLIFE<\/title>\n<meta name=\"description\" content=\"Sp\u00f3rolj \u00e9s biztos\u00edtsd be a tiszta ed\u00e9nyeket h\u00f3napokra! 3 flakon ECOlife mosogat\u00f3g\u00e9p g\u00e9l (kb. 120-140 mos\u00e1s) k\u00e9nyelmes \u00e9s gazdas\u00e1gos TRI\u00d3 csomagban.\" \/>\n<meta name=\"robots\" content=\"index, follow, max-snippet:-1, max-image-preview:large, max-video-preview:-1\" \/>\n<link rel=\"canonical\" href=\"https:\/\/www.ecolife.bio\/hu\/prod\/trio-gazdasagos-gepi-mosogatoszer-fenyesito-2-az-1-ben\/\" \/>\n<meta property=\"og:locale\" content=\"hu_HU\" \/>\n<meta property=\"og:type\" content=\"article\" \/>\n<meta property=\"og:title\" content=\"TRI\u00d3 OKOS V\u00c1LASZT\u00c1S \u2013 3db 2 az 1-ben Mosogat\u00f3g\u00e9p G\u00e9l - EcoLIFE\" \/>\n<meta property=\"og:description\" content=\"Sp\u00f3rolj \u00e9s biztos\u00edtsd be a tiszta ed\u00e9nyeket h\u00f3napokra! 3 flakon ECOlife mosogat\u00f3g\u00e9p g\u00e9l (kb. 120-140 mos\u00e1s) k\u00e9nyelmes \u00e9s gazdas\u00e1gos TRI\u00d3 csomagban.\" \/>\n<meta property=\"og:url\" content=\"https:\/\/www.ecolife.bio\/hu\/prod\/trio-gazdasagos-gepi-mosogatoszer-fenyesito-2-az-1-ben\/\" \/>\n<meta property=\"og:site_name\" content=\"EcoLIFE\" \/>\n<meta property=\"article:modified_time\" content=\"2026-04-23T07:02:31+00:00\" \/>\n<meta property=\"og:image\" content=\"https:\/\/www.ecolife.bio\/wp-content\/uploads\/2026\/04\/trio-na-umyvanie-a-lestenie-riadu-do-umyvacky-riadu.jpg\" \/>\n\t<meta property=\"og:image:width\" content=\"1921\" \/>\n\t<meta property=\"og:image:height\" content=\"1921\" \/>\n\t<meta property=\"og:image:type\" content=\"image\/jpeg\" \/>\n<meta name=\"twitter:card\" content=\"summary_large_image\" \/>\n<meta name=\"twitter:label1\" content=\"Becs\u00fclt olvas\u00e1si id\u0151\" \/>\n\t<meta name=\"twitter:data1\" content=\"4 perc\" \/>\n<script type=\"application\/ld+json\" class=\"yoast-schema-graph\">{\"@context\":\"https:\/\/schema.org\",\"@graph\":[{\"@type\":\"WebPage\",\"@id\":\"https:\/\/www.ecolife.bio\/hu\/prod\/trio-gazdasagos-gepi-mosogatoszer-fenyesito-2-az-1-ben\/\",\"url\":\"https:\/\/www.ecolife.bio\/hu\/prod\/trio-gazdasagos-gepi-mosogatoszer-fenyesito-2-az-1-ben\/\",\"name\":\"TRI\u00d3 OKOS V\u00c1LASZT\u00c1S \u2013 3db 2 az 1-ben Mosogat\u00f3g\u00e9p G\u00e9l - EcoLIFE\",\"isPartOf\":{\"@id\":\"https:\/\/www.ecolife.bio\/#website\"},\"primaryImageOfPage\":{\"@id\":\"https:\/\/www.ecolife.bio\/hu\/prod\/trio-gazdasagos-gepi-mosogatoszer-fenyesito-2-az-1-ben\/#primaryimage\"},\"image\":{\"@id\":\"https:\/\/www.ecolife.bio\/hu\/prod\/trio-gazdasagos-gepi-mosogatoszer-fenyesito-2-az-1-ben\/#primaryimage\"},\"thumbnailUrl\":\"https:\/\/escbfekz6y3.exactdn.com\/wp-content\/uploads\/2026\/04\/trio-na-umyvanie-a-lestenie-riadu-do-umyvacky-riadu.jpg?strip=all\",\"datePublished\":\"2026-02-03T15:29:20+00:00\",\"dateModified\":\"2026-04-23T07:02:31+00:00\",\"description\":\"Sp\u00f3rolj \u00e9s biztos\u00edtsd be a tiszta ed\u00e9nyeket h\u00f3napokra! 3 flakon ECOlife mosogat\u00f3g\u00e9p g\u00e9l (kb. 120-140 mos\u00e1s) k\u00e9nyelmes \u00e9s gazdas\u00e1gos TRI\u00d3 csomagban.\",\"breadcrumb\":{\"@id\":\"https:\/\/www.ecolife.bio\/hu\/prod\/trio-gazdasagos-gepi-mosogatoszer-fenyesito-2-az-1-ben\/#breadcrumb\"},\"inLanguage\":\"hu\",\"potentialAction\":[{\"@type\":\"ReadAction\",\"target\":[\"https:\/\/www.ecolife.bio\/hu\/prod\/trio-gazdasagos-gepi-mosogatoszer-fenyesito-2-az-1-ben\/\"]}]},{\"@type\":\"ImageObject\",\"inLanguage\":\"hu\",\"@id\":\"https:\/\/www.ecolife.bio\/hu\/prod\/trio-gazdasagos-gepi-mosogatoszer-fenyesito-2-az-1-ben\/#primaryimage\",\"url\":\"https:\/\/escbfekz6y3.exactdn.com\/wp-content\/uploads\/2026\/04\/trio-na-umyvanie-a-lestenie-riadu-do-umyvacky-riadu.jpg?strip=all\",\"contentUrl\":\"https:\/\/escbfekz6y3.exactdn.com\/wp-content\/uploads\/2026\/04\/trio-na-umyvanie-a-lestenie-riadu-do-umyvacky-riadu.jpg?strip=all\",\"width\":1921,\"height\":1921,\"caption\":\"TRIO \u2013 \u010cISTIACI g\u00e9l do um\u00fdva\u010dky riadu s le\u0161tidlom\"},{\"@type\":\"BreadcrumbList\",\"@id\":\"https:\/\/www.ecolife.bio\/hu\/prod\/trio-gazdasagos-gepi-mosogatoszer-fenyesito-2-az-1-ben\/#breadcrumb\",\"itemListElement\":[{\"@type\":\"ListItem\",\"position\":1,\"name\":\"Domovsk\u00e1 str\u00e1nka\",\"item\":\"https:\/\/www.ecolife.bio\/hu\/\"},{\"@type\":\"ListItem\",\"position\":2,\"name\":\"\u00dczlet\",\"item\":\"https:\/\/www.ecolife.bio\/obchod\/\"},{\"@type\":\"ListItem\",\"position\":3,\"name\":\"TRI\u00d3 OKOS V\u00c1LASZT\u00c1S &#8211; G\u00c9PI mosogat\u00f3szer \u00e9s f\u00e9nyes\u00edt\u0151 (3x1L)\"}]},{\"@type\":\"WebSite\",\"@id\":\"https:\/\/www.ecolife.bio\/#website\",\"url\":\"https:\/\/www.ecolife.bio\/\",\"name\":\"EcoLIFE\",\"description\":\"For an Eco-Friendly Planet\",\"publisher\":{\"@id\":\"https:\/\/www.ecolife.bio\/#organization\"},\"potentialAction\":[{\"@type\":\"SearchAction\",\"target\":{\"@type\":\"EntryPoint\",\"urlTemplate\":\"https:\/\/www.ecolife.bio\/?s={search_term_string}\"},\"query-input\":{\"@type\":\"PropertyValueSpecification\",\"valueRequired\":true,\"valueName\":\"search_term_string\"}}],\"inLanguage\":\"hu\"},{\"@type\":\"Organization\",\"@id\":\"https:\/\/www.ecolife.bio\/#organization\",\"name\":\"ECOlife.bio\",\"url\":\"https:\/\/www.ecolife.bio\/\",\"logo\":{\"@type\":\"ImageObject\",\"inLanguage\":\"hu\",\"@id\":\"https:\/\/www.ecolife.bio\/#\/schema\/logo\/image\/\",\"url\":\"https:\/\/www.ecolife.bio\/wp-content\/uploads\/2022\/03\/ecolife_logo_final.png\",\"contentUrl\":\"https:\/\/www.ecolife.bio\/wp-content\/uploads\/2022\/03\/ecolife_logo_final.png\",\"width\":500,\"height\":500,\"caption\":\"ECOlife.bio\"},\"image\":{\"@id\":\"https:\/\/www.ecolife.bio\/#\/schema\/logo\/image\/\"}}]}<\/script>\n<!-- \/ Yoast SEO plugin. -->","yoast_head_json":{"title":"TRI\u00d3 OKOS V\u00c1LASZT\u00c1S \u2013 3db 2 az 1-ben Mosogat\u00f3g\u00e9p G\u00e9l - EcoLIFE","description":"Sp\u00f3rolj \u00e9s biztos\u00edtsd be a tiszta ed\u00e9nyeket h\u00f3napokra! 3 flakon ECOlife mosogat\u00f3g\u00e9p g\u00e9l (kb. 120-140 mos\u00e1s) k\u00e9nyelmes \u00e9s gazdas\u00e1gos TRI\u00d3 csomagban.","robots":{"index":"index","follow":"follow","max-snippet":"max-snippet:-1","max-image-preview":"max-image-preview:large","max-video-preview":"max-video-preview:-1"},"canonical":"https:\/\/www.ecolife.bio\/hu\/prod\/trio-gazdasagos-gepi-mosogatoszer-fenyesito-2-az-1-ben\/","og_locale":"hu_HU","og_type":"article","og_title":"TRI\u00d3 OKOS V\u00c1LASZT\u00c1S \u2013 3db 2 az 1-ben Mosogat\u00f3g\u00e9p G\u00e9l - EcoLIFE","og_description":"Sp\u00f3rolj \u00e9s biztos\u00edtsd be a tiszta ed\u00e9nyeket h\u00f3napokra! 3 flakon ECOlife mosogat\u00f3g\u00e9p g\u00e9l (kb. 120-140 mos\u00e1s) k\u00e9nyelmes \u00e9s gazdas\u00e1gos TRI\u00d3 csomagban.","og_url":"https:\/\/www.ecolife.bio\/hu\/prod\/trio-gazdasagos-gepi-mosogatoszer-fenyesito-2-az-1-ben\/","og_site_name":"EcoLIFE","article_modified_time":"2026-04-23T07:02:31+00:00","og_image":[{"width":1921,"height":1921,"url":"https:\/\/www.ecolife.bio\/wp-content\/uploads\/2026\/04\/trio-na-umyvanie-a-lestenie-riadu-do-umyvacky-riadu.jpg","type":"image\/jpeg"}],"twitter_card":"summary_large_image","twitter_misc":{"Becs\u00fclt olvas\u00e1si id\u0151":"4 perc"},"schema":{"@context":"https:\/\/schema.org","@graph":[{"@type":"WebPage","@id":"https:\/\/www.ecolife.bio\/hu\/prod\/trio-gazdasagos-gepi-mosogatoszer-fenyesito-2-az-1-ben\/","url":"https:\/\/www.ecolife.bio\/hu\/prod\/trio-gazdasagos-gepi-mosogatoszer-fenyesito-2-az-1-ben\/","name":"TRI\u00d3 OKOS V\u00c1LASZT\u00c1S \u2013 3db 2 az 1-ben Mosogat\u00f3g\u00e9p G\u00e9l - EcoLIFE","isPartOf":{"@id":"https:\/\/www.ecolife.bio\/#website"},"primaryImageOfPage":{"@id":"https:\/\/www.ecolife.bio\/hu\/prod\/trio-gazdasagos-gepi-mosogatoszer-fenyesito-2-az-1-ben\/#primaryimage"},"image":{"@id":"https:\/\/www.ecolife.bio\/hu\/prod\/trio-gazdasagos-gepi-mosogatoszer-fenyesito-2-az-1-ben\/#primaryimage"},"thumbnailUrl":"https:\/\/escbfekz6y3.exactdn.com\/wp-content\/uploads\/2026\/04\/trio-na-umyvanie-a-lestenie-riadu-do-umyvacky-riadu.jpg?strip=all","datePublished":"2026-02-03T15:29:20+00:00","dateModified":"2026-04-23T07:02:31+00:00","description":"Sp\u00f3rolj \u00e9s biztos\u00edtsd be a tiszta ed\u00e9nyeket h\u00f3napokra! 3 flakon ECOlife mosogat\u00f3g\u00e9p g\u00e9l (kb. 120-140 mos\u00e1s) k\u00e9nyelmes \u00e9s gazdas\u00e1gos TRI\u00d3 csomagban.","breadcrumb":{"@id":"https:\/\/www.ecolife.bio\/hu\/prod\/trio-gazdasagos-gepi-mosogatoszer-fenyesito-2-az-1-ben\/#breadcrumb"},"inLanguage":"hu","potentialAction":[{"@type":"ReadAction","target":["https:\/\/www.ecolife.bio\/hu\/prod\/trio-gazdasagos-gepi-mosogatoszer-fenyesito-2-az-1-ben\/"]}]},{"@type":"ImageObject","inLanguage":"hu","@id":"https:\/\/www.ecolife.bio\/hu\/prod\/trio-gazdasagos-gepi-mosogatoszer-fenyesito-2-az-1-ben\/#primaryimage","url":"https:\/\/escbfekz6y3.exactdn.com\/wp-content\/uploads\/2026\/04\/trio-na-umyvanie-a-lestenie-riadu-do-umyvacky-riadu.jpg?strip=all","contentUrl":"https:\/\/escbfekz6y3.exactdn.com\/wp-content\/uploads\/2026\/04\/trio-na-umyvanie-a-lestenie-riadu-do-umyvacky-riadu.jpg?strip=all","width":1921,"height":1921,"caption":"TRIO \u2013 \u010cISTIACI g\u00e9l do um\u00fdva\u010dky riadu s le\u0161tidlom"},{"@type":"BreadcrumbList","@id":"https:\/\/www.ecolife.bio\/hu\/prod\/trio-gazdasagos-gepi-mosogatoszer-fenyesito-2-az-1-ben\/#breadcrumb","itemListElement":[{"@type":"ListItem","position":1,"name":"Domovsk\u00e1 str\u00e1nka","item":"https:\/\/www.ecolife.bio\/hu\/"},{"@type":"ListItem","position":2,"name":"\u00dczlet","item":"https:\/\/www.ecolife.bio\/obchod\/"},{"@type":"ListItem","position":3,"name":"TRI\u00d3 OKOS V\u00c1LASZT\u00c1S &#8211; G\u00c9PI mosogat\u00f3szer \u00e9s f\u00e9nyes\u00edt\u0151 (3x1L)"}]},{"@type":"WebSite","@id":"https:\/\/www.ecolife.bio\/#website","url":"https:\/\/www.ecolife.bio\/","name":"EcoLIFE","description":"For an Eco-Friendly Planet","publisher":{"@id":"https:\/\/www.ecolife.bio\/#organization"},"potentialAction":[{"@type":"SearchAction","target":{"@type":"EntryPoint","urlTemplate":"https:\/\/www.ecolife.bio\/?s={search_term_string}"},"query-input":{"@type":"PropertyValueSpecification","valueRequired":true,"valueName":"search_term_string"}}],"inLanguage":"hu"},{"@type":"Organization","@id":"https:\/\/www.ecolife.bio\/#organization","name":"ECOlife.bio","url":"https:\/\/www.ecolife.bio\/","logo":{"@type":"ImageObject","inLanguage":"hu","@id":"https:\/\/www.ecolife.bio\/#\/schema\/logo\/image\/","url":"https:\/\/www.ecolife.bio\/wp-content\/uploads\/2022\/03\/ecolife_logo_final.png","contentUrl":"https:\/\/www.ecolife.bio\/wp-content\/uploads\/2022\/03\/ecolife_logo_final.png","width":500,"height":500,"caption":"ECOlife.bio"},"image":{"@id":"https:\/\/www.ecolife.bio\/#\/schema\/logo\/image\/"}}]}},"_links":{"self":[{"href":"https:\/\/www.ecolife.bio\/hu\/wp-json\/wp\/v2\/product\/6287","targetHints":{"allow":["GET"]}}],"collection":[{"href":"https:\/\/www.ecolife.bio\/hu\/wp-json\/wp\/v2\/product"}],"about":[{"href":"https:\/\/www.ecolife.bio\/hu\/wp-json\/wp\/v2\/types\/product"}],"replies":[{"embeddable":true,"href":"https:\/\/www.ecolife.bio\/hu\/wp-json\/wp\/v2\/comments?post=6287"}],"wp:featuredmedia":[{"embeddable":true,"href":"https:\/\/www.ecolife.bio\/hu\/wp-json\/wp\/v2\/media\/6721"}],"wp:attachment":[{"href":"https:\/\/www.ecolife.bio\/hu\/wp-json\/wp\/v2\/media?parent=6287"}],"wp:term":[{"taxonomy":"product_brand","embeddable":true,"href":"https:\/\/www.ecolife.bio\/hu\/wp-json\/wp\/v2\/product_brand?post=6287"},{"taxonomy":"product_cat","embeddable":true,"href":"https:\/\/www.ecolife.bio\/hu\/wp-json\/wp\/v2\/product_cat?post=6287"},{"taxonomy":"product_tag","embeddable":true,"href":"https:\/\/www.ecolife.bio\/hu\/wp-json\/wp\/v2\/product_tag?post=6287"}],"curies":[{"name":"wp","href":"https:\/\/api.w.org\/{rel}","templated":true}]}}