{"id":6304,"date":"2026-02-17T02:48:51","date_gmt":"2026-02-17T00:48:51","guid":{"rendered":"https:\/\/www.ecolife.bio\/?post_type=product&#038;p=6304"},"modified":"2026-04-15T18:49:46","modified_gmt":"2026-04-15T16:49:46","slug":"teszt-termek-oko-mososzer-es-oblito-2-az-1-ben","status":"publish","type":"product","link":"https:\/\/www.ecolife.bio\/hu\/prod\/teszt-termek-oko-mososzer-es-oblito-2-az-1-ben\/","title":{"rendered":"ECOlife TESZT term\u00e9k kipr\u00f3b\u00e1l\u00e1sra \u2013 \u00f6ko mos\u00f3szer + \u00f6bl\u00edt\u0151 (2:1,1L)"},"content":{"rendered":"<h3 class=\"accordion_title\"><b>F\u00e9l \u00e1ron, a k\u00e9szlet erej\u00e9ig! SZUPER GAZDAS\u00c1GOS megold\u00e1s!<\/b><\/h3><div class=\"accordion\">\n<p><span class=\"dt-testprodacctitle\">\t<div id=\"accordion-695711053\" class=\"accordion-item\">\n\t\t<a id=\"accordion-695711053-label\" class=\"accordion-title plain\" href=\"#accordion-item-kiknek_aj\u00e1nljuk?\" aria-expanded=\"false\" aria-controls=\"accordion-695711053-content\" >\n\t\t\t<button class=\"toggle\" aria-label=\"Toggle\"><i class=\"icon-angle-down\"><\/i><\/button>\n\t\t\t<span>Kiknek aj\u00e1nljuk?<\/span>\n\t\t<\/a>\n\t\t<div id=\"accordion-695711053-content\" class=\"accordion-inner\" aria-labelledby=\"accordion-695711053-label\" >\n\t\t\t<\/span><\/p>\n<ul>\n<li><b>\u00daJ v\u00e1s\u00e1rl\u00f3inknak<\/b><span style=\"font-weight: 400;\"> \u2013 akik kedvez\u0151 \u00e1ron szeretn\u00e9k kipr\u00f3b\u00e1lni term\u00e9szetes mos\u00f3szer\u00fcnket<\/span><\/li>\n<li><b>H\u0170S\u00c9GES v\u00e1s\u00e1rl\u00f3inknak<\/b><span style=\"font-weight: 400;\"> \u2013 akik nagyobb mennyis\u00e9get v\u00e1s\u00e1roln\u00e1nak kiemelked\u0151 kedvezm\u00e9nnyel \u2013 v\u00e1ltozatlan min\u0151s\u00e9gben!<\/span><\/li>\n<\/ul>\n<p><span style=\"font-weight: 400;\">Illatos \u00e9s k\u00edm\u00e9l\u0151 mos\u00e1st szeretn\u00e9l a csal\u00e1d minden tagj\u00e1nak, er\u0151s vegyszerek n\u00e9lk\u00fcl, n\u00f6v\u00e9nyi alap\u00fa formul\u00e1val.<\/span><\/p>\n<p><b>Neked aj\u00e1nljuk, ha:<\/b><\/p>\n<ul>\n<li><span style=\"font-weight: 400;\">fontos sz\u00e1modra a m\u00e9reganyag-mentes mos\u00e1s<\/span><span style=\"font-weight: 400;\"><br \/>\n<\/span><\/li>\n<li><span style=\"font-weight: 400;\">sz\u00ednes \u00e9s feh\u00e9r ruh\u00e1kat is egyetlen mos\u00f3szerrel szeretn\u00e9l tiszt\u00edtani<\/span><span style=\"font-weight: 400;\"><br \/>\n<\/span><\/li>\n<li><span style=\"font-weight: 400;\">nincs kedved k\u00fcl\u00f6n \u00f6bl\u00edt\u0151t haszn\u00e1lni<\/span><\/li>\n<li><span style=\"font-weight: 400;\">b\u0151rbar\u00e1t, csal\u00e1dbar\u00e1t megold\u00e1st keresel<\/span><span style=\"font-weight: 400;\"><br \/>\n<\/span><\/li>\n<li><span style=\"font-weight: 400;\">k\u00f6rnyezetk\u00edm\u00e9l\u0151, biol\u00f3giailag leboml\u00f3 formul\u00e1t v\u00e1lasztan\u00e1l<\/span><span style=\"font-weight: 400;\"><br \/>\n<\/span><\/li>\n<li><span style=\"font-weight: 400;\">term\u00e9szetes illatra v\u00e1gysz vegyszerszag n\u00e9lk\u00fcl<\/span><\/li>\n<\/ul>\n\t\t<\/div>\n\t<\/div>\n\t\n<p><span class=\"dt-testprodacctitle\">\t<div id=\"accordion-2550518740\" class=\"accordion-item\">\n\t\t<a id=\"accordion-2550518740-label\" class=\"accordion-title plain\" href=\"#accordion-item-mi\u00e9rt_teszt_term\u00e9k?\" aria-expanded=\"false\" aria-controls=\"accordion-2550518740-content\" >\n\t\t\t<button class=\"toggle\" aria-label=\"Toggle\"><i class=\"icon-angle-down\"><\/i><\/button>\n\t\t\t<span>Mi\u00e9rt TESZT term\u00e9k?<\/span>\n\t\t<\/a>\n\t\t<div id=\"accordion-2550518740-content\" class=\"accordion-inner\" aria-labelledby=\"accordion-2550518740-label\" >\n\t\t\t<\/span><\/p>\n<p><span style=\"font-weight: 400;\">Ez ugyanaz az ECOlife \u00f6ko mos\u00f3szer + \u00f6bl\u00edt\u0151 (2 az 1-ben), csak most \u00fajrat\u00f6lt\u00f6tt flakonban k\u00edn\u00e1ljuk, hogy:<\/span><\/p>\n<ul>\n<li><span style=\"font-weight: 400;\"> f\u00e9l\u00e1ron kipr\u00f3b\u00e1lhasd<\/span><span style=\"font-weight: 400;\"><br \/>\n<\/span><\/li>\n<li><span style=\"font-weight: 400;\">vagy gazdas\u00e1gosan p\u00f3tolhasd a k\u00e9szletet \u2013 v\u00e1ltozatlan beltartalommal \u00e9s min\u0151s\u00e9ggel!<\/span><span style=\"font-weight: 400;\"><br \/>\n<\/span><\/li>\n<li><span style=\"font-weight: 400;\">\u00e9s hogy mindek\u00f6zben kevesebb csomagol\u00e1si hullad\u00e9k keletkezzen.<\/span><\/li>\n<\/ul>\n<p><span style=\"font-weight: 400;\">Csak r\u00f6vid ideig el\u00e9rhet\u0151 \u2013 a k\u00e9szlet erej\u00e9ig.<\/span><br \/>\n\t\t<\/div>\n\t<\/div>\n\t\n<p><span class=\"dt-testprodacctitle\">\t<div id=\"accordion-3035938454\" class=\"accordion-item\">\n\t\t<a id=\"accordion-3035938454-label\" class=\"accordion-title plain\" href=\"#accordion-item-mit_kapsz_t\u0151l\u00fcnk?\" aria-expanded=\"false\" aria-controls=\"accordion-3035938454-content\" >\n\t\t\t<button class=\"toggle\" aria-label=\"Toggle\"><i class=\"icon-angle-down\"><\/i><\/button>\n\t\t\t<span>Mit kapsz t\u0151l\u00fcnk?<\/span>\n\t\t<\/a>\n\t\t<div id=\"accordion-3035938454-content\" class=\"accordion-inner\" aria-labelledby=\"accordion-3035938454-label\" >\n\t\t\t<\/span><\/p>\n<ul>\n<li><span style=\"font-weight: 400;\"> 2 az 1-ben mos\u00f3szert + \u00f6bl\u00edt\u0151t egy flakonban<\/span><span style=\"font-weight: 400;\"><br \/>\n<\/span><\/li>\n<li><span style=\"font-weight: 400;\">N\u00f6v\u00e9nyi alap\u00fa, k\u00edm\u00e9l\u0151, m\u00e9gis hat\u00e9kony tiszt\u00edt\u00e1st<\/span><span style=\"font-weight: 400;\"><br \/>\n<\/span><\/li>\n<li><span style=\"font-weight: 400;\">Friss, l\u00e1gy, term\u00e9szetes illatot vegyszerszag n\u00e9lk\u00fcl<\/span><span style=\"font-weight: 400;\"><br \/>\n<\/span><\/li>\n<li><span style=\"font-weight: 400;\">Biol\u00f3giailag leboml\u00f3 formul\u00e1t<\/span><span style=\"font-weight: 400;\"><br \/>\n<\/span><\/li>\n<li><span style=\"font-weight: 400;\">Term\u00e9szetbar\u00e1t \u00f6sszet\u00e9telt \u00e9s csomagol\u00e1st<\/span><\/li>\n<\/ul>\n\t\t<\/div>\n\t<\/div>\n\t\n<p><span class=\"dt-testprodacctitle\">\t<div id=\"accordion-1503866328\" class=\"accordion-item\">\n\t\t<a id=\"accordion-1503866328-label\" class=\"accordion-title plain\" href aria-expanded=\"false\" aria-controls=\"accordion-1503866328-content\" >\n\t\t\t<button class=\"toggle\" aria-label=\"Toggle\"><i class=\"icon-angle-down\"><\/i><\/button>\n\t\t\t<span>FONTOS: \u00cdgy lesz t\u00f6k\u00e9letes az eredm\u00e9ny<\/span>\n\t\t<\/a>\n\t\t<div id=\"accordion-1503866328-content\" class=\"accordion-inner\" aria-labelledby=\"accordion-1503866328-label\" >\n\t\t\t<\/span><br \/>\n<strong>A mos\u00f3szer koncentr\u00e1lt<\/strong>, ez\u00e9rt nem sz\u00fcks\u00e9ges nagy mennyis\u00e9get haszn\u00e1lni.<\/p>\n<ul>\n<li>Tartsd be az aj\u00e1nlott adagol\u00e1st a ruh\u00e1k mennyis\u00e9g\u00e9hez \u00e9s a v\u00edz kem\u00e9nys\u00e9g\u00e9hez igaz\u00edtva<\/li>\n<li>Er\u0151sen szennyezett ruh\u00e1k eset\u00e9n v\u00e1lassz magasabb h\u0151fokot vagy el\u0151mos\u00e1si programot<\/li>\n<\/ul>\n<p>Fontos: a term\u00e9szetes \u00f6sszetev\u0151k hat\u00e1sa enyh\u00e9bb illat\u00e9lm\u00e9nyt adhat, mint a szintetikus parf\u00fcm\u00f6k, de a ruh\u00e1k tiszt\u00e1k \u00e9s frissek lesznek.<\/p>\n<p><strong>MOS\u00d3G\u00c9PED rendszeres karbantart\u00e1sa fontos a tart\u00f3s, sz\u00e9p eredm\u00e9ny \u00e9rdek\u00e9ben.<\/strong><\/p>\n<p>Mos\u00f3szer\u00fcnk koncentr\u00e1lt, term\u00e9szetes, szappan alap\u00fa formul\u00e1t tartalmaz, ez\u00e9rt javasoljuk, hogy rendszeresen tiszt\u00edtsd meg az adagol\u00f3 rekeszeket, \u00e9s 2 havonta ind\u00edts el egy \u00fcres, magas h\u0151fok\u00fa (ak\u00e1r 90 \u00b0C-os) karbantart\u00f3 mos\u00e1si programot.<br \/>\nK\u00e9nyelmes, k\u00edm\u00e9l\u0151 \u00e9s term\u00e9szetes mos\u00e1st k\u00edv\u00e1nunk!<br \/>\nECOlife csapat \ud83d\udc9a<br \/>\n\t\t<\/div>\n\t<\/div>\n\t\n<p><span class=\"dt-testprodacctitle\">\t<div id=\"accordion-728112627\" class=\"accordion-item\">\n\t\t<a id=\"accordion-728112627-label\" class=\"accordion-title plain\" href=\"#accordion-item-r\u00e9szletes_term\u00e9kle\u00edr\u00e1s\" aria-expanded=\"false\" aria-controls=\"accordion-728112627-content\" >\n\t\t\t<button class=\"toggle\" aria-label=\"Toggle\"><i class=\"icon-angle-down\"><\/i><\/button>\n\t\t\t<span>R\u00e9szletes term\u00e9kle\u00edr\u00e1s<\/span>\n\t\t<\/a>\n\t\t<div id=\"accordion-728112627-content\" class=\"accordion-inner\" aria-labelledby=\"accordion-728112627-label\" >\n\t\t\t<\/span><br \/>\n<strong>K\u00fcl\u00f6nleges, term\u00e9szetes mos\u00f3szer \u00e9s \u00f6bl\u00edt\u0151 egyben \u2013 ide\u00e1lis sz\u00ednes \u00e9s feh\u00e9r ruh\u00e1khoz is. Puh\u00e1v\u00e1 var\u00e1zsolja a text\u00edli\u00e1kat \u00f6bl\u00edt\u0151 n\u00e9lk\u00fcl, friss, eleg\u00e1ns, l\u00e1gy illatot hagy maga ut\u00e1n, mik\u00f6zben k\u00edm\u00e9li a b\u0151rt, text\u00edli\u00e1t \u00e9s a k\u00f6rnyezetet.<\/strong><\/p>\n<p><strong>Mi\u00e9rt v\u00e1laszd az ECOlife 2 az 1-ben mos\u00f3szert? <\/strong><strong><br \/>\n<\/strong><\/p>\n<ul>\n<li>Term\u00e9szetes \u00f6sszet\u00e9tel, biztons\u00e1gos az eg\u00e9sz csal\u00e1dnak<\/li>\n<li>\u00c9rz\u00e9keny b\u0151rre is alkalmas \u2013 nem hagy szintetikus maradv\u00e1nyokat a sz\u00f6vetekben<\/li>\n<li>A ruh\u00e1k puh\u00e1k, k\u00f6nnyen vasalhat\u00f3k \u00e9s frissek maradnak<\/li>\n<li>Egyetlen term\u00e9k = 2 feladat &#8211; kevesebb flakon, kevesebb hullad\u00e9k \u267b\ufe0f<\/li>\n<li>Gazdas\u00e1gos v\u00e1laszt\u00e1s \u2013 p\u00e9nzt, id\u0151t \u00e9s energi\u00e1t takar\u00edt meg<\/li>\n<li>\u00c9l\u00e9nk\u00edti a sz\u00edneket, ragyog\u00f3v\u00e1 teszi a feh\u00e9r \u00e9s a sz\u00ednes text\u00edli\u00e1kat<\/li>\n<\/ul>\n<p><strong>Gazdas\u00e1gos \u00e9s felel\u0151s v\u00e1laszt\u00e1s:<\/strong><\/p>\n<ul>\n<li>Nem kell k\u00fcl\u00f6n \u00f6bl\u00edt\u0151t v\u00e1s\u00e1rolni<\/li>\n<li>Kevesebb hullad\u00e9k \u2013 kevesebb csomagol\u00f3anyag<\/li>\n<li>Energi\u00e1t \u00e9s p\u00e9nzt takar\u00edt meg<\/li>\n<li>Fenntarthat\u00f3 fogyaszt\u00e1s a visszav\u00e1lthat\u00f3 5 L kann\u00e1knak k\u00f6sz\u00f6nhet\u0151en<\/li>\n<\/ul>\n<p><strong>Kiszerel\u00e9sek:<\/strong><strong><br \/>\n<\/strong><\/p>\n<ul>\n<li><strong>1 liter<\/strong> \u2013 kipr\u00f3b\u00e1l\u00e1sra vagy kisebb h\u00e1ztart\u00e1sokba<\/li>\n<li><a href=\"https:\/\/www.ecolife.bio\/hu\/prod\/mososzer-es-oblito-2-az-1-ben-3l\/\"><strong>3 liter<\/strong><\/a> \u2013 gazdas\u00e1gos megold\u00e1s rendszeres mos\u00e1shoz<\/li>\n<li><a href=\"https:\/\/www.ecolife.bio\/hu\/prod\/mososzer-es-oblito-2-az-1-ben-5l\/\"><strong>5 liter<\/strong><\/a><strong> (visszav\u00e1lthat\u00f3 kanna)<\/strong> \u2013 a legkedvez\u0151bb \u00e9s legink\u00e1bb k\u00f6rnyezetbar\u00e1t megold\u00e1s. A kanna vissza ad\u00e1sa\/k\u00fcld\u00e9se eset\u00e9n a bet\u00e9td\u00edjat visszat\u00e9r\u00edtj\u00fck.<\/li>\n<\/ul>\n<p><strong>\u00d6sszet\u00e9tel:<\/strong><strong><br \/>\n<\/strong><\/p>\n<ul>\n<li><strong>Potassium Cocoat<\/strong>e \u2013 k\u00f3kuszolajb\u00f3l k\u00e9sz\u00fclt term\u00e9szetes szappan<\/li>\n<li><strong>Lauryl Glucoside<\/strong> \u2013 k\u00edm\u00e9letesen, de hat\u00e9konyan t\u00e1vol\u00edtja el a szennyez\u0151d\u00e9seket<\/li>\n<li><strong>Benzaldehid<\/strong> \u2013 term\u00e9szetes, finom illatot biztos\u00edt, amely sz\u00e1rad\u00e1s ut\u00e1n fokozatosan elillan a sz\u00f6vetr\u0151l &#8211; ellent\u00e9tben a szintetikus \u00f6bl\u00edt\u0151kkel, mely a sz\u00f6vet fonal\u00e1ra tapadva negat\u00edvan befoly\u00e1solhatja az eg\u00e9szs\u00e9g\u00fcnket.<\/li>\n<\/ul>\n<p><strong>Haszn\u00e1lati \u00fatmutat\u00f3:<\/strong><\/p>\n<ul>\n<li>3\u20134 kg ruha: 40\u201350 ml (2 kupak)<\/li>\n<li>5\u20137 kg ruha: 50\u201360 ml (3 kupak)<\/li>\n<li>Er\u0151sen szennyezett ruha: 80\u201390 ml (4\u20135 kupak)<\/li>\n<li>Foltkezel\u00e9s: vigy\u00e9l fel egy keveset k\u00f6zvetlen\u00fcl a foltra, hagyd hatni 10\u201315 percig, majd mosd ki<\/li>\n<\/ul>\n<p><strong>Extra tipp a k\u00f6nnyebb vasal\u00e1shoz (vagy vasal\u00e1s n\u00e9lk\u00fcl!):<br \/>\n<\/strong>Ha azt szeretn\u00e9d, hogy a ruh\u00e1k m\u00e9g l\u00e1gyabbak \u00e9s rugalmasabbak legyenek, adj egy kicsivel t\u00f6bb g\u00e9lt a mos\u00e1shoz, vagy \u00f6nts egy kupakkal az \u00f6bl\u00edt\u0151 rekeszbe is. Az eredm\u00e9ny: puh\u00e1bb, frissebb ruh\u00e1k, amelyeket k\u00f6nnyebb vasalni \u2013 s\u0151t, lehet, hogy vasalni sem kell.<\/p>\n<p><strong>Tapasztald meg a finoms\u00e1g illat\u00e1t, a term\u00e9szet l\u00e1gys\u00e1g\u00e1t \u00e9s a tisztas\u00e1g puhas\u00e1g\u00e1t minden egyes mos\u00e1sn\u00e1l az ECOlife 2 az 1-ben mos\u00f3szerrel.<\/strong><br \/>\n\t\t<\/div>\n\t<\/div>\n\t\n<\/div>\n","protected":false},"excerpt":{"rendered":"<div class=\"checkmarkLIdark\">\n<p><b>50% kedvezm\u00e9nnyel!<\/b><b><br \/>\n<\/b><b>MOST, limit\u00e1lt ideig \u2013 a k\u00e9szlet erej\u00e9ig!<\/b><\/p>\n<p><span style=\"font-weight: 400;\">MOST van itt az ide\u00e1lis alkalom, hogy:<\/span><\/p>\n<ul>\n<li style=\"font-weight: 400;\" aria-level=\"1\"><b>kipr\u00f3b\u00e1ld &#8211; ha a term\u00e9szet friss, l\u00e1gy illat\u00e1ra v\u00e1gysz, egyben a biztons\u00e1gos mos\u00e1s \u00e9lm\u00e9ny\u00e9t akarod megtapasztalni!<\/b><\/li>\n<li style=\"font-weight: 400;\" aria-level=\"1\"><span style=\"font-weight: 400;\">vagy <\/span><b>felturb\u00f3zd a k\u00e9szleteid!<\/b><\/li>\n<\/ul>\n<p><b>\u00c9LD \u00e1t a k\u00fcl\u00f6nbs\u00e9get &#8211; m\u00e1r az els\u0151 mos\u00e1sn\u00e1l!<\/b><\/p>\n<p><b>Neked aj\u00e1nljuk, ha:<\/b><\/p>\n<ul>\n<li><strong>fontos sz\u00e1modra a m\u00e9reganyag-mentes mos\u00e1s<\/strong><\/li>\n<li>sz\u00ednes \u00e9s feh\u00e9r ruh\u00e1kat is egyetlen mos\u00f3szerrel szeretn\u00e9l tiszt\u00edtani<\/li>\n<li><strong>ha \u00e9rz\u00e9keny vagy az irrit\u00e1l\u00f3 vegyszeres mos\u00f3szerekre<\/strong><\/li>\n<li>ha bab\u00e1d b\u0151r\u00e9t biztons\u00e1gban szeretn\u00e9d tudni<\/li>\n<li><strong>k\u00f6rnyezetk\u00edm\u00e9l\u0151, biol\u00f3giailag leboml\u00f3 formul\u00e1t keresel<\/strong><\/li>\n<li>term\u00e9szetes illatra v\u00e1gysz, \u00f6bl\u00edt\u0151 n\u00e9lk\u00fcl<\/li>\n<li><strong>ha a legjobbat szeretn\u00e9d v\u00e1lasztani!<\/strong><\/li>\n<\/ul>\n<\/div>\n<div style=\"margin: 15px 0;\"><a style=\"background-color: #76d098; color: white; padding: 4px 8px; text-decoration: none; border-radius: 5px; font-weight: bold; display: inline-block;\" href=\"https:\/\/www.ecolife.bio\/hu\/prod\/mososzer-es-oblito-2-az-1-ben\/\">Megn\u00e9zem a norm\u00e1l kiszerel\u00e9st<\/a><\/div>\n","protected":false},"featured_media":5185,"comment_status":"open","ping_status":"closed","template":"","meta":[],"product_brand":[],"product_cat":[90,143,163,15],"product_tag":[154,139,22,21],"class_list":{"0":"post-6304","1":"product","2":"type-product","3":"status-publish","4":"has-post-thumbnail","6":"product_cat-ecolife-termekek","7":"product_cat-mososzerek","8":"product_cat-teszt-termekek","9":"product_cat-termekek","10":"product_tag-b2b","11":"product_tag-ecolife-bottle","12":"product_tag-mososzer","13":"product_tag-oblito","15":"first","16":"instock","17":"sale","18":"taxable","19":"shipping-taxable","20":"purchasable","21":"product-type-simple"},"yoast_head":"<!-- This site is optimized with the Yoast SEO plugin v26.8 - https:\/\/yoast.com\/product\/yoast-seo-wordpress\/ -->\n<title>ECOlife TESZT term\u00e9k kipr\u00f3b\u00e1l\u00e1sra \u2013 \u00f6ko mos\u00f3szer + \u00f6bl\u00edt\u0151 (2:1,1L) - EcoLIFE<\/title>\n<meta name=\"description\" content=\"Pr\u00f3b\u00e1ld ki, teszteld a Green Brand tan\u00fas\u00edtv\u00e1nnyal elismert, vegyszermentes term\u00e9keinket most 50% kedvezm\u00e9nnyel! Hullad\u00e9kmentes k\u00f6rforg\u00e1s.\" \/>\n<meta name=\"robots\" content=\"index, follow, max-snippet:-1, max-image-preview:large, max-video-preview:-1\" \/>\n<link rel=\"canonical\" href=\"https:\/\/www.ecolife.bio\/hu\/prod\/teszt-termek-oko-mososzer-es-oblito-2-az-1-ben\/\" \/>\n<meta property=\"og:locale\" content=\"hu_HU\" \/>\n<meta property=\"og:type\" content=\"article\" \/>\n<meta property=\"og:title\" content=\"ECOlife TESZT term\u00e9k kipr\u00f3b\u00e1l\u00e1sra \u2013 \u00f6ko mos\u00f3szer + \u00f6bl\u00edt\u0151 (2:1,1L) - EcoLIFE\" \/>\n<meta property=\"og:description\" content=\"Pr\u00f3b\u00e1ld ki, teszteld a Green Brand tan\u00fas\u00edtv\u00e1nnyal elismert, vegyszermentes term\u00e9keinket most 50% kedvezm\u00e9nnyel! Hullad\u00e9kmentes k\u00f6rforg\u00e1s.\" \/>\n<meta property=\"og:url\" content=\"https:\/\/www.ecolife.bio\/hu\/prod\/teszt-termek-oko-mososzer-es-oblito-2-az-1-ben\/\" \/>\n<meta property=\"og:site_name\" content=\"EcoLIFE\" \/>\n<meta property=\"article:modified_time\" content=\"2026-04-15T16:49:46+00:00\" \/>\n<meta property=\"og:image\" content=\"https:\/\/www.ecolife.bio\/wp-content\/uploads\/2025\/09\/1l-praci_prostriedok_avivaz.jpg\" \/>\n\t<meta property=\"og:image:width\" content=\"1921\" \/>\n\t<meta property=\"og:image:height\" content=\"1921\" \/>\n\t<meta property=\"og:image:type\" content=\"image\/jpeg\" \/>\n<meta name=\"twitter:card\" content=\"summary_large_image\" \/>\n<meta name=\"twitter:label1\" content=\"Becs\u00fclt olvas\u00e1si id\u0151\" \/>\n\t<meta name=\"twitter:data1\" content=\"4 perc\" \/>\n<script type=\"application\/ld+json\" class=\"yoast-schema-graph\">{\"@context\":\"https:\/\/schema.org\",\"@graph\":[{\"@type\":\"WebPage\",\"@id\":\"https:\/\/www.ecolife.bio\/hu\/prod\/teszt-termek-oko-mososzer-es-oblito-2-az-1-ben\/\",\"url\":\"https:\/\/www.ecolife.bio\/hu\/prod\/teszt-termek-oko-mososzer-es-oblito-2-az-1-ben\/\",\"name\":\"ECOlife TESZT term\u00e9k kipr\u00f3b\u00e1l\u00e1sra \u2013 \u00f6ko mos\u00f3szer + \u00f6bl\u00edt\u0151 (2:1,1L) - EcoLIFE\",\"isPartOf\":{\"@id\":\"https:\/\/www.ecolife.bio\/#website\"},\"primaryImageOfPage\":{\"@id\":\"https:\/\/www.ecolife.bio\/hu\/prod\/teszt-termek-oko-mososzer-es-oblito-2-az-1-ben\/#primaryimage\"},\"image\":{\"@id\":\"https:\/\/www.ecolife.bio\/hu\/prod\/teszt-termek-oko-mososzer-es-oblito-2-az-1-ben\/#primaryimage\"},\"thumbnailUrl\":\"https:\/\/escbfekz6y3.exactdn.com\/wp-content\/uploads\/2025\/09\/1l-praci_prostriedok_avivaz.jpg?strip=all\",\"datePublished\":\"2026-02-17T00:48:51+00:00\",\"dateModified\":\"2026-04-15T16:49:46+00:00\",\"description\":\"Pr\u00f3b\u00e1ld ki, teszteld a Green Brand tan\u00fas\u00edtv\u00e1nnyal elismert, vegyszermentes term\u00e9keinket most 50% kedvezm\u00e9nnyel! Hullad\u00e9kmentes k\u00f6rforg\u00e1s.\",\"breadcrumb\":{\"@id\":\"https:\/\/www.ecolife.bio\/hu\/prod\/teszt-termek-oko-mososzer-es-oblito-2-az-1-ben\/#breadcrumb\"},\"inLanguage\":\"hu\",\"potentialAction\":[{\"@type\":\"ReadAction\",\"target\":[\"https:\/\/www.ecolife.bio\/hu\/prod\/teszt-termek-oko-mososzer-es-oblito-2-az-1-ben\/\"]}]},{\"@type\":\"ImageObject\",\"inLanguage\":\"hu\",\"@id\":\"https:\/\/www.ecolife.bio\/hu\/prod\/teszt-termek-oko-mososzer-es-oblito-2-az-1-ben\/#primaryimage\",\"url\":\"https:\/\/escbfekz6y3.exactdn.com\/wp-content\/uploads\/2025\/09\/1l-praci_prostriedok_avivaz.jpg?strip=all\",\"contentUrl\":\"https:\/\/escbfekz6y3.exactdn.com\/wp-content\/uploads\/2025\/09\/1l-praci_prostriedok_avivaz.jpg?strip=all\",\"width\":1921,\"height\":1921},{\"@type\":\"BreadcrumbList\",\"@id\":\"https:\/\/www.ecolife.bio\/hu\/prod\/teszt-termek-oko-mososzer-es-oblito-2-az-1-ben\/#breadcrumb\",\"itemListElement\":[{\"@type\":\"ListItem\",\"position\":1,\"name\":\"Domovsk\u00e1 str\u00e1nka\",\"item\":\"https:\/\/www.ecolife.bio\/hu\/\"},{\"@type\":\"ListItem\",\"position\":2,\"name\":\"\u00dczlet\",\"item\":\"https:\/\/www.ecolife.bio\/obchod\/\"},{\"@type\":\"ListItem\",\"position\":3,\"name\":\"ECOlife TESZT term\u00e9k kipr\u00f3b\u00e1l\u00e1sra \u2013 \u00f6ko mos\u00f3szer + \u00f6bl\u00edt\u0151 (2:1,1L)\"}]},{\"@type\":\"WebSite\",\"@id\":\"https:\/\/www.ecolife.bio\/#website\",\"url\":\"https:\/\/www.ecolife.bio\/\",\"name\":\"EcoLIFE\",\"description\":\"For an Eco-Friendly Planet\",\"publisher\":{\"@id\":\"https:\/\/www.ecolife.bio\/#organization\"},\"potentialAction\":[{\"@type\":\"SearchAction\",\"target\":{\"@type\":\"EntryPoint\",\"urlTemplate\":\"https:\/\/www.ecolife.bio\/?s={search_term_string}\"},\"query-input\":{\"@type\":\"PropertyValueSpecification\",\"valueRequired\":true,\"valueName\":\"search_term_string\"}}],\"inLanguage\":\"hu\"},{\"@type\":\"Organization\",\"@id\":\"https:\/\/www.ecolife.bio\/#organization\",\"name\":\"ECOlife.bio\",\"url\":\"https:\/\/www.ecolife.bio\/\",\"logo\":{\"@type\":\"ImageObject\",\"inLanguage\":\"hu\",\"@id\":\"https:\/\/www.ecolife.bio\/#\/schema\/logo\/image\/\",\"url\":\"https:\/\/escbfekz6y3.exactdn.com\/wp-content\/uploads\/2022\/03\/ecolife_logo_final.png?strip=all\",\"contentUrl\":\"https:\/\/escbfekz6y3.exactdn.com\/wp-content\/uploads\/2022\/03\/ecolife_logo_final.png?strip=all\",\"width\":500,\"height\":500,\"caption\":\"ECOlife.bio\"},\"image\":{\"@id\":\"https:\/\/www.ecolife.bio\/#\/schema\/logo\/image\/\"}}]}<\/script>\n<!-- \/ Yoast SEO plugin. -->","yoast_head_json":{"title":"ECOlife TESZT term\u00e9k kipr\u00f3b\u00e1l\u00e1sra \u2013 \u00f6ko mos\u00f3szer + \u00f6bl\u00edt\u0151 (2:1,1L) - EcoLIFE","description":"Pr\u00f3b\u00e1ld ki, teszteld a Green Brand tan\u00fas\u00edtv\u00e1nnyal elismert, vegyszermentes term\u00e9keinket most 50% kedvezm\u00e9nnyel! Hullad\u00e9kmentes k\u00f6rforg\u00e1s.","robots":{"index":"index","follow":"follow","max-snippet":"max-snippet:-1","max-image-preview":"max-image-preview:large","max-video-preview":"max-video-preview:-1"},"canonical":"https:\/\/www.ecolife.bio\/hu\/prod\/teszt-termek-oko-mososzer-es-oblito-2-az-1-ben\/","og_locale":"hu_HU","og_type":"article","og_title":"ECOlife TESZT term\u00e9k kipr\u00f3b\u00e1l\u00e1sra \u2013 \u00f6ko mos\u00f3szer + \u00f6bl\u00edt\u0151 (2:1,1L) - EcoLIFE","og_description":"Pr\u00f3b\u00e1ld ki, teszteld a Green Brand tan\u00fas\u00edtv\u00e1nnyal elismert, vegyszermentes term\u00e9keinket most 50% kedvezm\u00e9nnyel! Hullad\u00e9kmentes k\u00f6rforg\u00e1s.","og_url":"https:\/\/www.ecolife.bio\/hu\/prod\/teszt-termek-oko-mososzer-es-oblito-2-az-1-ben\/","og_site_name":"EcoLIFE","article_modified_time":"2026-04-15T16:49:46+00:00","og_image":[{"width":1921,"height":1921,"url":"https:\/\/www.ecolife.bio\/wp-content\/uploads\/2025\/09\/1l-praci_prostriedok_avivaz.jpg","type":"image\/jpeg"}],"twitter_card":"summary_large_image","twitter_misc":{"Becs\u00fclt olvas\u00e1si id\u0151":"4 perc"},"schema":{"@context":"https:\/\/schema.org","@graph":[{"@type":"WebPage","@id":"https:\/\/www.ecolife.bio\/hu\/prod\/teszt-termek-oko-mososzer-es-oblito-2-az-1-ben\/","url":"https:\/\/www.ecolife.bio\/hu\/prod\/teszt-termek-oko-mososzer-es-oblito-2-az-1-ben\/","name":"ECOlife TESZT term\u00e9k kipr\u00f3b\u00e1l\u00e1sra \u2013 \u00f6ko mos\u00f3szer + \u00f6bl\u00edt\u0151 (2:1,1L) - EcoLIFE","isPartOf":{"@id":"https:\/\/www.ecolife.bio\/#website"},"primaryImageOfPage":{"@id":"https:\/\/www.ecolife.bio\/hu\/prod\/teszt-termek-oko-mososzer-es-oblito-2-az-1-ben\/#primaryimage"},"image":{"@id":"https:\/\/www.ecolife.bio\/hu\/prod\/teszt-termek-oko-mososzer-es-oblito-2-az-1-ben\/#primaryimage"},"thumbnailUrl":"https:\/\/escbfekz6y3.exactdn.com\/wp-content\/uploads\/2025\/09\/1l-praci_prostriedok_avivaz.jpg?strip=all","datePublished":"2026-02-17T00:48:51+00:00","dateModified":"2026-04-15T16:49:46+00:00","description":"Pr\u00f3b\u00e1ld ki, teszteld a Green Brand tan\u00fas\u00edtv\u00e1nnyal elismert, vegyszermentes term\u00e9keinket most 50% kedvezm\u00e9nnyel! Hullad\u00e9kmentes k\u00f6rforg\u00e1s.","breadcrumb":{"@id":"https:\/\/www.ecolife.bio\/hu\/prod\/teszt-termek-oko-mososzer-es-oblito-2-az-1-ben\/#breadcrumb"},"inLanguage":"hu","potentialAction":[{"@type":"ReadAction","target":["https:\/\/www.ecolife.bio\/hu\/prod\/teszt-termek-oko-mososzer-es-oblito-2-az-1-ben\/"]}]},{"@type":"ImageObject","inLanguage":"hu","@id":"https:\/\/www.ecolife.bio\/hu\/prod\/teszt-termek-oko-mososzer-es-oblito-2-az-1-ben\/#primaryimage","url":"https:\/\/escbfekz6y3.exactdn.com\/wp-content\/uploads\/2025\/09\/1l-praci_prostriedok_avivaz.jpg?strip=all","contentUrl":"https:\/\/escbfekz6y3.exactdn.com\/wp-content\/uploads\/2025\/09\/1l-praci_prostriedok_avivaz.jpg?strip=all","width":1921,"height":1921},{"@type":"BreadcrumbList","@id":"https:\/\/www.ecolife.bio\/hu\/prod\/teszt-termek-oko-mososzer-es-oblito-2-az-1-ben\/#breadcrumb","itemListElement":[{"@type":"ListItem","position":1,"name":"Domovsk\u00e1 str\u00e1nka","item":"https:\/\/www.ecolife.bio\/hu\/"},{"@type":"ListItem","position":2,"name":"\u00dczlet","item":"https:\/\/www.ecolife.bio\/obchod\/"},{"@type":"ListItem","position":3,"name":"ECOlife TESZT term\u00e9k kipr\u00f3b\u00e1l\u00e1sra \u2013 \u00f6ko mos\u00f3szer + \u00f6bl\u00edt\u0151 (2:1,1L)"}]},{"@type":"WebSite","@id":"https:\/\/www.ecolife.bio\/#website","url":"https:\/\/www.ecolife.bio\/","name":"EcoLIFE","description":"For an Eco-Friendly Planet","publisher":{"@id":"https:\/\/www.ecolife.bio\/#organization"},"potentialAction":[{"@type":"SearchAction","target":{"@type":"EntryPoint","urlTemplate":"https:\/\/www.ecolife.bio\/?s={search_term_string}"},"query-input":{"@type":"PropertyValueSpecification","valueRequired":true,"valueName":"search_term_string"}}],"inLanguage":"hu"},{"@type":"Organization","@id":"https:\/\/www.ecolife.bio\/#organization","name":"ECOlife.bio","url":"https:\/\/www.ecolife.bio\/","logo":{"@type":"ImageObject","inLanguage":"hu","@id":"https:\/\/www.ecolife.bio\/#\/schema\/logo\/image\/","url":"https:\/\/escbfekz6y3.exactdn.com\/wp-content\/uploads\/2022\/03\/ecolife_logo_final.png?strip=all","contentUrl":"https:\/\/escbfekz6y3.exactdn.com\/wp-content\/uploads\/2022\/03\/ecolife_logo_final.png?strip=all","width":500,"height":500,"caption":"ECOlife.bio"},"image":{"@id":"https:\/\/www.ecolife.bio\/#\/schema\/logo\/image\/"}}]}},"_links":{"self":[{"href":"https:\/\/www.ecolife.bio\/hu\/wp-json\/wp\/v2\/product\/6304","targetHints":{"allow":["GET"]}}],"collection":[{"href":"https:\/\/www.ecolife.bio\/hu\/wp-json\/wp\/v2\/product"}],"about":[{"href":"https:\/\/www.ecolife.bio\/hu\/wp-json\/wp\/v2\/types\/product"}],"replies":[{"embeddable":true,"href":"https:\/\/www.ecolife.bio\/hu\/wp-json\/wp\/v2\/comments?post=6304"}],"wp:featuredmedia":[{"embeddable":true,"href":"https:\/\/www.ecolife.bio\/hu\/wp-json\/wp\/v2\/media\/5185"}],"wp:attachment":[{"href":"https:\/\/www.ecolife.bio\/hu\/wp-json\/wp\/v2\/media?parent=6304"}],"wp:term":[{"taxonomy":"product_brand","embeddable":true,"href":"https:\/\/www.ecolife.bio\/hu\/wp-json\/wp\/v2\/product_brand?post=6304"},{"taxonomy":"product_cat","embeddable":true,"href":"https:\/\/www.ecolife.bio\/hu\/wp-json\/wp\/v2\/product_cat?post=6304"},{"taxonomy":"product_tag","embeddable":true,"href":"https:\/\/www.ecolife.bio\/hu\/wp-json\/wp\/v2\/product_tag?post=6304"}],"curies":[{"name":"wp","href":"https:\/\/api.w.org\/{rel}","templated":true}]}}