{"id":6308,"date":"2026-02-17T03:33:26","date_gmt":"2026-02-17T01:33:26","guid":{"rendered":"https:\/\/www.ecolife.bio\/?post_type=product&#038;p=6308"},"modified":"2026-04-23T09:01:08","modified_gmt":"2026-04-23T07:01:08","slug":"trio-oko-mosogatoszer-kezi-mosogatashoz","status":"publish","type":"product","link":"https:\/\/www.ecolife.bio\/hu\/prod\/trio-oko-mosogatoszer-kezi-mosogatashoz\/","title":{"rendered":"TRI\u00d3 OKOS V\u00c1LASZT\u00c1S &#8211; \u00d6KO Mosogat\u00f3szer k\u00e9zi mosogat\u00e1shoz (3x1L)"},"content":{"rendered":"<div class=\"paragraph heading4 ng-star-inserted\" role=\"heading\" data-start-index=\"1566\" aria-level=\"4\">\n<p><b>Az ECOlife k\u00e9zi mosogat\u00f3szer TRI\u00d3<\/b><span style=\"font-weight: 400;\"> egy <\/span><b>3 darabos mosogat\u00f3szer csomag<\/b><span style=\"font-weight: 400;\">, amely <\/span><b>mindennapi k\u00e9zi mosogat\u00e1shoz<\/b><span style=\"font-weight: 400;\"> k\u00e9sz\u00fclt.<\/span><span style=\"font-weight: 400;\"><br \/>\n<\/span><span style=\"font-weight: 400;\">Ide\u00e1lis v\u00e1laszt\u00e1s, ha egy <\/span><b>k\u00e9zk\u00edm\u00e9l\u0151, m\u00e9gis hat\u00e9kony \u00f6ko mosogat\u00f3szert<\/b><span style=\"font-weight: 400;\"> keresel, \u00e9s szeretn\u00e9l <\/span><b>gazdas\u00e1gosabb kiszerel\u00e9sben<\/b><span style=\"font-weight: 400;\"> bev\u00e1s\u00e1rolni.<\/span><\/p>\n<h3 class=\"accordion_title\">TRI\u00d3 OKOS V\u00c1LASZT\u00c1S csomag \u2013 <b>K\u00e9zi mosogat\u00f3szer<\/b> (3x1 liter)<\/h3><div class=\"accordion\">\n\t<div id=\"accordion-2325983983\" class=\"accordion-item\">\n\t\t<a id=\"accordion-2325983983-label\" class=\"accordion-title plain\" href=\"#accordion-item-mi\u00e9rt_\u00e9ri_meg_neked?\" aria-expanded=\"false\" aria-controls=\"accordion-2325983983-content\" >\n\t\t\t<button class=\"toggle\" aria-label=\"Toggle\"><i class=\"icon-angle-down\"><\/i><\/button>\n\t\t\t<span>Mi\u00e9rt \u00e9ri meg neked?<\/span>\n\t\t<\/a>\n\t\t<div id=\"accordion-2325983983-content\" class=\"accordion-inner\" aria-labelledby=\"accordion-2325983983-label\" >\n\t\t\t<b><b><br \/>\n<\/b><\/b><\/p>\n<p><span style=\"font-weight: 400;\">Az <\/span><b>ECOlife K\u00e9zi mosogat\u00f3szer TRI\u00d3<\/b><span style=\"font-weight: 400;\"> egy praktikus, k\u00e9nyelmes \u00e9s p\u00e9nzt\u00e1rcabar\u00e1t v\u00e1laszt\u00e1s, ha:<\/span><\/p>\n<ul>\n<li style=\"font-weight: 400;\" aria-level=\"1\"><span style=\"font-weight: 400;\">szeretn\u00e9l <\/span><b>\u00f6ko k\u00e9zi mosogat\u00f3szert<\/b><span style=\"font-weight: 400;\"> mindennapi haszn\u00e1latra<\/span><\/li>\n<li style=\"font-weight: 400;\" aria-level=\"1\"><span style=\"font-weight: 400;\">fontos a <\/span><b>k\u00e9zk\u00edm\u00e9l\u0151, m\u00e9gis zs\u00edrold\u00f3 hat\u00e1s<\/b><\/li>\n<li style=\"font-weight: 400;\" aria-level=\"1\"><b style=\"color: #555555;\"><b><span style=\"font-weight: 400;\">el\u0151re gondolkodsz, \u00e9s szereted a <\/span>gazdas\u00e1gos csomagokat<\/b><\/b><\/li>\n<\/ul>\n<p><b>Rendeld meg most, \u00e9s legyen meg a nyugalmad a k\u00f6vetkez\u0151 2\u20133 h\u00f3napra!<\/b><\/p>\n\t\t<\/div>\n\t<\/div>\n\t\n\t<div id=\"accordion-1913886200\" class=\"accordion-item\">\n\t\t<a id=\"accordion-1913886200-label\" class=\"accordion-title plain\" href=\"#accordion-item-kinek_aj\u00e1nljuk?\" aria-expanded=\"false\" aria-controls=\"accordion-1913886200-content\" >\n\t\t\t<button class=\"toggle\" aria-label=\"Toggle\"><i class=\"icon-angle-down\"><\/i><\/button>\n\t\t\t<span>Kinek aj\u00e1nljuk?<\/span>\n\t\t<\/a>\n\t\t<div id=\"accordion-1913886200-content\" class=\"accordion-inner\" aria-labelledby=\"accordion-1913886200-label\" >\n\t\t\t<b><br \/>\n<\/b><\/p>\n<p><span style=\"font-weight: 400;\">Ez a <\/span><b>mosogat\u00f3szer csomag<\/b><span style=\"font-weight: 400;\"> t\u00f6k\u00e9letes, ha:<\/span><\/p>\n<ul>\n<li style=\"font-weight: 400;\" aria-level=\"1\"><span style=\"font-weight: 400;\">rendszeresen mosogatsz k\u00e9zzel, \u00e9s fontos a <\/span><b>gyors, alapos tiszt\u00edt\u00e1s<\/b><\/li>\n<li style=\"font-weight: 400;\" aria-level=\"1\"><span style=\"font-weight: 400;\">szeretn\u00e9d elker\u00fclni a <\/span><b>kisz\u00e1radt, irrit\u00e1lt k\u00e9z<\/b><span style=\"font-weight: 400;\"> \u00e9rz\u00e9s\u00e9t<\/span><\/li>\n<li style=\"font-weight: 400;\" aria-level=\"1\"><span style=\"font-weight: 400;\">szereted, ha mindig van otthon <\/span><b>tartal\u00e9k mosogat\u00f3szer<\/b><\/li>\n<li style=\"font-weight: 400;\" aria-level=\"1\">tudatosan v\u00e1lasztasz <b style=\"color: #555555;\">\u00f6ko, m\u00e9gis hat\u00e9kony<\/b><span style=\"font-weight: 400;\"> h\u00e1ztart\u00e1si term\u00e9ket<\/span><\/li>\n<\/ul>\n\t\t<\/div>\n\t<\/div>\n\t\n\t<div id=\"accordion-3306233398\" class=\"accordion-item\">\n\t\t<a id=\"accordion-3306233398-label\" class=\"accordion-title plain\" href=\"#accordion-item-mennyi_id\u0151re_elegend\u0151?\" aria-expanded=\"false\" aria-controls=\"accordion-3306233398-content\" >\n\t\t\t<button class=\"toggle\" aria-label=\"Toggle\"><i class=\"icon-angle-down\"><\/i><\/button>\n\t\t\t<span>Mennyi id\u0151re elegend\u0151?<\/span>\n\t\t<\/a>\n\t\t<div id=\"accordion-3306233398-content\" class=\"accordion-inner\" aria-labelledby=\"accordion-3306233398-label\" >\n\t\t\t\n<b><\/b><\/p>\n<p><span style=\"font-weight: 400;\">Egy \u00e1tlagos: 2 feln\u0151tt \u2013 2 gyermek, teh\u00e1t egy <\/span><b>4 tag\u00fa csal\u00e1d<\/b><span style=\"font-weight: 400;\"> sz\u00e1m\u00e1ra akt\u00edv k\u00e9zi mosogat\u00e1s mellett kb. <\/span><b>2 h\u00f3napra elegend\u0151<\/b><span style=\"font-weight: 400;\">.<\/span><span style=\"font-weight: 400;\"><br \/>\n<\/span><span style=\"font-weight: 400;\">Mosogat\u00f3g\u00e9p haszn\u00e1lata mellett a k\u00e9szlet ak\u00e1r <\/span><b>3 h\u00f3napig<\/b><span style=\"font-weight: 400;\"> is kitart.<\/span><\/p>\n<p><span style=\"font-weight: 400;\">A <\/span><b>3 db-os k\u00e9zi mosogat\u00f3szer<\/b><span style=\"font-weight: 400;\"> csomag <\/span><b>gazdas\u00e1gosabb v\u00e1laszt\u00e1s<\/b><span style=\"font-weight: 400;\">, hiszen ak\u00e1r <\/span><b>60%-kal kedvez\u0151bb \u00e1r<\/b><span style=\"font-weight: 400;\"> is el\u00e9rhet\u0151 a darabonk\u00e9nti v\u00e1s\u00e1rl\u00e1shoz k\u00e9pest (aktu\u00e1lis csomagaj\u00e1nlatt\u00f3l f\u00fcgg\u0151en).<\/span><\/p>\n<p><b>\u00a0<\/b><\/p>\n\t\t<\/div>\n\t<\/div>\n\t\n\t<div id=\"accordion-843401022\" class=\"accordion-item\">\n\t\t<a id=\"accordion-843401022-label\" class=\"accordion-title plain\" href=\"#accordion-item-r\u00e9szletes_term\u00e9kle\u00edr\u00e1s\" aria-expanded=\"false\" aria-controls=\"accordion-843401022-content\" >\n\t\t\t<button class=\"toggle\" aria-label=\"Toggle\"><i class=\"icon-angle-down\"><\/i><\/button>\n\t\t\t<span>R\u00e9szletes term\u00e9kle\u00edr\u00e1s<\/span>\n\t\t<\/a>\n\t\t<div id=\"accordion-843401022-content\" class=\"accordion-inner\" aria-labelledby=\"accordion-843401022-label\" >\n\t\t\t\n<b><\/b><\/p>\n<h2><strong>K\u00c9ZI mosogat\u00f3szer\u00a0<\/strong><\/h2>\n<p><strong>K\u00edm\u00e9l\u0151, term\u00e9szetes \u00e9s hat\u00e9kony<\/strong>.\u00a0<strong>Az ECOlife k\u00e9zi mosogat\u00f3szer rendk\u00edv\u00fcli hat\u00e9konys\u00e1ggal t\u00e1vol\u00edtja el a zs\u00edros szennyez\u0151d\u00e9seket az ed\u00e9nyekr\u0151l \u00e9s m\u00e1s fel\u00fcletekr\u0151l, ugyanakkor a k\u00f3kuszolajnak k\u00f6sz\u00f6nhet\u0151en gyeng\u00e9d a b\u0151rh\u00f6z \u00e9s seg\u00edt megel\u0151zni a kezek kisz\u00e1rad\u00e1s\u00e1t.\u00a0<\/strong><br \/>\nNemcsak ed\u00e9nyekhez haszn\u00e1lhat\u00f3, hanem finom zs\u00edrold\u00f3k\u00e9nt a konyhai munkalapokon, k\u00fcl\u00f6nb\u00f6z\u0151 burkolatokon, \u00fcveg- \u00e9s ablak\u00a0 vagy t\u00fck\u00f6r fel\u00fcleteken is \u2013 egyetlen term\u00e9k t\u00f6bb tiszt\u00edt\u00f3szert helyettes\u00edt.<\/p>\n<p><strong>Mi\u00e9rt v\u00e1laszd az ECOlife mosogat\u00f3szert?\u00a0<\/strong><\/p>\n<ul>\n<li>Term\u00e9szetes, n\u00f6v\u00e9nyi alap\u00fa \u00f6sszetev\u0151kkel k\u00e9sz\u00fcl \u2013 b\u0151r- \u00e9s k\u00f6rnyezetbar\u00e1t<\/li>\n<li>Sz\u00ednez\u00e9k- \u00e9s tart\u00f3s\u00edt\u00f3szer-mentes \u2013 a tiszta term\u00e9szet erej\u00e9vel tiszt\u00edt<\/li>\n<li>Sokoldal\u00fa megold\u00e1s 1 csomagol\u00e1sban \u2013 kevesebb hullad\u00e9k<\/li>\n<\/ul>\n<p><strong>Gazdas\u00e1gos \u00e9s praktikus megold\u00e1s:<br \/>\n<\/strong>Mivel egy flakon t\u00f6bbf\u00e9le feladatra is haszn\u00e1lhat\u00f3: ed\u00e9nyek, poharak, porcel\u00e1n, konyhai fel\u00fcletek vagy egy\u00e9b burkolatok tiszt\u00edt\u00e1s\u00e1ra. Magas hat\u00e9konys\u00e1g\u00e1nak k\u00f6sz\u00f6nhet\u0151en kis mennyis\u00e9g is el\u00e9g \u2013 \u00edgy p\u00e9nzt, helyet \u00e9s energi\u00e1t takar\u00edtunk meg.<\/p>\n<p><strong>Haszn\u00e1lat:<\/strong><\/p>\n<ol>\n<li>Foly\u00f3 v\u00edz alatt: cseppents 3\u20134 cseppet a szivacsra, mosd \u00e1t az ed\u00e9nyeket, majd \u00f6bl\u00edtsd el meleg v\u00edzzel.<\/li>\n<li>Mosogat\u00f3 t\u00e1lban: adj egy kupaknyi mosogat\u00f3szert kb. 5 liter v\u00edzhez.<\/li>\n<\/ol>\n<p><strong>Extra tipp a kezek v\u00e9delm\u00e9re:<br \/>\n<\/strong>Tudtad, hogy a k\u00f3kusz zs\u00edrt \u00e9rz\u00e9keny b\u0151r \u00e1pol\u00e1s\u00e1ra \u00e9s egyes b\u0151rprobl\u00e9m\u00e1k eset\u00e9n is alkalmazz\u00e1k a b\u0151rgy\u00f3gy\u00e1szatban?\u00a0Ez\u00e9rt v\u00e1lasztottuk k\u00e9zi mosogat\u00f3szer\u00fcnk alapj\u00e1ul \u2013 hogy \u00f3vja a kezeidet minden mosogat\u00e1s sor\u00e1n. \u00cdgy a b\u0151r\u00f6d sima \u00e9s b\u00e1rsonyos marad, m\u00e9g akkor is, ha gyakran mosogatsz.<\/p>\n<p><strong>ECOlife k\u00e9zi mosogat\u00f3szer<\/strong>\u00a0\u2013 term\u00e9szetesen er\u0151s a zs\u00edrral szemben, m\u00e9gis gyeng\u00e9d a kezeidhez.<\/p>\n\t\t<\/div>\n\t<\/div>\n\t\n<\/div>\n<\/div>\n","protected":false},"excerpt":{"rendered":"<div class=\"checkmarkLIdark\">\n<p><strong>Ak\u00e1r 2\u20133 h\u00f3nap nyugalom a mindennapi mosogat\u00e1shoz-zs\u00edrold\u00e1s pr\u00e9mium min\u0151s\u00e9gben \u2013 tiszta ed\u00e9nyek, k\u00e9zk\u00edm\u00e9l\u0151 formula.<\/strong><\/p>\n<p><span style=\"font-weight: 400;\">Am\u00edg a k\u00e9szlet tart!<\/span><\/p>\n<ul>\n<li style=\"font-weight: 400;\" aria-level=\"1\"><b>Gazdas\u00e1gos<\/b><span style=\"font-weight: 400;\">, p\u00e9nzt\u00e1rcabar\u00e1t csomag<\/span><\/li>\n<li style=\"font-weight: 400;\" aria-level=\"1\"><b>B\u0151rk\u00edm\u00e9l\u0151 mosogat\u00f3szer<\/b><span style=\"font-weight: 400;\">, m\u00e9gis er\u0151s zs\u00edrold\u00f3 hat\u00e1s<\/span><\/li>\n<li style=\"font-weight: 400;\" aria-level=\"1\"><b>Bevizsg\u00e1lt, pr\u00e9mium \u00d6KO term\u00e9k<\/b><span style=\"font-weight: 400;\"> \u2013 <\/span><b>GREEN Brand Slovakia<\/b><span style=\"font-weight: 400;\"> min\u0151s\u00edt\u00e9ssel<\/span><\/li>\n<\/ul>\n<\/div>\n","protected":false},"featured_media":6719,"comment_status":"open","ping_status":"closed","template":"","meta":[],"product_brand":[],"product_cat":[90,159,135,15,142],"product_tag":[154,139,24],"class_list":{"0":"post-6308","1":"product","2":"type-product","3":"status-publish","4":"has-post-thumbnail","6":"product_cat-ecolife-termekek","7":"product_cat-tisztitoszerek","8":"product_cat-kedvezmenyes-csomagok","9":"product_cat-termekek","10":"product_cat-konyha","11":"product_tag-b2b","12":"product_tag-ecolife-bottle","13":"product_tag-mosogatoszer","15":"first","16":"instock","17":"sale","18":"featured","19":"taxable","20":"shipping-taxable","21":"purchasable","22":"product-type-simple"},"yoast_head":"<!-- This site is optimized with the Yoast SEO plugin v26.8 - https:\/\/yoast.com\/product\/yoast-seo-wordpress\/ -->\n<title>TRI\u00d3 OKOS V\u00c1LASZT\u00c1S - \u00d6KO Mosogat\u00f3szer k\u00e9zi mosogat\u00e1shoz (3x1L) - EcoLIFE<\/title>\n<meta name=\"description\" content=\"Az ECOlife k\u00e9zi mosogat\u00f3szer TRI\u00d3 egy 3 darabos mosogat\u00f3szer csomag. 3 term\u00e9k kedvez\u0151bb \u00e1ron!\" \/>\n<meta name=\"robots\" content=\"index, follow, max-snippet:-1, max-image-preview:large, max-video-preview:-1\" \/>\n<link rel=\"canonical\" href=\"https:\/\/www.ecolife.bio\/hu\/prod\/trio-oko-mosogatoszer-kezi-mosogatashoz\/\" \/>\n<meta property=\"og:locale\" content=\"hu_HU\" \/>\n<meta property=\"og:type\" content=\"article\" \/>\n<meta property=\"og:title\" content=\"TRI\u00d3 OKOS V\u00c1LASZT\u00c1S - \u00d6KO Mosogat\u00f3szer k\u00e9zi mosogat\u00e1shoz (3x1L) - EcoLIFE\" \/>\n<meta property=\"og:description\" content=\"Az ECOlife k\u00e9zi mosogat\u00f3szer TRI\u00d3 egy 3 darabos mosogat\u00f3szer csomag. 3 term\u00e9k kedvez\u0151bb \u00e1ron!\" \/>\n<meta property=\"og:url\" content=\"https:\/\/www.ecolife.bio\/hu\/prod\/trio-oko-mosogatoszer-kezi-mosogatashoz\/\" \/>\n<meta property=\"og:site_name\" content=\"EcoLIFE\" \/>\n<meta property=\"article:modified_time\" content=\"2026-04-23T07:01:08+00:00\" \/>\n<meta property=\"og:image\" content=\"https:\/\/www.ecolife.bio\/wp-content\/uploads\/2026\/04\/trio-na-rucne-umyvanie-riadu.jpg\" \/>\n\t<meta property=\"og:image:width\" content=\"1921\" \/>\n\t<meta property=\"og:image:height\" content=\"1921\" \/>\n\t<meta property=\"og:image:type\" content=\"image\/jpeg\" \/>\n<meta name=\"twitter:card\" content=\"summary_large_image\" \/>\n<meta name=\"twitter:label1\" content=\"Becs\u00fclt olvas\u00e1si id\u0151\" \/>\n\t<meta name=\"twitter:data1\" content=\"3 perc\" \/>\n<script type=\"application\/ld+json\" class=\"yoast-schema-graph\">{\"@context\":\"https:\/\/schema.org\",\"@graph\":[{\"@type\":\"WebPage\",\"@id\":\"https:\/\/www.ecolife.bio\/hu\/prod\/trio-oko-mosogatoszer-kezi-mosogatashoz\/\",\"url\":\"https:\/\/www.ecolife.bio\/hu\/prod\/trio-oko-mosogatoszer-kezi-mosogatashoz\/\",\"name\":\"TRI\u00d3 OKOS V\u00c1LASZT\u00c1S - \u00d6KO Mosogat\u00f3szer k\u00e9zi mosogat\u00e1shoz (3x1L) - EcoLIFE\",\"isPartOf\":{\"@id\":\"https:\/\/www.ecolife.bio\/#website\"},\"primaryImageOfPage\":{\"@id\":\"https:\/\/www.ecolife.bio\/hu\/prod\/trio-oko-mosogatoszer-kezi-mosogatashoz\/#primaryimage\"},\"image\":{\"@id\":\"https:\/\/www.ecolife.bio\/hu\/prod\/trio-oko-mosogatoszer-kezi-mosogatashoz\/#primaryimage\"},\"thumbnailUrl\":\"https:\/\/escbfekz6y3.exactdn.com\/wp-content\/uploads\/2026\/04\/trio-na-rucne-umyvanie-riadu.jpg?strip=all\",\"datePublished\":\"2026-02-17T01:33:26+00:00\",\"dateModified\":\"2026-04-23T07:01:08+00:00\",\"description\":\"Az ECOlife k\u00e9zi mosogat\u00f3szer TRI\u00d3 egy 3 darabos mosogat\u00f3szer csomag. 3 term\u00e9k kedvez\u0151bb \u00e1ron!\",\"breadcrumb\":{\"@id\":\"https:\/\/www.ecolife.bio\/hu\/prod\/trio-oko-mosogatoszer-kezi-mosogatashoz\/#breadcrumb\"},\"inLanguage\":\"hu\",\"potentialAction\":[{\"@type\":\"ReadAction\",\"target\":[\"https:\/\/www.ecolife.bio\/hu\/prod\/trio-oko-mosogatoszer-kezi-mosogatashoz\/\"]}]},{\"@type\":\"ImageObject\",\"inLanguage\":\"hu\",\"@id\":\"https:\/\/www.ecolife.bio\/hu\/prod\/trio-oko-mosogatoszer-kezi-mosogatashoz\/#primaryimage\",\"url\":\"https:\/\/escbfekz6y3.exactdn.com\/wp-content\/uploads\/2026\/04\/trio-na-rucne-umyvanie-riadu.jpg?strip=all\",\"contentUrl\":\"https:\/\/escbfekz6y3.exactdn.com\/wp-content\/uploads\/2026\/04\/trio-na-rucne-umyvanie-riadu.jpg?strip=all\",\"width\":1921,\"height\":1921,\"caption\":\"TRIO SMART VO\u013dBA \u2013 Ru\u010dn\u00fd prostriedok na riad (3 ks)\"},{\"@type\":\"BreadcrumbList\",\"@id\":\"https:\/\/www.ecolife.bio\/hu\/prod\/trio-oko-mosogatoszer-kezi-mosogatashoz\/#breadcrumb\",\"itemListElement\":[{\"@type\":\"ListItem\",\"position\":1,\"name\":\"Domovsk\u00e1 str\u00e1nka\",\"item\":\"https:\/\/www.ecolife.bio\/hu\/\"},{\"@type\":\"ListItem\",\"position\":2,\"name\":\"\u00dczlet\",\"item\":\"https:\/\/www.ecolife.bio\/obchod\/\"},{\"@type\":\"ListItem\",\"position\":3,\"name\":\"TRI\u00d3 OKOS V\u00c1LASZT\u00c1S &#8211; \u00d6KO Mosogat\u00f3szer k\u00e9zi mosogat\u00e1shoz (3x1L)\"}]},{\"@type\":\"WebSite\",\"@id\":\"https:\/\/www.ecolife.bio\/#website\",\"url\":\"https:\/\/www.ecolife.bio\/\",\"name\":\"EcoLIFE\",\"description\":\"For an Eco-Friendly Planet\",\"publisher\":{\"@id\":\"https:\/\/www.ecolife.bio\/#organization\"},\"potentialAction\":[{\"@type\":\"SearchAction\",\"target\":{\"@type\":\"EntryPoint\",\"urlTemplate\":\"https:\/\/www.ecolife.bio\/?s={search_term_string}\"},\"query-input\":{\"@type\":\"PropertyValueSpecification\",\"valueRequired\":true,\"valueName\":\"search_term_string\"}}],\"inLanguage\":\"hu\"},{\"@type\":\"Organization\",\"@id\":\"https:\/\/www.ecolife.bio\/#organization\",\"name\":\"ECOlife.bio\",\"url\":\"https:\/\/www.ecolife.bio\/\",\"logo\":{\"@type\":\"ImageObject\",\"inLanguage\":\"hu\",\"@id\":\"https:\/\/www.ecolife.bio\/#\/schema\/logo\/image\/\",\"url\":\"https:\/\/www.ecolife.bio\/wp-content\/uploads\/2022\/03\/ecolife_logo_final.png\",\"contentUrl\":\"https:\/\/www.ecolife.bio\/wp-content\/uploads\/2022\/03\/ecolife_logo_final.png\",\"width\":500,\"height\":500,\"caption\":\"ECOlife.bio\"},\"image\":{\"@id\":\"https:\/\/www.ecolife.bio\/#\/schema\/logo\/image\/\"}}]}<\/script>\n<!-- \/ Yoast SEO plugin. -->","yoast_head_json":{"title":"TRI\u00d3 OKOS V\u00c1LASZT\u00c1S - \u00d6KO Mosogat\u00f3szer k\u00e9zi mosogat\u00e1shoz (3x1L) - EcoLIFE","description":"Az ECOlife k\u00e9zi mosogat\u00f3szer TRI\u00d3 egy 3 darabos mosogat\u00f3szer csomag. 3 term\u00e9k kedvez\u0151bb \u00e1ron!","robots":{"index":"index","follow":"follow","max-snippet":"max-snippet:-1","max-image-preview":"max-image-preview:large","max-video-preview":"max-video-preview:-1"},"canonical":"https:\/\/www.ecolife.bio\/hu\/prod\/trio-oko-mosogatoszer-kezi-mosogatashoz\/","og_locale":"hu_HU","og_type":"article","og_title":"TRI\u00d3 OKOS V\u00c1LASZT\u00c1S - \u00d6KO Mosogat\u00f3szer k\u00e9zi mosogat\u00e1shoz (3x1L) - EcoLIFE","og_description":"Az ECOlife k\u00e9zi mosogat\u00f3szer TRI\u00d3 egy 3 darabos mosogat\u00f3szer csomag. 3 term\u00e9k kedvez\u0151bb \u00e1ron!","og_url":"https:\/\/www.ecolife.bio\/hu\/prod\/trio-oko-mosogatoszer-kezi-mosogatashoz\/","og_site_name":"EcoLIFE","article_modified_time":"2026-04-23T07:01:08+00:00","og_image":[{"width":1921,"height":1921,"url":"https:\/\/www.ecolife.bio\/wp-content\/uploads\/2026\/04\/trio-na-rucne-umyvanie-riadu.jpg","type":"image\/jpeg"}],"twitter_card":"summary_large_image","twitter_misc":{"Becs\u00fclt olvas\u00e1si id\u0151":"3 perc"},"schema":{"@context":"https:\/\/schema.org","@graph":[{"@type":"WebPage","@id":"https:\/\/www.ecolife.bio\/hu\/prod\/trio-oko-mosogatoszer-kezi-mosogatashoz\/","url":"https:\/\/www.ecolife.bio\/hu\/prod\/trio-oko-mosogatoszer-kezi-mosogatashoz\/","name":"TRI\u00d3 OKOS V\u00c1LASZT\u00c1S - \u00d6KO Mosogat\u00f3szer k\u00e9zi mosogat\u00e1shoz (3x1L) - EcoLIFE","isPartOf":{"@id":"https:\/\/www.ecolife.bio\/#website"},"primaryImageOfPage":{"@id":"https:\/\/www.ecolife.bio\/hu\/prod\/trio-oko-mosogatoszer-kezi-mosogatashoz\/#primaryimage"},"image":{"@id":"https:\/\/www.ecolife.bio\/hu\/prod\/trio-oko-mosogatoszer-kezi-mosogatashoz\/#primaryimage"},"thumbnailUrl":"https:\/\/escbfekz6y3.exactdn.com\/wp-content\/uploads\/2026\/04\/trio-na-rucne-umyvanie-riadu.jpg?strip=all","datePublished":"2026-02-17T01:33:26+00:00","dateModified":"2026-04-23T07:01:08+00:00","description":"Az ECOlife k\u00e9zi mosogat\u00f3szer TRI\u00d3 egy 3 darabos mosogat\u00f3szer csomag. 3 term\u00e9k kedvez\u0151bb \u00e1ron!","breadcrumb":{"@id":"https:\/\/www.ecolife.bio\/hu\/prod\/trio-oko-mosogatoszer-kezi-mosogatashoz\/#breadcrumb"},"inLanguage":"hu","potentialAction":[{"@type":"ReadAction","target":["https:\/\/www.ecolife.bio\/hu\/prod\/trio-oko-mosogatoszer-kezi-mosogatashoz\/"]}]},{"@type":"ImageObject","inLanguage":"hu","@id":"https:\/\/www.ecolife.bio\/hu\/prod\/trio-oko-mosogatoszer-kezi-mosogatashoz\/#primaryimage","url":"https:\/\/escbfekz6y3.exactdn.com\/wp-content\/uploads\/2026\/04\/trio-na-rucne-umyvanie-riadu.jpg?strip=all","contentUrl":"https:\/\/escbfekz6y3.exactdn.com\/wp-content\/uploads\/2026\/04\/trio-na-rucne-umyvanie-riadu.jpg?strip=all","width":1921,"height":1921,"caption":"TRIO SMART VO\u013dBA \u2013 Ru\u010dn\u00fd prostriedok na riad (3 ks)"},{"@type":"BreadcrumbList","@id":"https:\/\/www.ecolife.bio\/hu\/prod\/trio-oko-mosogatoszer-kezi-mosogatashoz\/#breadcrumb","itemListElement":[{"@type":"ListItem","position":1,"name":"Domovsk\u00e1 str\u00e1nka","item":"https:\/\/www.ecolife.bio\/hu\/"},{"@type":"ListItem","position":2,"name":"\u00dczlet","item":"https:\/\/www.ecolife.bio\/obchod\/"},{"@type":"ListItem","position":3,"name":"TRI\u00d3 OKOS V\u00c1LASZT\u00c1S &#8211; \u00d6KO Mosogat\u00f3szer k\u00e9zi mosogat\u00e1shoz (3x1L)"}]},{"@type":"WebSite","@id":"https:\/\/www.ecolife.bio\/#website","url":"https:\/\/www.ecolife.bio\/","name":"EcoLIFE","description":"For an Eco-Friendly Planet","publisher":{"@id":"https:\/\/www.ecolife.bio\/#organization"},"potentialAction":[{"@type":"SearchAction","target":{"@type":"EntryPoint","urlTemplate":"https:\/\/www.ecolife.bio\/?s={search_term_string}"},"query-input":{"@type":"PropertyValueSpecification","valueRequired":true,"valueName":"search_term_string"}}],"inLanguage":"hu"},{"@type":"Organization","@id":"https:\/\/www.ecolife.bio\/#organization","name":"ECOlife.bio","url":"https:\/\/www.ecolife.bio\/","logo":{"@type":"ImageObject","inLanguage":"hu","@id":"https:\/\/www.ecolife.bio\/#\/schema\/logo\/image\/","url":"https:\/\/www.ecolife.bio\/wp-content\/uploads\/2022\/03\/ecolife_logo_final.png","contentUrl":"https:\/\/www.ecolife.bio\/wp-content\/uploads\/2022\/03\/ecolife_logo_final.png","width":500,"height":500,"caption":"ECOlife.bio"},"image":{"@id":"https:\/\/www.ecolife.bio\/#\/schema\/logo\/image\/"}}]}},"_links":{"self":[{"href":"https:\/\/www.ecolife.bio\/hu\/wp-json\/wp\/v2\/product\/6308","targetHints":{"allow":["GET"]}}],"collection":[{"href":"https:\/\/www.ecolife.bio\/hu\/wp-json\/wp\/v2\/product"}],"about":[{"href":"https:\/\/www.ecolife.bio\/hu\/wp-json\/wp\/v2\/types\/product"}],"replies":[{"embeddable":true,"href":"https:\/\/www.ecolife.bio\/hu\/wp-json\/wp\/v2\/comments?post=6308"}],"wp:featuredmedia":[{"embeddable":true,"href":"https:\/\/www.ecolife.bio\/hu\/wp-json\/wp\/v2\/media\/6719"}],"wp:attachment":[{"href":"https:\/\/www.ecolife.bio\/hu\/wp-json\/wp\/v2\/media?parent=6308"}],"wp:term":[{"taxonomy":"product_brand","embeddable":true,"href":"https:\/\/www.ecolife.bio\/hu\/wp-json\/wp\/v2\/product_brand?post=6308"},{"taxonomy":"product_cat","embeddable":true,"href":"https:\/\/www.ecolife.bio\/hu\/wp-json\/wp\/v2\/product_cat?post=6308"},{"taxonomy":"product_tag","embeddable":true,"href":"https:\/\/www.ecolife.bio\/hu\/wp-json\/wp\/v2\/product_tag?post=6308"}],"curies":[{"name":"wp","href":"https:\/\/api.w.org\/{rel}","templated":true}]}}