{"id":6310,"date":"2026-02-17T03:41:08","date_gmt":"2026-02-17T01:41:08","guid":{"rendered":"https:\/\/www.ecolife.bio\/?post_type=product&#038;p=6310"},"modified":"2026-04-23T08:59:34","modified_gmt":"2026-04-23T06:59:34","slug":"trio-oko-univerzalis-tisztito-es-felmososzer","status":"publish","type":"product","link":"https:\/\/www.ecolife.bio\/hu\/prod\/trio-oko-univerzalis-tisztito-es-felmososzer\/","title":{"rendered":"TRI\u00d3 OKOS V\u00c1LASZT\u00c1S \u2013 \u00d6KO UNIVERZ\u00c1LIS tiszt\u00edt\u00f3- \u00e9s felmos\u00f3szer (3x1L)"},"content":{"rendered":"<div class=\"paragraph heading4 ng-star-inserted\" role=\"heading\" data-start-index=\"1566\" aria-level=\"4\">\n<p><span style=\"font-weight: 400;\">Az <\/span><b>ECOlife univerz\u00e1lis tiszt\u00edt\u00f3 \u00e9s felmos\u00f3szer TRI\u00d3<\/b><span style=\"font-weight: 400;\"> egy <\/span><b>3 darabos univerz\u00e1lis tiszt\u00edt\u00f3szer csomag<\/b><span style=\"font-weight: 400;\">, amelyet azoknak aj\u00e1nlunk, akik szeretn\u00e9nek egyetlen, sokoldal\u00fa megold\u00e1ssal rendet \u00e9s frissess\u00e9get teremteni az otthonukban. Ez a term\u00e9k \u00f6tv\u00f6zi a <\/span><b>hat\u00e9kony tiszt\u00edt\u00e1st<\/b><span style=\"font-weight: 400;\"> \u00e9s a <\/span><b>k\u00edm\u00e9l\u0151 formul\u00e1t<\/b><span style=\"font-weight: 400;\">, \u00edgy a mindennapi takar\u00edt\u00e1s gyorsabb\u00e1, egyszer\u0171bb\u00e9 \u00e9s \u00e1tl\u00e1that\u00f3bb\u00e1 v\u00e1lik.<\/span><\/p>\n<p><span style=\"font-weight: 400;\">Egyetlen flakonnal tiszt\u00edthat\u00f3 <\/span><b>padl\u00f3, m\u0171anyag, fa, m\u00e1rv\u00e1ny, b\u0151r<\/b><span style=\"font-weight: 400;\">, valamint a <\/span><b>konyhai \u00e9s f\u00fcrd\u0151szobai fel\u00fcletek<\/b><span style=\"font-weight: 400;\"> is, mik\u00f6zben az enyhe, <\/span><b>p\u00faderes illat<\/b><span style=\"font-weight: 400;\"> eleg\u00e1ns frissess\u00e9get hagy maga ut\u00e1n. A TRI\u00d3 csomag ide\u00e1lis v\u00e1laszt\u00e1s, ha szereted a \u201ebiztos ut\u00e1np\u00f3tl\u00e1s\u201d \u00e9rz\u00e9s\u00e9t, \u00e9s nem akarsz mindig azon gondolkodni, hogy elfogyott-e a felmos\u00f3szer.<\/span><\/p>\n<h3 class=\"accordion_title\"><b>TRI\u00d3 OKOS V\u00c1LASZT\u00c1S csomag \u2013 Univerz\u00e1lis felmos\u00f3szer<\/b> (3x1 liter)<\/h3><div class=\"accordion\">\n\t<div id=\"accordion-688220894\" class=\"accordion-item\">\n\t\t<a id=\"accordion-688220894-label\" class=\"accordion-title plain\" href=\"#accordion-item-mi\u00e9rt_\u00e9ri_meg_neked?\" aria-expanded=\"false\" aria-controls=\"accordion-688220894-content\" >\n\t\t\t<button class=\"toggle\" aria-label=\"Toggle\"><i class=\"icon-angle-down\"><\/i><\/button>\n\t\t\t<span>Mi\u00e9rt \u00e9ri meg neked?<\/span>\n\t\t<\/a>\n\t\t<div id=\"accordion-688220894-content\" class=\"accordion-inner\" aria-labelledby=\"accordion-688220894-label\" >\n\t\t\t<b><b><br \/>\n<\/b><\/b><\/p>\n<p><span style=\"font-weight: 400;\">Ha szeretn\u00e9l kevesebb flakonnal, m\u00e9gis hat\u00e9konyabban takar\u00edtani, az univerz\u00e1lis TRI\u00d3 csomag val\u00f3di megk\u00f6nnyebb\u00fcl\u00e9st hoz a h\u00e9tk\u00f6znapokba.<\/span><\/p>\n<ul>\n<li style=\"font-weight: 400;\" aria-level=\"1\"><b>Egy term\u00e9k, rengeteg felhaszn\u00e1l\u00e1s<\/b><span style=\"font-weight: 400;\"> \u2013 univerz\u00e1lis tiszt\u00edt\u00e1s a lak\u00e1s t\u00f6bb pontj\u00e1n<\/span><\/li>\n<li style=\"font-weight: 400;\" aria-level=\"1\"><b>Id\u0151t \u00e9s p\u00e9nzt sp\u00f3rol<\/b><span style=\"font-weight: 400;\"> \u2013 nem kell k\u00fcl\u00f6n tiszt\u00edt\u00f3szer padl\u00f3ra, b\u00fatorra, f\u00fcrd\u0151re<\/span><\/li>\n<li style=\"font-weight: 400;\" aria-level=\"1\"><b>Kevesebb csomagol\u00e1s = kevesebb hullad\u00e9k<\/b><span style=\"font-weight: 400;\"> \u2013 k\u00f6rnyezetbar\u00e1tabb, tudatosabb v\u00e1laszt\u00e1s<\/span><\/li>\n<\/ul>\n\t\t<\/div>\n\t<\/div>\n\t\n\t<div id=\"accordion-100164121\" class=\"accordion-item\">\n\t\t<a id=\"accordion-100164121-label\" class=\"accordion-title plain\" href=\"#accordion-item-kinek_aj\u00e1nljuk?\" aria-expanded=\"false\" aria-controls=\"accordion-100164121-content\" >\n\t\t\t<button class=\"toggle\" aria-label=\"Toggle\"><i class=\"icon-angle-down\"><\/i><\/button>\n\t\t\t<span>Kinek aj\u00e1nljuk?<\/span>\n\t\t<\/a>\n\t\t<div id=\"accordion-100164121-content\" class=\"accordion-inner\" aria-labelledby=\"accordion-100164121-label\" >\n\t\t\t<b><br \/>\n<\/b><\/p>\n<p><span style=\"font-weight: 400;\">Az <\/span><b>ECOlife univerz\u00e1lis tiszt\u00edt\u00f3 TRI\u00d3 csomagot<\/b><span style=\"font-weight: 400;\"> neked aj\u00e1nljuk, ha:<\/span><\/p>\n<ul>\n<li style=\"font-weight: 400;\" aria-level=\"1\"><span style=\"font-weight: 400;\">szeretn\u00e9d leegyszer\u0171s\u00edteni a takar\u00edt\u00e1st, \u00e9s <\/span><b>nem akarsz 5-6 f\u00e9le flakont<\/b><span style=\"font-weight: 400;\"> ker\u00fclgetni<\/span><\/li>\n<li style=\"font-weight: 400;\" aria-level=\"1\"><span style=\"font-weight: 400;\">fontos sz\u00e1modra a <\/span><b>k\u00edm\u00e9letes, biztons\u00e1gos tiszt\u00edt\u00e1s<\/b><span style=\"font-weight: 400;\">, ak\u00e1r gyermekes csal\u00e1dban is<\/span><\/li>\n<li style=\"font-weight: 400;\" aria-level=\"1\"><span style=\"font-weight: 400;\">szereted a <\/span><b>cs\u00edkmentes, gyorsan sz\u00e1rad\u00f3<\/b><span style=\"font-weight: 400;\"> fel\u00fcleteket<\/span><\/li>\n<li style=\"font-weight: 400;\" aria-level=\"1\"><span style=\"font-weight: 400;\">olyan univerz\u00e1lis tiszt\u00edt\u00f3szert keresel, ami <\/span><b>padl\u00f3ra \u00e9s fel\u00fcletre is<\/b><span style=\"font-weight: 400;\"> bev\u00e1lik<\/span><\/li>\n<li style=\"font-weight: 400;\" aria-level=\"1\">el\u0151nyben r\u00e9szes\u00edted a <b style=\"color: #555555;\">n\u00f6v\u00e9nyi alap\u00fa, biol\u00f3giailag leboml\u00f3<\/b><span style=\"font-weight: 400;\"> megold\u00e1sokat<\/span><\/li>\n<\/ul>\n\t\t<\/div>\n\t<\/div>\n\t\n\t<div id=\"accordion-2891972844\" class=\"accordion-item\">\n\t\t<a id=\"accordion-2891972844-label\" class=\"accordion-title plain\" href=\"#accordion-item-mennyi_id\u0151re_elegend\u0151?\" aria-expanded=\"false\" aria-controls=\"accordion-2891972844-content\" >\n\t\t\t<button class=\"toggle\" aria-label=\"Toggle\"><i class=\"icon-angle-down\"><\/i><\/button>\n\t\t\t<span>Mennyi id\u0151re elegend\u0151?<\/span>\n\t\t<\/a>\n\t\t<div id=\"accordion-2891972844-content\" class=\"accordion-inner\" aria-labelledby=\"accordion-2891972844-label\" >\n\t\t\t\n<b><\/b><\/p>\n<p><span style=\"font-weight: 400;\">A 3 darabos univerz\u00e1lis tiszt\u00edt\u00f3szer csomag a legt\u00f6bb h\u00e1ztart\u00e1sban <\/span><b>t\u00f6bb h\u00f3napra elegend\u0151<\/b><span style=\"font-weight: 400;\">, a felhaszn\u00e1l\u00e1s gyakoris\u00e1g\u00e1t\u00f3l f\u00fcgg\u0151en:<\/span><\/p>\n<ul>\n<li style=\"font-weight: 400;\" aria-level=\"1\"><span style=\"font-weight: 400;\">rendszeres felmos\u00e1s \u00e9s mindennapi fel\u00fclettiszt\u00edt\u00e1s mellett \u00e1ltal\u00e1ban <\/span><b>2\u20134 h\u00f3nap<\/b><\/li>\n<li style=\"font-weight: 400;\" aria-level=\"1\"><span style=\"font-weight: 400;\">nagyobb h\u00e1ztart\u00e1sokban is biztos\u00edtja a <\/span><b>folyamatos ut\u00e1np\u00f3tl\u00e1st<\/b><\/li>\n<\/ul>\n<p><b>Extra tipp (gyors h\u00e1zi tr\u00fckk):<span style=\"font-weight: 400;\"><br \/>\n<\/span><span style=\"font-weight: 400;\">\u00d6nts <\/span>1 kupaknyi<span style=\"font-weight: 400;\"> tiszt\u00edt\u00f3t egy <\/span>0,5 l-es sz\u00f3r\u00f3fejes flakonba<span style=\"font-weight: 400;\">, t\u00f6ltsd fel v\u00edzzel, \u00e9s tartsd k\u00e9zn\u00e9l a konyh\u00e1ban vagy a f\u00fcrd\u0151ben \u2013 p\u00e1r f\u00faj\u00e1s ut\u00e1n a fel\u00fcletek azonnal tiszt\u00e1k \u00e9s frissek lesznek.<\/span><br \/>\n<\/b><\/p>\n\t\t<\/div>\n\t<\/div>\n\t\n\t<div id=\"accordion-1126285275\" class=\"accordion-item\">\n\t\t<a id=\"accordion-1126285275-label\" class=\"accordion-title plain\" href=\"#accordion-item-r\u00e9szletes_term\u00e9kle\u00edr\u00e1s\" aria-expanded=\"false\" aria-controls=\"accordion-1126285275-content\" >\n\t\t\t<button class=\"toggle\" aria-label=\"Toggle\"><i class=\"icon-angle-down\"><\/i><\/button>\n\t\t\t<span>R\u00e9szletes term\u00e9kle\u00edr\u00e1s<\/span>\n\t\t<\/a>\n\t\t<div id=\"accordion-1126285275-content\" class=\"accordion-inner\" aria-labelledby=\"accordion-1126285275-label\" >\n\t\t\t<b><b><br \/>\n<\/b><\/b><\/p>\n<h2><strong>UNIVERZ\u00c1LIS tiszt\u00edt\u00f3 \u00e9s felmos\u00f3szer<br \/>\n<\/strong><\/h2>\n<p>Sokoldal\u00fa tiszt\u00edt\u00f3szer, amely \u00f6tv\u00f6zi a hat\u00e9konys\u00e1got \u00e9s a k\u00edm\u00e9l\u0151 formul\u00e1t. Egyetlen term\u00e9kkel tiszt\u00edthat\u00f3 padl\u00f3, fa, b\u0151r, m\u0171anyag, m\u00e1rv\u00e1ny vagy ak\u00e1r a f\u00fcrd\u0151szobai burkolat.<br \/>\nEgy tiszt\u00edt\u00f3szer, amely sz\u00e1mtalan lehet\u0151s\u00e9get rejt mag\u00e1ban \u2013 egyszer\u0171s\u00edti a takar\u00edt\u00e1st, helyet \u00e9s p\u00e9nzt takar\u00edt meg, mik\u00f6zben k\u00f6rnyezetbar\u00e1t.<\/p>\n<p><strong>Mi\u00e9rt v\u00e1laszd az ECOlife univerz\u00e1lis tiszt\u00edt\u00f3t?\u00a0<\/strong><\/p>\n<ul>\n<li>Alkalmas minden fel\u00fcletre a konyh\u00e1ba, f\u00fcrd\u0151szob\u00e1ba, padl\u00f3ra, b\u00fatorra \u00e9s m\u0171anyag fel\u00fcletekre<\/li>\n<li>Egyetlen term\u00e9k\u00a0 &#8211; sz\u00e1mtalan lehet\u0151s\u00e9g<\/li>\n<li>P\u00e9nzt, id\u0151t \u00e9s energi\u00e1t takar\u00edt meg<\/li>\n<li>Kevesebb flakon = kevesebb hullad\u00e9k<\/li>\n<li>K\u00edm\u00e9letes \u00e9s biztons\u00e1gos, gyermekes csal\u00e1dok sz\u00e1m\u00e1ra is ide\u00e1lis \u00e9s biztons\u00e1gos<\/li>\n<\/ul>\n<p><strong>El\u0151ny\u00f6k:<\/strong><\/p>\n<ul>\n<li>Mentes irrit\u00e1l\u00f3 anyagokt\u00f3l \u00e9s felesleges adal\u00e9kokt\u00f3l<\/li>\n<li>N\u00f6v\u00e9nyi alapanyagokb\u00f3l k\u00e9sz\u00fclt, biol\u00f3giailag leboml\u00f3<\/li>\n<li>Cs\u00edkmentes tisztas\u00e1got \u00e9s gyors sz\u00e1rad\u00e1st biztos\u00edt<\/li>\n<li>Enyhe p\u00faderes illata eleganci\u00e1val, frissess\u00e9ggel t\u00f6lti meg az otthont<\/li>\n<\/ul>\n<p><strong>\u00d6sszet\u00e9tel:<\/strong><\/p>\n<ul>\n<li><strong>Coco-glucoside<\/strong> \u2013 n\u00f6v\u00e9nyi eredet\u0171 fel\u00fcletakt\u00edv anyag k\u00f3kuszolajb\u00f3l \u00e9s kukoric\u00e1b\u00f3l. Term\u00e9szetes emulg\u00e1tor, hat\u00e9kony minden fel\u00fcleten: m\u00e1rv\u00e1ny, m\u0171anyag, fa vagy j\u00e1r\u00f3lap.<\/li>\n<\/ul>\n<p><strong>Haszn\u00e1lati \u00fatmutat\u00f3:<\/strong><\/p>\n<ol>\n<li><strong>Padl\u00f3tiszt\u00edt\u00e1s eset\u00e9n:<\/strong> adj 1 kupaknyit 5\u20138 liter v\u00edzhez.<\/li>\n<li><strong>\u00c1ltal\u00e1nos tiszt\u00edt\u00e1s:<\/strong> h\u00edg\u00edtsd 1:5 \u2013 1:10 ar\u00e1nyban a szennyez\u0151d\u00e9s m\u00e9rt\u00e9k\u00e9t\u0151l f\u00fcgg\u0151en.<\/li>\n<\/ol>\n<p><strong>Extra tipp \u2013 apr\u00f3 h\u00e1zi tr\u00fckk:<br \/>\n<\/strong>\u00d6nts 1 kupaknyi tiszt\u00edt\u00f3t egy 0,5 l-es sz\u00f3r\u00f3fejes flakonba, \u00e9s tartsd mindig k\u00e9zn\u00e9l! A konyh\u00e1ban vagy a f\u00fcrd\u0151ben p\u00e1r f\u00faj\u00e1s ut\u00e1n a fel\u00fcletek azonnal tiszt\u00e1k \u00e9s frissek lesznek.<\/p>\n<p><strong>ECOlife univerz\u00e1lis tiszt\u00edt\u00f3<\/strong> \u2013 egyetlen term\u00e9k minden fel\u00fclethez, k\u00edm\u00e9letes hozz\u00e1d, az otthonodhoz \u00e9s a term\u00e9szethez.<br \/>\n\t\t<\/div>\n\t<\/div>\n\t\n<\/div>\n<\/div>\n","protected":false},"excerpt":{"rendered":"<p><b>4 h\u00f3napra elegend\u0151 mennyis\u00e9g \u2013\u00a0 <\/b><span style=\"font-weight: 400;\">rendk\u00edv\u00fcl <\/span><b>g<\/b><span style=\"font-weight: 400;\">yors sz\u00e1rad\u00e1s, l\u00e1tv\u00e1nyos tisztas\u00e1g \u2013 \u00e9s egy illat, amit nem felejtesz el.<\/span><\/p>\n<ul>\n<li style=\"font-weight: 400;\" aria-level=\"1\"><b>Egyetlen univerz\u00e1lis tiszt\u00edt\u00f3szer szinte minden fel\u00fcletre<\/b><span style=\"font-weight: 400;\"> \u2013 konyh\u00e1ba, f\u00fcrd\u0151szob\u00e1ba, padl\u00f3ra, b\u00fatorra<\/span><\/li>\n<li style=\"font-weight: 400;\" aria-level=\"1\"><b>Tiszt\u00edt \u00e9s felmos<\/b><span style=\"font-weight: 400;\"> \u2013 egyszer\u0171bb takar\u00edt\u00e1s, kevesebb term\u00e9k a h\u00e1ztart\u00e1sban<\/span><\/li>\n<li style=\"font-weight: 400;\" aria-level=\"1\"><b>Cs\u00edkmentes tisztas\u00e1g \u00e9s gyors sz\u00e1rad\u00e1s<\/b><span style=\"font-weight: 400;\"> \u2013 l\u00e1tv\u00e1nyos eredm\u00e9ny percek alatt<\/span><\/li>\n<li style=\"font-weight: 400;\" aria-level=\"1\"><b>P\u00e9nzt\u00e1rcabar\u00e1t TRI\u00d3 kiszerel\u00e9s<\/b><span style=\"font-weight: 400;\"> \u2013 kevesebb flakon, ritk\u00e1bb ut\u00e1np\u00f3tl\u00e1s, kevesebb hullad\u00e9k<\/span><\/li>\n<\/ul>\n","protected":false},"featured_media":6731,"comment_status":"open","ping_status":"closed","template":"","meta":[],"product_brand":[],"product_cat":[90,159,135,15,144],"product_tag":[139,20],"class_list":{"0":"post-6310","1":"product","2":"type-product","3":"status-publish","4":"has-post-thumbnail","6":"product_cat-ecolife-termekek","7":"product_cat-tisztitoszerek","8":"product_cat-kedvezmenyes-csomagok","9":"product_cat-termekek","10":"product_cat-haztartas","11":"product_tag-ecolife-bottle","12":"product_tag-tisztitoszer","14":"first","15":"instock","16":"sale","17":"taxable","18":"shipping-taxable","19":"purchasable","20":"product-type-simple"},"yoast_head":"<!-- This site is optimized with the Yoast SEO plugin v26.8 - https:\/\/yoast.com\/product\/yoast-seo-wordpress\/ -->\n<title>TRI\u00d3 OKOS V\u00c1LASZT\u00c1S \u2013 \u00d6KO UNIVERZ\u00c1LIS tiszt\u00edt\u00f3- \u00e9s felmos\u00f3szer (3x1L) - EcoLIFE<\/title>\n<meta name=\"description\" content=\"3 term\u00e9k kedvez\u0151bb \u00e1ron! Az ECOlife univerz\u00e1lis tiszt\u00edt\u00f3 \u00e9s felmos\u00f3szer TRI\u00d3 egy 3 darabos univerz\u00e1lis tiszt\u00edt\u00f3szer csomag.\" \/>\n<meta name=\"robots\" content=\"index, follow, max-snippet:-1, max-image-preview:large, max-video-preview:-1\" \/>\n<link rel=\"canonical\" href=\"https:\/\/www.ecolife.bio\/hu\/prod\/trio-oko-univerzalis-tisztito-es-felmososzer\/\" \/>\n<meta property=\"og:locale\" content=\"hu_HU\" \/>\n<meta property=\"og:type\" content=\"article\" \/>\n<meta property=\"og:title\" content=\"TRI\u00d3 OKOS V\u00c1LASZT\u00c1S \u2013 \u00d6KO UNIVERZ\u00c1LIS tiszt\u00edt\u00f3- \u00e9s felmos\u00f3szer (3x1L) - EcoLIFE\" \/>\n<meta property=\"og:description\" content=\"3 term\u00e9k kedvez\u0151bb \u00e1ron! Az ECOlife univerz\u00e1lis tiszt\u00edt\u00f3 \u00e9s felmos\u00f3szer TRI\u00d3 egy 3 darabos univerz\u00e1lis tiszt\u00edt\u00f3szer csomag.\" \/>\n<meta property=\"og:url\" content=\"https:\/\/www.ecolife.bio\/hu\/prod\/trio-oko-univerzalis-tisztito-es-felmososzer\/\" \/>\n<meta property=\"og:site_name\" content=\"EcoLIFE\" \/>\n<meta property=\"article:modified_time\" content=\"2026-04-23T06:59:34+00:00\" \/>\n<meta property=\"og:image\" content=\"https:\/\/www.ecolife.bio\/wp-content\/uploads\/2026\/04\/trio-Univerzalny-cistiaci-prostriedok.jpg\" \/>\n\t<meta property=\"og:image:width\" content=\"1921\" \/>\n\t<meta property=\"og:image:height\" content=\"1921\" \/>\n\t<meta property=\"og:image:type\" content=\"image\/jpeg\" \/>\n<meta name=\"twitter:card\" content=\"summary_large_image\" \/>\n<meta name=\"twitter:label1\" content=\"Becs\u00fclt olvas\u00e1si id\u0151\" \/>\n\t<meta name=\"twitter:data1\" content=\"3 perc\" \/>\n<script type=\"application\/ld+json\" class=\"yoast-schema-graph\">{\"@context\":\"https:\/\/schema.org\",\"@graph\":[{\"@type\":\"WebPage\",\"@id\":\"https:\/\/www.ecolife.bio\/hu\/prod\/trio-oko-univerzalis-tisztito-es-felmososzer\/\",\"url\":\"https:\/\/www.ecolife.bio\/hu\/prod\/trio-oko-univerzalis-tisztito-es-felmososzer\/\",\"name\":\"TRI\u00d3 OKOS V\u00c1LASZT\u00c1S \u2013 \u00d6KO UNIVERZ\u00c1LIS tiszt\u00edt\u00f3- \u00e9s felmos\u00f3szer (3x1L) - EcoLIFE\",\"isPartOf\":{\"@id\":\"https:\/\/www.ecolife.bio\/#website\"},\"primaryImageOfPage\":{\"@id\":\"https:\/\/www.ecolife.bio\/hu\/prod\/trio-oko-univerzalis-tisztito-es-felmososzer\/#primaryimage\"},\"image\":{\"@id\":\"https:\/\/www.ecolife.bio\/hu\/prod\/trio-oko-univerzalis-tisztito-es-felmososzer\/#primaryimage\"},\"thumbnailUrl\":\"https:\/\/escbfekz6y3.exactdn.com\/wp-content\/uploads\/2026\/04\/trio-Univerzalny-cistiaci-prostriedok.jpg?strip=all\",\"datePublished\":\"2026-02-17T01:41:08+00:00\",\"dateModified\":\"2026-04-23T06:59:34+00:00\",\"description\":\"3 term\u00e9k kedvez\u0151bb \u00e1ron! Az ECOlife univerz\u00e1lis tiszt\u00edt\u00f3 \u00e9s felmos\u00f3szer TRI\u00d3 egy 3 darabos univerz\u00e1lis tiszt\u00edt\u00f3szer csomag.\",\"breadcrumb\":{\"@id\":\"https:\/\/www.ecolife.bio\/hu\/prod\/trio-oko-univerzalis-tisztito-es-felmososzer\/#breadcrumb\"},\"inLanguage\":\"hu\",\"potentialAction\":[{\"@type\":\"ReadAction\",\"target\":[\"https:\/\/www.ecolife.bio\/hu\/prod\/trio-oko-univerzalis-tisztito-es-felmososzer\/\"]}]},{\"@type\":\"ImageObject\",\"inLanguage\":\"hu\",\"@id\":\"https:\/\/www.ecolife.bio\/hu\/prod\/trio-oko-univerzalis-tisztito-es-felmososzer\/#primaryimage\",\"url\":\"https:\/\/escbfekz6y3.exactdn.com\/wp-content\/uploads\/2026\/04\/trio-Univerzalny-cistiaci-prostriedok.jpg?strip=all\",\"contentUrl\":\"https:\/\/escbfekz6y3.exactdn.com\/wp-content\/uploads\/2026\/04\/trio-Univerzalny-cistiaci-prostriedok.jpg?strip=all\",\"width\":1921,\"height\":1921,\"caption\":\"TRIO - Univerz\u00e1lny \u010distiaci prostriedok na podlahy a in\u00e9 povrchy\"},{\"@type\":\"BreadcrumbList\",\"@id\":\"https:\/\/www.ecolife.bio\/hu\/prod\/trio-oko-univerzalis-tisztito-es-felmososzer\/#breadcrumb\",\"itemListElement\":[{\"@type\":\"ListItem\",\"position\":1,\"name\":\"Domovsk\u00e1 str\u00e1nka\",\"item\":\"https:\/\/www.ecolife.bio\/hu\/\"},{\"@type\":\"ListItem\",\"position\":2,\"name\":\"\u00dczlet\",\"item\":\"https:\/\/www.ecolife.bio\/obchod\/\"},{\"@type\":\"ListItem\",\"position\":3,\"name\":\"TRI\u00d3 OKOS V\u00c1LASZT\u00c1S \u2013 \u00d6KO UNIVERZ\u00c1LIS tiszt\u00edt\u00f3- \u00e9s felmos\u00f3szer (3x1L)\"}]},{\"@type\":\"WebSite\",\"@id\":\"https:\/\/www.ecolife.bio\/#website\",\"url\":\"https:\/\/www.ecolife.bio\/\",\"name\":\"EcoLIFE\",\"description\":\"For an Eco-Friendly Planet\",\"publisher\":{\"@id\":\"https:\/\/www.ecolife.bio\/#organization\"},\"potentialAction\":[{\"@type\":\"SearchAction\",\"target\":{\"@type\":\"EntryPoint\",\"urlTemplate\":\"https:\/\/www.ecolife.bio\/?s={search_term_string}\"},\"query-input\":{\"@type\":\"PropertyValueSpecification\",\"valueRequired\":true,\"valueName\":\"search_term_string\"}}],\"inLanguage\":\"hu\"},{\"@type\":\"Organization\",\"@id\":\"https:\/\/www.ecolife.bio\/#organization\",\"name\":\"ECOlife.bio\",\"url\":\"https:\/\/www.ecolife.bio\/\",\"logo\":{\"@type\":\"ImageObject\",\"inLanguage\":\"hu\",\"@id\":\"https:\/\/www.ecolife.bio\/#\/schema\/logo\/image\/\",\"url\":\"https:\/\/www.ecolife.bio\/wp-content\/uploads\/2022\/03\/ecolife_logo_final.png\",\"contentUrl\":\"https:\/\/www.ecolife.bio\/wp-content\/uploads\/2022\/03\/ecolife_logo_final.png\",\"width\":500,\"height\":500,\"caption\":\"ECOlife.bio\"},\"image\":{\"@id\":\"https:\/\/www.ecolife.bio\/#\/schema\/logo\/image\/\"}}]}<\/script>\n<!-- \/ Yoast SEO plugin. -->","yoast_head_json":{"title":"TRI\u00d3 OKOS V\u00c1LASZT\u00c1S \u2013 \u00d6KO UNIVERZ\u00c1LIS tiszt\u00edt\u00f3- \u00e9s felmos\u00f3szer (3x1L) - EcoLIFE","description":"3 term\u00e9k kedvez\u0151bb \u00e1ron! Az ECOlife univerz\u00e1lis tiszt\u00edt\u00f3 \u00e9s felmos\u00f3szer TRI\u00d3 egy 3 darabos univerz\u00e1lis tiszt\u00edt\u00f3szer csomag.","robots":{"index":"index","follow":"follow","max-snippet":"max-snippet:-1","max-image-preview":"max-image-preview:large","max-video-preview":"max-video-preview:-1"},"canonical":"https:\/\/www.ecolife.bio\/hu\/prod\/trio-oko-univerzalis-tisztito-es-felmososzer\/","og_locale":"hu_HU","og_type":"article","og_title":"TRI\u00d3 OKOS V\u00c1LASZT\u00c1S \u2013 \u00d6KO UNIVERZ\u00c1LIS tiszt\u00edt\u00f3- \u00e9s felmos\u00f3szer (3x1L) - EcoLIFE","og_description":"3 term\u00e9k kedvez\u0151bb \u00e1ron! Az ECOlife univerz\u00e1lis tiszt\u00edt\u00f3 \u00e9s felmos\u00f3szer TRI\u00d3 egy 3 darabos univerz\u00e1lis tiszt\u00edt\u00f3szer csomag.","og_url":"https:\/\/www.ecolife.bio\/hu\/prod\/trio-oko-univerzalis-tisztito-es-felmososzer\/","og_site_name":"EcoLIFE","article_modified_time":"2026-04-23T06:59:34+00:00","og_image":[{"width":1921,"height":1921,"url":"https:\/\/www.ecolife.bio\/wp-content\/uploads\/2026\/04\/trio-Univerzalny-cistiaci-prostriedok.jpg","type":"image\/jpeg"}],"twitter_card":"summary_large_image","twitter_misc":{"Becs\u00fclt olvas\u00e1si id\u0151":"3 perc"},"schema":{"@context":"https:\/\/schema.org","@graph":[{"@type":"WebPage","@id":"https:\/\/www.ecolife.bio\/hu\/prod\/trio-oko-univerzalis-tisztito-es-felmososzer\/","url":"https:\/\/www.ecolife.bio\/hu\/prod\/trio-oko-univerzalis-tisztito-es-felmososzer\/","name":"TRI\u00d3 OKOS V\u00c1LASZT\u00c1S \u2013 \u00d6KO UNIVERZ\u00c1LIS tiszt\u00edt\u00f3- \u00e9s felmos\u00f3szer (3x1L) - EcoLIFE","isPartOf":{"@id":"https:\/\/www.ecolife.bio\/#website"},"primaryImageOfPage":{"@id":"https:\/\/www.ecolife.bio\/hu\/prod\/trio-oko-univerzalis-tisztito-es-felmososzer\/#primaryimage"},"image":{"@id":"https:\/\/www.ecolife.bio\/hu\/prod\/trio-oko-univerzalis-tisztito-es-felmososzer\/#primaryimage"},"thumbnailUrl":"https:\/\/escbfekz6y3.exactdn.com\/wp-content\/uploads\/2026\/04\/trio-Univerzalny-cistiaci-prostriedok.jpg?strip=all","datePublished":"2026-02-17T01:41:08+00:00","dateModified":"2026-04-23T06:59:34+00:00","description":"3 term\u00e9k kedvez\u0151bb \u00e1ron! Az ECOlife univerz\u00e1lis tiszt\u00edt\u00f3 \u00e9s felmos\u00f3szer TRI\u00d3 egy 3 darabos univerz\u00e1lis tiszt\u00edt\u00f3szer csomag.","breadcrumb":{"@id":"https:\/\/www.ecolife.bio\/hu\/prod\/trio-oko-univerzalis-tisztito-es-felmososzer\/#breadcrumb"},"inLanguage":"hu","potentialAction":[{"@type":"ReadAction","target":["https:\/\/www.ecolife.bio\/hu\/prod\/trio-oko-univerzalis-tisztito-es-felmososzer\/"]}]},{"@type":"ImageObject","inLanguage":"hu","@id":"https:\/\/www.ecolife.bio\/hu\/prod\/trio-oko-univerzalis-tisztito-es-felmososzer\/#primaryimage","url":"https:\/\/escbfekz6y3.exactdn.com\/wp-content\/uploads\/2026\/04\/trio-Univerzalny-cistiaci-prostriedok.jpg?strip=all","contentUrl":"https:\/\/escbfekz6y3.exactdn.com\/wp-content\/uploads\/2026\/04\/trio-Univerzalny-cistiaci-prostriedok.jpg?strip=all","width":1921,"height":1921,"caption":"TRIO - Univerz\u00e1lny \u010distiaci prostriedok na podlahy a in\u00e9 povrchy"},{"@type":"BreadcrumbList","@id":"https:\/\/www.ecolife.bio\/hu\/prod\/trio-oko-univerzalis-tisztito-es-felmososzer\/#breadcrumb","itemListElement":[{"@type":"ListItem","position":1,"name":"Domovsk\u00e1 str\u00e1nka","item":"https:\/\/www.ecolife.bio\/hu\/"},{"@type":"ListItem","position":2,"name":"\u00dczlet","item":"https:\/\/www.ecolife.bio\/obchod\/"},{"@type":"ListItem","position":3,"name":"TRI\u00d3 OKOS V\u00c1LASZT\u00c1S \u2013 \u00d6KO UNIVERZ\u00c1LIS tiszt\u00edt\u00f3- \u00e9s felmos\u00f3szer (3x1L)"}]},{"@type":"WebSite","@id":"https:\/\/www.ecolife.bio\/#website","url":"https:\/\/www.ecolife.bio\/","name":"EcoLIFE","description":"For an Eco-Friendly Planet","publisher":{"@id":"https:\/\/www.ecolife.bio\/#organization"},"potentialAction":[{"@type":"SearchAction","target":{"@type":"EntryPoint","urlTemplate":"https:\/\/www.ecolife.bio\/?s={search_term_string}"},"query-input":{"@type":"PropertyValueSpecification","valueRequired":true,"valueName":"search_term_string"}}],"inLanguage":"hu"},{"@type":"Organization","@id":"https:\/\/www.ecolife.bio\/#organization","name":"ECOlife.bio","url":"https:\/\/www.ecolife.bio\/","logo":{"@type":"ImageObject","inLanguage":"hu","@id":"https:\/\/www.ecolife.bio\/#\/schema\/logo\/image\/","url":"https:\/\/www.ecolife.bio\/wp-content\/uploads\/2022\/03\/ecolife_logo_final.png","contentUrl":"https:\/\/www.ecolife.bio\/wp-content\/uploads\/2022\/03\/ecolife_logo_final.png","width":500,"height":500,"caption":"ECOlife.bio"},"image":{"@id":"https:\/\/www.ecolife.bio\/#\/schema\/logo\/image\/"}}]}},"_links":{"self":[{"href":"https:\/\/www.ecolife.bio\/hu\/wp-json\/wp\/v2\/product\/6310","targetHints":{"allow":["GET"]}}],"collection":[{"href":"https:\/\/www.ecolife.bio\/hu\/wp-json\/wp\/v2\/product"}],"about":[{"href":"https:\/\/www.ecolife.bio\/hu\/wp-json\/wp\/v2\/types\/product"}],"replies":[{"embeddable":true,"href":"https:\/\/www.ecolife.bio\/hu\/wp-json\/wp\/v2\/comments?post=6310"}],"wp:featuredmedia":[{"embeddable":true,"href":"https:\/\/www.ecolife.bio\/hu\/wp-json\/wp\/v2\/media\/6731"}],"wp:attachment":[{"href":"https:\/\/www.ecolife.bio\/hu\/wp-json\/wp\/v2\/media?parent=6310"}],"wp:term":[{"taxonomy":"product_brand","embeddable":true,"href":"https:\/\/www.ecolife.bio\/hu\/wp-json\/wp\/v2\/product_brand?post=6310"},{"taxonomy":"product_cat","embeddable":true,"href":"https:\/\/www.ecolife.bio\/hu\/wp-json\/wp\/v2\/product_cat?post=6310"},{"taxonomy":"product_tag","embeddable":true,"href":"https:\/\/www.ecolife.bio\/hu\/wp-json\/wp\/v2\/product_tag?post=6310"}],"curies":[{"name":"wp","href":"https:\/\/api.w.org\/{rel}","templated":true}]}}