{"id":6312,"date":"2026-02-17T03:46:56","date_gmt":"2026-02-17T01:46:56","guid":{"rendered":"https:\/\/www.ecolife.bio\/?post_type=product&#038;p=6312"},"modified":"2026-04-23T08:56:02","modified_gmt":"2026-04-23T06:56:02","slug":"trio-oko-vizkooldo-es-tisztitoszer","status":"publish","type":"product","link":"https:\/\/www.ecolife.bio\/hu\/prod\/trio-oko-vizkooldo-es-tisztitoszer\/","title":{"rendered":"TRIO OKOS V\u00c1LASZT\u00c1S &#8211; \u00d6KO V\u00edzk\u0151old\u00f3 \u00e9s tiszt\u00edt\u00f3szer (3&#215;0,75L)"},"content":{"rendered":"<div class=\"paragraph heading4 ng-star-inserted\" role=\"heading\" data-start-index=\"1566\" aria-level=\"4\">\n<p><span style=\"font-weight: 400;\">Az <\/span><b>ECOlife v\u00edzk\u0151old\u00f3 TRI\u00d3<\/b><span style=\"font-weight: 400;\"> egy <\/span><b>3 darabos v\u00edzk\u0151old\u00f3 csomag<\/b><span style=\"font-weight: 400;\">, amelyet azoknak \u00e1ll\u00edtottunk \u00f6ssze, akik szeretn\u00e9k a v\u00edzk\u0151 probl\u00e9m\u00e1t gyorsan, egyszer\u0171en \u00e9s kompromisszumok n\u00e9lk\u00fcl megoldani otthon vagy ak\u00e1r professzion\u00e1lis k\u00f6rnyezetben. A term\u00e9k <\/span><b>szagtalan<\/b><span style=\"font-weight: 400;\">, term\u00e9szetes \u00e9s k\u00f6rnyezetbar\u00e1t \u00f6sszetev\u0151kre \u00e9p\u00fcl, mik\u00f6zben megb\u00edzhat\u00f3an veszi fel a harcot a makacs lerak\u00f3d\u00e1sokkal.<\/span><\/p>\n<p><span style=\"font-weight: 400;\">Az ECOlife v\u00edzk\u0151old\u00f3 hat\u00e9kony seg\u00edts\u00e9g a <\/span><b>WC-cs\u00e9sz\u00e9ben, piszo\u00e1rokban, zuhanykabinban, zuhanyt\u00e1lc\u00e1kon, csaptelepeken \u00e9s burkolatokon<\/b><span style=\"font-weight: 400;\">, \u00e9s \u00fagy tiszt\u00edt, hogy k\u00f6zben <\/span><b>k\u00edm\u00e9li a kr\u00f3mozott fel\u00fcleteket<\/b><span style=\"font-weight: 400;\">. A TRI\u00d3 csomag pedig biztos\u00edtja, hogy a legkritikusabb helyzetekben se fogyj ki bel\u0151le \u2013 mert a v\u00edzk\u0151 sajnos nem k\u00e9rdez, csak megjelenik.<\/span><\/p>\n<h3 class=\"accordion_title\"><b>TRI\u00d3 OKOS V\u00c1LASZT\u00c1S csomag \u2013 V\u00edzk\u0151old\u00f3 \u00e9s tiszt\u00edt\u00f3szer<\/b> (3x0,75 liter)<\/h3><div class=\"accordion\">\n\t<div id=\"accordion-2784846439\" class=\"accordion-item\">\n\t\t<a id=\"accordion-2784846439-label\" class=\"accordion-title plain\" href=\"#accordion-item-mi\u00e9rt_\u00e9ri_meg_neked?\" aria-expanded=\"false\" aria-controls=\"accordion-2784846439-content\" >\n\t\t\t<button class=\"toggle\" aria-label=\"Toggle\"><i class=\"icon-angle-down\"><\/i><\/button>\n\t\t\t<span>Mi\u00e9rt \u00e9ri meg neked?<\/span>\n\t\t<\/a>\n\t\t<div id=\"accordion-2784846439-content\" class=\"accordion-inner\" aria-labelledby=\"accordion-2784846439-label\" >\n\t\t\t<b><b><br \/>\n<\/b><\/b><\/p>\n<p><span style=\"font-weight: 400;\">Ha szereted a <\/span><b>gyors, l\u00e1tv\u00e1nyos eredm\u00e9nyt<\/b><span style=\"font-weight: 400;\">, \u00e9s nem akarsz t\u00f6bbf\u00e9le term\u00e9ket rakt\u00e1rk\u00e9szleten tartani otthon, ez a csomag igazi \u201cment\u0151\u00f6v\u201d.<\/span><\/p>\n<ul>\n<li style=\"font-weight: 400;\" aria-level=\"1\"><b>Gyors \u00e9s hat\u00e9kony v\u00edzk\u0151old\u00e1s<\/b><span style=\"font-weight: 400;\"> \u2013 5\u201310 perc hat\u00f3id\u0151, l\u00e1tv\u00e1nyos tisztas\u00e1g<\/span><\/li>\n<li style=\"font-weight: 400;\" aria-level=\"1\"><b>Biztons\u00e1gosabb \u00e9rz\u00e9s k\u00e9nyes fel\u00fcleteken is<\/b><span style=\"font-weight: 400;\"> \u2013 kr\u00f3m \u00e9s fekete csaptelepek mellett is b\u00e1tran haszn\u00e1lhat\u00f3<\/span><\/li>\n<li style=\"font-weight: 400;\" aria-level=\"1\"><b>K\u00e9nyelmes, gazdas\u00e1gos TRI\u00d3 kiszerel\u00e9s<\/b><span style=\"font-weight: 400;\"> \u2013 ritk\u00e1bb ut\u00e1np\u00f3tl\u00e1s, kevesebb csomagol\u00e1s<\/span><\/li>\n<\/ul>\n\t\t<\/div>\n\t<\/div>\n\t\n\t<div id=\"accordion-3156932660\" class=\"accordion-item\">\n\t\t<a id=\"accordion-3156932660-label\" class=\"accordion-title plain\" href=\"#accordion-item-kinek_aj\u00e1nljuk?\" aria-expanded=\"false\" aria-controls=\"accordion-3156932660-content\" >\n\t\t\t<button class=\"toggle\" aria-label=\"Toggle\"><i class=\"icon-angle-down\"><\/i><\/button>\n\t\t\t<span>Kinek aj\u00e1nljuk?<\/span>\n\t\t<\/a>\n\t\t<div id=\"accordion-3156932660-content\" class=\"accordion-inner\" aria-labelledby=\"accordion-3156932660-label\" >\n\t\t\t<b><br \/>\n<\/b><\/p>\n<p><span style=\"font-weight: 400;\">Az <\/span><b>ECOlife v\u00edzk\u0151old\u00f3 TRI\u00d3 csomag<\/b><span style=\"font-weight: 400;\"> neked val\u00f3, ha:<\/span><\/p>\n<ul>\n<li style=\"font-weight: 400;\" aria-level=\"1\"><span style=\"font-weight: 400;\">gyors megold\u00e1st keresel <\/span><b>WC, zuhanyz\u00f3, f\u00fcrd\u0151szoba v\u00edzk\u0151probl\u00e9m\u00e1ira<\/b><\/li>\n<li style=\"font-weight: 400;\" aria-level=\"1\"><span style=\"font-weight: 400;\">eleged van a <\/span><b>mar\u00f3 szag\u00fa<\/b><span style=\"font-weight: 400;\"> v\u00edzk\u0151old\u00f3kb\u00f3l<\/span><\/li>\n<li style=\"font-weight: 400;\" aria-level=\"1\"><span style=\"font-weight: 400;\">szeretn\u00e9d, hogy a csaptelepek \u00e9s k\u00e9nyes fel\u00fcletek <\/span><b>ne s\u00e9r\u00fcljenek<\/b><\/li>\n<li style=\"font-weight: 400;\" aria-level=\"1\"><span style=\"font-weight: 400;\">fontos sz\u00e1modra a <\/span><b>k\u00f6rnyezetbar\u00e1tabb takar\u00edt\u00e1s<\/b><span style=\"font-weight: 400;\">, de nem akarsz engedni a hat\u00e9konys\u00e1gb\u00f3l<\/span><\/li>\n<li style=\"font-weight: 400;\" aria-level=\"1\"><span style=\"font-weight: 400;\">szeretn\u00e9l egy olyan term\u00e9ket, ami rendszeres haszn\u00e1lattal <\/span><b>megel\u0151z\u00e9sre is t\u00f6k\u00e9letes<\/b><\/li>\n<\/ul>\n\t\t<\/div>\n\t<\/div>\n\t\n\t<div id=\"accordion-2531640152\" class=\"accordion-item\">\n\t\t<a id=\"accordion-2531640152-label\" class=\"accordion-title plain\" href=\"#accordion-item-mennyi_id\u0151re_elegend\u0151?\" aria-expanded=\"false\" aria-controls=\"accordion-2531640152-content\" >\n\t\t\t<button class=\"toggle\" aria-label=\"Toggle\"><i class=\"icon-angle-down\"><\/i><\/button>\n\t\t\t<span>Mennyi id\u0151re elegend\u0151?<\/span>\n\t\t<\/a>\n\t\t<div id=\"accordion-2531640152-content\" class=\"accordion-inner\" aria-labelledby=\"accordion-2531640152-label\" >\n\t\t\t\n<b><\/b><\/p>\n<p><span style=\"font-weight: 400;\">A 3 darabos kiszerel\u00e9s a legt\u00f6bb h\u00e1ztart\u00e1sban <\/span><b>t\u00f6bb h\u00f3napra elegend\u0151<\/b><span style=\"font-weight: 400;\">, haszn\u00e1latt\u00f3l f\u00fcgg\u0151en:<\/span><\/p>\n<ul>\n<li style=\"font-weight: 400;\" aria-level=\"1\"><span style=\"font-weight: 400;\">heti 1\u20132 f\u00fcrd\u0151szobai takar\u00edt\u00e1s mellett \u00e1ltal\u00e1ban <\/span><b>2\u20133 h\u00f3nap<\/b><\/li>\n<li style=\"font-weight: 400;\" aria-level=\"1\"><span style=\"font-weight: 400;\">intenz\u00edvebb haszn\u00e1lat eset\u00e9n is biztos\u00edtja a <\/span><b>folyamatos ut\u00e1np\u00f3tl\u00e1st<\/b><\/li>\n<\/ul>\n<p><i><span style=\"font-weight: 400;\">Tipp: rendszeres haszn\u00e1lattal megel\u0151zhet\u0151 a v\u00edzk\u0151 lerak\u00f3d\u00e1sa, \u00edgy a takar\u00edt\u00e1s gyorsabb \u00e9s sokkal k\u00f6nnyebb lesz.<\/span><\/i><b><\/b><\/p>\n\t\t<\/div>\n\t<\/div>\n\t\n\t<div id=\"accordion-2289122915\" class=\"accordion-item\">\n\t\t<a id=\"accordion-2289122915-label\" class=\"accordion-title plain\" href=\"#accordion-item-r\u00e9szletes_term\u00e9kle\u00edr\u00e1s\" aria-expanded=\"false\" aria-controls=\"accordion-2289122915-content\" >\n\t\t\t<button class=\"toggle\" aria-label=\"Toggle\"><i class=\"icon-angle-down\"><\/i><\/button>\n\t\t\t<span>R\u00e9szletes term\u00e9kle\u00edr\u00e1s<\/span>\n\t\t<\/a>\n\t\t<div id=\"accordion-2289122915-content\" class=\"accordion-inner\" aria-labelledby=\"accordion-2289122915-label\" >\n\t\t\t\n<b><\/b><\/p>\n<h2><strong>V\u00edzk\u0151old\u00f3 \u00e9s tiszt\u00edt\u00f3szer\u00a0<\/strong><\/h2>\n<p><strong>Professzion\u00e1lisan hat\u00e9kony, szagtalan v\u00edzk\u0151old\u00f3, term\u00e9szetes \u00e9s k\u00f6rnyezetbar\u00e1t \u00f6sszetev\u0151kb\u0151l<\/strong>.\u00a0<strong>Megb\u00edzhat\u00f3an elt\u00e1vol\u00edtja a makacs lerak\u00f3d\u00e1sokat a WC-cs\u00e9sz\u00e9b\u0151l, piszo\u00e1rokb\u00f3l, zuhanykabinb\u00f3l, t\u00e1lc\u00e1kb\u00f3l, csaptelepekr\u0151l \u00e9s burkolatokr\u00f3l \u2013 mindezt a kr\u00f3mozott fel\u00fcletek s\u00e9r\u00fcl\u00e9se n\u00e9lk\u00fcl.\u00a0<\/strong><br \/>\nIde\u00e1lis h\u00e1ztart\u00e1sokba, de sz\u00e1llod\u00e1kba, vend\u00e9gl\u00e1t\u00f3helyekre \u00e9s int\u00e9zm\u00e9nyekbe is, ahol a hat\u00e9konys\u00e1g \u00e9s tisztas\u00e1g els\u0151dleges szempont.<\/p>\n<p><strong>Mi\u00e9rt v\u00e1laszd az ECOlife-ot?\u00a0<\/strong><\/p>\n<ul>\n<li>Term\u00e9szetes, k\u00f6rnyezetbar\u00e1t \u00f6sszetev\u0151kb\u0151l k\u00e9sz\u00fclt<\/li>\n<li>Gyorsan \u00e9s hat\u00e9konyan, kompromisszumok n\u00e9lk\u00fcl t\u00e1vol\u00edtja el\u00a0 a v\u00edzk\u00f6vet minden fel\u00fcletr\u0151l<\/li>\n<li><strong>K\u00edm\u00e9li a kr\u00f3mozott, fekete csaptelepeket \u00e9s fel\u00fcleteket \u2013 nincs sz\u00fcks\u00e9g k\u00fcl\u00f6n tiszt\u00edt\u00f3szerre<\/strong><\/li>\n<\/ul>\n<p><strong>Haszn\u00e1lat:<\/strong><\/p>\n<ol>\n<li>F\u00fajd a tiszt\u00edtand\u00f3 fel\u00fcletre.<\/li>\n<li>Hagyd hatni 5\u201310 percig.<\/li>\n<li>T\u00f6r\u00f6ld \u00e1t, \u00f6bl\u00edtsd le.<\/li>\n<\/ol>\n<p><strong>Tipp:<\/strong>\u00a0rendszeres haszn\u00e1lattal megel\u0151zhet\u0151 a v\u00edzk\u0151 lerak\u00f3d\u00e1sa, \u00edgy a takar\u00edt\u00e1s sokkal k\u00f6nnyedebb, gyorsabb lesz.<\/p>\n<p><strong>Extra tipp v\u00e1s\u00e1rl\u00f3inkt\u00f3l:<br \/>\n<\/strong>Ezt a term\u00e9ket a v\u00edzk\u0151 elt\u00e1vol\u00edt\u00e1s\u00e1ra fejlesztett\u00fck ki, de fantasztikus v\u00e1s\u00e1rl\u00f3ink visszajelz\u00e9sei alapj\u00e1n kider\u00fclt, hogy a\u00a0<strong>s\u00fct\u0151ben \u00e9s f\u0151z\u0151lapon r\u00e1\u00e9gett szennyez\u0151d\u00e9seket is k\u00f6nnyed\u00e9n elt\u00e1vol\u00edtja<\/strong>. \u00a0Az\u00f3ta mi is \u00edgy haszn\u00e1ljuk! Pr\u00f3b\u00e1ld ki Te is \u2013 meglep\u0151dsz, milyen egyszer\u0171 a makacs szennyez\u0151d\u00e9sek elt\u00fcntet\u00e9se.<\/p>\n<p><strong>ECOlife v\u00edzk\u0151old\u00f3<\/strong>\u00a0\u2013 term\u00e9szetes, hat\u00e9kony \u00e9s megb\u00edzhat\u00f3 t\u00e1rs a mindennapi f\u00fcrd\u0151szobai \u00e9s professzion\u00e1lis tiszt\u00edt\u00e1sban.<\/p>\n\t\t<\/div>\n\t<\/div>\n\t\n<\/div>\n<\/div>\n","protected":false},"excerpt":{"rendered":"<div class=\"checkmarkLIdark\">\n<p><strong>Profi v\u00edzk\u0151old\u00e1s\u00a0 \u2013\u00a0 a term\u00e9szetes sav erej\u00e9vel, k\u00edm\u00e9letesen\u00a0 \u2013 most igaz\u00e1n gazdas\u00e1gosan!<\/strong><\/p>\n<p><span style=\"font-weight: 400;\">Am\u00edg a k\u00e9szlet tart!<\/span><\/p>\n<ul>\n<li style=\"font-weight: 400;\" aria-level=\"1\"><b>Makacs v\u00edzk\u0151 ellen is profi hat\u00e1s<\/b><span style=\"font-weight: 400;\"> \u2013 WC-ben, zuhanykabinban, csaptelepen, burkolaton is<\/span><\/li>\n<li style=\"font-weight: 400;\" aria-level=\"1\"><b>Szagtalan v\u00edzk\u0151old\u00f3<\/b><span style=\"font-weight: 400;\"> \u2013 nincs fullaszt\u00f3 vegyszerszag takar\u00edt\u00e1s k\u00f6zben<\/span><\/li>\n<li style=\"font-weight: 400;\" aria-level=\"1\"><b>K\u00edm\u00e9li a kr\u00f3mozott \u00e9s fekete fel\u00fcleteket<\/b><span style=\"font-weight: 400;\"> \u2013 hat\u00e9kony tiszt\u00edt\u00e1s s\u00e9r\u00fcl\u00e9s n\u00e9lk\u00fcl<\/span><\/li>\n<li style=\"font-weight: 400;\" aria-level=\"1\"><b>Gazdas\u00e1gosabb ut\u00e1np\u00f3tl\u00e1s hosszabb id\u0151re<\/b><span style=\"font-weight: 400;\"> \u2013 kevesebb rendel\u00e9s, mindig k\u00e9zn\u00e9l van<\/span><\/li>\n<\/ul>\n<\/div>\n","protected":false},"featured_media":6723,"comment_status":"open","ping_status":"closed","template":"","meta":[],"product_brand":[],"product_cat":[90,159,135,15,141,142,144],"product_tag":[154,139,20,23],"class_list":{"0":"post-6312","1":"product","2":"type-product","3":"status-publish","4":"has-post-thumbnail","6":"product_cat-ecolife-termekek","7":"product_cat-tisztitoszerek","8":"product_cat-kedvezmenyes-csomagok","9":"product_cat-termekek","10":"product_cat-furdoszoba","11":"product_cat-konyha","12":"product_cat-haztartas","13":"product_tag-b2b","14":"product_tag-ecolife-bottle","15":"product_tag-tisztitoszer","16":"product_tag-vizkooldo","18":"first","19":"instock","20":"sale","21":"featured","22":"taxable","23":"shipping-taxable","24":"purchasable","25":"product-type-simple"},"yoast_head":"<!-- This site is optimized with the Yoast SEO plugin v26.8 - https:\/\/yoast.com\/product\/yoast-seo-wordpress\/ -->\n<title>TRIO OKOS V\u00c1LASZT\u00c1S - \u00d6KO V\u00edzk\u0151old\u00f3 \u00e9s tiszt\u00edt\u00f3szer (3x0,75L) - EcoLIFE<\/title>\n<meta name=\"description\" content=\"3 term\u00e9k kedvez\u0151bb \u00e1ron. Term\u00e9szetes v\u00edzk\u0151old\u00f3 \u00e9s tiszt\u00edt\u00f3 a lerak\u00f3d\u00e1sok ellen. Toxinmentes formula, irrit\u00e1l\u00f3 g\u0151z\u00f6k n\u00e9lk\u00fcl a ragyog\u00f3 fel\u00fcletek\u00e9rt. Biol\u00f3giailag leboml\u00f3 \u00e9s b\u0151rbar\u00e1t\" \/>\n<meta name=\"robots\" content=\"index, follow, max-snippet:-1, max-image-preview:large, max-video-preview:-1\" \/>\n<link rel=\"canonical\" href=\"https:\/\/www.ecolife.bio\/hu\/prod\/trio-oko-vizkooldo-es-tisztitoszer\/\" \/>\n<meta property=\"og:locale\" content=\"hu_HU\" \/>\n<meta property=\"og:type\" content=\"article\" \/>\n<meta property=\"og:title\" content=\"TRIO OKOS V\u00c1LASZT\u00c1S - \u00d6KO V\u00edzk\u0151old\u00f3 \u00e9s tiszt\u00edt\u00f3szer (3x0,75L) - EcoLIFE\" \/>\n<meta property=\"og:description\" content=\"3 term\u00e9k kedvez\u0151bb \u00e1ron. Term\u00e9szetes v\u00edzk\u0151old\u00f3 \u00e9s tiszt\u00edt\u00f3 a lerak\u00f3d\u00e1sok ellen. Toxinmentes formula, irrit\u00e1l\u00f3 g\u0151z\u00f6k n\u00e9lk\u00fcl a ragyog\u00f3 fel\u00fcletek\u00e9rt. Biol\u00f3giailag leboml\u00f3 \u00e9s b\u0151rbar\u00e1t\" \/>\n<meta property=\"og:url\" content=\"https:\/\/www.ecolife.bio\/hu\/prod\/trio-oko-vizkooldo-es-tisztitoszer\/\" \/>\n<meta property=\"og:site_name\" content=\"EcoLIFE\" \/>\n<meta property=\"article:modified_time\" content=\"2026-04-23T06:56:02+00:00\" \/>\n<meta property=\"og:image\" content=\"https:\/\/www.ecolife.bio\/wp-content\/uploads\/2026\/04\/trio-odstranovac-vodneho-kamena.jpg\" \/>\n\t<meta property=\"og:image:width\" content=\"1921\" \/>\n\t<meta property=\"og:image:height\" content=\"1921\" \/>\n\t<meta property=\"og:image:type\" content=\"image\/jpeg\" \/>\n<meta name=\"twitter:card\" content=\"summary_large_image\" \/>\n<meta name=\"twitter:label1\" content=\"Becs\u00fclt olvas\u00e1si id\u0151\" \/>\n\t<meta name=\"twitter:data1\" content=\"3 perc\" \/>\n<script type=\"application\/ld+json\" class=\"yoast-schema-graph\">{\"@context\":\"https:\/\/schema.org\",\"@graph\":[{\"@type\":\"WebPage\",\"@id\":\"https:\/\/www.ecolife.bio\/hu\/prod\/trio-oko-vizkooldo-es-tisztitoszer\/\",\"url\":\"https:\/\/www.ecolife.bio\/hu\/prod\/trio-oko-vizkooldo-es-tisztitoszer\/\",\"name\":\"TRIO OKOS V\u00c1LASZT\u00c1S - \u00d6KO V\u00edzk\u0151old\u00f3 \u00e9s tiszt\u00edt\u00f3szer (3x0,75L) - EcoLIFE\",\"isPartOf\":{\"@id\":\"https:\/\/www.ecolife.bio\/#website\"},\"primaryImageOfPage\":{\"@id\":\"https:\/\/www.ecolife.bio\/hu\/prod\/trio-oko-vizkooldo-es-tisztitoszer\/#primaryimage\"},\"image\":{\"@id\":\"https:\/\/www.ecolife.bio\/hu\/prod\/trio-oko-vizkooldo-es-tisztitoszer\/#primaryimage\"},\"thumbnailUrl\":\"https:\/\/escbfekz6y3.exactdn.com\/wp-content\/uploads\/2026\/04\/trio-odstranovac-vodneho-kamena.jpg?strip=all\",\"datePublished\":\"2026-02-17T01:46:56+00:00\",\"dateModified\":\"2026-04-23T06:56:02+00:00\",\"description\":\"3 term\u00e9k kedvez\u0151bb \u00e1ron. Term\u00e9szetes v\u00edzk\u0151old\u00f3 \u00e9s tiszt\u00edt\u00f3 a lerak\u00f3d\u00e1sok ellen. Toxinmentes formula, irrit\u00e1l\u00f3 g\u0151z\u00f6k n\u00e9lk\u00fcl a ragyog\u00f3 fel\u00fcletek\u00e9rt. Biol\u00f3giailag leboml\u00f3 \u00e9s b\u0151rbar\u00e1t\",\"breadcrumb\":{\"@id\":\"https:\/\/www.ecolife.bio\/hu\/prod\/trio-oko-vizkooldo-es-tisztitoszer\/#breadcrumb\"},\"inLanguage\":\"hu\",\"potentialAction\":[{\"@type\":\"ReadAction\",\"target\":[\"https:\/\/www.ecolife.bio\/hu\/prod\/trio-oko-vizkooldo-es-tisztitoszer\/\"]}]},{\"@type\":\"ImageObject\",\"inLanguage\":\"hu\",\"@id\":\"https:\/\/www.ecolife.bio\/hu\/prod\/trio-oko-vizkooldo-es-tisztitoszer\/#primaryimage\",\"url\":\"https:\/\/escbfekz6y3.exactdn.com\/wp-content\/uploads\/2026\/04\/trio-odstranovac-vodneho-kamena.jpg?strip=all\",\"contentUrl\":\"https:\/\/escbfekz6y3.exactdn.com\/wp-content\/uploads\/2026\/04\/trio-odstranovac-vodneho-kamena.jpg?strip=all\",\"width\":1921,\"height\":1921,\"caption\":\"TRIO SMART VO\u013dBA bal\u00edk \u2013 Odstra\u0148ova\u010d vodn\u00e9ho kame\u0148a a \u010disti\u010d (3 ks)\"},{\"@type\":\"BreadcrumbList\",\"@id\":\"https:\/\/www.ecolife.bio\/hu\/prod\/trio-oko-vizkooldo-es-tisztitoszer\/#breadcrumb\",\"itemListElement\":[{\"@type\":\"ListItem\",\"position\":1,\"name\":\"Domovsk\u00e1 str\u00e1nka\",\"item\":\"https:\/\/www.ecolife.bio\/hu\/\"},{\"@type\":\"ListItem\",\"position\":2,\"name\":\"\u00dczlet\",\"item\":\"https:\/\/www.ecolife.bio\/obchod\/\"},{\"@type\":\"ListItem\",\"position\":3,\"name\":\"TRIO OKOS V\u00c1LASZT\u00c1S &#8211; \u00d6KO V\u00edzk\u0151old\u00f3 \u00e9s tiszt\u00edt\u00f3szer (3&#215;0,75L)\"}]},{\"@type\":\"WebSite\",\"@id\":\"https:\/\/www.ecolife.bio\/#website\",\"url\":\"https:\/\/www.ecolife.bio\/\",\"name\":\"EcoLIFE\",\"description\":\"For an Eco-Friendly Planet\",\"publisher\":{\"@id\":\"https:\/\/www.ecolife.bio\/#organization\"},\"potentialAction\":[{\"@type\":\"SearchAction\",\"target\":{\"@type\":\"EntryPoint\",\"urlTemplate\":\"https:\/\/www.ecolife.bio\/?s={search_term_string}\"},\"query-input\":{\"@type\":\"PropertyValueSpecification\",\"valueRequired\":true,\"valueName\":\"search_term_string\"}}],\"inLanguage\":\"hu\"},{\"@type\":\"Organization\",\"@id\":\"https:\/\/www.ecolife.bio\/#organization\",\"name\":\"ECOlife.bio\",\"url\":\"https:\/\/www.ecolife.bio\/\",\"logo\":{\"@type\":\"ImageObject\",\"inLanguage\":\"hu\",\"@id\":\"https:\/\/www.ecolife.bio\/#\/schema\/logo\/image\/\",\"url\":\"https:\/\/www.ecolife.bio\/wp-content\/uploads\/2022\/03\/ecolife_logo_final.png\",\"contentUrl\":\"https:\/\/www.ecolife.bio\/wp-content\/uploads\/2022\/03\/ecolife_logo_final.png\",\"width\":500,\"height\":500,\"caption\":\"ECOlife.bio\"},\"image\":{\"@id\":\"https:\/\/www.ecolife.bio\/#\/schema\/logo\/image\/\"}}]}<\/script>\n<!-- \/ Yoast SEO plugin. -->","yoast_head_json":{"title":"TRIO OKOS V\u00c1LASZT\u00c1S - \u00d6KO V\u00edzk\u0151old\u00f3 \u00e9s tiszt\u00edt\u00f3szer (3x0,75L) - EcoLIFE","description":"3 term\u00e9k kedvez\u0151bb \u00e1ron. Term\u00e9szetes v\u00edzk\u0151old\u00f3 \u00e9s tiszt\u00edt\u00f3 a lerak\u00f3d\u00e1sok ellen. Toxinmentes formula, irrit\u00e1l\u00f3 g\u0151z\u00f6k n\u00e9lk\u00fcl a ragyog\u00f3 fel\u00fcletek\u00e9rt. Biol\u00f3giailag leboml\u00f3 \u00e9s b\u0151rbar\u00e1t","robots":{"index":"index","follow":"follow","max-snippet":"max-snippet:-1","max-image-preview":"max-image-preview:large","max-video-preview":"max-video-preview:-1"},"canonical":"https:\/\/www.ecolife.bio\/hu\/prod\/trio-oko-vizkooldo-es-tisztitoszer\/","og_locale":"hu_HU","og_type":"article","og_title":"TRIO OKOS V\u00c1LASZT\u00c1S - \u00d6KO V\u00edzk\u0151old\u00f3 \u00e9s tiszt\u00edt\u00f3szer (3x0,75L) - EcoLIFE","og_description":"3 term\u00e9k kedvez\u0151bb \u00e1ron. Term\u00e9szetes v\u00edzk\u0151old\u00f3 \u00e9s tiszt\u00edt\u00f3 a lerak\u00f3d\u00e1sok ellen. Toxinmentes formula, irrit\u00e1l\u00f3 g\u0151z\u00f6k n\u00e9lk\u00fcl a ragyog\u00f3 fel\u00fcletek\u00e9rt. Biol\u00f3giailag leboml\u00f3 \u00e9s b\u0151rbar\u00e1t","og_url":"https:\/\/www.ecolife.bio\/hu\/prod\/trio-oko-vizkooldo-es-tisztitoszer\/","og_site_name":"EcoLIFE","article_modified_time":"2026-04-23T06:56:02+00:00","og_image":[{"width":1921,"height":1921,"url":"https:\/\/www.ecolife.bio\/wp-content\/uploads\/2026\/04\/trio-odstranovac-vodneho-kamena.jpg","type":"image\/jpeg"}],"twitter_card":"summary_large_image","twitter_misc":{"Becs\u00fclt olvas\u00e1si id\u0151":"3 perc"},"schema":{"@context":"https:\/\/schema.org","@graph":[{"@type":"WebPage","@id":"https:\/\/www.ecolife.bio\/hu\/prod\/trio-oko-vizkooldo-es-tisztitoszer\/","url":"https:\/\/www.ecolife.bio\/hu\/prod\/trio-oko-vizkooldo-es-tisztitoszer\/","name":"TRIO OKOS V\u00c1LASZT\u00c1S - \u00d6KO V\u00edzk\u0151old\u00f3 \u00e9s tiszt\u00edt\u00f3szer (3x0,75L) - EcoLIFE","isPartOf":{"@id":"https:\/\/www.ecolife.bio\/#website"},"primaryImageOfPage":{"@id":"https:\/\/www.ecolife.bio\/hu\/prod\/trio-oko-vizkooldo-es-tisztitoszer\/#primaryimage"},"image":{"@id":"https:\/\/www.ecolife.bio\/hu\/prod\/trio-oko-vizkooldo-es-tisztitoszer\/#primaryimage"},"thumbnailUrl":"https:\/\/escbfekz6y3.exactdn.com\/wp-content\/uploads\/2026\/04\/trio-odstranovac-vodneho-kamena.jpg?strip=all","datePublished":"2026-02-17T01:46:56+00:00","dateModified":"2026-04-23T06:56:02+00:00","description":"3 term\u00e9k kedvez\u0151bb \u00e1ron. Term\u00e9szetes v\u00edzk\u0151old\u00f3 \u00e9s tiszt\u00edt\u00f3 a lerak\u00f3d\u00e1sok ellen. Toxinmentes formula, irrit\u00e1l\u00f3 g\u0151z\u00f6k n\u00e9lk\u00fcl a ragyog\u00f3 fel\u00fcletek\u00e9rt. Biol\u00f3giailag leboml\u00f3 \u00e9s b\u0151rbar\u00e1t","breadcrumb":{"@id":"https:\/\/www.ecolife.bio\/hu\/prod\/trio-oko-vizkooldo-es-tisztitoszer\/#breadcrumb"},"inLanguage":"hu","potentialAction":[{"@type":"ReadAction","target":["https:\/\/www.ecolife.bio\/hu\/prod\/trio-oko-vizkooldo-es-tisztitoszer\/"]}]},{"@type":"ImageObject","inLanguage":"hu","@id":"https:\/\/www.ecolife.bio\/hu\/prod\/trio-oko-vizkooldo-es-tisztitoszer\/#primaryimage","url":"https:\/\/escbfekz6y3.exactdn.com\/wp-content\/uploads\/2026\/04\/trio-odstranovac-vodneho-kamena.jpg?strip=all","contentUrl":"https:\/\/escbfekz6y3.exactdn.com\/wp-content\/uploads\/2026\/04\/trio-odstranovac-vodneho-kamena.jpg?strip=all","width":1921,"height":1921,"caption":"TRIO SMART VO\u013dBA bal\u00edk \u2013 Odstra\u0148ova\u010d vodn\u00e9ho kame\u0148a a \u010disti\u010d (3 ks)"},{"@type":"BreadcrumbList","@id":"https:\/\/www.ecolife.bio\/hu\/prod\/trio-oko-vizkooldo-es-tisztitoszer\/#breadcrumb","itemListElement":[{"@type":"ListItem","position":1,"name":"Domovsk\u00e1 str\u00e1nka","item":"https:\/\/www.ecolife.bio\/hu\/"},{"@type":"ListItem","position":2,"name":"\u00dczlet","item":"https:\/\/www.ecolife.bio\/obchod\/"},{"@type":"ListItem","position":3,"name":"TRIO OKOS V\u00c1LASZT\u00c1S &#8211; \u00d6KO V\u00edzk\u0151old\u00f3 \u00e9s tiszt\u00edt\u00f3szer (3&#215;0,75L)"}]},{"@type":"WebSite","@id":"https:\/\/www.ecolife.bio\/#website","url":"https:\/\/www.ecolife.bio\/","name":"EcoLIFE","description":"For an Eco-Friendly Planet","publisher":{"@id":"https:\/\/www.ecolife.bio\/#organization"},"potentialAction":[{"@type":"SearchAction","target":{"@type":"EntryPoint","urlTemplate":"https:\/\/www.ecolife.bio\/?s={search_term_string}"},"query-input":{"@type":"PropertyValueSpecification","valueRequired":true,"valueName":"search_term_string"}}],"inLanguage":"hu"},{"@type":"Organization","@id":"https:\/\/www.ecolife.bio\/#organization","name":"ECOlife.bio","url":"https:\/\/www.ecolife.bio\/","logo":{"@type":"ImageObject","inLanguage":"hu","@id":"https:\/\/www.ecolife.bio\/#\/schema\/logo\/image\/","url":"https:\/\/www.ecolife.bio\/wp-content\/uploads\/2022\/03\/ecolife_logo_final.png","contentUrl":"https:\/\/www.ecolife.bio\/wp-content\/uploads\/2022\/03\/ecolife_logo_final.png","width":500,"height":500,"caption":"ECOlife.bio"},"image":{"@id":"https:\/\/www.ecolife.bio\/#\/schema\/logo\/image\/"}}]}},"_links":{"self":[{"href":"https:\/\/www.ecolife.bio\/hu\/wp-json\/wp\/v2\/product\/6312","targetHints":{"allow":["GET"]}}],"collection":[{"href":"https:\/\/www.ecolife.bio\/hu\/wp-json\/wp\/v2\/product"}],"about":[{"href":"https:\/\/www.ecolife.bio\/hu\/wp-json\/wp\/v2\/types\/product"}],"replies":[{"embeddable":true,"href":"https:\/\/www.ecolife.bio\/hu\/wp-json\/wp\/v2\/comments?post=6312"}],"wp:featuredmedia":[{"embeddable":true,"href":"https:\/\/www.ecolife.bio\/hu\/wp-json\/wp\/v2\/media\/6723"}],"wp:attachment":[{"href":"https:\/\/www.ecolife.bio\/hu\/wp-json\/wp\/v2\/media?parent=6312"}],"wp:term":[{"taxonomy":"product_brand","embeddable":true,"href":"https:\/\/www.ecolife.bio\/hu\/wp-json\/wp\/v2\/product_brand?post=6312"},{"taxonomy":"product_cat","embeddable":true,"href":"https:\/\/www.ecolife.bio\/hu\/wp-json\/wp\/v2\/product_cat?post=6312"},{"taxonomy":"product_tag","embeddable":true,"href":"https:\/\/www.ecolife.bio\/hu\/wp-json\/wp\/v2\/product_tag?post=6312"}],"curies":[{"name":"wp","href":"https:\/\/api.w.org\/{rel}","templated":true}]}}