{"id":6314,"date":"2026-02-17T03:53:32","date_gmt":"2026-02-17T01:53:32","guid":{"rendered":"https:\/\/www.ecolife.bio\/?post_type=product&#038;p=6314"},"modified":"2026-04-23T08:57:55","modified_gmt":"2026-04-23T06:57:55","slug":"trio-illatos-wc-olaj","status":"publish","type":"product","link":"https:\/\/www.ecolife.bio\/hu\/prod\/trio-illatos-wc-olaj\/","title":{"rendered":"TRI\u00d3 OKOS V\u00c1LASZT\u00c1S &#8211; Illatos WC olaj (3&#215;0,75L)"},"content":{"rendered":"<div class=\"paragraph heading4 ng-star-inserted\" role=\"heading\" data-start-index=\"1566\" aria-level=\"4\">\n<p><span style=\"font-weight: 400;\">Az <\/span><b>ECOlife WC olaj TRI\u00d3<\/b><span style=\"font-weight: 400;\"> egy <\/span><b>3 darabos toalett olaj csomag<\/b><span style=\"font-weight: 400;\">, amely friss illatot biztos\u00edt a WC-ben \u00e9s piszo\u00e1rban, mik\u00f6zben hat\u00e9konyan t\u00e1mogatja a v\u00edzk\u0151 elleni v\u00e9delmet a mindennapokban. A finom, vir\u00e1gos illat minden haszn\u00e1lat ut\u00e1n tiszta, higi\u00e9nikus l\u00e9gk\u00f6rt teremt, \u00e9s seg\u00edt abban, hogy a toalett hosszabb ideig \u00e1polt, rendezett benyom\u00e1st keltsen.<\/span><span style=\"font-weight: 400;\">Rendszeres haszn\u00e1lat eset\u00e9n a WC olaj egy v\u00e9d\u0151r\u00e9teget k\u00e9pez, amely megnehez\u00edti a szennyez\u0151d\u00e9sek \u00e9s lerak\u00f3d\u00e1sok megtapad\u00e1s\u00e1t, \u00edgy a takar\u00edt\u00e1s gyorsabb\u00e1 \u00e9s k\u00f6nnyebb\u00e9 v\u00e1lik. A TRI\u00d3 csomag ide\u00e1lis v\u00e1laszt\u00e1s, ha szereted a \u201cmindig friss\u201d \u00e9rz\u00e9st, \u00e9s egyetlen egyszer\u0171 l\u00e9p\u00e9ssel szeretn\u00e9d fenntartani a tisztas\u00e1got.<\/span><\/p>\n<h3 class=\"accordion_title\">TRI\u00d3 OKOS V\u00c1LASZT\u00c1S csomag \u2013 illatos WC olaj (3 db<\/h3><div class=\"accordion\">\n\t<div id=\"accordion-1466474002\" class=\"accordion-item\">\n\t\t<a id=\"accordion-1466474002-label\" class=\"accordion-title plain\" href=\"#accordion-item-mi\u00e9rt_\u00e9ri_meg_neked?\" aria-expanded=\"false\" aria-controls=\"accordion-1466474002-content\" >\n\t\t\t<button class=\"toggle\" aria-label=\"Toggle\"><i class=\"icon-angle-down\"><\/i><\/button>\n\t\t\t<span>Mi\u00e9rt \u00e9ri meg neked?<\/span>\n\t\t<\/a>\n\t\t<div id=\"accordion-1466474002-content\" class=\"accordion-inner\" aria-labelledby=\"accordion-1466474002-label\" >\n\t\t\t<b><b><br \/>\n<\/b><\/b><\/p>\n<p><span style=\"font-weight: 400;\">Ha szeretn\u00e9d, hogy a toalett <\/span><b>mindig friss illat\u00fa \u00e9s tiszta hat\u00e1s\u00fa legyen<\/b><span style=\"font-weight: 400;\">, mik\u00f6zben kevesebb id\u0151t t\u00f6ltesz a f\u00fcrd\u0151szobai takar\u00edt\u00e1ssal, a WC olaj TRI\u00d3 csomag t\u00f6k\u00e9letes d\u00f6nt\u00e9s.<\/span><\/p>\n<ul>\n<li><b>Hosszabb ideig tiszta \u00e9s friss toalett<\/b><span style=\"font-weight: 400;\"> \u2013 rendezett, higi\u00e9nikus \u00e9rzet nap mint nap<\/span><\/li>\n<li><b>V\u00edzk\u0151 \u00e9s lerak\u00f3d\u00e1sok ellen is t\u00e1mogat<\/b><span style=\"font-weight: 400;\"> \u2013 kevesebb makacs szennyez\u0151d\u00e9s alakul ki<\/span><\/li>\n<li><b>Gyors, egyszer\u0171 haszn\u00e1lat<\/b><span style=\"font-weight: 400;\"> \u2013 minim\u00e1lis er\u0151fesz\u00edt\u00e9s, l\u00e1tv\u00e1nyos \u201ctiszta\u201d hat\u00e1s<\/span><\/li>\n<\/ul>\n\t\t<\/div>\n\t<\/div>\n\t\n\t<div id=\"accordion-371150927\" class=\"accordion-item\">\n\t\t<a id=\"accordion-371150927-label\" class=\"accordion-title plain\" href=\"#accordion-item-kinek_aj\u00e1nljuk?\" aria-expanded=\"false\" aria-controls=\"accordion-371150927-content\" >\n\t\t\t<button class=\"toggle\" aria-label=\"Toggle\"><i class=\"icon-angle-down\"><\/i><\/button>\n\t\t\t<span>Kinek aj\u00e1nljuk?<\/span>\n\t\t<\/a>\n\t\t<div id=\"accordion-371150927-content\" class=\"accordion-inner\" aria-labelledby=\"accordion-371150927-label\" >\n\t\t\t<b><br \/>\n<\/b><\/p>\n<p><span style=\"font-weight: 400;\">Az <\/span><b>ECOlife WC olaj TRI\u00d3 csomagot<\/b><span style=\"font-weight: 400;\"> neked aj\u00e1nljuk, ha:<\/span><span style=\"font-weight: 400;\"><br \/>\n<\/span><\/p>\n<ul>\n<li><span style=\"font-weight: 400;\">fontos sz\u00e1modra, hogy a f\u00fcrd\u0151szoba <\/span><b>mindig friss illat\u00fa<\/b><span style=\"font-weight: 400;\"> legyen<\/span><\/li>\n<li><span style=\"font-weight: 400;\">szeretn\u00e9l <\/span><b>kevesebbet takar\u00edtani<\/b><span style=\"font-weight: 400;\">, m\u00e9gis tiszt\u00e1bb hat\u00e1st el\u00e9rni<\/span><span style=\"font-weight: 400;\"><br \/>\n<\/span><\/li>\n<li><span style=\"font-weight: 400;\">szeretn\u00e9d megel\u0151zni a <\/span><b>v\u00edzk\u0151 \u00e9s szennyez\u0151d\u00e9s lerak\u00f3d\u00e1s\u00e1t<\/b><span style=\"font-weight: 400;\"> a WC-ben<\/span><span style=\"font-weight: 400;\"><br \/>\n<\/span><\/li>\n<li><span style=\"font-weight: 400;\">olyan megold\u00e1st keresel, ami <\/span><b>gyors, egyszer\u0171 \u00e9s napi rutinba beilleszthet\u0151<\/b><span style=\"font-weight: 400;\"><br \/>\n<\/span><\/li>\n<li><span style=\"font-weight: 400;\">irod\u00e1ba, \u00e9tterembe, k\u00f6z\u00f6ss\u00e9gi t\u00e9rbe vagy nagyobb csal\u00e1dba keresel <\/span><b>praktikus, higi\u00e9nikus term\u00e9ket<\/b><\/li>\n<\/ul>\n\t\t<\/div>\n\t<\/div>\n\t\n\t<div id=\"accordion-4131765758\" class=\"accordion-item\">\n\t\t<a id=\"accordion-4131765758-label\" class=\"accordion-title plain\" href=\"#accordion-item-mennyi_id\u0151re_elegend\u0151?\" aria-expanded=\"false\" aria-controls=\"accordion-4131765758-content\" >\n\t\t\t<button class=\"toggle\" aria-label=\"Toggle\"><i class=\"icon-angle-down\"><\/i><\/button>\n\t\t\t<span>Mennyi id\u0151re elegend\u0151?<\/span>\n\t\t<\/a>\n\t\t<div id=\"accordion-4131765758-content\" class=\"accordion-inner\" aria-labelledby=\"accordion-4131765758-label\" >\n\t\t\t\n<b><\/b><\/p>\n<p><span style=\"font-weight: 400;\">A 3 darabos WC olaj csomag a legt\u00f6bb h\u00e1ztart\u00e1sban <\/span><b>hosszabb id\u0151re elegend\u0151<\/b><span style=\"font-weight: 400;\">, a haszn\u00e1lat gyakoris\u00e1g\u00e1t\u00f3l f\u00fcgg\u0151en:<\/span><span style=\"font-weight: 400;\"><br \/>\n<\/span><b><\/b><\/p>\n<ul>\n<li><b>napi haszn\u00e1lat mellett<\/b><span style=\"font-weight: 400;\"> \u00e1ltal\u00e1ban <\/span><b>3 &#8211; 5 h\u00f3nap<\/b><\/li>\n<li><span style=\"font-weight: 400;\">nagyobb forgalm\u00fa helyeken (iroda, vend\u00e9gl\u00e1t\u00f3, k\u00f6z\u00f6ss\u00e9gi mosd\u00f3) is biztos\u00edtja a <\/span><b>folyamatos ut\u00e1np\u00f3tl\u00e1st<\/b><\/li>\n<\/ul>\n<p><b>ECOlife szuper tipp:<\/b><span style=\"font-weight: 400;\"><br \/>\n<\/span><span style=\"font-weight: 400;\">2\u20133 naponta el\u00e9g <\/span><b>3\u20134 f\u00faj\u00e1s<\/b><span style=\"font-weight: 400;\"> egy kend\u0151re, \u00e9s t\u00f6r\u00f6ld \u00e1t vele a <\/span><b>csaptelepeket, WC peremet, csepegtet\u0151t<\/b><span style=\"font-weight: 400;\"> vagy m\u00e1s gyakran haszn\u00e1lt fel\u00fcleteket \u2013 gyors tisztas\u00e1g \u00e9s frissess\u00e9g er\u0151fesz\u00edt\u00e9s n\u00e9lk\u00fcl.<\/span><\/p>\n<p><b>EXTRA tipp:<span style=\"font-weight: 400;\"><br \/>\n<\/span><span style=\"font-weight: 400;\">Haszn\u00e1lhatod <\/span>l\u00e9gfriss\u00edt\u0151k\u00e9nt<span style=\"font-weight: 400;\"> is: 1\u20132 f\u00faj\u00e1s b\u00e1rhol az otthonodban, \u00e9s azonnal \u00e9rezhet\u0151 a friss, kellemes illat.<\/span><br \/>\n<\/b><\/p>\n\t\t<\/div>\n\t<\/div>\n\t\n\t<div id=\"accordion-4230443837\" class=\"accordion-item\">\n\t\t<a id=\"accordion-4230443837-label\" class=\"accordion-title plain\" href=\"#accordion-item-r\u00e9szletes_term\u00e9kle\u00edr\u00e1s\" aria-expanded=\"false\" aria-controls=\"accordion-4230443837-content\" >\n\t\t\t<button class=\"toggle\" aria-label=\"Toggle\"><i class=\"icon-angle-down\"><\/i><\/button>\n\t\t\t<span>R\u00e9szletes term\u00e9kle\u00edr\u00e1s<\/span>\n\t\t<\/a>\n\t\t<div id=\"accordion-4230443837-content\" class=\"accordion-inner\" aria-labelledby=\"accordion-4230443837-label\" >\n\t\t\t<b><b><\/b><\/b><\/p>\n<h2 data-start=\"248\" data-end=\"320\"><strong>WC olaj<\/strong> \u2013 friss illat \u00e9s v\u00edzk\u0151 elleni v\u00e9delem egy l\u00e9p\u00e9sben<\/h2>\n<p data-start=\"322\" data-end=\"547\">Az <strong data-start=\"325\" data-end=\"349\">ECOlife toalett olaj<\/strong> friss illatot biztos\u00edt minden WC-hez \u00e9s piszo\u00e1rhoz, mik\u00f6zben hat\u00e9konyan v\u00e9d a v\u00edzk\u0151 lerak\u00f3d\u00e1sa ellen. A <strong data-start=\"454\" data-end=\"477\">finom vir\u00e1gos illat<\/strong> minden leh\u00faz\u00e1s ut\u00e1n friss, higi\u00e9nikus l\u00e9gk\u00f6rt teremt a f\u00fcrd\u0151szob\u00e1ban.<\/p>\n<p><strong>El\u0151ny\u00f6k &#8211; rendszeres haszn\u00e1lat eset\u00e9n:<\/strong><\/p>\n<ul data-start=\"598\" data-end=\"854\">\n<li data-start=\"598\" data-end=\"648\">\n<p data-start=\"600\" data-end=\"648\">A toalett hosszabb ideig tiszta \u00e9s friss marad<\/p>\n<\/li>\n<li data-start=\"649\" data-end=\"720\">\n<p data-start=\"651\" data-end=\"720\">A fel\u00fcletek v\u00e9dettek a v\u00edzk\u0151- \u00e9s szennyez\u0151d\u00e9slerak\u00f3d\u00e1sokkal szemben<\/p>\n<\/li>\n<li data-start=\"721\" data-end=\"787\">\n<p data-start=\"723\" data-end=\"787\">Az eg\u00e9sz f\u00fcrd\u0151szoba higi\u00e9nikus, kellemesen illatos hat\u00e1st kelt<\/p>\n<\/li>\n<li data-start=\"788\" data-end=\"854\">\n<p data-start=\"790\" data-end=\"854\">Egy egyszer\u0171 napi rutin, amellyel id\u0151t sp\u00f3rolsz a takar\u00edt\u00e1skor<\/p>\n<\/li>\n<\/ul>\n<h2 data-start=\"971\" data-end=\"987\"><strong><span style=\"font-size: 75%;\">Felhaszn\u00e1l\u00e1s:<\/span><\/strong><\/h2>\n<p data-start=\"989\" data-end=\"1156\">F\u00fajd k\u00f6zvetlen\u00fcl a WC- vagy piszo\u00e1r fel\u00fclet\u00e9re, majd hagyd hatni.<br data-start=\"1054\" data-end=\"1057\" \/>A <strong data-start=\"1059\" data-end=\"1072\">v\u00e9d\u0151r\u00e9teg<\/strong> megakad\u00e1lyozza a szennyez\u0151d\u00e9sek lerak\u00f3d\u00e1s\u00e1t \u00e9s hosszan tart\u00f3 frissess\u00e9get biztos\u00edt.<\/p>\n<h2 data-start=\"1163\" data-end=\"1189\"><strong><span style=\"font-size: 75%;\">ECOlife szuper tipp<\/span><\/strong>:<\/h2>\n<p data-start=\"1191\" data-end=\"1389\">2\u20133 naponta el\u00e9g 3\u20134 f\u00faj\u00e1s egy kend\u0151re, majd t\u00f6r\u00f6ld \u00e1t vele a csaptelepeket, a WC perem\u00e9t, a csepegtet\u0151t vagy m\u00e1s gyakran haszn\u00e1lt fel\u00fcleteket \u2013 <strong data-start=\"1336\" data-end=\"1388\">gyors tisztas\u00e1g \u00e9s frissess\u00e9g er\u0151fesz\u00edt\u00e9s n\u00e9lk\u00fcl<\/strong>.<\/p>\n<h2 data-start=\"1396\" data-end=\"1413\"><strong><span style=\"font-size: 75%;\">EXTRA tipp<\/span><\/strong>:<\/h2>\n<p data-start=\"1415\" data-end=\"1536\">Haszn\u00e1lhatod <strong data-start=\"1424\" data-end=\"1448\">l\u00e9gfrissit\u0151k\u00e9nt <\/strong>is: 1\u20132 f\u00faj\u00e1s b\u00e1rhol az otthonodban, \u00e9s azonnal \u00e9rezni fogod a kellemes, friss illatot.<\/p>\n<p data-start=\"1543\" data-end=\"1721\"><strong>Az <\/strong><strong data-start=\"1545\" data-end=\"1564\">ECOlife WC olaj<\/strong> \u2013 a tavaszi vir\u00e1gok illat\u00e1t, a v\u00edzk\u0151 elleni v\u00e9delmet \u00e9s a hosszan tart\u00f3 frissess\u00e9get jelenti egyetlen l\u00e9p\u00e9sben. Ide\u00e1lis otthonokba, irod\u00e1kba, \u00e9ttermekbe \u00e9s k\u00f6z\u00f6ss\u00e9gi terekbe is.<\/p>\n\t\t<\/div>\n\t<\/div>\n\t\n<\/div>\n<\/div>\n","protected":false},"excerpt":{"rendered":"<p><strong>GONDOLKODJ nagyban \u2013 gazdas\u00e1gosan! Egyetlen l\u00e9p\u00e9s a v\u00edzk\u0151mentes, illatosabb toalett\u00e9rt \u2013 nap mint nap \u2013 ak\u00e1r 5 h\u00f3napon kereszt\u00fcl!<\/strong><\/p>\n<ul>\n<li><b>Friss, kellemes illat minden leh\u00faz\u00e1s ut\u00e1n<\/b><span style=\"font-weight: 400;\"> \u2013 higi\u00e9nikus, \u00fcde f\u00fcrd\u0151szoba \u00e9rzet<\/span><span style=\"font-weight: 400;\"><br \/>\n<\/span><b><\/b><\/li>\n<li><b>Seg\u00edt megel\u0151zni a v\u00edzk\u0151 lerak\u00f3d\u00e1s\u00e1t<\/b><span style=\"font-weight: 400;\"> \u2013 a WC tov\u00e1bb marad tiszta \u00e9s \u00e1polt<\/span><span style=\"font-weight: 400;\"><br \/>\n<\/span><b><\/b><\/li>\n<li><b>Egyszer\u0171 napi rutin, ami id\u0151t sp\u00f3rol<\/b><span style=\"font-weight: 400;\"> \u2013 kevesebb d\u00f6rzs\u00f6l\u00e9s, k\u00f6nnyebb takar\u00edt\u00e1s<\/span><span style=\"font-weight: 400;\"><br \/>\n<\/span><b><\/b><\/li>\n<li><b>Gazdas\u00e1gos TRI\u00d3 kiszerel\u00e9s<\/b><span style=\"font-weight: 400;\"> \u2013 ritk\u00e1bb ut\u00e1np\u00f3tl\u00e1s, mindig k\u00e9zn\u00e9l van<\/span><\/li>\n<\/ul>\n","protected":false},"featured_media":6733,"comment_status":"open","ping_status":"closed","template":"","meta":[],"product_brand":[],"product_cat":[90,159,135,15,88,141],"product_tag":[154,139,84],"class_list":{"0":"post-6314","1":"product","2":"type-product","3":"status-publish","4":"has-post-thumbnail","6":"product_cat-ecolife-termekek","7":"product_cat-tisztitoszerek","8":"product_cat-kedvezmenyes-csomagok","9":"product_cat-termekek","10":"product_cat-uj","11":"product_cat-furdoszoba","12":"product_tag-b2b","13":"product_tag-ecolife-bottle","14":"product_tag-wc-olaj","16":"first","17":"instock","18":"sale","19":"taxable","20":"shipping-taxable","21":"purchasable","22":"product-type-simple"},"yoast_head":"<!-- This site is optimized with the Yoast SEO plugin v26.8 - https:\/\/yoast.com\/product\/yoast-seo-wordpress\/ -->\n<title>TRI\u00d3 OKOS V\u00c1LASZT\u00c1S - Illatos WC olaj - 3 term\u00e9k 1 csomagban kedvez\u0151bb \u00e1ron<\/title>\n<meta name=\"description\" content=\"TRI\u00d3 OKOS V\u00c1LASZT\u00c1S! Eleg\u00e1ns illat \u00e9s tisztas\u00e1g v\u00edzk\u0151 n\u00e9lk\u00fcl. Speci\u00e1lis v\u00e9d\u0151r\u00e9teget k\u00e9pez a fel\u00fcleten, amely minden \u00f6bl\u00edt\u00e9sn\u00e9l \u00fajra aktiv\u00e1l\u00f3dik.\" \/>\n<meta name=\"robots\" content=\"index, follow, max-snippet:-1, max-image-preview:large, max-video-preview:-1\" \/>\n<link rel=\"canonical\" href=\"https:\/\/www.ecolife.bio\/hu\/prod\/trio-illatos-wc-olaj\/\" \/>\n<meta property=\"og:locale\" content=\"hu_HU\" \/>\n<meta property=\"og:type\" content=\"article\" \/>\n<meta property=\"og:title\" content=\"TRI\u00d3 OKOS V\u00c1LASZT\u00c1S - Illatos WC olaj - 3 term\u00e9k 1 csomagban kedvez\u0151bb \u00e1ron\" \/>\n<meta property=\"og:description\" content=\"TRI\u00d3 OKOS V\u00c1LASZT\u00c1S! Eleg\u00e1ns illat \u00e9s tisztas\u00e1g v\u00edzk\u0151 n\u00e9lk\u00fcl. Speci\u00e1lis v\u00e9d\u0151r\u00e9teget k\u00e9pez a fel\u00fcleten, amely minden \u00f6bl\u00edt\u00e9sn\u00e9l \u00fajra aktiv\u00e1l\u00f3dik.\" \/>\n<meta property=\"og:url\" content=\"https:\/\/www.ecolife.bio\/hu\/prod\/trio-illatos-wc-olaj\/\" \/>\n<meta property=\"og:site_name\" content=\"EcoLIFE\" \/>\n<meta property=\"article:modified_time\" content=\"2026-04-23T06:57:55+00:00\" \/>\n<meta property=\"og:image\" content=\"https:\/\/www.ecolife.bio\/wp-content\/uploads\/2026\/04\/trio-Vonny-toaletny-olej.jpg\" \/>\n\t<meta property=\"og:image:width\" content=\"1921\" \/>\n\t<meta property=\"og:image:height\" content=\"1921\" \/>\n\t<meta property=\"og:image:type\" content=\"image\/jpeg\" \/>\n<meta name=\"twitter:card\" content=\"summary_large_image\" \/>\n<meta name=\"twitter:label1\" content=\"Becs\u00fclt olvas\u00e1si id\u0151\" \/>\n\t<meta name=\"twitter:data1\" content=\"3 perc\" \/>\n<script type=\"application\/ld+json\" class=\"yoast-schema-graph\">{\"@context\":\"https:\/\/schema.org\",\"@graph\":[{\"@type\":\"WebPage\",\"@id\":\"https:\/\/www.ecolife.bio\/hu\/prod\/trio-illatos-wc-olaj\/\",\"url\":\"https:\/\/www.ecolife.bio\/hu\/prod\/trio-illatos-wc-olaj\/\",\"name\":\"TRI\u00d3 OKOS V\u00c1LASZT\u00c1S - Illatos WC olaj - 3 term\u00e9k 1 csomagban kedvez\u0151bb \u00e1ron\",\"isPartOf\":{\"@id\":\"https:\/\/www.ecolife.bio\/#website\"},\"primaryImageOfPage\":{\"@id\":\"https:\/\/www.ecolife.bio\/hu\/prod\/trio-illatos-wc-olaj\/#primaryimage\"},\"image\":{\"@id\":\"https:\/\/www.ecolife.bio\/hu\/prod\/trio-illatos-wc-olaj\/#primaryimage\"},\"thumbnailUrl\":\"https:\/\/escbfekz6y3.exactdn.com\/wp-content\/uploads\/2026\/04\/trio-Vonny-toaletny-olej.jpg?strip=all\",\"datePublished\":\"2026-02-17T01:53:32+00:00\",\"dateModified\":\"2026-04-23T06:57:55+00:00\",\"description\":\"TRI\u00d3 OKOS V\u00c1LASZT\u00c1S! Eleg\u00e1ns illat \u00e9s tisztas\u00e1g v\u00edzk\u0151 n\u00e9lk\u00fcl. Speci\u00e1lis v\u00e9d\u0151r\u00e9teget k\u00e9pez a fel\u00fcleten, amely minden \u00f6bl\u00edt\u00e9sn\u00e9l \u00fajra aktiv\u00e1l\u00f3dik.\",\"breadcrumb\":{\"@id\":\"https:\/\/www.ecolife.bio\/hu\/prod\/trio-illatos-wc-olaj\/#breadcrumb\"},\"inLanguage\":\"hu\",\"potentialAction\":[{\"@type\":\"ReadAction\",\"target\":[\"https:\/\/www.ecolife.bio\/hu\/prod\/trio-illatos-wc-olaj\/\"]}]},{\"@type\":\"ImageObject\",\"inLanguage\":\"hu\",\"@id\":\"https:\/\/www.ecolife.bio\/hu\/prod\/trio-illatos-wc-olaj\/#primaryimage\",\"url\":\"https:\/\/escbfekz6y3.exactdn.com\/wp-content\/uploads\/2026\/04\/trio-Vonny-toaletny-olej.jpg?strip=all\",\"contentUrl\":\"https:\/\/escbfekz6y3.exactdn.com\/wp-content\/uploads\/2026\/04\/trio-Vonny-toaletny-olej.jpg?strip=all\",\"width\":1921,\"height\":1921,\"caption\":\"TRIO Vonn\u00fd toaletn\u00fd olej s kvetinovou v\u00f4\u0148ou\"},{\"@type\":\"BreadcrumbList\",\"@id\":\"https:\/\/www.ecolife.bio\/hu\/prod\/trio-illatos-wc-olaj\/#breadcrumb\",\"itemListElement\":[{\"@type\":\"ListItem\",\"position\":1,\"name\":\"Domovsk\u00e1 str\u00e1nka\",\"item\":\"https:\/\/www.ecolife.bio\/hu\/\"},{\"@type\":\"ListItem\",\"position\":2,\"name\":\"\u00dczlet\",\"item\":\"https:\/\/www.ecolife.bio\/obchod\/\"},{\"@type\":\"ListItem\",\"position\":3,\"name\":\"TRI\u00d3 OKOS V\u00c1LASZT\u00c1S &#8211; Illatos WC olaj (3&#215;0,75L)\"}]},{\"@type\":\"WebSite\",\"@id\":\"https:\/\/www.ecolife.bio\/#website\",\"url\":\"https:\/\/www.ecolife.bio\/\",\"name\":\"EcoLIFE\",\"description\":\"For an Eco-Friendly Planet\",\"publisher\":{\"@id\":\"https:\/\/www.ecolife.bio\/#organization\"},\"potentialAction\":[{\"@type\":\"SearchAction\",\"target\":{\"@type\":\"EntryPoint\",\"urlTemplate\":\"https:\/\/www.ecolife.bio\/?s={search_term_string}\"},\"query-input\":{\"@type\":\"PropertyValueSpecification\",\"valueRequired\":true,\"valueName\":\"search_term_string\"}}],\"inLanguage\":\"hu\"},{\"@type\":\"Organization\",\"@id\":\"https:\/\/www.ecolife.bio\/#organization\",\"name\":\"ECOlife.bio\",\"url\":\"https:\/\/www.ecolife.bio\/\",\"logo\":{\"@type\":\"ImageObject\",\"inLanguage\":\"hu\",\"@id\":\"https:\/\/www.ecolife.bio\/#\/schema\/logo\/image\/\",\"url\":\"https:\/\/www.ecolife.bio\/wp-content\/uploads\/2022\/03\/ecolife_logo_final.png\",\"contentUrl\":\"https:\/\/www.ecolife.bio\/wp-content\/uploads\/2022\/03\/ecolife_logo_final.png\",\"width\":500,\"height\":500,\"caption\":\"ECOlife.bio\"},\"image\":{\"@id\":\"https:\/\/www.ecolife.bio\/#\/schema\/logo\/image\/\"}}]}<\/script>\n<!-- \/ Yoast SEO plugin. -->","yoast_head_json":{"title":"TRI\u00d3 OKOS V\u00c1LASZT\u00c1S - Illatos WC olaj - 3 term\u00e9k 1 csomagban kedvez\u0151bb \u00e1ron","description":"TRI\u00d3 OKOS V\u00c1LASZT\u00c1S! Eleg\u00e1ns illat \u00e9s tisztas\u00e1g v\u00edzk\u0151 n\u00e9lk\u00fcl. Speci\u00e1lis v\u00e9d\u0151r\u00e9teget k\u00e9pez a fel\u00fcleten, amely minden \u00f6bl\u00edt\u00e9sn\u00e9l \u00fajra aktiv\u00e1l\u00f3dik.","robots":{"index":"index","follow":"follow","max-snippet":"max-snippet:-1","max-image-preview":"max-image-preview:large","max-video-preview":"max-video-preview:-1"},"canonical":"https:\/\/www.ecolife.bio\/hu\/prod\/trio-illatos-wc-olaj\/","og_locale":"hu_HU","og_type":"article","og_title":"TRI\u00d3 OKOS V\u00c1LASZT\u00c1S - Illatos WC olaj - 3 term\u00e9k 1 csomagban kedvez\u0151bb \u00e1ron","og_description":"TRI\u00d3 OKOS V\u00c1LASZT\u00c1S! Eleg\u00e1ns illat \u00e9s tisztas\u00e1g v\u00edzk\u0151 n\u00e9lk\u00fcl. Speci\u00e1lis v\u00e9d\u0151r\u00e9teget k\u00e9pez a fel\u00fcleten, amely minden \u00f6bl\u00edt\u00e9sn\u00e9l \u00fajra aktiv\u00e1l\u00f3dik.","og_url":"https:\/\/www.ecolife.bio\/hu\/prod\/trio-illatos-wc-olaj\/","og_site_name":"EcoLIFE","article_modified_time":"2026-04-23T06:57:55+00:00","og_image":[{"width":1921,"height":1921,"url":"https:\/\/www.ecolife.bio\/wp-content\/uploads\/2026\/04\/trio-Vonny-toaletny-olej.jpg","type":"image\/jpeg"}],"twitter_card":"summary_large_image","twitter_misc":{"Becs\u00fclt olvas\u00e1si id\u0151":"3 perc"},"schema":{"@context":"https:\/\/schema.org","@graph":[{"@type":"WebPage","@id":"https:\/\/www.ecolife.bio\/hu\/prod\/trio-illatos-wc-olaj\/","url":"https:\/\/www.ecolife.bio\/hu\/prod\/trio-illatos-wc-olaj\/","name":"TRI\u00d3 OKOS V\u00c1LASZT\u00c1S - Illatos WC olaj - 3 term\u00e9k 1 csomagban kedvez\u0151bb \u00e1ron","isPartOf":{"@id":"https:\/\/www.ecolife.bio\/#website"},"primaryImageOfPage":{"@id":"https:\/\/www.ecolife.bio\/hu\/prod\/trio-illatos-wc-olaj\/#primaryimage"},"image":{"@id":"https:\/\/www.ecolife.bio\/hu\/prod\/trio-illatos-wc-olaj\/#primaryimage"},"thumbnailUrl":"https:\/\/escbfekz6y3.exactdn.com\/wp-content\/uploads\/2026\/04\/trio-Vonny-toaletny-olej.jpg?strip=all","datePublished":"2026-02-17T01:53:32+00:00","dateModified":"2026-04-23T06:57:55+00:00","description":"TRI\u00d3 OKOS V\u00c1LASZT\u00c1S! Eleg\u00e1ns illat \u00e9s tisztas\u00e1g v\u00edzk\u0151 n\u00e9lk\u00fcl. Speci\u00e1lis v\u00e9d\u0151r\u00e9teget k\u00e9pez a fel\u00fcleten, amely minden \u00f6bl\u00edt\u00e9sn\u00e9l \u00fajra aktiv\u00e1l\u00f3dik.","breadcrumb":{"@id":"https:\/\/www.ecolife.bio\/hu\/prod\/trio-illatos-wc-olaj\/#breadcrumb"},"inLanguage":"hu","potentialAction":[{"@type":"ReadAction","target":["https:\/\/www.ecolife.bio\/hu\/prod\/trio-illatos-wc-olaj\/"]}]},{"@type":"ImageObject","inLanguage":"hu","@id":"https:\/\/www.ecolife.bio\/hu\/prod\/trio-illatos-wc-olaj\/#primaryimage","url":"https:\/\/escbfekz6y3.exactdn.com\/wp-content\/uploads\/2026\/04\/trio-Vonny-toaletny-olej.jpg?strip=all","contentUrl":"https:\/\/escbfekz6y3.exactdn.com\/wp-content\/uploads\/2026\/04\/trio-Vonny-toaletny-olej.jpg?strip=all","width":1921,"height":1921,"caption":"TRIO Vonn\u00fd toaletn\u00fd olej s kvetinovou v\u00f4\u0148ou"},{"@type":"BreadcrumbList","@id":"https:\/\/www.ecolife.bio\/hu\/prod\/trio-illatos-wc-olaj\/#breadcrumb","itemListElement":[{"@type":"ListItem","position":1,"name":"Domovsk\u00e1 str\u00e1nka","item":"https:\/\/www.ecolife.bio\/hu\/"},{"@type":"ListItem","position":2,"name":"\u00dczlet","item":"https:\/\/www.ecolife.bio\/obchod\/"},{"@type":"ListItem","position":3,"name":"TRI\u00d3 OKOS V\u00c1LASZT\u00c1S &#8211; Illatos WC olaj (3&#215;0,75L)"}]},{"@type":"WebSite","@id":"https:\/\/www.ecolife.bio\/#website","url":"https:\/\/www.ecolife.bio\/","name":"EcoLIFE","description":"For an Eco-Friendly Planet","publisher":{"@id":"https:\/\/www.ecolife.bio\/#organization"},"potentialAction":[{"@type":"SearchAction","target":{"@type":"EntryPoint","urlTemplate":"https:\/\/www.ecolife.bio\/?s={search_term_string}"},"query-input":{"@type":"PropertyValueSpecification","valueRequired":true,"valueName":"search_term_string"}}],"inLanguage":"hu"},{"@type":"Organization","@id":"https:\/\/www.ecolife.bio\/#organization","name":"ECOlife.bio","url":"https:\/\/www.ecolife.bio\/","logo":{"@type":"ImageObject","inLanguage":"hu","@id":"https:\/\/www.ecolife.bio\/#\/schema\/logo\/image\/","url":"https:\/\/www.ecolife.bio\/wp-content\/uploads\/2022\/03\/ecolife_logo_final.png","contentUrl":"https:\/\/www.ecolife.bio\/wp-content\/uploads\/2022\/03\/ecolife_logo_final.png","width":500,"height":500,"caption":"ECOlife.bio"},"image":{"@id":"https:\/\/www.ecolife.bio\/#\/schema\/logo\/image\/"}}]}},"_links":{"self":[{"href":"https:\/\/www.ecolife.bio\/hu\/wp-json\/wp\/v2\/product\/6314","targetHints":{"allow":["GET"]}}],"collection":[{"href":"https:\/\/www.ecolife.bio\/hu\/wp-json\/wp\/v2\/product"}],"about":[{"href":"https:\/\/www.ecolife.bio\/hu\/wp-json\/wp\/v2\/types\/product"}],"replies":[{"embeddable":true,"href":"https:\/\/www.ecolife.bio\/hu\/wp-json\/wp\/v2\/comments?post=6314"}],"wp:featuredmedia":[{"embeddable":true,"href":"https:\/\/www.ecolife.bio\/hu\/wp-json\/wp\/v2\/media\/6733"}],"wp:attachment":[{"href":"https:\/\/www.ecolife.bio\/hu\/wp-json\/wp\/v2\/media?parent=6314"}],"wp:term":[{"taxonomy":"product_brand","embeddable":true,"href":"https:\/\/www.ecolife.bio\/hu\/wp-json\/wp\/v2\/product_brand?post=6314"},{"taxonomy":"product_cat","embeddable":true,"href":"https:\/\/www.ecolife.bio\/hu\/wp-json\/wp\/v2\/product_cat?post=6314"},{"taxonomy":"product_tag","embeddable":true,"href":"https:\/\/www.ecolife.bio\/hu\/wp-json\/wp\/v2\/product_tag?post=6314"}],"curies":[{"name":"wp","href":"https:\/\/api.w.org\/{rel}","templated":true}]}}