{"id":722,"date":"2022-11-27T16:06:48","date_gmt":"2022-11-27T14:06:48","guid":{"rendered":"https:\/\/www.ecolife.bio\/?post_type=product&#038;p=722"},"modified":"2026-04-01T02:56:44","modified_gmt":"2026-04-01T00:56:44","slug":"crepto-3240-wc-papir-12-tekercs-3-reteg","status":"publish","type":"product","link":"https:\/\/www.ecolife.bio\/hu\/prod\/crepto-3240-wc-papir-12-tekercs-3-reteg\/","title":{"rendered":"Crepto 3240 WC pap\u00edr (12 tekercs, 3 r\u00e9teg)"},"content":{"rendered":"<p><strong>Crepto 12 tekercses, 3 r\u00e9teg\u0171, 270 lapos toalettpap\u00edr<\/strong><\/p>\n<p>M\u00edg egy hagyom\u00e1nyos toalettpap\u00edr tekercs \u00e1tlagosan 150 lapot tartalmaz, addig a Crepto 270-et.<\/p>\n<p>A guriga m\u00e9ret\u00e9nek \u00e9s a nagyobb pap\u00edrmennyis\u00e9gnek k\u00f6sz\u00f6nhet\u0151en nem csak kevesebb hullad\u00e9k keletkezik, hanem a sz\u00e1ll\u00edt\u00e1ssal, logisztik\u00e1val j\u00e1r\u00f3 k\u00e1rosanyag-kibocs\u00e1t\u00e1s is cs\u00f6kken.<\/p>\n<p>A magas min\u0151s\u00e9g\u0171 <strong>Crepto WC<\/strong> pap\u00edr er\u0151s nedvsz\u00edv\u00f3 k\u00e9pess\u00e9g\u0171 \u00e9s\u00a0rendk\u00edv\u00fcl puha tapint\u00e1s\u00fa. 12 tekercses, f\u00f3liamentes fogyaszt\u00f3i csomagol\u00e1sban kaphat\u00f3, ezzel k\u00f6rnyezetbar\u00e1t alternat\u00edv\u00e1t ny\u00fajtva a hagyom\u00e1nyos WC pap\u00edrokkal szemben.<\/p>\n<p>100% cellul\u00f3zb\u00f3l k\u00e9sz\u00fclt 3 r\u00e9teg\u0171 WC pap\u00edr\u00a0a tradicion\u00e1lis magyar <strong>Crepto<\/strong> m\u00e1rk\u00e1t\u00f3l. A term\u00e9k 100%-ban magyar feldolgoz\u00e1s\u00fa. \u00a0Egy tekercs <strong>Crepto <\/strong>toalettpap\u00edr 270 lapb\u00f3l \u00e1ll, a lapok hossz\u00fas\u00e1ga 12,9 cm. A feldolgoz\u00e1s sor\u00e1n nem haszn\u00e1lunk illat- \u00e9s fest\u00e9kanyagot.<\/p>\n<p>A k\u00f6rnyezetbar\u00e1t WC pap\u00edrtekercseket \u00fajrahasznos\u00edtott alapanyagb\u00f3l k\u00e9sz\u00edtik, valamint \u00fajrahasznos\u00edthat\u00f3 pap\u00edrdobozokban sz\u00e1ll\u00edtjuk, melyek <strong>100%-ban leboml\u00f3 anyagok<\/strong>. A doboz konstrukci\u00f3j\u00e1t \u00fagy alak\u00edtottuk ki, hogy annak alapanyag ig\u00e9nye a lehet\u0151 legkisebb legyen, mik\u00f6zben figyelmet ford\u00edtottunk arra, hogy az \u00e1ru teljesen illeszkedjen a raklaphoz. \u00cdgy a raklapot a lehet\u0151 legjobban ki lehet haszn\u00e1lni, ami szint\u00e9n cs\u00f6kkenti a csomagol\u00e1s \u00f6kol\u00f3giai l\u00e1bnyom\u00e1t, r\u00e1ad\u00e1sul a tekercsek magas lapsz\u00e1m\u00e1nak k\u00f6sz\u00f6nhet\u0151en kevesebb pap\u00edrgurig\u00e1t kell haszn\u00e1lnunk egy csomag WC pap\u00edrhoz.<\/p>\n<p>Nett\u00f3 t\u00f6meg: 1,86 kg \/ doboz<\/p>\n<p>Alapanyag: cellul\u00f3z<\/p>\n<p>Fest\u00e9kanyag mentes: igen<\/p>\n<p>F\u00f3liamentes: igen<\/p>\n<p>Illatanyag-mentes: igen<\/p>\n<p>R\u00e9tegsz\u00e1m: 3 r\u00e9teg<\/p>\n<p>Tekercs\/csomag: 12<\/p>\n<p>&nbsp;<\/p>\n<p><script>jQuery(\".product-gallery\").first().append(\"<img decoding='async' class='alignnone wp-image-2242 size-full lazyloaded' src='https:\/\/escbfekz6y3.exactdn.com\/wp-content\/uploads\/2022\/11\/crepto-a-tobbi-kep-ala.jpg?strip=all' alt='' width='850' height='281' sizes='(max-width: 850px) 100vw, 850px' srcset='https:\/\/escbfekz6y3.exactdn.com\/wp-content\/uploads\/2022\/11\/crepto-a-tobbi-kep-ala.jpg?strip=all 850w, https:\/\/www.ecolife.bio\/wp-content\/uploads\/2022\/11\/crepto-a-tobbi-kep-ala-300x99.jpg 300w' data-ll-status='loaded' style='clear: both;'>\");\n<\/script><\/p>\n","protected":false},"excerpt":{"rendered":"<div class=\"checkmarkLIdark\" style=\"margin-left: -1.3em;\">\n<ul>\n<li><strong>rendk\u00edv\u00fcl gazdas\u00e1gos <\/strong><\/li>\n<li><strong>12 tekercs = klasszikus 24-nek felel meg<\/strong><\/li>\n<li><strong>\u00e1talgos 150 lap helyett 270<\/strong><\/li>\n<li><strong>illat- \u00e9s fest\u00e9kanyag mentes<\/strong><\/li>\n<li><strong>100% cellul\u00f3z<\/strong><\/li>\n<li>f\u00f3liamentes <strong>\u00d6KOTUDATOS csomagol\u00e1sban<\/strong><\/li>\n<li><strong>pr\u00e9mium min\u0151s\u00e9g\u0171<\/strong><\/li>\n<li>er\u0151s nedvsz\u00edv\u00f3 k\u00e9pess\u00e9g\u0171<\/li>\n<li>rendk\u00edv\u00fcl puha tapint\u00e1s\u00fa<\/li>\n<li><strong>3 r\u00e9teg\u0171 WC pap\u00edr<\/strong><\/li>\n<\/ul>\n<\/div>\n","protected":false},"featured_media":2252,"comment_status":"open","ping_status":"closed","template":"","meta":[],"product_brand":[],"product_cat":[145,15,66],"product_tag":[227,166,114,190,224,225,173,226,172,70],"class_list":{"0":"post-722","1":"product","2":"type-product","3":"status-publish","4":"has-post-thumbnail","6":"product_cat-papirtermekek","7":"product_cat-termekek","8":"product_cat-okotudatos-papirtermekek","9":"product_tag-csaladi-kiszereles","10":"product_tag-ecolife","11":"product_tag-furdoszoba","12":"product_tag-gazdasagos","13":"product_tag-haztartasi-papir","14":"product_tag-higieniai-papirtermek","15":"product_tag-toalett","16":"product_tag-toalett-papir","17":"product_tag-wc","18":"product_tag-wc-papir","19":"product_shipping_class-pap-hu","21":"first","22":"instock","23":"taxable","24":"shipping-taxable","25":"purchasable","26":"product-type-simple"},"yoast_head":"<!-- This site is optimized with the Yoast SEO plugin v26.8 - https:\/\/yoast.com\/product\/yoast-seo-wordpress\/ -->\n<title>Crepto 3240 WC pap\u00edr (12 tekercs, 3 r\u00e9teg) - EcoLIFE<\/title>\n<meta name=\"description\" content=\"Pr\u00e9mium 3 r\u00e9teg\u0171 WC pap\u00edr m\u0171anyagmentes dobozban. 12 tekercs, extra magas lapsz\u00e1m \u00e9s 100% cellul\u00f3z a z\u00f6ld h\u00e1ztart\u00e1s\u00e9rt. V\u00e1s\u00e1roljon tudatosan!\" \/>\n<meta name=\"robots\" content=\"index, follow, max-snippet:-1, max-image-preview:large, max-video-preview:-1\" \/>\n<link rel=\"canonical\" href=\"https:\/\/www.ecolife.bio\/hu\/prod\/crepto-3240-wc-papir-12-tekercs-3-reteg\/\" \/>\n<meta property=\"og:locale\" content=\"hu_HU\" \/>\n<meta property=\"og:type\" content=\"article\" \/>\n<meta property=\"og:title\" content=\"Crepto 3240 WC pap\u00edr (12 tekercs, 3 r\u00e9teg) - EcoLIFE\" \/>\n<meta property=\"og:description\" content=\"Pr\u00e9mium 3 r\u00e9teg\u0171 WC pap\u00edr m\u0171anyagmentes dobozban. 12 tekercs, extra magas lapsz\u00e1m \u00e9s 100% cellul\u00f3z a z\u00f6ld h\u00e1ztart\u00e1s\u00e9rt. V\u00e1s\u00e1roljon tudatosan!\" \/>\n<meta property=\"og:url\" content=\"https:\/\/www.ecolife.bio\/hu\/prod\/crepto-3240-wc-papir-12-tekercs-3-reteg\/\" \/>\n<meta property=\"og:site_name\" content=\"EcoLIFE\" \/>\n<meta property=\"article:modified_time\" content=\"2026-04-01T00:56:44+00:00\" \/>\n<meta property=\"og:image\" content=\"https:\/\/www.ecolife.bio\/wp-content\/uploads\/2022\/11\/ujcrepto1.-kep.jpg\" \/>\n\t<meta property=\"og:image:width\" content=\"900\" \/>\n\t<meta property=\"og:image:height\" content=\"900\" \/>\n\t<meta property=\"og:image:type\" content=\"image\/jpeg\" \/>\n<meta name=\"twitter:card\" content=\"summary_large_image\" \/>\n<meta name=\"twitter:label1\" content=\"Becs\u00fclt olvas\u00e1si id\u0151\" \/>\n\t<meta name=\"twitter:data1\" content=\"2 perc\" \/>\n<script type=\"application\/ld+json\" class=\"yoast-schema-graph\">{\"@context\":\"https:\/\/schema.org\",\"@graph\":[{\"@type\":\"WebPage\",\"@id\":\"https:\/\/www.ecolife.bio\/hu\/prod\/crepto-3240-wc-papir-12-tekercs-3-reteg\/\",\"url\":\"https:\/\/www.ecolife.bio\/hu\/prod\/crepto-3240-wc-papir-12-tekercs-3-reteg\/\",\"name\":\"Crepto 3240 WC pap\u00edr (12 tekercs, 3 r\u00e9teg) - EcoLIFE\",\"isPartOf\":{\"@id\":\"https:\/\/www.ecolife.bio\/#website\"},\"primaryImageOfPage\":{\"@id\":\"https:\/\/www.ecolife.bio\/hu\/prod\/crepto-3240-wc-papir-12-tekercs-3-reteg\/#primaryimage\"},\"image\":{\"@id\":\"https:\/\/www.ecolife.bio\/hu\/prod\/crepto-3240-wc-papir-12-tekercs-3-reteg\/#primaryimage\"},\"thumbnailUrl\":\"https:\/\/escbfekz6y3.exactdn.com\/wp-content\/uploads\/2022\/11\/ujcrepto1.-kep.jpg?strip=all\",\"datePublished\":\"2022-11-27T14:06:48+00:00\",\"dateModified\":\"2026-04-01T00:56:44+00:00\",\"description\":\"Pr\u00e9mium 3 r\u00e9teg\u0171 WC pap\u00edr m\u0171anyagmentes dobozban. 12 tekercs, extra magas lapsz\u00e1m \u00e9s 100% cellul\u00f3z a z\u00f6ld h\u00e1ztart\u00e1s\u00e9rt. V\u00e1s\u00e1roljon tudatosan!\",\"breadcrumb\":{\"@id\":\"https:\/\/www.ecolife.bio\/hu\/prod\/crepto-3240-wc-papir-12-tekercs-3-reteg\/#breadcrumb\"},\"inLanguage\":\"hu\",\"potentialAction\":[{\"@type\":\"ReadAction\",\"target\":[\"https:\/\/www.ecolife.bio\/hu\/prod\/crepto-3240-wc-papir-12-tekercs-3-reteg\/\"]}]},{\"@type\":\"ImageObject\",\"inLanguage\":\"hu\",\"@id\":\"https:\/\/www.ecolife.bio\/hu\/prod\/crepto-3240-wc-papir-12-tekercs-3-reteg\/#primaryimage\",\"url\":\"https:\/\/escbfekz6y3.exactdn.com\/wp-content\/uploads\/2022\/11\/ujcrepto1.-kep.jpg?strip=all\",\"contentUrl\":\"https:\/\/escbfekz6y3.exactdn.com\/wp-content\/uploads\/2022\/11\/ujcrepto1.-kep.jpg?strip=all\",\"width\":900,\"height\":900},{\"@type\":\"BreadcrumbList\",\"@id\":\"https:\/\/www.ecolife.bio\/hu\/prod\/crepto-3240-wc-papir-12-tekercs-3-reteg\/#breadcrumb\",\"itemListElement\":[{\"@type\":\"ListItem\",\"position\":1,\"name\":\"Domovsk\u00e1 str\u00e1nka\",\"item\":\"https:\/\/www.ecolife.bio\/hu\/\"},{\"@type\":\"ListItem\",\"position\":2,\"name\":\"\u00dczlet\",\"item\":\"https:\/\/www.ecolife.bio\/obchod\/\"},{\"@type\":\"ListItem\",\"position\":3,\"name\":\"Crepto 3240 WC pap\u00edr (12 tekercs, 3 r\u00e9teg)\"}]},{\"@type\":\"WebSite\",\"@id\":\"https:\/\/www.ecolife.bio\/#website\",\"url\":\"https:\/\/www.ecolife.bio\/\",\"name\":\"EcoLIFE\",\"description\":\"For an Eco-Friendly Planet\",\"publisher\":{\"@id\":\"https:\/\/www.ecolife.bio\/#organization\"},\"potentialAction\":[{\"@type\":\"SearchAction\",\"target\":{\"@type\":\"EntryPoint\",\"urlTemplate\":\"https:\/\/www.ecolife.bio\/?s={search_term_string}\"},\"query-input\":{\"@type\":\"PropertyValueSpecification\",\"valueRequired\":true,\"valueName\":\"search_term_string\"}}],\"inLanguage\":\"hu\"},{\"@type\":\"Organization\",\"@id\":\"https:\/\/www.ecolife.bio\/#organization\",\"name\":\"ECOlife.bio\",\"url\":\"https:\/\/www.ecolife.bio\/\",\"logo\":{\"@type\":\"ImageObject\",\"inLanguage\":\"hu\",\"@id\":\"https:\/\/www.ecolife.bio\/#\/schema\/logo\/image\/\",\"url\":\"https:\/\/www.ecolife.bio\/wp-content\/uploads\/2022\/03\/ecolife_logo_final.png\",\"contentUrl\":\"https:\/\/www.ecolife.bio\/wp-content\/uploads\/2022\/03\/ecolife_logo_final.png\",\"width\":500,\"height\":500,\"caption\":\"ECOlife.bio\"},\"image\":{\"@id\":\"https:\/\/www.ecolife.bio\/#\/schema\/logo\/image\/\"}}]}<\/script>\n<!-- \/ Yoast SEO plugin. -->","yoast_head_json":{"title":"Crepto 3240 WC pap\u00edr (12 tekercs, 3 r\u00e9teg) - EcoLIFE","description":"Pr\u00e9mium 3 r\u00e9teg\u0171 WC pap\u00edr m\u0171anyagmentes dobozban. 12 tekercs, extra magas lapsz\u00e1m \u00e9s 100% cellul\u00f3z a z\u00f6ld h\u00e1ztart\u00e1s\u00e9rt. V\u00e1s\u00e1roljon tudatosan!","robots":{"index":"index","follow":"follow","max-snippet":"max-snippet:-1","max-image-preview":"max-image-preview:large","max-video-preview":"max-video-preview:-1"},"canonical":"https:\/\/www.ecolife.bio\/hu\/prod\/crepto-3240-wc-papir-12-tekercs-3-reteg\/","og_locale":"hu_HU","og_type":"article","og_title":"Crepto 3240 WC pap\u00edr (12 tekercs, 3 r\u00e9teg) - EcoLIFE","og_description":"Pr\u00e9mium 3 r\u00e9teg\u0171 WC pap\u00edr m\u0171anyagmentes dobozban. 12 tekercs, extra magas lapsz\u00e1m \u00e9s 100% cellul\u00f3z a z\u00f6ld h\u00e1ztart\u00e1s\u00e9rt. V\u00e1s\u00e1roljon tudatosan!","og_url":"https:\/\/www.ecolife.bio\/hu\/prod\/crepto-3240-wc-papir-12-tekercs-3-reteg\/","og_site_name":"EcoLIFE","article_modified_time":"2026-04-01T00:56:44+00:00","og_image":[{"width":900,"height":900,"url":"https:\/\/www.ecolife.bio\/wp-content\/uploads\/2022\/11\/ujcrepto1.-kep.jpg","type":"image\/jpeg"}],"twitter_card":"summary_large_image","twitter_misc":{"Becs\u00fclt olvas\u00e1si id\u0151":"2 perc"},"schema":{"@context":"https:\/\/schema.org","@graph":[{"@type":"WebPage","@id":"https:\/\/www.ecolife.bio\/hu\/prod\/crepto-3240-wc-papir-12-tekercs-3-reteg\/","url":"https:\/\/www.ecolife.bio\/hu\/prod\/crepto-3240-wc-papir-12-tekercs-3-reteg\/","name":"Crepto 3240 WC pap\u00edr (12 tekercs, 3 r\u00e9teg) - EcoLIFE","isPartOf":{"@id":"https:\/\/www.ecolife.bio\/#website"},"primaryImageOfPage":{"@id":"https:\/\/www.ecolife.bio\/hu\/prod\/crepto-3240-wc-papir-12-tekercs-3-reteg\/#primaryimage"},"image":{"@id":"https:\/\/www.ecolife.bio\/hu\/prod\/crepto-3240-wc-papir-12-tekercs-3-reteg\/#primaryimage"},"thumbnailUrl":"https:\/\/escbfekz6y3.exactdn.com\/wp-content\/uploads\/2022\/11\/ujcrepto1.-kep.jpg?strip=all","datePublished":"2022-11-27T14:06:48+00:00","dateModified":"2026-04-01T00:56:44+00:00","description":"Pr\u00e9mium 3 r\u00e9teg\u0171 WC pap\u00edr m\u0171anyagmentes dobozban. 12 tekercs, extra magas lapsz\u00e1m \u00e9s 100% cellul\u00f3z a z\u00f6ld h\u00e1ztart\u00e1s\u00e9rt. V\u00e1s\u00e1roljon tudatosan!","breadcrumb":{"@id":"https:\/\/www.ecolife.bio\/hu\/prod\/crepto-3240-wc-papir-12-tekercs-3-reteg\/#breadcrumb"},"inLanguage":"hu","potentialAction":[{"@type":"ReadAction","target":["https:\/\/www.ecolife.bio\/hu\/prod\/crepto-3240-wc-papir-12-tekercs-3-reteg\/"]}]},{"@type":"ImageObject","inLanguage":"hu","@id":"https:\/\/www.ecolife.bio\/hu\/prod\/crepto-3240-wc-papir-12-tekercs-3-reteg\/#primaryimage","url":"https:\/\/escbfekz6y3.exactdn.com\/wp-content\/uploads\/2022\/11\/ujcrepto1.-kep.jpg?strip=all","contentUrl":"https:\/\/escbfekz6y3.exactdn.com\/wp-content\/uploads\/2022\/11\/ujcrepto1.-kep.jpg?strip=all","width":900,"height":900},{"@type":"BreadcrumbList","@id":"https:\/\/www.ecolife.bio\/hu\/prod\/crepto-3240-wc-papir-12-tekercs-3-reteg\/#breadcrumb","itemListElement":[{"@type":"ListItem","position":1,"name":"Domovsk\u00e1 str\u00e1nka","item":"https:\/\/www.ecolife.bio\/hu\/"},{"@type":"ListItem","position":2,"name":"\u00dczlet","item":"https:\/\/www.ecolife.bio\/obchod\/"},{"@type":"ListItem","position":3,"name":"Crepto 3240 WC pap\u00edr (12 tekercs, 3 r\u00e9teg)"}]},{"@type":"WebSite","@id":"https:\/\/www.ecolife.bio\/#website","url":"https:\/\/www.ecolife.bio\/","name":"EcoLIFE","description":"For an Eco-Friendly Planet","publisher":{"@id":"https:\/\/www.ecolife.bio\/#organization"},"potentialAction":[{"@type":"SearchAction","target":{"@type":"EntryPoint","urlTemplate":"https:\/\/www.ecolife.bio\/?s={search_term_string}"},"query-input":{"@type":"PropertyValueSpecification","valueRequired":true,"valueName":"search_term_string"}}],"inLanguage":"hu"},{"@type":"Organization","@id":"https:\/\/www.ecolife.bio\/#organization","name":"ECOlife.bio","url":"https:\/\/www.ecolife.bio\/","logo":{"@type":"ImageObject","inLanguage":"hu","@id":"https:\/\/www.ecolife.bio\/#\/schema\/logo\/image\/","url":"https:\/\/www.ecolife.bio\/wp-content\/uploads\/2022\/03\/ecolife_logo_final.png","contentUrl":"https:\/\/www.ecolife.bio\/wp-content\/uploads\/2022\/03\/ecolife_logo_final.png","width":500,"height":500,"caption":"ECOlife.bio"},"image":{"@id":"https:\/\/www.ecolife.bio\/#\/schema\/logo\/image\/"}}]}},"_links":{"self":[{"href":"https:\/\/www.ecolife.bio\/hu\/wp-json\/wp\/v2\/product\/722","targetHints":{"allow":["GET"]}}],"collection":[{"href":"https:\/\/www.ecolife.bio\/hu\/wp-json\/wp\/v2\/product"}],"about":[{"href":"https:\/\/www.ecolife.bio\/hu\/wp-json\/wp\/v2\/types\/product"}],"replies":[{"embeddable":true,"href":"https:\/\/www.ecolife.bio\/hu\/wp-json\/wp\/v2\/comments?post=722"}],"wp:featuredmedia":[{"embeddable":true,"href":"https:\/\/www.ecolife.bio\/hu\/wp-json\/wp\/v2\/media\/2252"}],"wp:attachment":[{"href":"https:\/\/www.ecolife.bio\/hu\/wp-json\/wp\/v2\/media?parent=722"}],"wp:term":[{"taxonomy":"product_brand","embeddable":true,"href":"https:\/\/www.ecolife.bio\/hu\/wp-json\/wp\/v2\/product_brand?post=722"},{"taxonomy":"product_cat","embeddable":true,"href":"https:\/\/www.ecolife.bio\/hu\/wp-json\/wp\/v2\/product_cat?post=722"},{"taxonomy":"product_tag","embeddable":true,"href":"https:\/\/www.ecolife.bio\/hu\/wp-json\/wp\/v2\/product_tag?post=722"}],"curies":[{"name":"wp","href":"https:\/\/api.w.org\/{rel}","templated":true}]}}